{"id":5831,"date":"2015-02-23T16:14:24","date_gmt":"2015-02-23T15:14:24","guid":{"rendered":"http:\/\/jbpastoretfils.mc\/?page_id=5831"},"modified":"2026-03-25T14:20:23","modified_gmt":"2026-03-25T13:20:23","slug":"accueil","status":"publish","type":"page","link":"https:\/\/jbpastoretfils.mc\/?page_id=5831&lang=en","title":{"rendered":"Accueil"},"content":{"rendered":"<h3>S.A.M. J.B. PASTOR &amp; Fils : Construction Companies Monaco<\/h3>\n<p>Located in Monaco for over a century, is comprised of <b><a title=\"Our Trading Names\" href=\"http:\/\/jbpastoretfils.mc\/?page_id=2000&amp;lang=en\">10 separate companies <\/a>operating in the property industry<\/b> <b>incorporating<\/b>: <a title=\"Real Estate Development\" href=\"http:\/\/jbpastoretfils.mc\/?page_id=1990&amp;lang=en\">Property Development<\/a>, <a title=\"Project management\" href=\"http:\/\/jbpastoretfils.mc\/?page_id=1991&amp;lang=en\">Project Management<\/a>,<a title=\"Construction\" href=\"http:\/\/jbpastoretfils.mc\/?page_id=1992&amp;lang=en\"> Construction<\/a>, <a title=\"Public Works\" href=\"http:\/\/jbpastoretfils.mc\/?page_id=1993&amp;lang=en\">Public and Private works, <\/a><a title=\"Restoration\" href=\"http:\/\/jbpastoretfils.mc\/?page_id=1994&amp;lang=en\">Rehabilitation<\/a>, <a title=\"Marine and underwater works\" href=\"http:\/\/jbpastoretfils.mc\/?page_id=12876&amp;lang=en\">marine and underwater works<\/a>\u2026 <b>The Company<\/b> employs <strong>975 people on a permanent basis<\/strong> and\u00a0<b>has an annual Turnover of \u20ac211.50 million in the Principality including its various subsidiaries, <\/b>about \u20ac158.10 million only for J.B. PASTOR &amp; FILS completing over <a title=\"Developments\" href=\"http:\/\/jbpastoretfils.mc\/?page_id=3377&amp;lang=en\"><b>100 luxury property developments<\/b><\/a> to its credit in Monaco since 1997. In 2025 alone, 11<strong>\u00a0planning applications<\/strong> were lodged on behalf of group companies or private clients. Find out more about S.A.M. des Entreprises J.B. PASTOR &amp; FILS and <a title=\"The team\" href=\"http:\/\/jbpastoretfils.mc\/?page_id=3263&amp;lang=en\">the team<\/a> behind its success !<\/p>\n","protected":false},"excerpt":{"rendered":"<p>S.A.M. J.B. PASTOR &amp; Fils : Construction Companies Monaco Located in Monaco for over a century, is comprised of 10 separate companies operating in the property industry incorporating: Property Development,&#8230;<\/p>\n","protected":false},"author":1,"featured_media":0,"parent":0,"menu_order":1,"comment_status":"open","ping_status":"closed","template":"template-accueil.php","meta":{"_acf_changed":false,"footnotes":""},"categories":[],"class_list":["post-5831","page","type-page","status-publish","hentry"],"acf":[],"yoast_head":"<!-- This site is optimized with the Yoast SEO plugin v25.5 - https:\/\/yoast.com\/wordpress\/plugins\/seo\/ -->\n<title>J.B. PASTOR &amp; Fils - Construction compagny Building Monaco<\/title>\n<meta name=\"description\" content=\"J.B. PASTOR &amp; Fils Monaco : Promotion Immobili\u00e8re, Ma\u00eetrise d\u2019Ouvrage D\u00e9l\u00e9gu\u00e9e, Construction, Travaux Publics, R\u00e9habilitation, R\u00e9novation.\" \/>\n<meta name=\"robots\" content=\"index, follow, max-snippet:-1, max-image-preview:large, max-video-preview:-1\" \/>\n<link rel=\"canonical\" href=\"https:\/\/jbpastoretfils.mc\/?lang=en\" \/>\n<meta property=\"og:locale\" content=\"fr_FR\" \/>\n<meta property=\"og:type\" content=\"article\" \/>\n<meta property=\"og:title\" content=\"J.B. PASTOR &amp; Fils - Construction compagny Building Monaco\" \/>\n<meta property=\"og:description\" content=\"J.B. PASTOR &amp; Fils Monaco : Promotion Immobili\u00e8re, Ma\u00eetrise d\u2019Ouvrage D\u00e9l\u00e9gu\u00e9e, Construction, Travaux Publics, R\u00e9habilitation, R\u00e9novation.\" \/>\n<meta property=\"og:url\" content=\"https:\/\/jbpastoretfils.mc\/?lang=en\" \/>\n<meta property=\"og:site_name\" content=\"JB Pastor &amp; Fils - Monaco\" \/>\n<meta property=\"article:modified_time\" content=\"2026-03-25T13:20:23+00:00\" \/>\n<meta name=\"twitter:label1\" content=\"Dur\u00e9e de lecture estim\u00e9e\" \/>\n\t<meta name=\"twitter:data1\" content=\"1 minute\" \/>\n<script type=\"application\/ld+json\" class=\"yoast-schema-graph\">{\"@context\":\"https:\/\/schema.org\",\"@graph\":[{\"@type\":\"WebPage\",\"@id\":\"https:\/\/jbpastoretfils.mc\/?lang=en\",\"url\":\"https:\/\/jbpastoretfils.mc\/?lang=en\",\"name\":\"J.B. PASTOR & Fils - Construction compagny Building Monaco\",\"isPartOf\":{\"@id\":\"https:\/\/jbpastoretfils.mc\/#website\"},\"datePublished\":\"2015-02-23T15:14:24+00:00\",\"dateModified\":\"2026-03-25T13:20:23+00:00\",\"description\":\"J.B. PASTOR & Fils Monaco : Promotion Immobili\u00e8re, Ma\u00eetrise d\u2019Ouvrage D\u00e9l\u00e9gu\u00e9e, Construction, Travaux Publics, R\u00e9habilitation, R\u00e9novation.\",\"breadcrumb\":{\"@id\":\"https:\/\/jbpastoretfils.mc\/?lang=en#breadcrumb\"},\"inLanguage\":\"fr-FR\",\"potentialAction\":[{\"@type\":\"ReadAction\",\"target\":[\"https:\/\/jbpastoretfils.mc\/?lang=en\"]}]},{\"@type\":\"BreadcrumbList\",\"@id\":\"https:\/\/jbpastoretfils.mc\/?lang=en#breadcrumb\",\"itemListElement\":[{\"@type\":\"ListItem\",\"position\":1,\"name\":\"Accueil\",\"item\":\"https:\/\/jbpastoretfils.mc\/\"},{\"@type\":\"ListItem\",\"position\":2,\"name\":\"Accueil\"}]},{\"@type\":\"WebSite\",\"@id\":\"https:\/\/jbpastoretfils.mc\/#website\",\"url\":\"https:\/\/jbpastoretfils.mc\/\",\"name\":\"JB Pastor &amp; Fils - Monaco\",\"description\":\"Construction Monaco\",\"potentialAction\":[{\"@type\":\"SearchAction\",\"target\":{\"@type\":\"EntryPoint\",\"urlTemplate\":\"https:\/\/jbpastoretfils.mc\/?s={search_term_string}\"},\"query-input\":{\"@type\":\"PropertyValueSpecification\",\"valueRequired\":true,\"valueName\":\"search_term_string\"}}],\"inLanguage\":\"fr-FR\"}]}<\/script>\n<!-- \/ Yoast SEO plugin. -->","yoast_head_json":{"title":"J.B. PASTOR & Fils - Construction compagny Building Monaco","description":"J.B. PASTOR & Fils Monaco : Promotion Immobili\u00e8re, Ma\u00eetrise d\u2019Ouvrage D\u00e9l\u00e9gu\u00e9e, Construction, Travaux Publics, R\u00e9habilitation, R\u00e9novation.","robots":{"index":"index","follow":"follow","max-snippet":"max-snippet:-1","max-image-preview":"max-image-preview:large","max-video-preview":"max-video-preview:-1"},"canonical":"https:\/\/jbpastoretfils.mc\/?lang=en","og_locale":"fr_FR","og_type":"article","og_title":"J.B. PASTOR & Fils - Construction compagny Building Monaco","og_description":"J.B. PASTOR & Fils Monaco : Promotion Immobili\u00e8re, Ma\u00eetrise d\u2019Ouvrage D\u00e9l\u00e9gu\u00e9e, Construction, Travaux Publics, R\u00e9habilitation, R\u00e9novation.","og_url":"https:\/\/jbpastoretfils.mc\/?lang=en","og_site_name":"JB Pastor &amp; Fils - Monaco","article_modified_time":"2026-03-25T13:20:23+00:00","twitter_misc":{"Dur\u00e9e de lecture estim\u00e9e":"1 minute"},"schema":{"@context":"https:\/\/schema.org","@graph":[{"@type":"WebPage","@id":"https:\/\/jbpastoretfils.mc\/?lang=en","url":"https:\/\/jbpastoretfils.mc\/?lang=en","name":"J.B. PASTOR & Fils - Construction compagny Building Monaco","isPartOf":{"@id":"https:\/\/jbpastoretfils.mc\/#website"},"datePublished":"2015-02-23T15:14:24+00:00","dateModified":"2026-03-25T13:20:23+00:00","description":"J.B. PASTOR & Fils Monaco : Promotion Immobili\u00e8re, Ma\u00eetrise d\u2019Ouvrage D\u00e9l\u00e9gu\u00e9e, Construction, Travaux Publics, R\u00e9habilitation, R\u00e9novation.","breadcrumb":{"@id":"https:\/\/jbpastoretfils.mc\/?lang=en#breadcrumb"},"inLanguage":"fr-FR","potentialAction":[{"@type":"ReadAction","target":["https:\/\/jbpastoretfils.mc\/?lang=en"]}]},{"@type":"BreadcrumbList","@id":"https:\/\/jbpastoretfils.mc\/?lang=en#breadcrumb","itemListElement":[{"@type":"ListItem","position":1,"name":"Accueil","item":"https:\/\/jbpastoretfils.mc\/"},{"@type":"ListItem","position":2,"name":"Accueil"}]},{"@type":"WebSite","@id":"https:\/\/jbpastoretfils.mc\/#website","url":"https:\/\/jbpastoretfils.mc\/","name":"JB Pastor &amp; Fils - Monaco","description":"Construction Monaco","potentialAction":[{"@type":"SearchAction","target":{"@type":"EntryPoint","urlTemplate":"https:\/\/jbpastoretfils.mc\/?s={search_term_string}"},"query-input":{"@type":"PropertyValueSpecification","valueRequired":true,"valueName":"search_term_string"}}],"inLanguage":"fr-FR"}]}},"_links":{"self":[{"href":"https:\/\/jbpastoretfils.mc\/index.php?rest_route=\/wp\/v2\/pages\/5831"}],"collection":[{"href":"https:\/\/jbpastoretfils.mc\/index.php?rest_route=\/wp\/v2\/pages"}],"about":[{"href":"https:\/\/jbpastoretfils.mc\/index.php?rest_route=\/wp\/v2\/types\/page"}],"author":[{"embeddable":true,"href":"https:\/\/jbpastoretfils.mc\/index.php?rest_route=\/wp\/v2\/users\/1"}],"replies":[{"embeddable":true,"href":"https:\/\/jbpastoretfils.mc\/index.php?rest_route=%2Fwp%2Fv2%2Fcomments&post=5831"}],"version-history":[{"count":15,"href":"https:\/\/jbpastoretfils.mc\/index.php?rest_route=\/wp\/v2\/pages\/5831\/revisions"}],"predecessor-version":[{"id":50410,"href":"https:\/\/jbpastoretfils.mc\/index.php?rest_route=\/wp\/v2\/pages\/5831\/revisions\/50410"}],"wp:attachment":[{"href":"https:\/\/jbpastoretfils.mc\/index.php?rest_route=%2Fwp%2Fv2%2Fmedia&parent=5831"}],"wp:term":[{"taxonomy":"category","embeddable":true,"href":"https:\/\/jbpastoretfils.mc\/index.php?rest_route=%2Fwp%2Fv2%2Fcategories&post=5831"}],"curies":[{"name":"wp","href":"https:\/\/api.w.org\/{rel}","templated":true}]}}