{"id":485,"date":"2013-12-18T16:21:23","date_gmt":"2013-12-18T15:21:23","guid":{"rendered":"http:\/\/jbpastoretfils.mc\/?page_id=485"},"modified":"2026-03-25T14:22:37","modified_gmt":"2026-03-25T13:22:37","slug":"as-staff-monaco","status":"publish","type":"page","link":"https:\/\/jbpastoretfils.mc\/?page_id=485","title":{"rendered":"AS Staff Monaco &#8211; EG D\u00e9co"},"content":{"rendered":"<h3>A.S. Staff Monaco &#8211; EG D\u00e9co<\/h3>\n<p><strong>Pose de <a title=\"Staff\" href=\"https:\/\/jbpastoretfils.mc\/?page_id=454\" target=\"_self\" rel=\"noopener noreferrer\">Staff<\/a> &#8211; <a title=\"Faux plafonds\" href=\"https:\/\/jbpastoretfils.mc\/?page_id=454\" target=\"_self\" rel=\"noopener noreferrer\">Faux plafonds<\/a> &#8211; <a title=\"D\u00e9cors pl\u00e2tre\" href=\"https:\/\/jbpastoretfils.mc\/?page_id=454\" target=\"_self\" rel=\"noopener noreferrer\">D\u00e9cors pl\u00e2tre\u00a0<\/a>et Fabrication de <a title=\"Staff\" href=\"https:\/\/jbpastoretfils.mc\/?page_id=454\" target=\"_self\" rel=\"noopener noreferrer\">Staff<\/a><\/strong><\/p>\n<p>Chiffre d\u2019Affaires : 5.7 M d\u2019\u20ac<br \/>\nEffectif : 40<\/p>\n<p><b>Entreprise de Staff sp\u00e9cialis\u00e9e dans la r\u00e9alisation de projets de d\u00e9coration<\/b> \u00e0 la demande de D\u00e9corateurs et d\u2019Architectes depuis 1987, A. SARTUCCI MONACO poss\u00e8de une importante \u00e9quipe de staffeurs, form\u00e9s en son sein, ayant\u00a0<b>de nombreuses ann\u00e9es d\u2019exp\u00e9rience.<\/b><\/p>\n<p>Notre Entreprise est apte \u00e0 reproduire des corniches anciennes ainsi que tous motifs d\u00e9coratifs par la prise d\u2019empreintes et la reproduction d\u2019\u00e9l\u00e9ments aussi bien en pl\u00e2tre qu\u2019en ciment\u00a0; elle participe \u00e0 la d\u00e9coration de boutiques prestigieuses, la r\u00e9alisation d\u2019appartements, de villas et d\u2019immeubles de haut standing \u00e0 Monaco.<\/p>\n<p><b>A.SARTUCCI MONACO poss\u00e8de \u00e0 son actif en Principaut\u00e9 de nombreux chantiers embl\u00e9matiques<\/b>, tels que la r\u00e9novation des chambres de l&rsquo; \u00ab\u00a0H\u00f4tel de Paris\u00a0\u00bb, de l\u2019\u00abH\u00f4tel Hermitage\u00a0\u00bb, de l\u2019\u00a0\u00ab\u00a0H\u00f4tel M\u00e9tropole\u00a0\u00bb et a restaur\u00e9 plusieurs salles du \u00ab\u00a0Casino de Monte-Carlo\u00a0\u00bb. Elle intervient \u00e9galement sur les fa\u00e7ades d\u2019immeubles plus r\u00e9cents tout en continuant \u00e0 participer \u00e0 la restauration du Patrimoine Architectural Mon\u00e9gasque par la reprise de d\u00e9cors anciens\u00a0: corniches, frontons, encadrements de fen\u00eatres\u2026<\/p>\n<p>Du dessin pr\u00e9liminaire \u00e0 la pose de l\u2019ouvrage, la r\u00e9alisation de l\u2019\u00e9l\u00e9ment d\u00e9coratif en Staff conna\u00eet diff\u00e9rentes phases qui n\u00e9cessitent un savoir-faire particulier.<\/p>\n<p><b>Notre Atelier<\/b>, con\u00e7u autour de surfaces et d\u2019am\u00e9nagements sp\u00e9cifiques,\u00a0<b>nous offre la<\/b>\u00a0<b>possibilit\u00e9 de travailler sur diff\u00e9rents chantiers simultan\u00e9ment<\/b>. La partie r\u00e9alisation suit sensiblement le m\u00eame cheminement que la stafferie : nous cr\u00e9ons, en effet,\u00a0<b>des moules uniques pour chaque projet<\/b>\u00a0afin de r\u00e9pondre au plus pr\u00e8s aux attentes du Client.\u00a0<b>Un v\u00e9ritable travail de personnalisation.<\/b><\/p>\n<p><b>L&rsquo;entreprise A. SARTUCCI donne et redonne vie \u00e0 des fa\u00e7ades d&rsquo;exception qui subliment la Principaut\u00e9 de Monaco.<\/b><\/p>\n<p><a href=\"http:\/\/jbpastoretfils.mc\/wp-content\/uploads\/2013\/12\/egdeco.png\"><img loading=\"lazy\" decoding=\"async\" class=\"alignnone wp-image-970\" src=\"http:\/\/jbpastoretfils.mc\/wp-content\/uploads\/2013\/12\/egdeco-300x230.png\" alt=\"\" width=\"172\" height=\"132\" srcset=\"https:\/\/jbpastoretfils.mc\/wp-content\/uploads\/2013\/12\/egdeco-300x230.png 300w, https:\/\/jbpastoretfils.mc\/wp-content\/uploads\/2013\/12\/egdeco.png 520w\" sizes=\"(max-width: 172px) 100vw, 172px\" \/><\/a><\/p>\n<p>Implant\u00e9e au c\u0153ur de la Principaut\u00e9 de Monaco et filiale de J.B. PASTOR &amp; FILS depuis 2009, l\u2019entreprise\u00a0<b>EG DECO est la r\u00e9f\u00e9rence en terme de Staff<\/b>\u00a0; murs et plafonds ainsi que d\u00e9cors multiples.<\/p>\n<p>Le Staff est une mati\u00e8re noble, compos\u00e9e de pl\u00e2tre \u00e0 mouler et de fibres min\u00e9rales ou v\u00e9g\u00e9tales, il est \u00e0 la fois naturel et tr\u00e8s r\u00e9sistant. Le Staff se plie aux formes les plus vari\u00e9es et se marie avec tous les styles. Il offre d\u2019infinies possibilit\u00e9s pour d\u00e9corer les plafonds et habiller les murs\u00a0; corniches, moulures, rosaces, colonnes\u2026<\/p>\n<p><b>L\u2019\u00e9quipe de l\u2019entreprise EG DECO met tout son savoir au service de ses Clients afin de r\u00e9aliser tout projet architectural<\/b>\u00a0; petit ou grand, classique ou moderne, conventionnel ou atypique\u2026<\/p>\n<p>EG DECO, ce n\u2019est pas que le Staff, c\u2019est bien \u00e9videmment tous les types de faux plafonds avec une grande vari\u00e9t\u00e9 de mat\u00e9riaux utilis\u00e9s pour r\u00e9pondre \u00e0 des besoins purement fonctionnel (acoustiques, thermiques..) mais \u00e9galement les cloisonnements ainsi que les \u00e9l\u00e9ments de fa\u00e7ades\u00a0; corniches, acrot\u00e8res, sculptures d\u00e9coratives\u2026<\/p>\n","protected":false},"excerpt":{"rendered":"<p>A.S. Staff Monaco &#8211; EG D\u00e9co Pose de Staff &#8211; Faux plafonds &#8211; D\u00e9cors pl\u00e2tre\u00a0et Fabrication de Staff Chiffre d\u2019Affaires : 5.7 M d\u2019\u20ac Effectif : 40 Entreprise de Staff&#8230;<\/p>\n","protected":false},"author":1,"featured_media":966,"parent":57,"menu_order":33,"comment_status":"open","ping_status":"closed","template":"template-entreprise.php","meta":{"_acf_changed":false,"footnotes":""},"categories":[12],"class_list":["post-485","page","type-page","status-publish","has-post-thumbnail","hentry","category-enseigne-du-groupe"],"acf":[],"yoast_head":"<!-- This site is optimized with the Yoast SEO plugin v25.5 - https:\/\/yoast.com\/wordpress\/plugins\/seo\/ -->\n<title>AS Staff Monaco - EG D\u00e9co - JB Pastor &amp; Fils - Monaco<\/title>\n<meta name=\"robots\" content=\"index, follow, max-snippet:-1, max-image-preview:large, max-video-preview:-1\" \/>\n<link rel=\"canonical\" href=\"https:\/\/jbpastoretfils.mc\/?page_id=485\" \/>\n<meta property=\"og:locale\" content=\"fr_FR\" \/>\n<meta property=\"og:type\" content=\"article\" \/>\n<meta property=\"og:title\" content=\"AS Staff Monaco - EG D\u00e9co - JB Pastor &amp; Fils - Monaco\" \/>\n<meta property=\"og:description\" content=\"A.S. Staff Monaco &#8211; EG D\u00e9co Pose de Staff &#8211; Faux plafonds &#8211; D\u00e9cors pl\u00e2tre\u00a0et Fabrication de Staff Chiffre d\u2019Affaires : 5.7 M d\u2019\u20ac Effectif : 40 Entreprise de Staff...\" \/>\n<meta property=\"og:url\" content=\"https:\/\/jbpastoretfils.mc\/?page_id=485\" \/>\n<meta property=\"og:site_name\" content=\"JB Pastor &amp; Fils - Monaco\" \/>\n<meta property=\"article:modified_time\" content=\"2026-03-25T13:22:37+00:00\" \/>\n<meta property=\"og:image\" content=\"https:\/\/jbpastoretfils.mc\/wp-content\/uploads\/2013\/12\/agstaff.png\" \/>\n\t<meta property=\"og:image:width\" content=\"520\" \/>\n\t<meta property=\"og:image:height\" content=\"400\" \/>\n\t<meta property=\"og:image:type\" content=\"image\/png\" \/>\n<meta name=\"twitter:label1\" content=\"Dur\u00e9e de lecture estim\u00e9e\" \/>\n\t<meta name=\"twitter:data1\" content=\"3 minutes\" \/>\n<script type=\"application\/ld+json\" class=\"yoast-schema-graph\">{\"@context\":\"https:\/\/schema.org\",\"@graph\":[{\"@type\":\"WebPage\",\"@id\":\"https:\/\/jbpastoretfils.mc\/?page_id=485\",\"url\":\"https:\/\/jbpastoretfils.mc\/?page_id=485\",\"name\":\"AS Staff Monaco - EG D\u00e9co - JB Pastor &amp; Fils - Monaco\",\"isPartOf\":{\"@id\":\"https:\/\/jbpastoretfils.mc\/#website\"},\"primaryImageOfPage\":{\"@id\":\"https:\/\/jbpastoretfils.mc\/?page_id=485#primaryimage\"},\"image\":{\"@id\":\"https:\/\/jbpastoretfils.mc\/?page_id=485#primaryimage\"},\"thumbnailUrl\":\"https:\/\/jbpastoretfils.mc\/wp-content\/uploads\/2013\/12\/agstaff.png\",\"datePublished\":\"2013-12-18T15:21:23+00:00\",\"dateModified\":\"2026-03-25T13:22:37+00:00\",\"breadcrumb\":{\"@id\":\"https:\/\/jbpastoretfils.mc\/?page_id=485#breadcrumb\"},\"inLanguage\":\"fr-FR\",\"potentialAction\":[{\"@type\":\"ReadAction\",\"target\":[\"https:\/\/jbpastoretfils.mc\/?page_id=485\"]}]},{\"@type\":\"ImageObject\",\"inLanguage\":\"fr-FR\",\"@id\":\"https:\/\/jbpastoretfils.mc\/?page_id=485#primaryimage\",\"url\":\"https:\/\/jbpastoretfils.mc\/wp-content\/uploads\/2013\/12\/agstaff.png\",\"contentUrl\":\"https:\/\/jbpastoretfils.mc\/wp-content\/uploads\/2013\/12\/agstaff.png\",\"width\":520,\"height\":400},{\"@type\":\"BreadcrumbList\",\"@id\":\"https:\/\/jbpastoretfils.mc\/?page_id=485#breadcrumb\",\"itemListElement\":[{\"@type\":\"ListItem\",\"position\":1,\"name\":\"Accueil\",\"item\":\"https:\/\/jbpastoretfils.mc\/\"},{\"@type\":\"ListItem\",\"position\":2,\"name\":\"Nos Entreprises\",\"item\":\"https:\/\/jbpastoretfils.mc\/?page_id=4\"},{\"@type\":\"ListItem\",\"position\":3,\"name\":\"Nos Enseignes et Soci\u00e9t\u00e9s\",\"item\":\"https:\/\/jbpastoretfils.mc\/?page_id=57\"},{\"@type\":\"ListItem\",\"position\":4,\"name\":\"AS Staff Monaco &#8211; EG D\u00e9co\"}]},{\"@type\":\"WebSite\",\"@id\":\"https:\/\/jbpastoretfils.mc\/#website\",\"url\":\"https:\/\/jbpastoretfils.mc\/\",\"name\":\"JB Pastor &amp; Fils - Monaco\",\"description\":\"Construction Monaco\",\"potentialAction\":[{\"@type\":\"SearchAction\",\"target\":{\"@type\":\"EntryPoint\",\"urlTemplate\":\"https:\/\/jbpastoretfils.mc\/?s={search_term_string}\"},\"query-input\":{\"@type\":\"PropertyValueSpecification\",\"valueRequired\":true,\"valueName\":\"search_term_string\"}}],\"inLanguage\":\"fr-FR\"}]}<\/script>\n<!-- \/ Yoast SEO plugin. -->","yoast_head_json":{"title":"AS Staff Monaco - EG D\u00e9co - JB Pastor &amp; Fils - Monaco","robots":{"index":"index","follow":"follow","max-snippet":"max-snippet:-1","max-image-preview":"max-image-preview:large","max-video-preview":"max-video-preview:-1"},"canonical":"https:\/\/jbpastoretfils.mc\/?page_id=485","og_locale":"fr_FR","og_type":"article","og_title":"AS Staff Monaco - EG D\u00e9co - JB Pastor &amp; Fils - Monaco","og_description":"A.S. Staff Monaco &#8211; EG D\u00e9co Pose de Staff &#8211; Faux plafonds &#8211; D\u00e9cors pl\u00e2tre\u00a0et Fabrication de Staff Chiffre d\u2019Affaires : 5.7 M d\u2019\u20ac Effectif : 40 Entreprise de Staff...","og_url":"https:\/\/jbpastoretfils.mc\/?page_id=485","og_site_name":"JB Pastor &amp; Fils - Monaco","article_modified_time":"2026-03-25T13:22:37+00:00","og_image":[{"width":520,"height":400,"url":"https:\/\/jbpastoretfils.mc\/wp-content\/uploads\/2013\/12\/agstaff.png","type":"image\/png"}],"twitter_misc":{"Dur\u00e9e de lecture estim\u00e9e":"3 minutes"},"schema":{"@context":"https:\/\/schema.org","@graph":[{"@type":"WebPage","@id":"https:\/\/jbpastoretfils.mc\/?page_id=485","url":"https:\/\/jbpastoretfils.mc\/?page_id=485","name":"AS Staff Monaco - EG D\u00e9co - JB Pastor &amp; Fils - Monaco","isPartOf":{"@id":"https:\/\/jbpastoretfils.mc\/#website"},"primaryImageOfPage":{"@id":"https:\/\/jbpastoretfils.mc\/?page_id=485#primaryimage"},"image":{"@id":"https:\/\/jbpastoretfils.mc\/?page_id=485#primaryimage"},"thumbnailUrl":"https:\/\/jbpastoretfils.mc\/wp-content\/uploads\/2013\/12\/agstaff.png","datePublished":"2013-12-18T15:21:23+00:00","dateModified":"2026-03-25T13:22:37+00:00","breadcrumb":{"@id":"https:\/\/jbpastoretfils.mc\/?page_id=485#breadcrumb"},"inLanguage":"fr-FR","potentialAction":[{"@type":"ReadAction","target":["https:\/\/jbpastoretfils.mc\/?page_id=485"]}]},{"@type":"ImageObject","inLanguage":"fr-FR","@id":"https:\/\/jbpastoretfils.mc\/?page_id=485#primaryimage","url":"https:\/\/jbpastoretfils.mc\/wp-content\/uploads\/2013\/12\/agstaff.png","contentUrl":"https:\/\/jbpastoretfils.mc\/wp-content\/uploads\/2013\/12\/agstaff.png","width":520,"height":400},{"@type":"BreadcrumbList","@id":"https:\/\/jbpastoretfils.mc\/?page_id=485#breadcrumb","itemListElement":[{"@type":"ListItem","position":1,"name":"Accueil","item":"https:\/\/jbpastoretfils.mc\/"},{"@type":"ListItem","position":2,"name":"Nos Entreprises","item":"https:\/\/jbpastoretfils.mc\/?page_id=4"},{"@type":"ListItem","position":3,"name":"Nos Enseignes et Soci\u00e9t\u00e9s","item":"https:\/\/jbpastoretfils.mc\/?page_id=57"},{"@type":"ListItem","position":4,"name":"AS Staff Monaco &#8211; EG D\u00e9co"}]},{"@type":"WebSite","@id":"https:\/\/jbpastoretfils.mc\/#website","url":"https:\/\/jbpastoretfils.mc\/","name":"JB Pastor &amp; Fils - Monaco","description":"Construction Monaco","potentialAction":[{"@type":"SearchAction","target":{"@type":"EntryPoint","urlTemplate":"https:\/\/jbpastoretfils.mc\/?s={search_term_string}"},"query-input":{"@type":"PropertyValueSpecification","valueRequired":true,"valueName":"search_term_string"}}],"inLanguage":"fr-FR"}]}},"_links":{"self":[{"href":"https:\/\/jbpastoretfils.mc\/index.php?rest_route=\/wp\/v2\/pages\/485"}],"collection":[{"href":"https:\/\/jbpastoretfils.mc\/index.php?rest_route=\/wp\/v2\/pages"}],"about":[{"href":"https:\/\/jbpastoretfils.mc\/index.php?rest_route=\/wp\/v2\/types\/page"}],"author":[{"embeddable":true,"href":"https:\/\/jbpastoretfils.mc\/index.php?rest_route=\/wp\/v2\/users\/1"}],"replies":[{"embeddable":true,"href":"https:\/\/jbpastoretfils.mc\/index.php?rest_route=%2Fwp%2Fv2%2Fcomments&post=485"}],"version-history":[{"count":11,"href":"https:\/\/jbpastoretfils.mc\/index.php?rest_route=\/wp\/v2\/pages\/485\/revisions"}],"predecessor-version":[{"id":50415,"href":"https:\/\/jbpastoretfils.mc\/index.php?rest_route=\/wp\/v2\/pages\/485\/revisions\/50415"}],"up":[{"embeddable":true,"href":"https:\/\/jbpastoretfils.mc\/index.php?rest_route=\/wp\/v2\/pages\/57"}],"wp:featuredmedia":[{"embeddable":true,"href":"https:\/\/jbpastoretfils.mc\/index.php?rest_route=\/wp\/v2\/media\/966"}],"wp:attachment":[{"href":"https:\/\/jbpastoretfils.mc\/index.php?rest_route=%2Fwp%2Fv2%2Fmedia&parent=485"}],"wp:term":[{"taxonomy":"category","embeddable":true,"href":"https:\/\/jbpastoretfils.mc\/index.php?rest_route=%2Fwp%2Fv2%2Fcategories&post=485"}],"curies":[{"name":"wp","href":"https:\/\/api.w.org\/{rel}","templated":true}]}}