{"id":483,"date":"2013-12-18T16:18:41","date_gmt":"2013-12-18T15:18:41","guid":{"rendered":"http:\/\/jbpastoretfils.mc\/?page_id=483"},"modified":"2026-03-25T14:21:35","modified_gmt":"2026-03-25T13:21:35","slug":"j-tubino-fils-atelier-g","status":"publish","type":"page","link":"https:\/\/jbpastoretfils.mc\/?page_id=483","title":{"rendered":"J. Tubino &#038; Fils &#8211; Atelier G"},"content":{"rendered":"<h3>J. Tubino &amp; Fils &#8211; Atelier G<\/h3>\n<p><a title=\"Stucs et Enduits d\u00e9coratifs\" href=\"https:\/\/jbpastoretfils.mc\/?page_id=452\" target=\"_self\" rel=\"noopener noreferrer\"><strong>Stucs et Enduits d\u00e9coratifs<\/strong><\/a> &#8211; <a title=\"Rev\u00eatements sols et murs\" href=\"https:\/\/jbpastoretfils.mc\/?page_id=446\" target=\"_self\" rel=\"noopener noreferrer\"><strong>Rev\u00eatements sols et murs<\/strong><\/a> &#8211; <a title=\"Papiers peints\" href=\"https:\/\/jbpastoretfils.mc\/?page_id=446\" target=\"_self\" rel=\"noopener noreferrer\"><strong>Papiers peints<\/strong><\/a> &#8211; <a title=\"Tissus Fa\u00e7ades\" href=\"https:\/\/jbpastoretfils.mc\/?page_id=446\" target=\"_self\" rel=\"noopener noreferrer\"><strong>Tissus Fa\u00e7ades<\/strong><\/a> &#8211; <a title=\"Faux plafonds\" href=\"https:\/\/jbpastoretfils.mc\/?page_id=446\" target=\"_self\" rel=\"noopener noreferrer\"><strong>Faux plafonds<\/strong><\/a> &#8211; <a title=\"Moquettes\" href=\"https:\/\/jbpastoretfils.mc\/?page_id=446\" target=\"_self\" rel=\"noopener noreferrer\"><strong>Moquettes<\/strong><\/a> &#8211; <strong><a title=\"Dorures\" href=\"https:\/\/jbpastoretfils.mc\/?page_id=452\" target=\"_self\" rel=\"noopener noreferrer\">Dorures<\/a> &#8211; <\/strong><strong><a title=\"Laques\" href=\"https:\/\/jbpastoretfils.mc\/?page_id=446\" target=\"_self\" rel=\"noopener noreferrer\">Laques<\/a> &#8211; <\/strong><strong><a title=\"Patines\" href=\"https:\/\/jbpastoretfils.mc\/?page_id=452\" target=\"_self\" rel=\"noopener noreferrer\">Patines<\/a> &#8211; <\/strong><strong>Stores &#8211; <\/strong><a title=\"Signal\u00e9tique\" href=\"https:\/\/jbpastoretfils.mc\/?page_id=446\" target=\"_self\" rel=\"noopener noreferrer\"><strong>Signal\u00e9tique<\/strong><\/a><\/p>\n<p>Date de cr\u00e9ation\u00a0: 1907<br \/>\nChiffre d\u2019Affaires : 16 M d\u2019\u20ac<br \/>\nEffectif : 142<\/p>\n<p><b>L\u2019Entreprise de Peinture J. TUBINO &amp; FILS fut fond\u00e9e en 1907 par Jean TUBINO<\/b>,<br \/>\ntrois g\u00e9n\u00e9rations de la Famille l\u2019exploit\u00e8rent en la positionnant sur des r\u00e9alisations de grande qualit\u00e9 avec le respect permanent des bonnes r\u00e8gles de l\u2019Art. C\u2019est en 2004, que J. TUBINO\u00a0&amp; FILS a \u00e9t\u00e9 rachet\u00e9e et int\u00e9gr\u00e9e dans la dynamique du GROUPE PASTOR avec le concours de Nicolas GENTELLE, tout comme ATELIER G peu de temps apr\u00e8s.<\/p>\n<p><b>Aujourd\u2019hui, l\u2019esprit de Qualit\u00e9 et de Satisfaction du Client, qui \u00e9tait la force de J. TUBINO\u00a0&amp; FILS, a \u00e9t\u00e9 conserv\u00e9\u00a0<\/b>tout en d\u00e9veloppant\u00a0<b>la technicit\u00e9 n\u00e9cessaire pour r\u00e9pondre aux exigences nouvelles de la Construction\u00a0<\/b>et en structurant l\u2019encadrement afin de g\u00e9rer le travail r\u00e9alis\u00e9 par les 130 compagnons dont le savoir-faire et la conscience participent, chaque jour, \u00e0 l\u2019objectif d\u2019excellence vis\u00e9 par notre Entreprise.<b>\u00a0<\/b><\/p>\n<p><b>L\u2019\u00e9ventail de nos sp\u00e9cialit\u00e9s est large\u00a0:<\/b><\/p>\n<ul>\n<li>Dorures\u00a0\u00e0 la feuille.<\/li>\n<li>Enduits d\u00e9coratifs de chaux, tels que Stucco, Marmorino, Tadelakt, Enduits ferr\u00e9s\u2026<\/li>\n<li>Peintures d\u00e9coratives (Patines, Faux bois, Faux marbre, Glacis).<\/li>\n<li>Trompe l\u2019\u0153il, Fresques et peinture en lettres.<\/li>\n<li>Papiers peints ou rev\u00eatement textiles coll\u00e9s.<\/li>\n<li>Tissus tendus.<\/li>\n<li>Laques.<\/li>\n<li>Faux-plafonds modulaires et tendus.<\/li>\n<li>Rev\u00eatements acoustiques.<\/li>\n<li>Moquettes et rev\u00eatements de sol.<\/li>\n<li>Signal\u00e9tique.<\/li>\n<li>Enseignes.<\/li>\n<li>D\u00e9cors de Palissades.<\/li>\n<li>Gravures.<\/li>\n<li>Marquage de v\u00e9hicules et Covering.<\/li>\n<\/ul>\n","protected":false},"excerpt":{"rendered":"<p>J. Tubino &amp; Fils &#8211; Atelier G Stucs et Enduits d\u00e9coratifs &#8211; Rev\u00eatements sols et murs &#8211; Papiers peints &#8211; Tissus Fa\u00e7ades &#8211; Faux plafonds &#8211; Moquettes &#8211; Dorures &#8211;&#8230;<\/p>\n","protected":false},"author":1,"featured_media":1585,"parent":57,"menu_order":32,"comment_status":"open","ping_status":"closed","template":"template-entreprise.php","meta":{"_acf_changed":false,"footnotes":""},"categories":[12],"class_list":["post-483","page","type-page","status-publish","has-post-thumbnail","hentry","category-enseigne-du-groupe"],"acf":[],"yoast_head":"<!-- This site is optimized with the Yoast SEO plugin v25.5 - https:\/\/yoast.com\/wordpress\/plugins\/seo\/ -->\n<title>J. Tubino &amp; Fils - Atelier G - JB Pastor &amp; Fils - Monaco<\/title>\n<meta name=\"robots\" content=\"index, follow, max-snippet:-1, max-image-preview:large, max-video-preview:-1\" \/>\n<link rel=\"canonical\" href=\"https:\/\/jbpastoretfils.mc\/?page_id=483\" \/>\n<meta property=\"og:locale\" content=\"fr_FR\" \/>\n<meta property=\"og:type\" content=\"article\" \/>\n<meta property=\"og:title\" content=\"J. Tubino &amp; Fils - Atelier G - JB Pastor &amp; Fils - Monaco\" \/>\n<meta property=\"og:description\" content=\"J. Tubino &amp; Fils &#8211; Atelier G Stucs et Enduits d\u00e9coratifs &#8211; Rev\u00eatements sols et murs &#8211; Papiers peints &#8211; Tissus Fa\u00e7ades &#8211; Faux plafonds &#8211; Moquettes &#8211; Dorures &#8211;...\" \/>\n<meta property=\"og:url\" content=\"https:\/\/jbpastoretfils.mc\/?page_id=483\" \/>\n<meta property=\"og:site_name\" content=\"JB Pastor &amp; Fils - Monaco\" \/>\n<meta property=\"article:modified_time\" content=\"2026-03-25T13:21:35+00:00\" \/>\n<meta property=\"og:image\" content=\"https:\/\/jbpastoretfils.mc\/wp-content\/uploads\/2013\/12\/atelierGtubino11.png\" \/>\n\t<meta property=\"og:image:width\" content=\"520\" \/>\n\t<meta property=\"og:image:height\" content=\"400\" \/>\n\t<meta property=\"og:image:type\" content=\"image\/png\" \/>\n<meta name=\"twitter:label1\" content=\"Dur\u00e9e de lecture estim\u00e9e\" \/>\n\t<meta name=\"twitter:data1\" content=\"2 minutes\" \/>\n<script type=\"application\/ld+json\" class=\"yoast-schema-graph\">{\"@context\":\"https:\/\/schema.org\",\"@graph\":[{\"@type\":\"WebPage\",\"@id\":\"https:\/\/jbpastoretfils.mc\/?page_id=483\",\"url\":\"https:\/\/jbpastoretfils.mc\/?page_id=483\",\"name\":\"J. Tubino & Fils - Atelier G - JB Pastor &amp; Fils - Monaco\",\"isPartOf\":{\"@id\":\"https:\/\/jbpastoretfils.mc\/#website\"},\"primaryImageOfPage\":{\"@id\":\"https:\/\/jbpastoretfils.mc\/?page_id=483#primaryimage\"},\"image\":{\"@id\":\"https:\/\/jbpastoretfils.mc\/?page_id=483#primaryimage\"},\"thumbnailUrl\":\"https:\/\/jbpastoretfils.mc\/wp-content\/uploads\/2013\/12\/atelierGtubino11.png\",\"datePublished\":\"2013-12-18T15:18:41+00:00\",\"dateModified\":\"2026-03-25T13:21:35+00:00\",\"breadcrumb\":{\"@id\":\"https:\/\/jbpastoretfils.mc\/?page_id=483#breadcrumb\"},\"inLanguage\":\"fr-FR\",\"potentialAction\":[{\"@type\":\"ReadAction\",\"target\":[\"https:\/\/jbpastoretfils.mc\/?page_id=483\"]}]},{\"@type\":\"ImageObject\",\"inLanguage\":\"fr-FR\",\"@id\":\"https:\/\/jbpastoretfils.mc\/?page_id=483#primaryimage\",\"url\":\"https:\/\/jbpastoretfils.mc\/wp-content\/uploads\/2013\/12\/atelierGtubino11.png\",\"contentUrl\":\"https:\/\/jbpastoretfils.mc\/wp-content\/uploads\/2013\/12\/atelierGtubino11.png\",\"width\":520,\"height\":400},{\"@type\":\"BreadcrumbList\",\"@id\":\"https:\/\/jbpastoretfils.mc\/?page_id=483#breadcrumb\",\"itemListElement\":[{\"@type\":\"ListItem\",\"position\":1,\"name\":\"Accueil\",\"item\":\"https:\/\/jbpastoretfils.mc\/\"},{\"@type\":\"ListItem\",\"position\":2,\"name\":\"Nos Entreprises\",\"item\":\"https:\/\/jbpastoretfils.mc\/?page_id=4\"},{\"@type\":\"ListItem\",\"position\":3,\"name\":\"Nos Enseignes et Soci\u00e9t\u00e9s\",\"item\":\"https:\/\/jbpastoretfils.mc\/?page_id=57\"},{\"@type\":\"ListItem\",\"position\":4,\"name\":\"J. Tubino &#038; Fils &#8211; Atelier G\"}]},{\"@type\":\"WebSite\",\"@id\":\"https:\/\/jbpastoretfils.mc\/#website\",\"url\":\"https:\/\/jbpastoretfils.mc\/\",\"name\":\"JB Pastor &amp; Fils - Monaco\",\"description\":\"Construction Monaco\",\"potentialAction\":[{\"@type\":\"SearchAction\",\"target\":{\"@type\":\"EntryPoint\",\"urlTemplate\":\"https:\/\/jbpastoretfils.mc\/?s={search_term_string}\"},\"query-input\":{\"@type\":\"PropertyValueSpecification\",\"valueRequired\":true,\"valueName\":\"search_term_string\"}}],\"inLanguage\":\"fr-FR\"}]}<\/script>\n<!-- \/ Yoast SEO plugin. -->","yoast_head_json":{"title":"J. Tubino & Fils - Atelier G - JB Pastor &amp; Fils - Monaco","robots":{"index":"index","follow":"follow","max-snippet":"max-snippet:-1","max-image-preview":"max-image-preview:large","max-video-preview":"max-video-preview:-1"},"canonical":"https:\/\/jbpastoretfils.mc\/?page_id=483","og_locale":"fr_FR","og_type":"article","og_title":"J. Tubino & Fils - Atelier G - JB Pastor &amp; Fils - Monaco","og_description":"J. Tubino &amp; Fils &#8211; Atelier G Stucs et Enduits d\u00e9coratifs &#8211; Rev\u00eatements sols et murs &#8211; Papiers peints &#8211; Tissus Fa\u00e7ades &#8211; Faux plafonds &#8211; Moquettes &#8211; Dorures &#8211;...","og_url":"https:\/\/jbpastoretfils.mc\/?page_id=483","og_site_name":"JB Pastor &amp; Fils - Monaco","article_modified_time":"2026-03-25T13:21:35+00:00","og_image":[{"width":520,"height":400,"url":"https:\/\/jbpastoretfils.mc\/wp-content\/uploads\/2013\/12\/atelierGtubino11.png","type":"image\/png"}],"twitter_misc":{"Dur\u00e9e de lecture estim\u00e9e":"2 minutes"},"schema":{"@context":"https:\/\/schema.org","@graph":[{"@type":"WebPage","@id":"https:\/\/jbpastoretfils.mc\/?page_id=483","url":"https:\/\/jbpastoretfils.mc\/?page_id=483","name":"J. Tubino & Fils - Atelier G - JB Pastor &amp; Fils - Monaco","isPartOf":{"@id":"https:\/\/jbpastoretfils.mc\/#website"},"primaryImageOfPage":{"@id":"https:\/\/jbpastoretfils.mc\/?page_id=483#primaryimage"},"image":{"@id":"https:\/\/jbpastoretfils.mc\/?page_id=483#primaryimage"},"thumbnailUrl":"https:\/\/jbpastoretfils.mc\/wp-content\/uploads\/2013\/12\/atelierGtubino11.png","datePublished":"2013-12-18T15:18:41+00:00","dateModified":"2026-03-25T13:21:35+00:00","breadcrumb":{"@id":"https:\/\/jbpastoretfils.mc\/?page_id=483#breadcrumb"},"inLanguage":"fr-FR","potentialAction":[{"@type":"ReadAction","target":["https:\/\/jbpastoretfils.mc\/?page_id=483"]}]},{"@type":"ImageObject","inLanguage":"fr-FR","@id":"https:\/\/jbpastoretfils.mc\/?page_id=483#primaryimage","url":"https:\/\/jbpastoretfils.mc\/wp-content\/uploads\/2013\/12\/atelierGtubino11.png","contentUrl":"https:\/\/jbpastoretfils.mc\/wp-content\/uploads\/2013\/12\/atelierGtubino11.png","width":520,"height":400},{"@type":"BreadcrumbList","@id":"https:\/\/jbpastoretfils.mc\/?page_id=483#breadcrumb","itemListElement":[{"@type":"ListItem","position":1,"name":"Accueil","item":"https:\/\/jbpastoretfils.mc\/"},{"@type":"ListItem","position":2,"name":"Nos Entreprises","item":"https:\/\/jbpastoretfils.mc\/?page_id=4"},{"@type":"ListItem","position":3,"name":"Nos Enseignes et Soci\u00e9t\u00e9s","item":"https:\/\/jbpastoretfils.mc\/?page_id=57"},{"@type":"ListItem","position":4,"name":"J. Tubino &#038; Fils &#8211; Atelier G"}]},{"@type":"WebSite","@id":"https:\/\/jbpastoretfils.mc\/#website","url":"https:\/\/jbpastoretfils.mc\/","name":"JB Pastor &amp; Fils - Monaco","description":"Construction Monaco","potentialAction":[{"@type":"SearchAction","target":{"@type":"EntryPoint","urlTemplate":"https:\/\/jbpastoretfils.mc\/?s={search_term_string}"},"query-input":{"@type":"PropertyValueSpecification","valueRequired":true,"valueName":"search_term_string"}}],"inLanguage":"fr-FR"}]}},"_links":{"self":[{"href":"https:\/\/jbpastoretfils.mc\/index.php?rest_route=\/wp\/v2\/pages\/483"}],"collection":[{"href":"https:\/\/jbpastoretfils.mc\/index.php?rest_route=\/wp\/v2\/pages"}],"about":[{"href":"https:\/\/jbpastoretfils.mc\/index.php?rest_route=\/wp\/v2\/types\/page"}],"author":[{"embeddable":true,"href":"https:\/\/jbpastoretfils.mc\/index.php?rest_route=\/wp\/v2\/users\/1"}],"replies":[{"embeddable":true,"href":"https:\/\/jbpastoretfils.mc\/index.php?rest_route=%2Fwp%2Fv2%2Fcomments&post=483"}],"version-history":[{"count":29,"href":"https:\/\/jbpastoretfils.mc\/index.php?rest_route=\/wp\/v2\/pages\/483\/revisions"}],"predecessor-version":[{"id":50413,"href":"https:\/\/jbpastoretfils.mc\/index.php?rest_route=\/wp\/v2\/pages\/483\/revisions\/50413"}],"up":[{"embeddable":true,"href":"https:\/\/jbpastoretfils.mc\/index.php?rest_route=\/wp\/v2\/pages\/57"}],"wp:featuredmedia":[{"embeddable":true,"href":"https:\/\/jbpastoretfils.mc\/index.php?rest_route=\/wp\/v2\/media\/1585"}],"wp:attachment":[{"href":"https:\/\/jbpastoretfils.mc\/index.php?rest_route=%2Fwp%2Fv2%2Fmedia&parent=483"}],"wp:term":[{"taxonomy":"category","embeddable":true,"href":"https:\/\/jbpastoretfils.mc\/index.php?rest_route=%2Fwp%2Fv2%2Fcategories&post=483"}],"curies":[{"name":"wp","href":"https:\/\/api.w.org\/{rel}","templated":true}]}}