{"id":481,"date":"2013-12-18T16:17:05","date_gmt":"2013-12-18T15:17:05","guid":{"rendered":"http:\/\/jbpastoretfils.mc\/?page_id=481"},"modified":"2026-03-25T14:20:52","modified_gmt":"2026-03-25T13:20:52","slug":"cogebat","status":"publish","type":"page","link":"https:\/\/jbpastoretfils.mc\/?page_id=481","title":{"rendered":"Co.ge.bat"},"content":{"rendered":"<h3>Co.Ge.Bat.<\/h3>\n<p><strong><a title=\"Terrassements\" href=\"https:\/\/jbpastoretfils.mc\/?page_id=429\" target=\"_self\" rel=\"noopener noreferrer\">Terrassements<\/a> &#8211; <a title=\"D\u00e9molitions\" href=\"https:\/\/jbpastoretfils.mc\/?page_id=427\" target=\"_self\" rel=\"noopener noreferrer\">D\u00e9molitions<\/a> &#8211; Locations d\u2019engins de <a title=\"Travaux Publics\" href=\"https:\/\/jbpastoretfils.mc\/?page_id=397\" target=\"_self\" rel=\"noopener noreferrer\">Travaux Publics<\/a><\/strong><\/p>\n<p>Date de cr\u00e9ation\u00a0: 1960<br \/>\nChiffre d\u2019Affaires : 11.2 M d\u2019\u20ac<br \/>\nEffectif : 42<\/p>\n<p><b>L\u2019Entreprise CO.GE.BAT. dispose de nombreux moyens m\u00e9caniques\u00a0:<\/b><\/p>\n<ul>\n<li>46 Pelles de 1 tonne \u00e0 40 tonnes \u00e9quip\u00e9es de brise-roche.<\/li>\n<li>8 Chargeurs de 1.2 tonne \u00e0 17 tonnes.<\/li>\n<li>18 Camions de 3.5 tonnes \u00e0 44 tonnes, dont 1 camion grue 16 tonnes 100% \u00e9lectrique.<\/li>\n<li>Des mat\u00e9riels sp\u00e9cifiques tels que : portes chars, fraises hydrauliques, scies \u00e0 roche, scies haveuses, pinces de d\u00e9molition, robot de d\u00e9molition, mini pelle \u00e9lectrique\u2026<\/li>\n<\/ul>\n<p>&nbsp;<\/p>\n","protected":false},"excerpt":{"rendered":"<p>Co.Ge.Bat. Terrassements &#8211; D\u00e9molitions &#8211; Locations d\u2019engins de Travaux Publics Date de cr\u00e9ation\u00a0: 1960 Chiffre d\u2019Affaires : 11.2 M d\u2019\u20ac Effectif : 42 L\u2019Entreprise CO.GE.BAT. dispose de nombreux moyens m\u00e9caniques\u00a0:&#8230;<\/p>\n","protected":false},"author":1,"featured_media":969,"parent":57,"menu_order":30,"comment_status":"open","ping_status":"closed","template":"template-entreprise.php","meta":{"_acf_changed":false,"footnotes":""},"categories":[12],"class_list":["post-481","page","type-page","status-publish","has-post-thumbnail","hentry","category-enseigne-du-groupe"],"acf":[],"yoast_head":"<!-- This site is optimized with the Yoast SEO plugin v25.5 - https:\/\/yoast.com\/wordpress\/plugins\/seo\/ -->\n<title>Co.ge.bat - JB Pastor &amp; Fils - Monaco<\/title>\n<meta name=\"robots\" content=\"index, follow, max-snippet:-1, max-image-preview:large, max-video-preview:-1\" \/>\n<link rel=\"canonical\" href=\"https:\/\/jbpastoretfils.mc\/?page_id=481\" \/>\n<meta property=\"og:locale\" content=\"fr_FR\" \/>\n<meta property=\"og:type\" content=\"article\" \/>\n<meta property=\"og:title\" content=\"Co.ge.bat - JB Pastor &amp; Fils - Monaco\" \/>\n<meta property=\"og:description\" content=\"Co.Ge.Bat. Terrassements &#8211; D\u00e9molitions &#8211; Locations d\u2019engins de Travaux Publics Date de cr\u00e9ation\u00a0: 1960 Chiffre d\u2019Affaires : 11.2 M d\u2019\u20ac Effectif : 42 L\u2019Entreprise CO.GE.BAT. dispose de nombreux moyens m\u00e9caniques\u00a0:...\" \/>\n<meta property=\"og:url\" content=\"https:\/\/jbpastoretfils.mc\/?page_id=481\" \/>\n<meta property=\"og:site_name\" content=\"JB Pastor &amp; Fils - Monaco\" \/>\n<meta property=\"article:modified_time\" content=\"2026-03-25T13:20:52+00:00\" \/>\n<meta property=\"og:image\" content=\"https:\/\/jbpastoretfils.mc\/wp-content\/uploads\/2013\/12\/cogetbat.png\" \/>\n\t<meta property=\"og:image:width\" content=\"520\" \/>\n\t<meta property=\"og:image:height\" content=\"400\" \/>\n\t<meta property=\"og:image:type\" content=\"image\/png\" \/>\n<meta name=\"twitter:label1\" content=\"Dur\u00e9e de lecture estim\u00e9e\" \/>\n\t<meta name=\"twitter:data1\" content=\"1 minute\" \/>\n<script type=\"application\/ld+json\" class=\"yoast-schema-graph\">{\"@context\":\"https:\/\/schema.org\",\"@graph\":[{\"@type\":\"WebPage\",\"@id\":\"https:\/\/jbpastoretfils.mc\/?page_id=481\",\"url\":\"https:\/\/jbpastoretfils.mc\/?page_id=481\",\"name\":\"Co.ge.bat - JB Pastor &amp; Fils - Monaco\",\"isPartOf\":{\"@id\":\"https:\/\/jbpastoretfils.mc\/#website\"},\"primaryImageOfPage\":{\"@id\":\"https:\/\/jbpastoretfils.mc\/?page_id=481#primaryimage\"},\"image\":{\"@id\":\"https:\/\/jbpastoretfils.mc\/?page_id=481#primaryimage\"},\"thumbnailUrl\":\"https:\/\/jbpastoretfils.mc\/wp-content\/uploads\/2013\/12\/cogetbat.png\",\"datePublished\":\"2013-12-18T15:17:05+00:00\",\"dateModified\":\"2026-03-25T13:20:52+00:00\",\"breadcrumb\":{\"@id\":\"https:\/\/jbpastoretfils.mc\/?page_id=481#breadcrumb\"},\"inLanguage\":\"fr-FR\",\"potentialAction\":[{\"@type\":\"ReadAction\",\"target\":[\"https:\/\/jbpastoretfils.mc\/?page_id=481\"]}]},{\"@type\":\"ImageObject\",\"inLanguage\":\"fr-FR\",\"@id\":\"https:\/\/jbpastoretfils.mc\/?page_id=481#primaryimage\",\"url\":\"https:\/\/jbpastoretfils.mc\/wp-content\/uploads\/2013\/12\/cogetbat.png\",\"contentUrl\":\"https:\/\/jbpastoretfils.mc\/wp-content\/uploads\/2013\/12\/cogetbat.png\",\"width\":520,\"height\":400},{\"@type\":\"BreadcrumbList\",\"@id\":\"https:\/\/jbpastoretfils.mc\/?page_id=481#breadcrumb\",\"itemListElement\":[{\"@type\":\"ListItem\",\"position\":1,\"name\":\"Accueil\",\"item\":\"https:\/\/jbpastoretfils.mc\/\"},{\"@type\":\"ListItem\",\"position\":2,\"name\":\"Nos Entreprises\",\"item\":\"https:\/\/jbpastoretfils.mc\/?page_id=4\"},{\"@type\":\"ListItem\",\"position\":3,\"name\":\"Nos Enseignes et Soci\u00e9t\u00e9s\",\"item\":\"https:\/\/jbpastoretfils.mc\/?page_id=57\"},{\"@type\":\"ListItem\",\"position\":4,\"name\":\"Co.ge.bat\"}]},{\"@type\":\"WebSite\",\"@id\":\"https:\/\/jbpastoretfils.mc\/#website\",\"url\":\"https:\/\/jbpastoretfils.mc\/\",\"name\":\"JB Pastor &amp; Fils - Monaco\",\"description\":\"Construction Monaco\",\"potentialAction\":[{\"@type\":\"SearchAction\",\"target\":{\"@type\":\"EntryPoint\",\"urlTemplate\":\"https:\/\/jbpastoretfils.mc\/?s={search_term_string}\"},\"query-input\":{\"@type\":\"PropertyValueSpecification\",\"valueRequired\":true,\"valueName\":\"search_term_string\"}}],\"inLanguage\":\"fr-FR\"}]}<\/script>\n<!-- \/ Yoast SEO plugin. -->","yoast_head_json":{"title":"Co.ge.bat - JB Pastor &amp; Fils - Monaco","robots":{"index":"index","follow":"follow","max-snippet":"max-snippet:-1","max-image-preview":"max-image-preview:large","max-video-preview":"max-video-preview:-1"},"canonical":"https:\/\/jbpastoretfils.mc\/?page_id=481","og_locale":"fr_FR","og_type":"article","og_title":"Co.ge.bat - JB Pastor &amp; Fils - Monaco","og_description":"Co.Ge.Bat. Terrassements &#8211; D\u00e9molitions &#8211; Locations d\u2019engins de Travaux Publics Date de cr\u00e9ation\u00a0: 1960 Chiffre d\u2019Affaires : 11.2 M d\u2019\u20ac Effectif : 42 L\u2019Entreprise CO.GE.BAT. dispose de nombreux moyens m\u00e9caniques\u00a0:...","og_url":"https:\/\/jbpastoretfils.mc\/?page_id=481","og_site_name":"JB Pastor &amp; Fils - Monaco","article_modified_time":"2026-03-25T13:20:52+00:00","og_image":[{"width":520,"height":400,"url":"https:\/\/jbpastoretfils.mc\/wp-content\/uploads\/2013\/12\/cogetbat.png","type":"image\/png"}],"twitter_misc":{"Dur\u00e9e de lecture estim\u00e9e":"1 minute"},"schema":{"@context":"https:\/\/schema.org","@graph":[{"@type":"WebPage","@id":"https:\/\/jbpastoretfils.mc\/?page_id=481","url":"https:\/\/jbpastoretfils.mc\/?page_id=481","name":"Co.ge.bat - JB Pastor &amp; Fils - Monaco","isPartOf":{"@id":"https:\/\/jbpastoretfils.mc\/#website"},"primaryImageOfPage":{"@id":"https:\/\/jbpastoretfils.mc\/?page_id=481#primaryimage"},"image":{"@id":"https:\/\/jbpastoretfils.mc\/?page_id=481#primaryimage"},"thumbnailUrl":"https:\/\/jbpastoretfils.mc\/wp-content\/uploads\/2013\/12\/cogetbat.png","datePublished":"2013-12-18T15:17:05+00:00","dateModified":"2026-03-25T13:20:52+00:00","breadcrumb":{"@id":"https:\/\/jbpastoretfils.mc\/?page_id=481#breadcrumb"},"inLanguage":"fr-FR","potentialAction":[{"@type":"ReadAction","target":["https:\/\/jbpastoretfils.mc\/?page_id=481"]}]},{"@type":"ImageObject","inLanguage":"fr-FR","@id":"https:\/\/jbpastoretfils.mc\/?page_id=481#primaryimage","url":"https:\/\/jbpastoretfils.mc\/wp-content\/uploads\/2013\/12\/cogetbat.png","contentUrl":"https:\/\/jbpastoretfils.mc\/wp-content\/uploads\/2013\/12\/cogetbat.png","width":520,"height":400},{"@type":"BreadcrumbList","@id":"https:\/\/jbpastoretfils.mc\/?page_id=481#breadcrumb","itemListElement":[{"@type":"ListItem","position":1,"name":"Accueil","item":"https:\/\/jbpastoretfils.mc\/"},{"@type":"ListItem","position":2,"name":"Nos Entreprises","item":"https:\/\/jbpastoretfils.mc\/?page_id=4"},{"@type":"ListItem","position":3,"name":"Nos Enseignes et Soci\u00e9t\u00e9s","item":"https:\/\/jbpastoretfils.mc\/?page_id=57"},{"@type":"ListItem","position":4,"name":"Co.ge.bat"}]},{"@type":"WebSite","@id":"https:\/\/jbpastoretfils.mc\/#website","url":"https:\/\/jbpastoretfils.mc\/","name":"JB Pastor &amp; Fils - Monaco","description":"Construction Monaco","potentialAction":[{"@type":"SearchAction","target":{"@type":"EntryPoint","urlTemplate":"https:\/\/jbpastoretfils.mc\/?s={search_term_string}"},"query-input":{"@type":"PropertyValueSpecification","valueRequired":true,"valueName":"search_term_string"}}],"inLanguage":"fr-FR"}]}},"_links":{"self":[{"href":"https:\/\/jbpastoretfils.mc\/index.php?rest_route=\/wp\/v2\/pages\/481"}],"collection":[{"href":"https:\/\/jbpastoretfils.mc\/index.php?rest_route=\/wp\/v2\/pages"}],"about":[{"href":"https:\/\/jbpastoretfils.mc\/index.php?rest_route=\/wp\/v2\/types\/page"}],"author":[{"embeddable":true,"href":"https:\/\/jbpastoretfils.mc\/index.php?rest_route=\/wp\/v2\/users\/1"}],"replies":[{"embeddable":true,"href":"https:\/\/jbpastoretfils.mc\/index.php?rest_route=%2Fwp%2Fv2%2Fcomments&post=481"}],"version-history":[{"count":22,"href":"https:\/\/jbpastoretfils.mc\/index.php?rest_route=\/wp\/v2\/pages\/481\/revisions"}],"predecessor-version":[{"id":50411,"href":"https:\/\/jbpastoretfils.mc\/index.php?rest_route=\/wp\/v2\/pages\/481\/revisions\/50411"}],"up":[{"embeddable":true,"href":"https:\/\/jbpastoretfils.mc\/index.php?rest_route=\/wp\/v2\/pages\/57"}],"wp:featuredmedia":[{"embeddable":true,"href":"https:\/\/jbpastoretfils.mc\/index.php?rest_route=\/wp\/v2\/media\/969"}],"wp:attachment":[{"href":"https:\/\/jbpastoretfils.mc\/index.php?rest_route=%2Fwp%2Fv2%2Fmedia&parent=481"}],"wp:term":[{"taxonomy":"category","embeddable":true,"href":"https:\/\/jbpastoretfils.mc\/index.php?rest_route=%2Fwp%2Fv2%2Fcategories&post=481"}],"curies":[{"name":"wp","href":"https:\/\/api.w.org\/{rel}","templated":true}]}}