{"id":45913,"date":"2024-06-05T14:31:49","date_gmt":"2024-06-05T13:31:49","guid":{"rendered":"https:\/\/jbpastoretfils.mc\/?page_id=45913"},"modified":"2026-03-25T14:25:40","modified_gmt":"2026-03-25T13:25:40","slug":"sb2m","status":"publish","type":"page","link":"https:\/\/jbpastoretfils.mc\/?page_id=45913","title":{"rendered":"SB2M"},"content":{"rendered":"<p><strong>Date de cr\u00e9ation : 1998<\/strong><\/p>\n<p><strong>CA : 1.3 M d\u2019\u20ac<\/strong><\/p>\n<p><strong>Effectif : 13<\/strong><\/p>\n<p>SB2M est une entreprise familiale, fond\u00e9e et g\u00e9r\u00e9e par Monsieur RACHIK Chafik en 1998 en France, elle s\u2019est implant\u00e9e au c\u0153ur de la Principaut\u00e9 de Monaco en 2007 et a rejoint la S.A.M. COGEBAT d\u00e9but 2024 et par-del\u00e0 le Groupe S.A.M. des Entreprises J.B. PASTOR &amp; FILS.<\/p>\n<p>La soci\u00e9t\u00e9 SB2M est sp\u00e9cialis\u00e9e dans le percement, la d\u00e9coupe de b\u00e9ton et la d\u00e9molition ma\u00eetris\u00e9e. Nous intervenons sur tous types de constructions tant sur terre que sur mer pour les entreprises du b\u00e2timent, de travaux publics et les particuliers.<\/p>\n<p><strong>NOS SPECIALIT\u00c9S\u00a0:<\/strong><\/p>\n<p><strong><em>SCIAGE AU DISQUE ET C<\/em><\/strong><strong><em>\u00c2<\/em><\/strong><strong><em>BLE DIAMANT\u00c9<\/em><\/strong><\/p>\n<ul>\n<li>Cr\u00e9ation et agrandissement d\u2019ouvertures<\/li>\n<li>Sciage au disque<\/li>\n<li>Sciage au c\u00e2ble sur grosse \u00e9paisseur<\/li>\n<li>D\u00e9coupe de parois moul\u00e9es<\/li>\n<li>D\u00e9coupe de dalles<\/li>\n<li>R\u00e9alisation de r\u00e9servations<\/li>\n<li>Cr\u00e9ation d\u2019escaliers dans la roche<\/li>\n<li>R\u00e9alisation de mini-tunnels<\/li>\n<\/ul>\n<p><strong><em>CAROTTAGE <\/em><\/strong><\/p>\n<ul>\n<li>R\u00e9alisation de percements de tous diam\u00e8tres et sur tous supports (b\u00e9ton arm\u00e9, pierre\u2026).<\/li>\n<\/ul>\n<p><strong>REPRISE EN SOUS-OEUVRE<\/strong><\/p>\n<ul>\n<li>Installation de renforcements structurels (renfort m\u00e9tallique, plat carbone\u2026).<\/li>\n<\/ul>\n<p>Forte de ses nombreuses ann\u00e9es d\u2019exp\u00e9riences et du savoir-faire de ses \u00e9quipes hautement qualifi\u00e9es, SB2M intervient sur de nombreux chantiers prestigieux en Principaut\u00e9 de Monaco ainsi que dans les Alpes-Maritimes.<\/p>\n<p><strong>QUELQUES R\u00c9F\u00c9RENCES\u00a0:<\/strong><\/p>\n<ul>\n<li>Caf\u00e9 de Paris<\/li>\n<li>Mareterra<\/li>\n<li>Nouveau Centre Hospitalier Princesse Gr\u00e2ce<\/li>\n<li>Vista Palace<\/li>\n<li>Forum Grimaldi<\/li>\n<li>Centre cardio thoracique de Monaco<\/li>\n<li>One Monte-Carlo<\/li>\n<li>Quai USA Port de Monaco<\/li>\n<li>Gare SNCF de Monaco<\/li>\n<li>Stade Louis II de Monaco<\/li>\n<li>Stade Allianz Riviera de Nice<\/li>\n<\/ul>\n","protected":false},"excerpt":{"rendered":"<p>Date de cr\u00e9ation : 1998 CA : 1.3 M d\u2019\u20ac Effectif : 13 SB2M est une entreprise familiale, fond\u00e9e et g\u00e9r\u00e9e par Monsieur RACHIK Chafik en 1998 en France, elle&#8230;<\/p>\n","protected":false},"author":2,"featured_media":45918,"parent":57,"menu_order":43,"comment_status":"closed","ping_status":"closed","template":"template-entreprise.php","meta":{"_acf_changed":false,"footnotes":""},"categories":[12],"class_list":["post-45913","page","type-page","status-publish","has-post-thumbnail","hentry","category-enseigne-du-groupe"],"acf":[],"yoast_head":"<!-- This site is optimized with the Yoast SEO plugin v25.5 - https:\/\/yoast.com\/wordpress\/plugins\/seo\/ -->\n<title>SB2M - JB Pastor &amp; Fils - Monaco<\/title>\n<meta name=\"robots\" content=\"index, follow, max-snippet:-1, max-image-preview:large, max-video-preview:-1\" \/>\n<link rel=\"canonical\" href=\"https:\/\/jbpastoretfils.mc\/?page_id=45913\" \/>\n<meta property=\"og:locale\" content=\"fr_FR\" \/>\n<meta property=\"og:type\" content=\"article\" \/>\n<meta property=\"og:title\" content=\"SB2M - JB Pastor &amp; Fils - Monaco\" \/>\n<meta property=\"og:description\" content=\"Date de cr\u00e9ation : 1998 CA : 1.3 M d\u2019\u20ac Effectif : 13 SB2M est une entreprise familiale, fond\u00e9e et g\u00e9r\u00e9e par Monsieur RACHIK Chafik en 1998 en France, elle...\" \/>\n<meta property=\"og:url\" content=\"https:\/\/jbpastoretfils.mc\/?page_id=45913\" \/>\n<meta property=\"og:site_name\" content=\"JB Pastor &amp; Fils - Monaco\" \/>\n<meta property=\"article:modified_time\" content=\"2026-03-25T13:25:40+00:00\" \/>\n<meta property=\"og:image\" content=\"https:\/\/jbpastoretfils.mc\/wp-content\/uploads\/2024\/06\/LOGO-SB2M.jpg\" \/>\n\t<meta property=\"og:image:width\" content=\"1181\" \/>\n\t<meta property=\"og:image:height\" content=\"1181\" \/>\n\t<meta property=\"og:image:type\" content=\"image\/jpeg\" \/>\n<meta name=\"twitter:label1\" content=\"Dur\u00e9e de lecture estim\u00e9e\" \/>\n\t<meta name=\"twitter:data1\" content=\"2 minutes\" \/>\n<script type=\"application\/ld+json\" class=\"yoast-schema-graph\">{\"@context\":\"https:\/\/schema.org\",\"@graph\":[{\"@type\":\"WebPage\",\"@id\":\"https:\/\/jbpastoretfils.mc\/?page_id=45913\",\"url\":\"https:\/\/jbpastoretfils.mc\/?page_id=45913\",\"name\":\"SB2M - JB Pastor &amp; Fils - Monaco\",\"isPartOf\":{\"@id\":\"https:\/\/jbpastoretfils.mc\/#website\"},\"primaryImageOfPage\":{\"@id\":\"https:\/\/jbpastoretfils.mc\/?page_id=45913#primaryimage\"},\"image\":{\"@id\":\"https:\/\/jbpastoretfils.mc\/?page_id=45913#primaryimage\"},\"thumbnailUrl\":\"https:\/\/jbpastoretfils.mc\/wp-content\/uploads\/2024\/06\/LOGO-SB2M.jpg\",\"datePublished\":\"2024-06-05T13:31:49+00:00\",\"dateModified\":\"2026-03-25T13:25:40+00:00\",\"breadcrumb\":{\"@id\":\"https:\/\/jbpastoretfils.mc\/?page_id=45913#breadcrumb\"},\"inLanguage\":\"fr-FR\",\"potentialAction\":[{\"@type\":\"ReadAction\",\"target\":[\"https:\/\/jbpastoretfils.mc\/?page_id=45913\"]}]},{\"@type\":\"ImageObject\",\"inLanguage\":\"fr-FR\",\"@id\":\"https:\/\/jbpastoretfils.mc\/?page_id=45913#primaryimage\",\"url\":\"https:\/\/jbpastoretfils.mc\/wp-content\/uploads\/2024\/06\/LOGO-SB2M.jpg\",\"contentUrl\":\"https:\/\/jbpastoretfils.mc\/wp-content\/uploads\/2024\/06\/LOGO-SB2M.jpg\",\"width\":1181,\"height\":1181},{\"@type\":\"BreadcrumbList\",\"@id\":\"https:\/\/jbpastoretfils.mc\/?page_id=45913#breadcrumb\",\"itemListElement\":[{\"@type\":\"ListItem\",\"position\":1,\"name\":\"Accueil\",\"item\":\"https:\/\/jbpastoretfils.mc\/\"},{\"@type\":\"ListItem\",\"position\":2,\"name\":\"Nos Entreprises\",\"item\":\"https:\/\/jbpastoretfils.mc\/?page_id=4\"},{\"@type\":\"ListItem\",\"position\":3,\"name\":\"Nos Enseignes et Soci\u00e9t\u00e9s\",\"item\":\"https:\/\/jbpastoretfils.mc\/?page_id=57\"},{\"@type\":\"ListItem\",\"position\":4,\"name\":\"SB2M\"}]},{\"@type\":\"WebSite\",\"@id\":\"https:\/\/jbpastoretfils.mc\/#website\",\"url\":\"https:\/\/jbpastoretfils.mc\/\",\"name\":\"JB Pastor &amp; Fils - Monaco\",\"description\":\"Construction Monaco\",\"potentialAction\":[{\"@type\":\"SearchAction\",\"target\":{\"@type\":\"EntryPoint\",\"urlTemplate\":\"https:\/\/jbpastoretfils.mc\/?s={search_term_string}\"},\"query-input\":{\"@type\":\"PropertyValueSpecification\",\"valueRequired\":true,\"valueName\":\"search_term_string\"}}],\"inLanguage\":\"fr-FR\"}]}<\/script>\n<!-- \/ Yoast SEO plugin. -->","yoast_head_json":{"title":"SB2M - JB Pastor &amp; Fils - Monaco","robots":{"index":"index","follow":"follow","max-snippet":"max-snippet:-1","max-image-preview":"max-image-preview:large","max-video-preview":"max-video-preview:-1"},"canonical":"https:\/\/jbpastoretfils.mc\/?page_id=45913","og_locale":"fr_FR","og_type":"article","og_title":"SB2M - JB Pastor &amp; Fils - Monaco","og_description":"Date de cr\u00e9ation : 1998 CA : 1.3 M d\u2019\u20ac Effectif : 13 SB2M est une entreprise familiale, fond\u00e9e et g\u00e9r\u00e9e par Monsieur RACHIK Chafik en 1998 en France, elle...","og_url":"https:\/\/jbpastoretfils.mc\/?page_id=45913","og_site_name":"JB Pastor &amp; Fils - Monaco","article_modified_time":"2026-03-25T13:25:40+00:00","og_image":[{"width":1181,"height":1181,"url":"https:\/\/jbpastoretfils.mc\/wp-content\/uploads\/2024\/06\/LOGO-SB2M.jpg","type":"image\/jpeg"}],"twitter_misc":{"Dur\u00e9e de lecture estim\u00e9e":"2 minutes"},"schema":{"@context":"https:\/\/schema.org","@graph":[{"@type":"WebPage","@id":"https:\/\/jbpastoretfils.mc\/?page_id=45913","url":"https:\/\/jbpastoretfils.mc\/?page_id=45913","name":"SB2M - JB Pastor &amp; Fils - Monaco","isPartOf":{"@id":"https:\/\/jbpastoretfils.mc\/#website"},"primaryImageOfPage":{"@id":"https:\/\/jbpastoretfils.mc\/?page_id=45913#primaryimage"},"image":{"@id":"https:\/\/jbpastoretfils.mc\/?page_id=45913#primaryimage"},"thumbnailUrl":"https:\/\/jbpastoretfils.mc\/wp-content\/uploads\/2024\/06\/LOGO-SB2M.jpg","datePublished":"2024-06-05T13:31:49+00:00","dateModified":"2026-03-25T13:25:40+00:00","breadcrumb":{"@id":"https:\/\/jbpastoretfils.mc\/?page_id=45913#breadcrumb"},"inLanguage":"fr-FR","potentialAction":[{"@type":"ReadAction","target":["https:\/\/jbpastoretfils.mc\/?page_id=45913"]}]},{"@type":"ImageObject","inLanguage":"fr-FR","@id":"https:\/\/jbpastoretfils.mc\/?page_id=45913#primaryimage","url":"https:\/\/jbpastoretfils.mc\/wp-content\/uploads\/2024\/06\/LOGO-SB2M.jpg","contentUrl":"https:\/\/jbpastoretfils.mc\/wp-content\/uploads\/2024\/06\/LOGO-SB2M.jpg","width":1181,"height":1181},{"@type":"BreadcrumbList","@id":"https:\/\/jbpastoretfils.mc\/?page_id=45913#breadcrumb","itemListElement":[{"@type":"ListItem","position":1,"name":"Accueil","item":"https:\/\/jbpastoretfils.mc\/"},{"@type":"ListItem","position":2,"name":"Nos Entreprises","item":"https:\/\/jbpastoretfils.mc\/?page_id=4"},{"@type":"ListItem","position":3,"name":"Nos Enseignes et Soci\u00e9t\u00e9s","item":"https:\/\/jbpastoretfils.mc\/?page_id=57"},{"@type":"ListItem","position":4,"name":"SB2M"}]},{"@type":"WebSite","@id":"https:\/\/jbpastoretfils.mc\/#website","url":"https:\/\/jbpastoretfils.mc\/","name":"JB Pastor &amp; Fils - Monaco","description":"Construction Monaco","potentialAction":[{"@type":"SearchAction","target":{"@type":"EntryPoint","urlTemplate":"https:\/\/jbpastoretfils.mc\/?s={search_term_string}"},"query-input":{"@type":"PropertyValueSpecification","valueRequired":true,"valueName":"search_term_string"}}],"inLanguage":"fr-FR"}]}},"_links":{"self":[{"href":"https:\/\/jbpastoretfils.mc\/index.php?rest_route=\/wp\/v2\/pages\/45913"}],"collection":[{"href":"https:\/\/jbpastoretfils.mc\/index.php?rest_route=\/wp\/v2\/pages"}],"about":[{"href":"https:\/\/jbpastoretfils.mc\/index.php?rest_route=\/wp\/v2\/types\/page"}],"author":[{"embeddable":true,"href":"https:\/\/jbpastoretfils.mc\/index.php?rest_route=\/wp\/v2\/users\/2"}],"replies":[{"embeddable":true,"href":"https:\/\/jbpastoretfils.mc\/index.php?rest_route=%2Fwp%2Fv2%2Fcomments&post=45913"}],"version-history":[{"count":9,"href":"https:\/\/jbpastoretfils.mc\/index.php?rest_route=\/wp\/v2\/pages\/45913\/revisions"}],"predecessor-version":[{"id":50423,"href":"https:\/\/jbpastoretfils.mc\/index.php?rest_route=\/wp\/v2\/pages\/45913\/revisions\/50423"}],"up":[{"embeddable":true,"href":"https:\/\/jbpastoretfils.mc\/index.php?rest_route=\/wp\/v2\/pages\/57"}],"wp:featuredmedia":[{"embeddable":true,"href":"https:\/\/jbpastoretfils.mc\/index.php?rest_route=\/wp\/v2\/media\/45918"}],"wp:attachment":[{"href":"https:\/\/jbpastoretfils.mc\/index.php?rest_route=%2Fwp%2Fv2%2Fmedia&parent=45913"}],"wp:term":[{"taxonomy":"category","embeddable":true,"href":"https:\/\/jbpastoretfils.mc\/index.php?rest_route=%2Fwp%2Fv2%2Fcategories&post=45913"}],"curies":[{"name":"wp","href":"https:\/\/api.w.org\/{rel}","templated":true}]}}