{"id":458,"date":"2013-12-18T14:17:31","date_gmt":"2013-12-18T13:17:31","guid":{"rendered":"http:\/\/jbpastoretfils.mc\/?page_id=458"},"modified":"2023-03-23T14:47:46","modified_gmt":"2023-03-23T13:47:46","slug":"menuiserie-bois","status":"publish","type":"page","link":"https:\/\/jbpastoretfils.mc\/?page_id=458","title":{"rendered":"Menuiserie Bois Traditionnelle"},"content":{"rendered":"<h1>Menuiserie Bois Traditionnelle \u00e0 Monaco<\/h1>\n<p>Les Menuisiers de J.B. PASTOR &amp; FILS mettent leur sens de l\u2019esth\u00e9tique, leur minutie et leur exp\u00e9rience du travail des bois pr\u00e9cieux au service de votre int\u00e9rieur. Nous fabriquons, Escaliers, Dressings, Cuisines, Salles de bain, Biblioth\u00e8ques, \u00e9l\u00e9ments de Menuiserie int\u00e9rieurs et ext\u00e9rieurs, divers mobiliers\u2026 dans le respect de la Tradition et l\u2019amour du travail bien fait, sur demande des D\u00e9corateurs et Architectes ou en conception interne en accord avec vos exigences et demandes.<\/p>\n","protected":false},"excerpt":{"rendered":"<p>Menuiserie Bois Traditionnelle \u00e0 Monaco Les Menuisiers de J.B. PASTOR &amp; FILS mettent leur sens de l\u2019esth\u00e9tique, leur minutie et leur exp\u00e9rience du travail des bois pr\u00e9cieux au service de&#8230;<\/p>\n","protected":false},"author":1,"featured_media":0,"parent":51,"menu_order":70,"comment_status":"open","ping_status":"closed","template":"template-metiers.php","meta":{"_acf_changed":false,"footnotes":""},"categories":[],"class_list":["post-458","page","type-page","status-publish","hentry"],"acf":[],"yoast_head":"<!-- This site is optimized with the Yoast SEO plugin v25.5 - https:\/\/yoast.com\/wordpress\/plugins\/seo\/ -->\n<title>Menuiserie Bois Traditionnelle - JB Pastor &amp; Fils - Monaco<\/title>\n<meta name=\"robots\" content=\"index, follow, max-snippet:-1, max-image-preview:large, max-video-preview:-1\" \/>\n<link rel=\"canonical\" href=\"https:\/\/jbpastoretfils.mc\/?page_id=458\" \/>\n<meta property=\"og:locale\" content=\"fr_FR\" \/>\n<meta property=\"og:type\" content=\"article\" \/>\n<meta property=\"og:title\" content=\"Menuiserie Bois Traditionnelle - JB Pastor &amp; Fils - Monaco\" \/>\n<meta property=\"og:description\" content=\"Menuiserie Bois Traditionnelle \u00e0 Monaco Les Menuisiers de J.B. PASTOR &amp; FILS mettent leur sens de l\u2019esth\u00e9tique, leur minutie et leur exp\u00e9rience du travail des bois pr\u00e9cieux au service de...\" \/>\n<meta property=\"og:url\" content=\"https:\/\/jbpastoretfils.mc\/?page_id=458\" \/>\n<meta property=\"og:site_name\" content=\"JB Pastor &amp; Fils - Monaco\" \/>\n<meta property=\"article:modified_time\" content=\"2023-03-23T13:47:46+00:00\" \/>\n<meta name=\"twitter:label1\" content=\"Dur\u00e9e de lecture estim\u00e9e\" \/>\n\t<meta name=\"twitter:data1\" content=\"1 minute\" \/>\n<script type=\"application\/ld+json\" class=\"yoast-schema-graph\">{\"@context\":\"https:\/\/schema.org\",\"@graph\":[{\"@type\":\"WebPage\",\"@id\":\"https:\/\/jbpastoretfils.mc\/?page_id=458\",\"url\":\"https:\/\/jbpastoretfils.mc\/?page_id=458\",\"name\":\"Menuiserie Bois Traditionnelle - JB Pastor &amp; Fils - Monaco\",\"isPartOf\":{\"@id\":\"https:\/\/jbpastoretfils.mc\/#website\"},\"datePublished\":\"2013-12-18T13:17:31+00:00\",\"dateModified\":\"2023-03-23T13:47:46+00:00\",\"breadcrumb\":{\"@id\":\"https:\/\/jbpastoretfils.mc\/?page_id=458#breadcrumb\"},\"inLanguage\":\"fr-FR\",\"potentialAction\":[{\"@type\":\"ReadAction\",\"target\":[\"https:\/\/jbpastoretfils.mc\/?page_id=458\"]}]},{\"@type\":\"BreadcrumbList\",\"@id\":\"https:\/\/jbpastoretfils.mc\/?page_id=458#breadcrumb\",\"itemListElement\":[{\"@type\":\"ListItem\",\"position\":1,\"name\":\"Accueil\",\"item\":\"https:\/\/jbpastoretfils.mc\/\"},{\"@type\":\"ListItem\",\"position\":2,\"name\":\"M\u00e9tiers\",\"item\":\"https:\/\/jbpastoretfils.mc\/?page_id=8\"},{\"@type\":\"ListItem\",\"position\":3,\"name\":\"M\u00e9tiers d&rsquo;art\",\"item\":\"https:\/\/jbpastoretfils.mc\/?page_id=51\"},{\"@type\":\"ListItem\",\"position\":4,\"name\":\"Menuiserie Bois Traditionnelle\"}]},{\"@type\":\"WebSite\",\"@id\":\"https:\/\/jbpastoretfils.mc\/#website\",\"url\":\"https:\/\/jbpastoretfils.mc\/\",\"name\":\"JB Pastor &amp; Fils - Monaco\",\"description\":\"Construction Monaco\",\"potentialAction\":[{\"@type\":\"SearchAction\",\"target\":{\"@type\":\"EntryPoint\",\"urlTemplate\":\"https:\/\/jbpastoretfils.mc\/?s={search_term_string}\"},\"query-input\":{\"@type\":\"PropertyValueSpecification\",\"valueRequired\":true,\"valueName\":\"search_term_string\"}}],\"inLanguage\":\"fr-FR\"}]}<\/script>\n<!-- \/ Yoast SEO plugin. -->","yoast_head_json":{"title":"Menuiserie Bois Traditionnelle - JB Pastor &amp; Fils - Monaco","robots":{"index":"index","follow":"follow","max-snippet":"max-snippet:-1","max-image-preview":"max-image-preview:large","max-video-preview":"max-video-preview:-1"},"canonical":"https:\/\/jbpastoretfils.mc\/?page_id=458","og_locale":"fr_FR","og_type":"article","og_title":"Menuiserie Bois Traditionnelle - JB Pastor &amp; Fils - Monaco","og_description":"Menuiserie Bois Traditionnelle \u00e0 Monaco Les Menuisiers de J.B. PASTOR &amp; FILS mettent leur sens de l\u2019esth\u00e9tique, leur minutie et leur exp\u00e9rience du travail des bois pr\u00e9cieux au service de...","og_url":"https:\/\/jbpastoretfils.mc\/?page_id=458","og_site_name":"JB Pastor &amp; Fils - Monaco","article_modified_time":"2023-03-23T13:47:46+00:00","twitter_misc":{"Dur\u00e9e de lecture estim\u00e9e":"1 minute"},"schema":{"@context":"https:\/\/schema.org","@graph":[{"@type":"WebPage","@id":"https:\/\/jbpastoretfils.mc\/?page_id=458","url":"https:\/\/jbpastoretfils.mc\/?page_id=458","name":"Menuiserie Bois Traditionnelle - JB Pastor &amp; Fils - Monaco","isPartOf":{"@id":"https:\/\/jbpastoretfils.mc\/#website"},"datePublished":"2013-12-18T13:17:31+00:00","dateModified":"2023-03-23T13:47:46+00:00","breadcrumb":{"@id":"https:\/\/jbpastoretfils.mc\/?page_id=458#breadcrumb"},"inLanguage":"fr-FR","potentialAction":[{"@type":"ReadAction","target":["https:\/\/jbpastoretfils.mc\/?page_id=458"]}]},{"@type":"BreadcrumbList","@id":"https:\/\/jbpastoretfils.mc\/?page_id=458#breadcrumb","itemListElement":[{"@type":"ListItem","position":1,"name":"Accueil","item":"https:\/\/jbpastoretfils.mc\/"},{"@type":"ListItem","position":2,"name":"M\u00e9tiers","item":"https:\/\/jbpastoretfils.mc\/?page_id=8"},{"@type":"ListItem","position":3,"name":"M\u00e9tiers d&rsquo;art","item":"https:\/\/jbpastoretfils.mc\/?page_id=51"},{"@type":"ListItem","position":4,"name":"Menuiserie Bois Traditionnelle"}]},{"@type":"WebSite","@id":"https:\/\/jbpastoretfils.mc\/#website","url":"https:\/\/jbpastoretfils.mc\/","name":"JB Pastor &amp; Fils - Monaco","description":"Construction Monaco","potentialAction":[{"@type":"SearchAction","target":{"@type":"EntryPoint","urlTemplate":"https:\/\/jbpastoretfils.mc\/?s={search_term_string}"},"query-input":{"@type":"PropertyValueSpecification","valueRequired":true,"valueName":"search_term_string"}}],"inLanguage":"fr-FR"}]}},"_links":{"self":[{"href":"https:\/\/jbpastoretfils.mc\/index.php?rest_route=\/wp\/v2\/pages\/458"}],"collection":[{"href":"https:\/\/jbpastoretfils.mc\/index.php?rest_route=\/wp\/v2\/pages"}],"about":[{"href":"https:\/\/jbpastoretfils.mc\/index.php?rest_route=\/wp\/v2\/types\/page"}],"author":[{"embeddable":true,"href":"https:\/\/jbpastoretfils.mc\/index.php?rest_route=\/wp\/v2\/users\/1"}],"replies":[{"embeddable":true,"href":"https:\/\/jbpastoretfils.mc\/index.php?rest_route=%2Fwp%2Fv2%2Fcomments&post=458"}],"version-history":[{"count":3,"href":"https:\/\/jbpastoretfils.mc\/index.php?rest_route=\/wp\/v2\/pages\/458\/revisions"}],"predecessor-version":[{"id":44116,"href":"https:\/\/jbpastoretfils.mc\/index.php?rest_route=\/wp\/v2\/pages\/458\/revisions\/44116"}],"up":[{"embeddable":true,"href":"https:\/\/jbpastoretfils.mc\/index.php?rest_route=\/wp\/v2\/pages\/51"}],"wp:attachment":[{"href":"https:\/\/jbpastoretfils.mc\/index.php?rest_route=%2Fwp%2Fv2%2Fmedia&parent=458"}],"wp:term":[{"taxonomy":"category","embeddable":true,"href":"https:\/\/jbpastoretfils.mc\/index.php?rest_route=%2Fwp%2Fv2%2Fcategories&post=458"}],"curies":[{"name":"wp","href":"https:\/\/api.w.org\/{rel}","templated":true}]}}