{"id":454,"date":"2013-12-18T14:15:52","date_gmt":"2013-12-18T13:15:52","guid":{"rendered":"http:\/\/jbpastoretfils.mc\/?page_id=454"},"modified":"2023-03-15T08:50:45","modified_gmt":"2023-03-15T07:50:45","slug":"staff","status":"publish","type":"page","link":"https:\/\/jbpastoretfils.mc\/?page_id=454","title":{"rendered":"Staff"},"content":{"rendered":"<h1>Staff \u00e0 Monaco<\/h1>\n<p>Depuis plus de 30 ans,<a title=\"AS Staff Monaco\" href=\"https:\/\/jbpastoretfils.mc\/?page_id=485\"> AS STAFF<\/a> et <a title=\"EG D\u00e9co\" href=\"\/?page_id=487\">EG DECO<\/a>, enseignes sp\u00e9cialis\u00e9es dans le Staff de la S.A.M. des Entreprises J.B. PASTOR &amp; FILS, tiennent une place particuli\u00e8re en Principaut\u00e9 pour leur savoir-faire artisanal dans la r\u00e9alisation et la pose de Staff et divers d\u00e9cors d&rsquo;int\u00e9rieur mais aussi dans la restauration et la cr\u00e9ation de fa\u00e7ades au gr\u00e9 de l&rsquo;imagination des concepteurs.<\/p>\n<p>Pour la pratique du Staff, activit\u00e9 caract\u00e9ristique du style \u00ab\u00a0Belle Epoque\u00a0\u00bb et tr\u00e8s locale, J.B. PASTOR et FILS a cr\u00e9\u00e9 une <a title=\"Usine de Fabrication\" href=\"\/?page_id=534\" target=\"_self\" rel=\"noopener\">Usine de Fabrication<\/a> o\u00f9 sont conserv\u00e9s et stock\u00e9s des moules d\u2019\u00e9l\u00e9ments de d\u00e9coration d\u2019une valeur patrimoniale inestimable.<\/p>\n<p><strong>Nos perspectives de cr\u00e9ations s\u2019\u00e9toffent encore un peu plus avec l\u2019arriv\u00e9e dans l\u2019espace de notre atelier d\u2019une centrale de production pour B\u00e9ton Fibr\u00e9 Ultra Performant (BFUP). <\/strong><\/p>\n<p><strong>Le BFUP nous permet de r\u00e9aliser des \u00e9l\u00e9ments de formes diverses et vari\u00e9es, fins et l\u00e9gers avec une finition de surface de haute qualit\u00e9. Les teintes, ajust\u00e9es dans la masse sont issues d\u2019une large palette de coloris. Cette mati\u00e8re innovante aux multiples qualit\u00e9s : r\u00e9sistance, durabilit\u00e9, imperm\u00e9abilit\u00e9, ductilit\u00e9&#8230; peut \u00eatre d\u00e9clin\u00e9e au gr\u00e9 de toutes les envies architecturales de petites et grandes envergures.<\/strong><\/p>\n<p>Nos r\u00e9f\u00e9rences sont multiples :<\/p>\n<ul>\n<li>Casa del Mare (Roquebrune-Cap-Martin)<\/li>\n<li>Villa Le Galion (Cap d&rsquo;Antibes)<\/li>\n<li>Palais des Festivals (Cannes)<\/li>\n<li>Villa Pacha (Saint-Jean-Cap-Ferrat)<\/li>\n<\/ul>\n<p>&nbsp;<\/p>\n<ul>\n<li><a title=\"Villa Petrouchka\" href=\"http:\/\/jbpastoretfils.mc\/?chantier=villa-petrouchka\">Villa Petrouchka<\/a><\/li>\n<li><a title=\"Quai Kennedy\" href=\"http:\/\/jbpastoretfils.mc\/?chantier=quai-kennedy\">Le Quai Kennedy<\/a><\/li>\n<li><a title=\"R\u00e9sidence Le Simona\" href=\"http:\/\/jbpastoretfils.mc\/?chantier=le-simona\">R\u00e9sidence Le Simona<\/a><\/li>\n<li>La Lestra<\/li>\n<li><a title=\"L\u2019Oiseau Bleu\" href=\"http:\/\/jbpastoretfils.mc\/?chantier=loiseau-bleu\">L&rsquo;Oiseau Bleu<\/a><\/li>\n<li><a title=\"Villas du Sporting\" href=\"http:\/\/jbpastoretfils.mc\/?chantier=villas-du-sporting\">Les Villas du Sporting<\/a><\/li>\n<li>Lyc\u00e9e Technique et H\u00f4telier<\/li>\n<li><a title=\"Villa Victoria\" href=\"http:\/\/jbpastoretfils.mc\/?chantier=8-boulevard-rainier-iii\">Villa Victoria<\/a><\/li>\n<li><a href=\"https:\/\/jbpastoretfils.mc\/?chantier=yacht-club-de-monaco\">Le Yacht Club de Monaco<\/a><\/li>\n<li><a title=\"Villa Les Hirondelles\" href=\"http:\/\/jbpastoretfils.mc\/?chantier=villa-les-hirondelles\">Villa les Hirondelles<\/a><\/li>\n<li><a title=\"Villa Farniente\" href=\"http:\/\/jbpastoretfils.mc\/?chantier=villa-farniente\">Villa Farniente<\/a><\/li>\n<li>Villa Dryade<\/li>\n<li><a href=\"https:\/\/jbpastoretfils.mc\/?chantier=hotel-de-paris-3\">H\u00f4tel de Paris<\/a><\/li>\n<li>La Petite Afrique<\/li>\n<li><a href=\"https:\/\/jbpastoretfils.mc\/?chantier=synagogue\">La Synagogue de Monaco<\/a><\/li>\n<li><a title=\"Villa Rignon\" href=\"http:\/\/jbpastoretfils.mc\/?chantier=villa-rignon\">Villa Rignon<\/a><\/li>\n<li>La Tour Od\u00e9on<\/li>\n<li><a href=\"https:\/\/jbpastoretfils.mc\/?chantier=les-cigognes-2\">Les Cigognes<\/a><\/li>\n<li>Villa Aphrodita<\/li>\n<li><a href=\"https:\/\/jbpastoretfils.mc\/?chantier=le-stella\">Le Stella<\/a><\/li>\n<li><a href=\"https:\/\/jbpastoretfils.mc\/?chantier=le-stella\">Villa Roma<\/a><\/li>\n<li>Casino de Monte-Carlo<\/li>\n<li><a href=\"https:\/\/jbpastoretfils.mc\/?chantier=jardins-dapolline\">Les Jardins d&rsquo;Apolline<\/a><\/li>\n<li>Villa Beaulieu<\/li>\n<li><a href=\"https:\/\/jbpastoretfils.mc\/?chantier=palazzino\">Villa Palazzino<\/a><\/li>\n<li><a href=\"https:\/\/jbpastoretfils.mc\/?chantier=villa-esmeralda\">Villa Esmeralda<\/a><\/li>\n<li><a href=\"https:\/\/jbpastoretfils.mc\/?chantier=villa-portofino\">Villa Portofino<\/a><\/li>\n<li><a href=\"https:\/\/jbpastoretfils.mc\/?chantier=palais-de-plage\">Palais de la Plage<\/a><\/li>\n<li>Palais Honoria<\/li>\n<li>Grand Ida<\/li>\n<\/ul>\n","protected":false},"excerpt":{"rendered":"<p>Staff \u00e0 Monaco Depuis plus de 30 ans, AS STAFF et EG DECO, enseignes sp\u00e9cialis\u00e9es dans le Staff de la S.A.M. des Entreprises J.B. PASTOR &amp; FILS, tiennent une place&#8230;<\/p>\n","protected":false},"author":1,"featured_media":0,"parent":51,"menu_order":62,"comment_status":"open","ping_status":"closed","template":"template-metiers.php","meta":{"_acf_changed":false,"footnotes":""},"categories":[],"class_list":["post-454","page","type-page","status-publish","hentry"],"acf":[],"yoast_head":"<!-- This site is optimized with the Yoast SEO plugin v25.5 - https:\/\/yoast.com\/wordpress\/plugins\/seo\/ -->\n<title>Staff - JB Pastor &amp; Fils - Monaco<\/title>\n<meta name=\"robots\" content=\"index, follow, max-snippet:-1, max-image-preview:large, max-video-preview:-1\" \/>\n<link rel=\"canonical\" href=\"https:\/\/jbpastoretfils.mc\/?page_id=454\" \/>\n<meta property=\"og:locale\" content=\"fr_FR\" \/>\n<meta property=\"og:type\" content=\"article\" \/>\n<meta property=\"og:title\" content=\"Staff - JB Pastor &amp; Fils - Monaco\" \/>\n<meta property=\"og:description\" content=\"Staff \u00e0 Monaco Depuis plus de 30 ans, AS STAFF et EG DECO, enseignes sp\u00e9cialis\u00e9es dans le Staff de la S.A.M. des Entreprises J.B. PASTOR &amp; FILS, tiennent une place...\" \/>\n<meta property=\"og:url\" content=\"https:\/\/jbpastoretfils.mc\/?page_id=454\" \/>\n<meta property=\"og:site_name\" content=\"JB Pastor &amp; Fils - Monaco\" \/>\n<meta property=\"article:modified_time\" content=\"2023-03-15T07:50:45+00:00\" \/>\n<meta name=\"twitter:label1\" content=\"Dur\u00e9e de lecture estim\u00e9e\" \/>\n\t<meta name=\"twitter:data1\" content=\"2 minutes\" \/>\n<script type=\"application\/ld+json\" class=\"yoast-schema-graph\">{\"@context\":\"https:\/\/schema.org\",\"@graph\":[{\"@type\":\"WebPage\",\"@id\":\"https:\/\/jbpastoretfils.mc\/?page_id=454\",\"url\":\"https:\/\/jbpastoretfils.mc\/?page_id=454\",\"name\":\"Staff - JB Pastor &amp; Fils - Monaco\",\"isPartOf\":{\"@id\":\"https:\/\/jbpastoretfils.mc\/#website\"},\"datePublished\":\"2013-12-18T13:15:52+00:00\",\"dateModified\":\"2023-03-15T07:50:45+00:00\",\"breadcrumb\":{\"@id\":\"https:\/\/jbpastoretfils.mc\/?page_id=454#breadcrumb\"},\"inLanguage\":\"fr-FR\",\"potentialAction\":[{\"@type\":\"ReadAction\",\"target\":[\"https:\/\/jbpastoretfils.mc\/?page_id=454\"]}]},{\"@type\":\"BreadcrumbList\",\"@id\":\"https:\/\/jbpastoretfils.mc\/?page_id=454#breadcrumb\",\"itemListElement\":[{\"@type\":\"ListItem\",\"position\":1,\"name\":\"Accueil\",\"item\":\"https:\/\/jbpastoretfils.mc\/\"},{\"@type\":\"ListItem\",\"position\":2,\"name\":\"M\u00e9tiers\",\"item\":\"https:\/\/jbpastoretfils.mc\/?page_id=8\"},{\"@type\":\"ListItem\",\"position\":3,\"name\":\"M\u00e9tiers d&rsquo;art\",\"item\":\"https:\/\/jbpastoretfils.mc\/?page_id=51\"},{\"@type\":\"ListItem\",\"position\":4,\"name\":\"Staff\"}]},{\"@type\":\"WebSite\",\"@id\":\"https:\/\/jbpastoretfils.mc\/#website\",\"url\":\"https:\/\/jbpastoretfils.mc\/\",\"name\":\"JB Pastor &amp; Fils - Monaco\",\"description\":\"Construction Monaco\",\"potentialAction\":[{\"@type\":\"SearchAction\",\"target\":{\"@type\":\"EntryPoint\",\"urlTemplate\":\"https:\/\/jbpastoretfils.mc\/?s={search_term_string}\"},\"query-input\":{\"@type\":\"PropertyValueSpecification\",\"valueRequired\":true,\"valueName\":\"search_term_string\"}}],\"inLanguage\":\"fr-FR\"}]}<\/script>\n<!-- \/ Yoast SEO plugin. -->","yoast_head_json":{"title":"Staff - JB Pastor &amp; Fils - Monaco","robots":{"index":"index","follow":"follow","max-snippet":"max-snippet:-1","max-image-preview":"max-image-preview:large","max-video-preview":"max-video-preview:-1"},"canonical":"https:\/\/jbpastoretfils.mc\/?page_id=454","og_locale":"fr_FR","og_type":"article","og_title":"Staff - JB Pastor &amp; Fils - Monaco","og_description":"Staff \u00e0 Monaco Depuis plus de 30 ans, AS STAFF et EG DECO, enseignes sp\u00e9cialis\u00e9es dans le Staff de la S.A.M. des Entreprises J.B. PASTOR &amp; FILS, tiennent une place...","og_url":"https:\/\/jbpastoretfils.mc\/?page_id=454","og_site_name":"JB Pastor &amp; Fils - Monaco","article_modified_time":"2023-03-15T07:50:45+00:00","twitter_misc":{"Dur\u00e9e de lecture estim\u00e9e":"2 minutes"},"schema":{"@context":"https:\/\/schema.org","@graph":[{"@type":"WebPage","@id":"https:\/\/jbpastoretfils.mc\/?page_id=454","url":"https:\/\/jbpastoretfils.mc\/?page_id=454","name":"Staff - JB Pastor &amp; Fils - Monaco","isPartOf":{"@id":"https:\/\/jbpastoretfils.mc\/#website"},"datePublished":"2013-12-18T13:15:52+00:00","dateModified":"2023-03-15T07:50:45+00:00","breadcrumb":{"@id":"https:\/\/jbpastoretfils.mc\/?page_id=454#breadcrumb"},"inLanguage":"fr-FR","potentialAction":[{"@type":"ReadAction","target":["https:\/\/jbpastoretfils.mc\/?page_id=454"]}]},{"@type":"BreadcrumbList","@id":"https:\/\/jbpastoretfils.mc\/?page_id=454#breadcrumb","itemListElement":[{"@type":"ListItem","position":1,"name":"Accueil","item":"https:\/\/jbpastoretfils.mc\/"},{"@type":"ListItem","position":2,"name":"M\u00e9tiers","item":"https:\/\/jbpastoretfils.mc\/?page_id=8"},{"@type":"ListItem","position":3,"name":"M\u00e9tiers d&rsquo;art","item":"https:\/\/jbpastoretfils.mc\/?page_id=51"},{"@type":"ListItem","position":4,"name":"Staff"}]},{"@type":"WebSite","@id":"https:\/\/jbpastoretfils.mc\/#website","url":"https:\/\/jbpastoretfils.mc\/","name":"JB Pastor &amp; Fils - Monaco","description":"Construction Monaco","potentialAction":[{"@type":"SearchAction","target":{"@type":"EntryPoint","urlTemplate":"https:\/\/jbpastoretfils.mc\/?s={search_term_string}"},"query-input":{"@type":"PropertyValueSpecification","valueRequired":true,"valueName":"search_term_string"}}],"inLanguage":"fr-FR"}]}},"_links":{"self":[{"href":"https:\/\/jbpastoretfils.mc\/index.php?rest_route=\/wp\/v2\/pages\/454"}],"collection":[{"href":"https:\/\/jbpastoretfils.mc\/index.php?rest_route=\/wp\/v2\/pages"}],"about":[{"href":"https:\/\/jbpastoretfils.mc\/index.php?rest_route=\/wp\/v2\/types\/page"}],"author":[{"embeddable":true,"href":"https:\/\/jbpastoretfils.mc\/index.php?rest_route=\/wp\/v2\/users\/1"}],"replies":[{"embeddable":true,"href":"https:\/\/jbpastoretfils.mc\/index.php?rest_route=%2Fwp%2Fv2%2Fcomments&post=454"}],"version-history":[{"count":11,"href":"https:\/\/jbpastoretfils.mc\/index.php?rest_route=\/wp\/v2\/pages\/454\/revisions"}],"predecessor-version":[{"id":44060,"href":"https:\/\/jbpastoretfils.mc\/index.php?rest_route=\/wp\/v2\/pages\/454\/revisions\/44060"}],"up":[{"embeddable":true,"href":"https:\/\/jbpastoretfils.mc\/index.php?rest_route=\/wp\/v2\/pages\/51"}],"wp:attachment":[{"href":"https:\/\/jbpastoretfils.mc\/index.php?rest_route=%2Fwp%2Fv2%2Fmedia&parent=454"}],"wp:term":[{"taxonomy":"category","embeddable":true,"href":"https:\/\/jbpastoretfils.mc\/index.php?rest_route=%2Fwp%2Fv2%2Fcategories&post=454"}],"curies":[{"name":"wp","href":"https:\/\/api.w.org\/{rel}","templated":true}]}}