{"id":446,"date":"2013-12-18T10:39:22","date_gmt":"2013-12-18T09:39:22","guid":{"rendered":"http:\/\/jbpastoretfils.mc\/?page_id=446"},"modified":"2023-02-06T16:52:54","modified_gmt":"2023-02-06T15:52:54","slug":"peinture-sols-souples-faux-plafonds-signaletique","status":"publish","type":"page","link":"https:\/\/jbpastoretfils.mc\/?page_id=446","title":{"rendered":"Peinture \/ Sols souples \/ Faux plafonds \/ Signal\u00e9tique"},"content":{"rendered":"<h1 style=\"text-align: left;\"><span style=\"font-size: 12pt;\">Peinture \/ Sols souples \/ Faux plafonds \/ Signal\u00e9tique \u00e0 Monaco<\/span><\/h1>\n<p>Ce corps de m\u00e9tiers constitue la base solide sur laquelle l\u2019entreprise J. TUBINO &amp; FILS a assis sa r\u00e9putation de Qualit\u00e9 depuis de tr\u00e8s nombreuses ann\u00e9es. Partenaire historique de grandes institutions locales telles que : Le Palais Princier, La Soci\u00e9t\u00e9 des Bains de Mer, ainsi que de nombreux constructeurs\u2026 Nous sommes investis au quotidien dans le respect du niveau de finition de nos ouvrages par l\u2019anticipation en cours d\u2019ex\u00e9cution et la comp\u00e9tence de nos Compagnons ainsi que dans le respect de nos d\u00e9lais de r\u00e9alisation.<\/p>\n","protected":false},"excerpt":{"rendered":"<p>Peinture \/ Sols souples \/ Faux plafonds \/ Signal\u00e9tique \u00e0 Monaco Ce corps de m\u00e9tiers constitue la base solide sur laquelle l\u2019entreprise J. TUBINO &amp; FILS a assis sa r\u00e9putation&#8230;<\/p>\n","protected":false},"author":1,"featured_media":0,"parent":49,"menu_order":50,"comment_status":"open","ping_status":"closed","template":"template-metiers.php","meta":{"_acf_changed":false,"footnotes":""},"categories":[],"class_list":["post-446","page","type-page","status-publish","hentry"],"acf":[],"yoast_head":"<!-- This site is optimized with the Yoast SEO plugin v25.5 - https:\/\/yoast.com\/wordpress\/plugins\/seo\/ -->\n<title>Peinture - Sols souples - Faux plafonds - Signal\u00e9tique<\/title>\n<meta name=\"description\" content=\"Peinture - Sols souples - Faux plafonds - Signal\u00e9tique - JB Pastor Monaco\" \/>\n<meta name=\"robots\" content=\"index, follow, max-snippet:-1, max-image-preview:large, max-video-preview:-1\" \/>\n<link rel=\"canonical\" href=\"https:\/\/jbpastoretfils.mc\/?page_id=446\" \/>\n<meta property=\"og:locale\" content=\"fr_FR\" \/>\n<meta property=\"og:type\" content=\"article\" \/>\n<meta property=\"og:title\" content=\"Peinture - Sols souples - Faux plafonds - Signal\u00e9tique\" \/>\n<meta property=\"og:description\" content=\"Peinture - Sols souples - Faux plafonds - Signal\u00e9tique - JB Pastor Monaco\" \/>\n<meta property=\"og:url\" content=\"https:\/\/jbpastoretfils.mc\/?page_id=446\" \/>\n<meta property=\"og:site_name\" content=\"JB Pastor &amp; Fils - Monaco\" \/>\n<meta property=\"article:modified_time\" content=\"2023-02-06T15:52:54+00:00\" \/>\n<meta name=\"twitter:label1\" content=\"Dur\u00e9e de lecture estim\u00e9e\" \/>\n\t<meta name=\"twitter:data1\" content=\"1 minute\" \/>\n<script type=\"application\/ld+json\" class=\"yoast-schema-graph\">{\"@context\":\"https:\/\/schema.org\",\"@graph\":[{\"@type\":\"WebPage\",\"@id\":\"https:\/\/jbpastoretfils.mc\/?page_id=446\",\"url\":\"https:\/\/jbpastoretfils.mc\/?page_id=446\",\"name\":\"Peinture - Sols souples - Faux plafonds - Signal\u00e9tique\",\"isPartOf\":{\"@id\":\"https:\/\/jbpastoretfils.mc\/#website\"},\"datePublished\":\"2013-12-18T09:39:22+00:00\",\"dateModified\":\"2023-02-06T15:52:54+00:00\",\"description\":\"Peinture - Sols souples - Faux plafonds - Signal\u00e9tique - JB Pastor Monaco\",\"breadcrumb\":{\"@id\":\"https:\/\/jbpastoretfils.mc\/?page_id=446#breadcrumb\"},\"inLanguage\":\"fr-FR\",\"potentialAction\":[{\"@type\":\"ReadAction\",\"target\":[\"https:\/\/jbpastoretfils.mc\/?page_id=446\"]}]},{\"@type\":\"BreadcrumbList\",\"@id\":\"https:\/\/jbpastoretfils.mc\/?page_id=446#breadcrumb\",\"itemListElement\":[{\"@type\":\"ListItem\",\"position\":1,\"name\":\"Accueil\",\"item\":\"https:\/\/jbpastoretfils.mc\/\"},{\"@type\":\"ListItem\",\"position\":2,\"name\":\"M\u00e9tiers\",\"item\":\"https:\/\/jbpastoretfils.mc\/?page_id=8\"},{\"@type\":\"ListItem\",\"position\":3,\"name\":\"Entreprise g\u00e9n\u00e9rale\",\"item\":\"https:\/\/jbpastoretfils.mc\/?page_id=49\"},{\"@type\":\"ListItem\",\"position\":4,\"name\":\"Peinture \/ Sols souples \/ Faux plafonds \/ Signal\u00e9tique\"}]},{\"@type\":\"WebSite\",\"@id\":\"https:\/\/jbpastoretfils.mc\/#website\",\"url\":\"https:\/\/jbpastoretfils.mc\/\",\"name\":\"JB Pastor &amp; Fils - Monaco\",\"description\":\"Construction Monaco\",\"potentialAction\":[{\"@type\":\"SearchAction\",\"target\":{\"@type\":\"EntryPoint\",\"urlTemplate\":\"https:\/\/jbpastoretfils.mc\/?s={search_term_string}\"},\"query-input\":{\"@type\":\"PropertyValueSpecification\",\"valueRequired\":true,\"valueName\":\"search_term_string\"}}],\"inLanguage\":\"fr-FR\"}]}<\/script>\n<!-- \/ Yoast SEO plugin. -->","yoast_head_json":{"title":"Peinture - Sols souples - Faux plafonds - Signal\u00e9tique","description":"Peinture - Sols souples - Faux plafonds - Signal\u00e9tique - JB Pastor Monaco","robots":{"index":"index","follow":"follow","max-snippet":"max-snippet:-1","max-image-preview":"max-image-preview:large","max-video-preview":"max-video-preview:-1"},"canonical":"https:\/\/jbpastoretfils.mc\/?page_id=446","og_locale":"fr_FR","og_type":"article","og_title":"Peinture - Sols souples - Faux plafonds - Signal\u00e9tique","og_description":"Peinture - Sols souples - Faux plafonds - Signal\u00e9tique - JB Pastor Monaco","og_url":"https:\/\/jbpastoretfils.mc\/?page_id=446","og_site_name":"JB Pastor &amp; Fils - Monaco","article_modified_time":"2023-02-06T15:52:54+00:00","twitter_misc":{"Dur\u00e9e de lecture estim\u00e9e":"1 minute"},"schema":{"@context":"https:\/\/schema.org","@graph":[{"@type":"WebPage","@id":"https:\/\/jbpastoretfils.mc\/?page_id=446","url":"https:\/\/jbpastoretfils.mc\/?page_id=446","name":"Peinture - Sols souples - Faux plafonds - Signal\u00e9tique","isPartOf":{"@id":"https:\/\/jbpastoretfils.mc\/#website"},"datePublished":"2013-12-18T09:39:22+00:00","dateModified":"2023-02-06T15:52:54+00:00","description":"Peinture - Sols souples - Faux plafonds - Signal\u00e9tique - JB Pastor Monaco","breadcrumb":{"@id":"https:\/\/jbpastoretfils.mc\/?page_id=446#breadcrumb"},"inLanguage":"fr-FR","potentialAction":[{"@type":"ReadAction","target":["https:\/\/jbpastoretfils.mc\/?page_id=446"]}]},{"@type":"BreadcrumbList","@id":"https:\/\/jbpastoretfils.mc\/?page_id=446#breadcrumb","itemListElement":[{"@type":"ListItem","position":1,"name":"Accueil","item":"https:\/\/jbpastoretfils.mc\/"},{"@type":"ListItem","position":2,"name":"M\u00e9tiers","item":"https:\/\/jbpastoretfils.mc\/?page_id=8"},{"@type":"ListItem","position":3,"name":"Entreprise g\u00e9n\u00e9rale","item":"https:\/\/jbpastoretfils.mc\/?page_id=49"},{"@type":"ListItem","position":4,"name":"Peinture \/ Sols souples \/ Faux plafonds \/ Signal\u00e9tique"}]},{"@type":"WebSite","@id":"https:\/\/jbpastoretfils.mc\/#website","url":"https:\/\/jbpastoretfils.mc\/","name":"JB Pastor &amp; Fils - Monaco","description":"Construction Monaco","potentialAction":[{"@type":"SearchAction","target":{"@type":"EntryPoint","urlTemplate":"https:\/\/jbpastoretfils.mc\/?s={search_term_string}"},"query-input":{"@type":"PropertyValueSpecification","valueRequired":true,"valueName":"search_term_string"}}],"inLanguage":"fr-FR"}]}},"_links":{"self":[{"href":"https:\/\/jbpastoretfils.mc\/index.php?rest_route=\/wp\/v2\/pages\/446"}],"collection":[{"href":"https:\/\/jbpastoretfils.mc\/index.php?rest_route=\/wp\/v2\/pages"}],"about":[{"href":"https:\/\/jbpastoretfils.mc\/index.php?rest_route=\/wp\/v2\/types\/page"}],"author":[{"embeddable":true,"href":"https:\/\/jbpastoretfils.mc\/index.php?rest_route=\/wp\/v2\/users\/1"}],"replies":[{"embeddable":true,"href":"https:\/\/jbpastoretfils.mc\/index.php?rest_route=%2Fwp%2Fv2%2Fcomments&post=446"}],"version-history":[{"count":1,"href":"https:\/\/jbpastoretfils.mc\/index.php?rest_route=\/wp\/v2\/pages\/446\/revisions"}],"predecessor-version":[{"id":43798,"href":"https:\/\/jbpastoretfils.mc\/index.php?rest_route=\/wp\/v2\/pages\/446\/revisions\/43798"}],"up":[{"embeddable":true,"href":"https:\/\/jbpastoretfils.mc\/index.php?rest_route=\/wp\/v2\/pages\/49"}],"wp:attachment":[{"href":"https:\/\/jbpastoretfils.mc\/index.php?rest_route=%2Fwp%2Fv2%2Fmedia&parent=446"}],"wp:term":[{"taxonomy":"category","embeddable":true,"href":"https:\/\/jbpastoretfils.mc\/index.php?rest_route=%2Fwp%2Fv2%2Fcategories&post=446"}],"curies":[{"name":"wp","href":"https:\/\/api.w.org\/{rel}","templated":true}]}}