{"id":443,"date":"2013-12-18T10:31:35","date_gmt":"2013-12-18T09:31:35","guid":{"rendered":"http:\/\/jbpastoretfils.mc\/?page_id=443"},"modified":"2023-02-01T12:49:35","modified_gmt":"2023-02-01T11:49:35","slug":"electricite","status":"publish","type":"page","link":"https:\/\/jbpastoretfils.mc\/?page_id=443","title":{"rendered":"Electricit\u00e9"},"content":{"rendered":"<h1 style=\"text-align: left;\"><span style=\"font-size: 12pt;\">Electricit\u00e9 \u00e0 Monaco<\/span><\/h1>\n<p>J.B. PASTOR &amp; FILS dispose d\u2019un Bureau d\u2019\u00c9tudes et peut intervenir \u00e0 la fois sur des sites industriels, commerciaux ou priv\u00e9s. Nous concevons des installations \u00e9lectriques sur mesure et posons des produits adapt\u00e9s aux besoins et souhaits de chacun de nos Clients : installation domotique, \u00e9clairage int\u00e9rieur, ext\u00e9rieur ou d\u2019ambiance, \u00e9quipements de s\u00e9curit\u00e9 (d\u00e9tection incendie, vid\u00e9osurveillance\u2026).<\/p>\n<p>Nous avons effectu\u00e9 des \u00e9tudes de conception et d&rsquo;ex\u00e9cution et les travaux pour des op\u00e9rations publiques ou priv\u00e9es, principalement en Principaut\u00e9 de Monaco.<\/p>\n<p>Nos r\u00e9alisations les plus notables sont la r\u00e9novation du b\u00e2timent \u00ab\u00a0Le Cavalier du Palais Princier\u00a0\u00bb, la construction de la maison de retraite \u00ab\u00a0<a title=\"undefinedLa Qui\u00e9t\u00fcdine\" href=\"http:\/\/jbpastoretfils.mc\/?chantier=a-qietudine\" target=\"_self\" rel=\"noopener\">La Qui\u00e9t\u00fcdine<\/a>\u00a0\u00bb, la construction des immeubles \u00ab\u00a0<a title=\"undefinedVictor Palace\" href=\"http:\/\/jbpastoretfils.mc\/?chantier=victor-palace\" target=\"_self\" rel=\"noopener\">Victor Palace<\/a>\u00a0\u00bb et \u00ab\u00a0<a title=\"undefinedQuai Kennedy\" href=\"http:\/\/jbpastoretfils.mc\/?chantier=quai-kennedy\" target=\"_self\" rel=\"noopener\">Quai Kennedy<\/a>\u00a0\u00bb, la construction des immeubles domaniaux \u00ab\u00a0<a title=\"undefinedTestimonio\" href=\"http:\/\/jbpastoretfils.mc\/?chantier=le-testimonio\" target=\"_self\" rel=\"noopener\">Testimonio<\/a>\u00a0\u00bb, \u00ab\u00a0Castelleretto\u00a0\u00bb, \u00ab\u00a0<a title=\"undefinedLes Hibiscus\" href=\"http:\/\/jbpastoretfils.mc\/?chantier=5-7-rue-malbousquet\" target=\"_self\" rel=\"noopener\">Les Hibiscus<\/a>\u00a0\u00bb, plus r\u00e9cemment, la construction de l&rsquo;immeuble \u00ab\u00a0<a title=\"undefinedLe Simona\u00a0\" href=\"http:\/\/jbpastoretfils.mc\/?chantier=le-simona\" target=\"_self\" rel=\"noopener\">Le Simona\u00a0<\/a>\u00bb, la construction du \u00ab\u00a0<a title=\"undefinedComplexe de Loisirs Ni Box\" href=\"http:\/\/jbpastoretfils.mc\/?chantier=ni-box\" target=\"_self\" rel=\"noopener\">Complexe de Loisirs Ni Box<\/a>\u00a0\u00bb, la r\u00e9habilitation des niveaux bas de l&rsquo;immeuble \u00ab\u00a0<a title=\"undefinedLe Mirabeau\" href=\"http:\/\/jbpastoretfils.mc\/?chantier=le-mirabeau\" target=\"_self\" rel=\"noopener\">Le Mirabeau<\/a>\u00a0\u00bb, la construction de l&rsquo;immeuble \u00ab\u00a0<a title=\"undefinedL'Oiseau Bleu\" href=\"http:\/\/jbpastoretfils.mc\/?chantier=loiseau-bleu\" target=\"_self\" rel=\"noopener\">L&rsquo;Oiseau Bleu<\/a>\u00a0\u00bb, la construction des \u00ab\u00a0<a title=\"undefinedVillas du Sporting\" href=\"http:\/\/jbpastoretfils.mc\/?chantier=villas-du-sporting\" target=\"_self\" rel=\"noopener\">Villas du Sporting<\/a> \u00bb et \u00ab <a href=\"https:\/\/jbpastoretfils.mc\/?chantier=sporting-dhiver\">One Monte-Carlo<\/a> \u00bb pour la SBM et l&rsquo;extension du \u00ab <a title=\"undefinedCentre Cardio Thoracique de Monaco\" href=\"http:\/\/jbpastoretfils.mc\/?chantier=centre-cardio\" target=\"_self\" rel=\"noopener\">Centre Cardio Thoracique de Monaco<\/a>\u00a0\u00bb.<\/p>\n","protected":false},"excerpt":{"rendered":"<p>Electricit\u00e9 \u00e0 Monaco J.B. PASTOR &amp; FILS dispose d\u2019un Bureau d\u2019\u00c9tudes et peut intervenir \u00e0 la fois sur des sites industriels, commerciaux ou priv\u00e9s. Nous concevons des installations \u00e9lectriques sur&#8230;<\/p>\n","protected":false},"author":1,"featured_media":0,"parent":49,"menu_order":61,"comment_status":"open","ping_status":"closed","template":"template-metiers.php","meta":{"_acf_changed":false,"footnotes":""},"categories":[],"class_list":["post-443","page","type-page","status-publish","hentry"],"acf":[],"yoast_head":"<!-- This site is optimized with the Yoast SEO plugin v25.5 - https:\/\/yoast.com\/wordpress\/plugins\/seo\/ -->\n<title>Electricit\u00e9 Monaco -<\/title>\n<meta name=\"robots\" content=\"index, follow, max-snippet:-1, max-image-preview:large, max-video-preview:-1\" \/>\n<link rel=\"canonical\" href=\"https:\/\/jbpastoretfils.mc\/?page_id=443\" \/>\n<meta property=\"og:locale\" content=\"fr_FR\" \/>\n<meta property=\"og:type\" content=\"article\" \/>\n<meta property=\"og:title\" content=\"Electricit\u00e9 Monaco -\" \/>\n<meta property=\"og:description\" content=\"Electricit\u00e9 \u00e0 Monaco J.B. PASTOR &amp; FILS dispose d\u2019un Bureau d\u2019\u00c9tudes et peut intervenir \u00e0 la fois sur des sites industriels, commerciaux ou priv\u00e9s. Nous concevons des installations \u00e9lectriques sur...\" \/>\n<meta property=\"og:url\" content=\"https:\/\/jbpastoretfils.mc\/?page_id=443\" \/>\n<meta property=\"og:site_name\" content=\"JB Pastor &amp; Fils - Monaco\" \/>\n<meta property=\"article:modified_time\" content=\"2023-02-01T11:49:35+00:00\" \/>\n<meta name=\"twitter:label1\" content=\"Dur\u00e9e de lecture estim\u00e9e\" \/>\n\t<meta name=\"twitter:data1\" content=\"1 minute\" \/>\n<script type=\"application\/ld+json\" class=\"yoast-schema-graph\">{\"@context\":\"https:\/\/schema.org\",\"@graph\":[{\"@type\":\"WebPage\",\"@id\":\"https:\/\/jbpastoretfils.mc\/?page_id=443\",\"url\":\"https:\/\/jbpastoretfils.mc\/?page_id=443\",\"name\":\"Electricit\u00e9 Monaco -\",\"isPartOf\":{\"@id\":\"https:\/\/jbpastoretfils.mc\/#website\"},\"datePublished\":\"2013-12-18T09:31:35+00:00\",\"dateModified\":\"2023-02-01T11:49:35+00:00\",\"breadcrumb\":{\"@id\":\"https:\/\/jbpastoretfils.mc\/?page_id=443#breadcrumb\"},\"inLanguage\":\"fr-FR\",\"potentialAction\":[{\"@type\":\"ReadAction\",\"target\":[\"https:\/\/jbpastoretfils.mc\/?page_id=443\"]}]},{\"@type\":\"BreadcrumbList\",\"@id\":\"https:\/\/jbpastoretfils.mc\/?page_id=443#breadcrumb\",\"itemListElement\":[{\"@type\":\"ListItem\",\"position\":1,\"name\":\"Accueil\",\"item\":\"https:\/\/jbpastoretfils.mc\/\"},{\"@type\":\"ListItem\",\"position\":2,\"name\":\"M\u00e9tiers\",\"item\":\"https:\/\/jbpastoretfils.mc\/?page_id=8\"},{\"@type\":\"ListItem\",\"position\":3,\"name\":\"Entreprise g\u00e9n\u00e9rale\",\"item\":\"https:\/\/jbpastoretfils.mc\/?page_id=49\"},{\"@type\":\"ListItem\",\"position\":4,\"name\":\"Electricit\u00e9\"}]},{\"@type\":\"WebSite\",\"@id\":\"https:\/\/jbpastoretfils.mc\/#website\",\"url\":\"https:\/\/jbpastoretfils.mc\/\",\"name\":\"JB Pastor &amp; Fils - Monaco\",\"description\":\"Construction Monaco\",\"potentialAction\":[{\"@type\":\"SearchAction\",\"target\":{\"@type\":\"EntryPoint\",\"urlTemplate\":\"https:\/\/jbpastoretfils.mc\/?s={search_term_string}\"},\"query-input\":{\"@type\":\"PropertyValueSpecification\",\"valueRequired\":true,\"valueName\":\"search_term_string\"}}],\"inLanguage\":\"fr-FR\"}]}<\/script>\n<!-- \/ Yoast SEO plugin. -->","yoast_head_json":{"title":"Electricit\u00e9 Monaco -","robots":{"index":"index","follow":"follow","max-snippet":"max-snippet:-1","max-image-preview":"max-image-preview:large","max-video-preview":"max-video-preview:-1"},"canonical":"https:\/\/jbpastoretfils.mc\/?page_id=443","og_locale":"fr_FR","og_type":"article","og_title":"Electricit\u00e9 Monaco -","og_description":"Electricit\u00e9 \u00e0 Monaco J.B. PASTOR &amp; FILS dispose d\u2019un Bureau d\u2019\u00c9tudes et peut intervenir \u00e0 la fois sur des sites industriels, commerciaux ou priv\u00e9s. Nous concevons des installations \u00e9lectriques sur...","og_url":"https:\/\/jbpastoretfils.mc\/?page_id=443","og_site_name":"JB Pastor &amp; Fils - Monaco","article_modified_time":"2023-02-01T11:49:35+00:00","twitter_misc":{"Dur\u00e9e de lecture estim\u00e9e":"1 minute"},"schema":{"@context":"https:\/\/schema.org","@graph":[{"@type":"WebPage","@id":"https:\/\/jbpastoretfils.mc\/?page_id=443","url":"https:\/\/jbpastoretfils.mc\/?page_id=443","name":"Electricit\u00e9 Monaco -","isPartOf":{"@id":"https:\/\/jbpastoretfils.mc\/#website"},"datePublished":"2013-12-18T09:31:35+00:00","dateModified":"2023-02-01T11:49:35+00:00","breadcrumb":{"@id":"https:\/\/jbpastoretfils.mc\/?page_id=443#breadcrumb"},"inLanguage":"fr-FR","potentialAction":[{"@type":"ReadAction","target":["https:\/\/jbpastoretfils.mc\/?page_id=443"]}]},{"@type":"BreadcrumbList","@id":"https:\/\/jbpastoretfils.mc\/?page_id=443#breadcrumb","itemListElement":[{"@type":"ListItem","position":1,"name":"Accueil","item":"https:\/\/jbpastoretfils.mc\/"},{"@type":"ListItem","position":2,"name":"M\u00e9tiers","item":"https:\/\/jbpastoretfils.mc\/?page_id=8"},{"@type":"ListItem","position":3,"name":"Entreprise g\u00e9n\u00e9rale","item":"https:\/\/jbpastoretfils.mc\/?page_id=49"},{"@type":"ListItem","position":4,"name":"Electricit\u00e9"}]},{"@type":"WebSite","@id":"https:\/\/jbpastoretfils.mc\/#website","url":"https:\/\/jbpastoretfils.mc\/","name":"JB Pastor &amp; Fils - Monaco","description":"Construction Monaco","potentialAction":[{"@type":"SearchAction","target":{"@type":"EntryPoint","urlTemplate":"https:\/\/jbpastoretfils.mc\/?s={search_term_string}"},"query-input":{"@type":"PropertyValueSpecification","valueRequired":true,"valueName":"search_term_string"}}],"inLanguage":"fr-FR"}]}},"_links":{"self":[{"href":"https:\/\/jbpastoretfils.mc\/index.php?rest_route=\/wp\/v2\/pages\/443"}],"collection":[{"href":"https:\/\/jbpastoretfils.mc\/index.php?rest_route=\/wp\/v2\/pages"}],"about":[{"href":"https:\/\/jbpastoretfils.mc\/index.php?rest_route=\/wp\/v2\/types\/page"}],"author":[{"embeddable":true,"href":"https:\/\/jbpastoretfils.mc\/index.php?rest_route=\/wp\/v2\/users\/1"}],"replies":[{"embeddable":true,"href":"https:\/\/jbpastoretfils.mc\/index.php?rest_route=%2Fwp%2Fv2%2Fcomments&post=443"}],"version-history":[{"count":3,"href":"https:\/\/jbpastoretfils.mc\/index.php?rest_route=\/wp\/v2\/pages\/443\/revisions"}],"predecessor-version":[{"id":43618,"href":"https:\/\/jbpastoretfils.mc\/index.php?rest_route=\/wp\/v2\/pages\/443\/revisions\/43618"}],"up":[{"embeddable":true,"href":"https:\/\/jbpastoretfils.mc\/index.php?rest_route=\/wp\/v2\/pages\/49"}],"wp:attachment":[{"href":"https:\/\/jbpastoretfils.mc\/index.php?rest_route=%2Fwp%2Fv2%2Fmedia&parent=443"}],"wp:term":[{"taxonomy":"category","embeddable":true,"href":"https:\/\/jbpastoretfils.mc\/index.php?rest_route=%2Fwp%2Fv2%2Fcategories&post=443"}],"curies":[{"name":"wp","href":"https:\/\/api.w.org\/{rel}","templated":true}]}}