{"id":439,"date":"2013-12-18T10:30:19","date_gmt":"2013-12-18T09:30:19","guid":{"rendered":"http:\/\/jbpastoretfils.mc\/?page_id=439"},"modified":"2023-03-15T09:05:45","modified_gmt":"2023-03-15T08:05:45","slug":"menuiserie","status":"publish","type":"page","link":"https:\/\/jbpastoretfils.mc\/?page_id=439","title":{"rendered":"Menuiserie Bois"},"content":{"rendered":"<h1 style=\"text-align: left;\"><span style=\"font-size: 12pt;\">Menuiserie Bois \u00e0 Monaco<\/span><\/h1>\n<p>La S.A.M. des Entreprises J.B. PASTOR &amp; FILS poss\u00e8de un Bureau d\u2019\u00c9tudes et un Atelier\u00a0de fabrication d\u00e9di\u00e9s aux travaux de Menuiserie bois. Notre activit\u00e9, consiste, parall\u00e8lement \u00e0 nos \u00e9tudes de \u00ab\u00a0Gros-\u0152uvre\u00a0\u00bb, en l\u2019\u00e9quipement des appartements r\u00e9alis\u00e9s par J.B. PASTOR\u00a0&amp; FILS.<\/p>\n<p>Nous pouvons g\u00e9rer aussi bien\u00a0:<\/p>\n<ul>\n<li>La Menuiserie traditionnelle,<\/li>\n<li>Les am\u00e9nagements de placards et dressings ;<\/li>\n<li>Les am\u00e9nagements de salles de bain, buanderies, cuisines, caves \u00e0 vins ;<\/li>\n<li>La pose de parquets ;<\/li>\n<li>La pose de terrasses&#8230;<\/li>\n<li><strong>Ainsi, que toutes les r\u00e9alisations \u00e0 base de Corian : plans de travail de cuisines, meubles de salles de bain, dessus de bureaux, banques d\u2019accueil et meubles divers, en int\u00e9rieur comme en ext\u00e9rieur\u00a0<\/strong><\/li>\n<\/ul>\n<p>Nos r\u00e9alisations sont uniquement faites sur mesure, ce qui n\u00e9cessite une \u00e9tude de conception\u00a0en amont, avec l\u2019\u00e9laboration de plans pour une ex\u00e9cution dans nos ateliers.<\/p>\n<p>Le suivi de fabrication est assur\u00e9 par notre \u00c9quipe de production dans nos propres ateliers. Les bois et mat\u00e9riaux choisis pour la r\u00e9alisation de nos ouvrages sont issus de for\u00eats labellis\u00e9es FSC, garantissant leur gestion durable.<\/p>\n","protected":false},"excerpt":{"rendered":"<p>Menuiserie Bois \u00e0 Monaco La S.A.M. des Entreprises J.B. PASTOR &amp; FILS poss\u00e8de un Bureau d\u2019\u00c9tudes et un Atelier\u00a0de fabrication d\u00e9di\u00e9s aux travaux de Menuiserie bois. Notre activit\u00e9, consiste, parall\u00e8lement&#8230;<\/p>\n","protected":false},"author":1,"featured_media":0,"parent":49,"menu_order":59,"comment_status":"open","ping_status":"closed","template":"template-metiers.php","meta":{"_acf_changed":false,"footnotes":""},"categories":[],"class_list":["post-439","page","type-page","status-publish","hentry"],"acf":[],"yoast_head":"<!-- This site is optimized with the Yoast SEO plugin v25.5 - https:\/\/yoast.com\/wordpress\/plugins\/seo\/ -->\n<title>Menuiserie Bois - JB Pastor &amp; Fils - Monaco<\/title>\n<meta name=\"robots\" content=\"index, follow, max-snippet:-1, max-image-preview:large, max-video-preview:-1\" \/>\n<link rel=\"canonical\" href=\"https:\/\/jbpastoretfils.mc\/?page_id=439\" \/>\n<meta property=\"og:locale\" content=\"fr_FR\" \/>\n<meta property=\"og:type\" content=\"article\" \/>\n<meta property=\"og:title\" content=\"Menuiserie Bois - JB Pastor &amp; Fils - Monaco\" \/>\n<meta property=\"og:description\" content=\"Menuiserie Bois \u00e0 Monaco La S.A.M. des Entreprises J.B. PASTOR &amp; FILS poss\u00e8de un Bureau d\u2019\u00c9tudes et un Atelier\u00a0de fabrication d\u00e9di\u00e9s aux travaux de Menuiserie bois. Notre activit\u00e9, consiste, parall\u00e8lement...\" \/>\n<meta property=\"og:url\" content=\"https:\/\/jbpastoretfils.mc\/?page_id=439\" \/>\n<meta property=\"og:site_name\" content=\"JB Pastor &amp; Fils - Monaco\" \/>\n<meta property=\"article:modified_time\" content=\"2023-03-15T08:05:45+00:00\" \/>\n<meta name=\"twitter:label1\" content=\"Dur\u00e9e de lecture estim\u00e9e\" \/>\n\t<meta name=\"twitter:data1\" content=\"1 minute\" \/>\n<script type=\"application\/ld+json\" class=\"yoast-schema-graph\">{\"@context\":\"https:\/\/schema.org\",\"@graph\":[{\"@type\":\"WebPage\",\"@id\":\"https:\/\/jbpastoretfils.mc\/?page_id=439\",\"url\":\"https:\/\/jbpastoretfils.mc\/?page_id=439\",\"name\":\"Menuiserie Bois - JB Pastor &amp; Fils - Monaco\",\"isPartOf\":{\"@id\":\"https:\/\/jbpastoretfils.mc\/#website\"},\"datePublished\":\"2013-12-18T09:30:19+00:00\",\"dateModified\":\"2023-03-15T08:05:45+00:00\",\"breadcrumb\":{\"@id\":\"https:\/\/jbpastoretfils.mc\/?page_id=439#breadcrumb\"},\"inLanguage\":\"fr-FR\",\"potentialAction\":[{\"@type\":\"ReadAction\",\"target\":[\"https:\/\/jbpastoretfils.mc\/?page_id=439\"]}]},{\"@type\":\"BreadcrumbList\",\"@id\":\"https:\/\/jbpastoretfils.mc\/?page_id=439#breadcrumb\",\"itemListElement\":[{\"@type\":\"ListItem\",\"position\":1,\"name\":\"Accueil\",\"item\":\"https:\/\/jbpastoretfils.mc\/\"},{\"@type\":\"ListItem\",\"position\":2,\"name\":\"M\u00e9tiers\",\"item\":\"https:\/\/jbpastoretfils.mc\/?page_id=8\"},{\"@type\":\"ListItem\",\"position\":3,\"name\":\"Entreprise g\u00e9n\u00e9rale\",\"item\":\"https:\/\/jbpastoretfils.mc\/?page_id=49\"},{\"@type\":\"ListItem\",\"position\":4,\"name\":\"Menuiserie Bois\"}]},{\"@type\":\"WebSite\",\"@id\":\"https:\/\/jbpastoretfils.mc\/#website\",\"url\":\"https:\/\/jbpastoretfils.mc\/\",\"name\":\"JB Pastor &amp; Fils - Monaco\",\"description\":\"Construction Monaco\",\"potentialAction\":[{\"@type\":\"SearchAction\",\"target\":{\"@type\":\"EntryPoint\",\"urlTemplate\":\"https:\/\/jbpastoretfils.mc\/?s={search_term_string}\"},\"query-input\":{\"@type\":\"PropertyValueSpecification\",\"valueRequired\":true,\"valueName\":\"search_term_string\"}}],\"inLanguage\":\"fr-FR\"}]}<\/script>\n<!-- \/ Yoast SEO plugin. -->","yoast_head_json":{"title":"Menuiserie Bois - JB Pastor &amp; Fils - Monaco","robots":{"index":"index","follow":"follow","max-snippet":"max-snippet:-1","max-image-preview":"max-image-preview:large","max-video-preview":"max-video-preview:-1"},"canonical":"https:\/\/jbpastoretfils.mc\/?page_id=439","og_locale":"fr_FR","og_type":"article","og_title":"Menuiserie Bois - JB Pastor &amp; Fils - Monaco","og_description":"Menuiserie Bois \u00e0 Monaco La S.A.M. des Entreprises J.B. PASTOR &amp; FILS poss\u00e8de un Bureau d\u2019\u00c9tudes et un Atelier\u00a0de fabrication d\u00e9di\u00e9s aux travaux de Menuiserie bois. Notre activit\u00e9, consiste, parall\u00e8lement...","og_url":"https:\/\/jbpastoretfils.mc\/?page_id=439","og_site_name":"JB Pastor &amp; Fils - Monaco","article_modified_time":"2023-03-15T08:05:45+00:00","twitter_misc":{"Dur\u00e9e de lecture estim\u00e9e":"1 minute"},"schema":{"@context":"https:\/\/schema.org","@graph":[{"@type":"WebPage","@id":"https:\/\/jbpastoretfils.mc\/?page_id=439","url":"https:\/\/jbpastoretfils.mc\/?page_id=439","name":"Menuiserie Bois - JB Pastor &amp; Fils - Monaco","isPartOf":{"@id":"https:\/\/jbpastoretfils.mc\/#website"},"datePublished":"2013-12-18T09:30:19+00:00","dateModified":"2023-03-15T08:05:45+00:00","breadcrumb":{"@id":"https:\/\/jbpastoretfils.mc\/?page_id=439#breadcrumb"},"inLanguage":"fr-FR","potentialAction":[{"@type":"ReadAction","target":["https:\/\/jbpastoretfils.mc\/?page_id=439"]}]},{"@type":"BreadcrumbList","@id":"https:\/\/jbpastoretfils.mc\/?page_id=439#breadcrumb","itemListElement":[{"@type":"ListItem","position":1,"name":"Accueil","item":"https:\/\/jbpastoretfils.mc\/"},{"@type":"ListItem","position":2,"name":"M\u00e9tiers","item":"https:\/\/jbpastoretfils.mc\/?page_id=8"},{"@type":"ListItem","position":3,"name":"Entreprise g\u00e9n\u00e9rale","item":"https:\/\/jbpastoretfils.mc\/?page_id=49"},{"@type":"ListItem","position":4,"name":"Menuiserie Bois"}]},{"@type":"WebSite","@id":"https:\/\/jbpastoretfils.mc\/#website","url":"https:\/\/jbpastoretfils.mc\/","name":"JB Pastor &amp; Fils - Monaco","description":"Construction Monaco","potentialAction":[{"@type":"SearchAction","target":{"@type":"EntryPoint","urlTemplate":"https:\/\/jbpastoretfils.mc\/?s={search_term_string}"},"query-input":{"@type":"PropertyValueSpecification","valueRequired":true,"valueName":"search_term_string"}}],"inLanguage":"fr-FR"}]}},"_links":{"self":[{"href":"https:\/\/jbpastoretfils.mc\/index.php?rest_route=\/wp\/v2\/pages\/439"}],"collection":[{"href":"https:\/\/jbpastoretfils.mc\/index.php?rest_route=\/wp\/v2\/pages"}],"about":[{"href":"https:\/\/jbpastoretfils.mc\/index.php?rest_route=\/wp\/v2\/types\/page"}],"author":[{"embeddable":true,"href":"https:\/\/jbpastoretfils.mc\/index.php?rest_route=\/wp\/v2\/users\/1"}],"replies":[{"embeddable":true,"href":"https:\/\/jbpastoretfils.mc\/index.php?rest_route=%2Fwp%2Fv2%2Fcomments&post=439"}],"version-history":[{"count":7,"href":"https:\/\/jbpastoretfils.mc\/index.php?rest_route=\/wp\/v2\/pages\/439\/revisions"}],"predecessor-version":[{"id":44075,"href":"https:\/\/jbpastoretfils.mc\/index.php?rest_route=\/wp\/v2\/pages\/439\/revisions\/44075"}],"up":[{"embeddable":true,"href":"https:\/\/jbpastoretfils.mc\/index.php?rest_route=\/wp\/v2\/pages\/49"}],"wp:attachment":[{"href":"https:\/\/jbpastoretfils.mc\/index.php?rest_route=%2Fwp%2Fv2%2Fmedia&parent=439"}],"wp:term":[{"taxonomy":"category","embeddable":true,"href":"https:\/\/jbpastoretfils.mc\/index.php?rest_route=%2Fwp%2Fv2%2Fcategories&post=439"}],"curies":[{"name":"wp","href":"https:\/\/api.w.org\/{rel}","templated":true}]}}