{"id":437,"date":"2013-12-18T10:29:24","date_gmt":"2013-12-18T09:29:24","guid":{"rendered":"http:\/\/jbpastoretfils.mc\/?page_id=437"},"modified":"2023-03-23T14:39:37","modified_gmt":"2023-03-23T13:39:37","slug":"sols-durs-et-revetements-durs","status":"publish","type":"page","link":"https:\/\/jbpastoretfils.mc\/?page_id=437","title":{"rendered":"Sols durs et rev\u00eatements durs"},"content":{"rendered":"<h1 style=\"text-align: left;\"><span style=\"font-size: 12pt;\">Sols durs et rev\u00eatements durs \u00e0 Monaco<\/span><\/h1>\n<p>Forte de notre exp\u00e9rience, notre \u00e9quipe, compos\u00e9e de marbriers hautement qualifi\u00e9s, sait accompagner les inspirations de nos Clients dans leurs projets les plus ambitieux. Carrelages, marbres, granits, onyx ou encore pierres naturelles font partie des mat\u00e9riaux que nous mettons r\u00e9guli\u00e8rement en \u0153uvre, du calepinage le plus simple au plus complexe.<\/p>\n<p>Notre domaine de comp\u00e9tences s\u2019\u00e9tend \u00e0 toute pose au sol ou aux murs, r\u00e9alisation de plans de travail, que ce soit en int\u00e9rieur ou en ext\u00e9rieur.<\/p>\n<p>Nous savons \u00e9galement faire profiter nos Clients de solutions techniques permettant de r\u00e9aliser leur projet (pose au sol en faible \u00e9paisseur, pose d\u2019\u00e9l\u00e9ments de grandes dimensions en murs \u2026).\u00a0La qualit\u00e9 finale de nos prestations, reconnue depuis des d\u00e9cennies \u00e0 Monaco, est notre principale motivation.<\/p>\n","protected":false},"excerpt":{"rendered":"<p>Sols durs et rev\u00eatements durs \u00e0 Monaco Forte de notre exp\u00e9rience, notre \u00e9quipe, compos\u00e9e de marbriers hautement qualifi\u00e9s, sait accompagner les inspirations de nos Clients dans leurs projets les plus&#8230;<\/p>\n","protected":false},"author":1,"featured_media":0,"parent":49,"menu_order":56,"comment_status":"open","ping_status":"closed","template":"template-metiers.php","meta":{"_acf_changed":false,"footnotes":""},"categories":[],"class_list":["post-437","page","type-page","status-publish","hentry"],"acf":[],"yoast_head":"<!-- This site is optimized with the Yoast SEO plugin v25.5 - https:\/\/yoast.com\/wordpress\/plugins\/seo\/ -->\n<title>Sols durs et rev\u00eatements durs - JB Pastor &amp; Fils - Monaco<\/title>\n<meta name=\"robots\" content=\"index, follow, max-snippet:-1, max-image-preview:large, max-video-preview:-1\" \/>\n<link rel=\"canonical\" href=\"https:\/\/jbpastoretfils.mc\/?page_id=437\" \/>\n<meta property=\"og:locale\" content=\"fr_FR\" \/>\n<meta property=\"og:type\" content=\"article\" \/>\n<meta property=\"og:title\" content=\"Sols durs et rev\u00eatements durs - JB Pastor &amp; Fils - Monaco\" \/>\n<meta property=\"og:description\" content=\"Sols durs et rev\u00eatements durs \u00e0 Monaco Forte de notre exp\u00e9rience, notre \u00e9quipe, compos\u00e9e de marbriers hautement qualifi\u00e9s, sait accompagner les inspirations de nos Clients dans leurs projets les plus...\" \/>\n<meta property=\"og:url\" content=\"https:\/\/jbpastoretfils.mc\/?page_id=437\" \/>\n<meta property=\"og:site_name\" content=\"JB Pastor &amp; Fils - Monaco\" \/>\n<meta property=\"article:modified_time\" content=\"2023-03-23T13:39:37+00:00\" \/>\n<meta name=\"twitter:label1\" content=\"Dur\u00e9e de lecture estim\u00e9e\" \/>\n\t<meta name=\"twitter:data1\" content=\"1 minute\" \/>\n<script type=\"application\/ld+json\" class=\"yoast-schema-graph\">{\"@context\":\"https:\/\/schema.org\",\"@graph\":[{\"@type\":\"WebPage\",\"@id\":\"https:\/\/jbpastoretfils.mc\/?page_id=437\",\"url\":\"https:\/\/jbpastoretfils.mc\/?page_id=437\",\"name\":\"Sols durs et rev\u00eatements durs - JB Pastor &amp; Fils - Monaco\",\"isPartOf\":{\"@id\":\"https:\/\/jbpastoretfils.mc\/#website\"},\"datePublished\":\"2013-12-18T09:29:24+00:00\",\"dateModified\":\"2023-03-23T13:39:37+00:00\",\"breadcrumb\":{\"@id\":\"https:\/\/jbpastoretfils.mc\/?page_id=437#breadcrumb\"},\"inLanguage\":\"fr-FR\",\"potentialAction\":[{\"@type\":\"ReadAction\",\"target\":[\"https:\/\/jbpastoretfils.mc\/?page_id=437\"]}]},{\"@type\":\"BreadcrumbList\",\"@id\":\"https:\/\/jbpastoretfils.mc\/?page_id=437#breadcrumb\",\"itemListElement\":[{\"@type\":\"ListItem\",\"position\":1,\"name\":\"Accueil\",\"item\":\"https:\/\/jbpastoretfils.mc\/\"},{\"@type\":\"ListItem\",\"position\":2,\"name\":\"M\u00e9tiers\",\"item\":\"https:\/\/jbpastoretfils.mc\/?page_id=8\"},{\"@type\":\"ListItem\",\"position\":3,\"name\":\"Entreprise g\u00e9n\u00e9rale\",\"item\":\"https:\/\/jbpastoretfils.mc\/?page_id=49\"},{\"@type\":\"ListItem\",\"position\":4,\"name\":\"Sols durs et rev\u00eatements durs\"}]},{\"@type\":\"WebSite\",\"@id\":\"https:\/\/jbpastoretfils.mc\/#website\",\"url\":\"https:\/\/jbpastoretfils.mc\/\",\"name\":\"JB Pastor &amp; Fils - Monaco\",\"description\":\"Construction Monaco\",\"potentialAction\":[{\"@type\":\"SearchAction\",\"target\":{\"@type\":\"EntryPoint\",\"urlTemplate\":\"https:\/\/jbpastoretfils.mc\/?s={search_term_string}\"},\"query-input\":{\"@type\":\"PropertyValueSpecification\",\"valueRequired\":true,\"valueName\":\"search_term_string\"}}],\"inLanguage\":\"fr-FR\"}]}<\/script>\n<!-- \/ Yoast SEO plugin. -->","yoast_head_json":{"title":"Sols durs et rev\u00eatements durs - JB Pastor &amp; Fils - Monaco","robots":{"index":"index","follow":"follow","max-snippet":"max-snippet:-1","max-image-preview":"max-image-preview:large","max-video-preview":"max-video-preview:-1"},"canonical":"https:\/\/jbpastoretfils.mc\/?page_id=437","og_locale":"fr_FR","og_type":"article","og_title":"Sols durs et rev\u00eatements durs - JB Pastor &amp; Fils - Monaco","og_description":"Sols durs et rev\u00eatements durs \u00e0 Monaco Forte de notre exp\u00e9rience, notre \u00e9quipe, compos\u00e9e de marbriers hautement qualifi\u00e9s, sait accompagner les inspirations de nos Clients dans leurs projets les plus...","og_url":"https:\/\/jbpastoretfils.mc\/?page_id=437","og_site_name":"JB Pastor &amp; Fils - Monaco","article_modified_time":"2023-03-23T13:39:37+00:00","twitter_misc":{"Dur\u00e9e de lecture estim\u00e9e":"1 minute"},"schema":{"@context":"https:\/\/schema.org","@graph":[{"@type":"WebPage","@id":"https:\/\/jbpastoretfils.mc\/?page_id=437","url":"https:\/\/jbpastoretfils.mc\/?page_id=437","name":"Sols durs et rev\u00eatements durs - JB Pastor &amp; Fils - Monaco","isPartOf":{"@id":"https:\/\/jbpastoretfils.mc\/#website"},"datePublished":"2013-12-18T09:29:24+00:00","dateModified":"2023-03-23T13:39:37+00:00","breadcrumb":{"@id":"https:\/\/jbpastoretfils.mc\/?page_id=437#breadcrumb"},"inLanguage":"fr-FR","potentialAction":[{"@type":"ReadAction","target":["https:\/\/jbpastoretfils.mc\/?page_id=437"]}]},{"@type":"BreadcrumbList","@id":"https:\/\/jbpastoretfils.mc\/?page_id=437#breadcrumb","itemListElement":[{"@type":"ListItem","position":1,"name":"Accueil","item":"https:\/\/jbpastoretfils.mc\/"},{"@type":"ListItem","position":2,"name":"M\u00e9tiers","item":"https:\/\/jbpastoretfils.mc\/?page_id=8"},{"@type":"ListItem","position":3,"name":"Entreprise g\u00e9n\u00e9rale","item":"https:\/\/jbpastoretfils.mc\/?page_id=49"},{"@type":"ListItem","position":4,"name":"Sols durs et rev\u00eatements durs"}]},{"@type":"WebSite","@id":"https:\/\/jbpastoretfils.mc\/#website","url":"https:\/\/jbpastoretfils.mc\/","name":"JB Pastor &amp; Fils - Monaco","description":"Construction Monaco","potentialAction":[{"@type":"SearchAction","target":{"@type":"EntryPoint","urlTemplate":"https:\/\/jbpastoretfils.mc\/?s={search_term_string}"},"query-input":{"@type":"PropertyValueSpecification","valueRequired":true,"valueName":"search_term_string"}}],"inLanguage":"fr-FR"}]}},"_links":{"self":[{"href":"https:\/\/jbpastoretfils.mc\/index.php?rest_route=\/wp\/v2\/pages\/437"}],"collection":[{"href":"https:\/\/jbpastoretfils.mc\/index.php?rest_route=\/wp\/v2\/pages"}],"about":[{"href":"https:\/\/jbpastoretfils.mc\/index.php?rest_route=\/wp\/v2\/types\/page"}],"author":[{"embeddable":true,"href":"https:\/\/jbpastoretfils.mc\/index.php?rest_route=\/wp\/v2\/users\/1"}],"replies":[{"embeddable":true,"href":"https:\/\/jbpastoretfils.mc\/index.php?rest_route=%2Fwp%2Fv2%2Fcomments&post=437"}],"version-history":[{"count":1,"href":"https:\/\/jbpastoretfils.mc\/index.php?rest_route=\/wp\/v2\/pages\/437\/revisions"}],"predecessor-version":[{"id":44112,"href":"https:\/\/jbpastoretfils.mc\/index.php?rest_route=\/wp\/v2\/pages\/437\/revisions\/44112"}],"up":[{"embeddable":true,"href":"https:\/\/jbpastoretfils.mc\/index.php?rest_route=\/wp\/v2\/pages\/49"}],"wp:attachment":[{"href":"https:\/\/jbpastoretfils.mc\/index.php?rest_route=%2Fwp%2Fv2%2Fmedia&parent=437"}],"wp:term":[{"taxonomy":"category","embeddable":true,"href":"https:\/\/jbpastoretfils.mc\/index.php?rest_route=%2Fwp%2Fv2%2Fcategories&post=437"}],"curies":[{"name":"wp","href":"https:\/\/api.w.org\/{rel}","templated":true}]}}