{"id":435,"date":"2013-12-18T10:28:25","date_gmt":"2013-12-18T09:28:25","guid":{"rendered":"http:\/\/jbpastoretfils.mc\/?page_id=435"},"modified":"2017-05-22T14:41:10","modified_gmt":"2017-05-22T13:41:10","slug":"maconnerie-cloisons-doublage","status":"publish","type":"page","link":"https:\/\/jbpastoretfils.mc\/?page_id=435","title":{"rendered":"Ma\u00e7onnerie \/ Cloisons doublage"},"content":{"rendered":"<h1 style=\"text-align: left;\"><span style=\"font-size: 12pt;\">Ma\u00e7onnerie \/ Cloisons doublage \u00e0 Monaco<\/span><\/h1>\n<p>Notre Entreprise est l\u2019une des derni\u00e8res en Europe \u00e0 perp\u00e9tuer la vraie Tradition des Entreprises G\u00e9n\u00e9rales, c\u2019est-\u00e0-dire, assurer par ses propres moyens, humains et techniques, la r\u00e9alisation des ouvrages de Second \u0153uvre. Cette organisation, complexe, permet d\u2019assurer une ma\u00eetrise compl\u00e8te de nos ouvrages, sans avoir recours \u00e0 l\u2019int\u00e9rim ou \u00e0 la sous-traitance. La r\u00e9alisation est ma\u00eetris\u00e9e dans sa globalit\u00e9, une vraie assurance de la qualit\u00e9 de l\u2019ouvrage final.<\/p>\n<p>Nos compagnons ma\u00e7ons, r\u00e9alisent les cloisons, les doublages, les isolations, les enduits pl\u00e2tres. Il s\u2019agit ici des premiers corps de m\u00e9tiers qui interviennent une fois le Gros-\u0153uvre achev\u00e9. La parfaite r\u00e9alisation de leur t\u00e2che, assurera aux \u00e9quipes de finitions, qui leur succ\u00e8dent dans l\u2019ordonnancement des taches, des supports, des murs, d\u2019une rectitude et plan\u00e9it\u00e9 parfaite et ainsi un niveau qualitatif extr\u00eame.<\/p>\n","protected":false},"excerpt":{"rendered":"<p>Ma\u00e7onnerie \/ Cloisons doublage \u00e0 Monaco Notre Entreprise est l\u2019une des derni\u00e8res en Europe \u00e0 perp\u00e9tuer la vraie Tradition des Entreprises G\u00e9n\u00e9rales, c\u2019est-\u00e0-dire, assurer par ses propres moyens, humains et&#8230;<\/p>\n","protected":false},"author":1,"featured_media":0,"parent":49,"menu_order":48,"comment_status":"open","ping_status":"closed","template":"template-metiers.php","meta":{"_acf_changed":false,"footnotes":""},"categories":[],"class_list":["post-435","page","type-page","status-publish","hentry"],"acf":[],"yoast_head":"<!-- This site is optimized with the Yoast SEO plugin v25.5 - https:\/\/yoast.com\/wordpress\/plugins\/seo\/ -->\n<title>Ma\u00e7onnerie Monaco -Cloisons doublage : JB Pastor &amp; Fils<\/title>\n<meta name=\"robots\" content=\"index, follow, max-snippet:-1, max-image-preview:large, max-video-preview:-1\" \/>\n<link rel=\"canonical\" href=\"https:\/\/jbpastoretfils.mc\/?page_id=435\" \/>\n<meta property=\"og:locale\" content=\"fr_FR\" \/>\n<meta property=\"og:type\" content=\"article\" \/>\n<meta property=\"og:title\" content=\"Ma\u00e7onnerie Monaco -Cloisons doublage : JB Pastor &amp; Fils\" \/>\n<meta property=\"og:description\" content=\"Ma\u00e7onnerie \/ Cloisons doublage \u00e0 Monaco Notre Entreprise est l\u2019une des derni\u00e8res en Europe \u00e0 perp\u00e9tuer la vraie Tradition des Entreprises G\u00e9n\u00e9rales, c\u2019est-\u00e0-dire, assurer par ses propres moyens, humains et...\" \/>\n<meta property=\"og:url\" content=\"https:\/\/jbpastoretfils.mc\/?page_id=435\" \/>\n<meta property=\"og:site_name\" content=\"JB Pastor &amp; Fils - Monaco\" \/>\n<meta property=\"article:modified_time\" content=\"2017-05-22T13:41:10+00:00\" \/>\n<meta name=\"twitter:label1\" content=\"Dur\u00e9e de lecture estim\u00e9e\" \/>\n\t<meta name=\"twitter:data1\" content=\"1 minute\" \/>\n<script type=\"application\/ld+json\" class=\"yoast-schema-graph\">{\"@context\":\"https:\/\/schema.org\",\"@graph\":[{\"@type\":\"WebPage\",\"@id\":\"https:\/\/jbpastoretfils.mc\/?page_id=435\",\"url\":\"https:\/\/jbpastoretfils.mc\/?page_id=435\",\"name\":\"Ma\u00e7onnerie Monaco -Cloisons doublage : JB Pastor & Fils\",\"isPartOf\":{\"@id\":\"https:\/\/jbpastoretfils.mc\/#website\"},\"datePublished\":\"2013-12-18T09:28:25+00:00\",\"dateModified\":\"2017-05-22T13:41:10+00:00\",\"breadcrumb\":{\"@id\":\"https:\/\/jbpastoretfils.mc\/?page_id=435#breadcrumb\"},\"inLanguage\":\"fr-FR\",\"potentialAction\":[{\"@type\":\"ReadAction\",\"target\":[\"https:\/\/jbpastoretfils.mc\/?page_id=435\"]}]},{\"@type\":\"BreadcrumbList\",\"@id\":\"https:\/\/jbpastoretfils.mc\/?page_id=435#breadcrumb\",\"itemListElement\":[{\"@type\":\"ListItem\",\"position\":1,\"name\":\"Accueil\",\"item\":\"https:\/\/jbpastoretfils.mc\/\"},{\"@type\":\"ListItem\",\"position\":2,\"name\":\"M\u00e9tiers\",\"item\":\"https:\/\/jbpastoretfils.mc\/?page_id=8\"},{\"@type\":\"ListItem\",\"position\":3,\"name\":\"Entreprise g\u00e9n\u00e9rale\",\"item\":\"https:\/\/jbpastoretfils.mc\/?page_id=49\"},{\"@type\":\"ListItem\",\"position\":4,\"name\":\"Ma\u00e7onnerie \/ Cloisons doublage\"}]},{\"@type\":\"WebSite\",\"@id\":\"https:\/\/jbpastoretfils.mc\/#website\",\"url\":\"https:\/\/jbpastoretfils.mc\/\",\"name\":\"JB Pastor &amp; Fils - Monaco\",\"description\":\"Construction Monaco\",\"potentialAction\":[{\"@type\":\"SearchAction\",\"target\":{\"@type\":\"EntryPoint\",\"urlTemplate\":\"https:\/\/jbpastoretfils.mc\/?s={search_term_string}\"},\"query-input\":{\"@type\":\"PropertyValueSpecification\",\"valueRequired\":true,\"valueName\":\"search_term_string\"}}],\"inLanguage\":\"fr-FR\"}]}<\/script>\n<!-- \/ Yoast SEO plugin. -->","yoast_head_json":{"title":"Ma\u00e7onnerie Monaco -Cloisons doublage : JB Pastor & Fils","robots":{"index":"index","follow":"follow","max-snippet":"max-snippet:-1","max-image-preview":"max-image-preview:large","max-video-preview":"max-video-preview:-1"},"canonical":"https:\/\/jbpastoretfils.mc\/?page_id=435","og_locale":"fr_FR","og_type":"article","og_title":"Ma\u00e7onnerie Monaco -Cloisons doublage : JB Pastor & Fils","og_description":"Ma\u00e7onnerie \/ Cloisons doublage \u00e0 Monaco Notre Entreprise est l\u2019une des derni\u00e8res en Europe \u00e0 perp\u00e9tuer la vraie Tradition des Entreprises G\u00e9n\u00e9rales, c\u2019est-\u00e0-dire, assurer par ses propres moyens, humains et...","og_url":"https:\/\/jbpastoretfils.mc\/?page_id=435","og_site_name":"JB Pastor &amp; Fils - Monaco","article_modified_time":"2017-05-22T13:41:10+00:00","twitter_misc":{"Dur\u00e9e de lecture estim\u00e9e":"1 minute"},"schema":{"@context":"https:\/\/schema.org","@graph":[{"@type":"WebPage","@id":"https:\/\/jbpastoretfils.mc\/?page_id=435","url":"https:\/\/jbpastoretfils.mc\/?page_id=435","name":"Ma\u00e7onnerie Monaco -Cloisons doublage : JB Pastor & Fils","isPartOf":{"@id":"https:\/\/jbpastoretfils.mc\/#website"},"datePublished":"2013-12-18T09:28:25+00:00","dateModified":"2017-05-22T13:41:10+00:00","breadcrumb":{"@id":"https:\/\/jbpastoretfils.mc\/?page_id=435#breadcrumb"},"inLanguage":"fr-FR","potentialAction":[{"@type":"ReadAction","target":["https:\/\/jbpastoretfils.mc\/?page_id=435"]}]},{"@type":"BreadcrumbList","@id":"https:\/\/jbpastoretfils.mc\/?page_id=435#breadcrumb","itemListElement":[{"@type":"ListItem","position":1,"name":"Accueil","item":"https:\/\/jbpastoretfils.mc\/"},{"@type":"ListItem","position":2,"name":"M\u00e9tiers","item":"https:\/\/jbpastoretfils.mc\/?page_id=8"},{"@type":"ListItem","position":3,"name":"Entreprise g\u00e9n\u00e9rale","item":"https:\/\/jbpastoretfils.mc\/?page_id=49"},{"@type":"ListItem","position":4,"name":"Ma\u00e7onnerie \/ Cloisons doublage"}]},{"@type":"WebSite","@id":"https:\/\/jbpastoretfils.mc\/#website","url":"https:\/\/jbpastoretfils.mc\/","name":"JB Pastor &amp; Fils - Monaco","description":"Construction Monaco","potentialAction":[{"@type":"SearchAction","target":{"@type":"EntryPoint","urlTemplate":"https:\/\/jbpastoretfils.mc\/?s={search_term_string}"},"query-input":{"@type":"PropertyValueSpecification","valueRequired":true,"valueName":"search_term_string"}}],"inLanguage":"fr-FR"}]}},"_links":{"self":[{"href":"https:\/\/jbpastoretfils.mc\/index.php?rest_route=\/wp\/v2\/pages\/435"}],"collection":[{"href":"https:\/\/jbpastoretfils.mc\/index.php?rest_route=\/wp\/v2\/pages"}],"about":[{"href":"https:\/\/jbpastoretfils.mc\/index.php?rest_route=\/wp\/v2\/types\/page"}],"author":[{"embeddable":true,"href":"https:\/\/jbpastoretfils.mc\/index.php?rest_route=\/wp\/v2\/users\/1"}],"replies":[{"embeddable":true,"href":"https:\/\/jbpastoretfils.mc\/index.php?rest_route=%2Fwp%2Fv2%2Fcomments&post=435"}],"version-history":[{"count":0,"href":"https:\/\/jbpastoretfils.mc\/index.php?rest_route=\/wp\/v2\/pages\/435\/revisions"}],"up":[{"embeddable":true,"href":"https:\/\/jbpastoretfils.mc\/index.php?rest_route=\/wp\/v2\/pages\/49"}],"wp:attachment":[{"href":"https:\/\/jbpastoretfils.mc\/index.php?rest_route=%2Fwp%2Fv2%2Fmedia&parent=435"}],"wp:term":[{"taxonomy":"category","embeddable":true,"href":"https:\/\/jbpastoretfils.mc\/index.php?rest_route=%2Fwp%2Fv2%2Fcategories&post=435"}],"curies":[{"name":"wp","href":"https:\/\/api.w.org\/{rel}","templated":true}]}}