{"id":433,"date":"2013-12-18T10:26:21","date_gmt":"2013-12-18T09:26:21","guid":{"rendered":"http:\/\/jbpastoretfils.mc\/?page_id=433"},"modified":"2021-12-20T15:10:08","modified_gmt":"2021-12-20T14:10:08","slug":"gros-oeuvre","status":"publish","type":"page","link":"https:\/\/jbpastoretfils.mc\/?page_id=433","title":{"rendered":"Gros-\u0152uvre"},"content":{"rendered":"<h1 style=\"text-align: left;\"><span style=\"font-size: 12pt;\">Gros-\u0152uvre \u00e0 Monaco<br \/>\n<\/span><\/h1>\n<p>Le Gros-\u0152uvre, c\u2019est tout d\u2019abord des Hommes, des Compagnons, exp\u00e9riment\u00e9s aux m\u00e9tiers divers. Boiseurs, Coffreurs, Ferrailleurs sont autant de sp\u00e9cialit\u00e9s qui composent nos \u00c9quipes.\u00a0Un encadrement de Chefs de Chantiers et de Conducteurs de Travaux, s\u2019y adjoignent et assurent la Ma\u00eetrise de la r\u00e9alisation des ouvrages, leur organisation, leur ordonnancement, le tout avec rigueur, afin d\u2019assurer une Qualit\u00e9 de tr\u00e8s haut de gamme, que sont en droit d\u2019attendre nos Clients.<\/p>\n<p>La mise en \u0153uvre des techniques les plus modernes, s\u2019allient \u00e0 l\u2019assurance de la main de l\u2019homme. C\u2019est ainsi que nous avons r\u00e9alis\u00e9 ou r\u00e9alisons les ouvrages les plus complexes, tels que la \u00ab\u00a0<a title=\"undefinedTour Simona\" href=\"http:\/\/jbpastoretfils.mc\/?chantier=le-simona\" target=\"_self\" rel=\"noopener\">Tour Simona<\/a>\u00a0\u00bb, le \u00ab\u00a0<a title=\"undefinedMonte Carlo Bay\" href=\"http:\/\/jbpastoretfils.mc\/?chantier=monte-carlo-bay\" target=\"_self\" rel=\"noopener\">Monte Carlo Bay<\/a>\u00a0\u00bb, le \u00ab\u00a0<a title=\"undefinedNi Box\" href=\"http:\/\/jbpastoretfils.mc\/?chantier=ni-box\" target=\"_self\" rel=\"noopener\">Ni Box<\/a>\u00a0\u00bb, Le \u00ab <a title=\"Tunnel Descendant\" href=\"http:\/\/jbpastoretfils.mc\/?chantier=tunnel-descendant\">Tunnel descendant<\/a> \u00bb, les \u00ab <a title=\"undefinedVillas du Sporting\" href=\"http:\/\/jbpastoretfils.mc\/?chantier=villas-du-sporting\" target=\"_self\" rel=\"noopener\">Villas du Sporting<\/a> \u00bb, \u00ab <a href=\"https:\/\/jbpastoretfils.mc\/?chantier=les-cigognes-2\">Les Cigognes<\/a> \u00bb, \u00ab <a href=\"https:\/\/jbpastoretfils.mc\/?chantier=le-stella\">Le Stella<\/a> \u00bb ou bien \u00ab <a href=\"https:\/\/jbpastoretfils.mc\/?chantier=palazzino\">Villa Palazzino<\/a> \u00bb . <a title=\"Accueil\" href=\"http:\/\/jbpastoretfils.mc\/\">Construction \u00e0 Monaco<\/a>, b\u00e2timents neufs, ou r\u00e9habilitations complexes en milieu occup\u00e9, tels le \u00ab\u00a0<a title=\"undefinedCentre Cardio Thoracique\" href=\"http:\/\/jbpastoretfils.mc\/?chantier=centre-cardio\" target=\"_self\" rel=\"noopener\">Centre Cardio Thoracique<\/a>\u00a0\u00bb, ces ouvrages d\u00e9montrent l\u2019excellence de nos r\u00e9alisations, la diversit\u00e9 des Architectures que le B\u00e9ton permet de mettre en valeur, pour peu que sa mise en \u0153uvre soit parfaitement ma\u00eetris\u00e9e.<\/p>\n<p>Nous intervenons sur l\u2019ensemble des projets, publics ou priv\u00e9s, neufs ou de r\u00e9habilitation, aux destinations les plus vari\u00e9es\u00a0: H\u00f4tellerie de luxe,\u00a0Immeubles d\u2019habitation de standing, Maisons de Ma\u00eetre, Villas, Centres Hospitaliers, Lyc\u00e9es et coll\u00e8ges, Bureaux, Industries, Infrastructures publiques routi\u00e8res et portuaires.<\/p>\n<p>&nbsp;<\/p>\n","protected":false},"excerpt":{"rendered":"<p>Gros-\u0152uvre \u00e0 Monaco Le Gros-\u0152uvre, c\u2019est tout d\u2019abord des Hommes, des Compagnons, exp\u00e9riment\u00e9s aux m\u00e9tiers divers. Boiseurs, Coffreurs, Ferrailleurs sont autant de sp\u00e9cialit\u00e9s qui composent nos \u00c9quipes.\u00a0Un encadrement de Chefs&#8230;<\/p>\n","protected":false},"author":1,"featured_media":0,"parent":49,"menu_order":46,"comment_status":"open","ping_status":"closed","template":"template-metiers.php","meta":{"_acf_changed":false,"footnotes":""},"categories":[],"class_list":["post-433","page","type-page","status-publish","hentry"],"acf":[],"yoast_head":"<!-- This site is optimized with the Yoast SEO plugin v25.5 - https:\/\/yoast.com\/wordpress\/plugins\/seo\/ -->\n<title>Construction Gros-\u0152uvre Monaco : JB Pastor &amp; Fils<\/title>\n<meta name=\"robots\" content=\"index, follow, max-snippet:-1, max-image-preview:large, max-video-preview:-1\" \/>\n<link rel=\"canonical\" href=\"https:\/\/jbpastoretfils.mc\/?page_id=433\" \/>\n<meta property=\"og:locale\" content=\"fr_FR\" \/>\n<meta property=\"og:type\" content=\"article\" \/>\n<meta property=\"og:title\" content=\"Construction Gros-\u0152uvre Monaco : JB Pastor &amp; Fils\" \/>\n<meta property=\"og:description\" content=\"Gros-\u0152uvre \u00e0 Monaco Le Gros-\u0152uvre, c\u2019est tout d\u2019abord des Hommes, des Compagnons, exp\u00e9riment\u00e9s aux m\u00e9tiers divers. Boiseurs, Coffreurs, Ferrailleurs sont autant de sp\u00e9cialit\u00e9s qui composent nos \u00c9quipes.\u00a0Un encadrement de Chefs...\" \/>\n<meta property=\"og:url\" content=\"https:\/\/jbpastoretfils.mc\/?page_id=433\" \/>\n<meta property=\"og:site_name\" content=\"JB Pastor &amp; Fils - Monaco\" \/>\n<meta property=\"article:modified_time\" content=\"2021-12-20T14:10:08+00:00\" \/>\n<meta name=\"twitter:label1\" content=\"Dur\u00e9e de lecture estim\u00e9e\" \/>\n\t<meta name=\"twitter:data1\" content=\"1 minute\" \/>\n<script type=\"application\/ld+json\" class=\"yoast-schema-graph\">{\"@context\":\"https:\/\/schema.org\",\"@graph\":[{\"@type\":\"WebPage\",\"@id\":\"https:\/\/jbpastoretfils.mc\/?page_id=433\",\"url\":\"https:\/\/jbpastoretfils.mc\/?page_id=433\",\"name\":\"Construction Gros-\u0152uvre Monaco : JB Pastor & Fils\",\"isPartOf\":{\"@id\":\"https:\/\/jbpastoretfils.mc\/#website\"},\"datePublished\":\"2013-12-18T09:26:21+00:00\",\"dateModified\":\"2021-12-20T14:10:08+00:00\",\"breadcrumb\":{\"@id\":\"https:\/\/jbpastoretfils.mc\/?page_id=433#breadcrumb\"},\"inLanguage\":\"fr-FR\",\"potentialAction\":[{\"@type\":\"ReadAction\",\"target\":[\"https:\/\/jbpastoretfils.mc\/?page_id=433\"]}]},{\"@type\":\"BreadcrumbList\",\"@id\":\"https:\/\/jbpastoretfils.mc\/?page_id=433#breadcrumb\",\"itemListElement\":[{\"@type\":\"ListItem\",\"position\":1,\"name\":\"Accueil\",\"item\":\"https:\/\/jbpastoretfils.mc\/\"},{\"@type\":\"ListItem\",\"position\":2,\"name\":\"M\u00e9tiers\",\"item\":\"https:\/\/jbpastoretfils.mc\/?page_id=8\"},{\"@type\":\"ListItem\",\"position\":3,\"name\":\"Entreprise g\u00e9n\u00e9rale\",\"item\":\"https:\/\/jbpastoretfils.mc\/?page_id=49\"},{\"@type\":\"ListItem\",\"position\":4,\"name\":\"Gros-\u0152uvre\"}]},{\"@type\":\"WebSite\",\"@id\":\"https:\/\/jbpastoretfils.mc\/#website\",\"url\":\"https:\/\/jbpastoretfils.mc\/\",\"name\":\"JB Pastor &amp; Fils - Monaco\",\"description\":\"Construction Monaco\",\"potentialAction\":[{\"@type\":\"SearchAction\",\"target\":{\"@type\":\"EntryPoint\",\"urlTemplate\":\"https:\/\/jbpastoretfils.mc\/?s={search_term_string}\"},\"query-input\":{\"@type\":\"PropertyValueSpecification\",\"valueRequired\":true,\"valueName\":\"search_term_string\"}}],\"inLanguage\":\"fr-FR\"}]}<\/script>\n<!-- \/ Yoast SEO plugin. -->","yoast_head_json":{"title":"Construction Gros-\u0152uvre Monaco : JB Pastor & Fils","robots":{"index":"index","follow":"follow","max-snippet":"max-snippet:-1","max-image-preview":"max-image-preview:large","max-video-preview":"max-video-preview:-1"},"canonical":"https:\/\/jbpastoretfils.mc\/?page_id=433","og_locale":"fr_FR","og_type":"article","og_title":"Construction Gros-\u0152uvre Monaco : JB Pastor & Fils","og_description":"Gros-\u0152uvre \u00e0 Monaco Le Gros-\u0152uvre, c\u2019est tout d\u2019abord des Hommes, des Compagnons, exp\u00e9riment\u00e9s aux m\u00e9tiers divers. Boiseurs, Coffreurs, Ferrailleurs sont autant de sp\u00e9cialit\u00e9s qui composent nos \u00c9quipes.\u00a0Un encadrement de Chefs...","og_url":"https:\/\/jbpastoretfils.mc\/?page_id=433","og_site_name":"JB Pastor &amp; Fils - Monaco","article_modified_time":"2021-12-20T14:10:08+00:00","twitter_misc":{"Dur\u00e9e de lecture estim\u00e9e":"1 minute"},"schema":{"@context":"https:\/\/schema.org","@graph":[{"@type":"WebPage","@id":"https:\/\/jbpastoretfils.mc\/?page_id=433","url":"https:\/\/jbpastoretfils.mc\/?page_id=433","name":"Construction Gros-\u0152uvre Monaco : JB Pastor & Fils","isPartOf":{"@id":"https:\/\/jbpastoretfils.mc\/#website"},"datePublished":"2013-12-18T09:26:21+00:00","dateModified":"2021-12-20T14:10:08+00:00","breadcrumb":{"@id":"https:\/\/jbpastoretfils.mc\/?page_id=433#breadcrumb"},"inLanguage":"fr-FR","potentialAction":[{"@type":"ReadAction","target":["https:\/\/jbpastoretfils.mc\/?page_id=433"]}]},{"@type":"BreadcrumbList","@id":"https:\/\/jbpastoretfils.mc\/?page_id=433#breadcrumb","itemListElement":[{"@type":"ListItem","position":1,"name":"Accueil","item":"https:\/\/jbpastoretfils.mc\/"},{"@type":"ListItem","position":2,"name":"M\u00e9tiers","item":"https:\/\/jbpastoretfils.mc\/?page_id=8"},{"@type":"ListItem","position":3,"name":"Entreprise g\u00e9n\u00e9rale","item":"https:\/\/jbpastoretfils.mc\/?page_id=49"},{"@type":"ListItem","position":4,"name":"Gros-\u0152uvre"}]},{"@type":"WebSite","@id":"https:\/\/jbpastoretfils.mc\/#website","url":"https:\/\/jbpastoretfils.mc\/","name":"JB Pastor &amp; Fils - Monaco","description":"Construction Monaco","potentialAction":[{"@type":"SearchAction","target":{"@type":"EntryPoint","urlTemplate":"https:\/\/jbpastoretfils.mc\/?s={search_term_string}"},"query-input":{"@type":"PropertyValueSpecification","valueRequired":true,"valueName":"search_term_string"}}],"inLanguage":"fr-FR"}]}},"_links":{"self":[{"href":"https:\/\/jbpastoretfils.mc\/index.php?rest_route=\/wp\/v2\/pages\/433"}],"collection":[{"href":"https:\/\/jbpastoretfils.mc\/index.php?rest_route=\/wp\/v2\/pages"}],"about":[{"href":"https:\/\/jbpastoretfils.mc\/index.php?rest_route=\/wp\/v2\/types\/page"}],"author":[{"embeddable":true,"href":"https:\/\/jbpastoretfils.mc\/index.php?rest_route=\/wp\/v2\/users\/1"}],"replies":[{"embeddable":true,"href":"https:\/\/jbpastoretfils.mc\/index.php?rest_route=%2Fwp%2Fv2%2Fcomments&post=433"}],"version-history":[{"count":2,"href":"https:\/\/jbpastoretfils.mc\/index.php?rest_route=\/wp\/v2\/pages\/433\/revisions"}],"predecessor-version":[{"id":41090,"href":"https:\/\/jbpastoretfils.mc\/index.php?rest_route=\/wp\/v2\/pages\/433\/revisions\/41090"}],"up":[{"embeddable":true,"href":"https:\/\/jbpastoretfils.mc\/index.php?rest_route=\/wp\/v2\/pages\/49"}],"wp:attachment":[{"href":"https:\/\/jbpastoretfils.mc\/index.php?rest_route=%2Fwp%2Fv2%2Fmedia&parent=433"}],"wp:term":[{"taxonomy":"category","embeddable":true,"href":"https:\/\/jbpastoretfils.mc\/index.php?rest_route=%2Fwp%2Fv2%2Fcategories&post=433"}],"curies":[{"name":"wp","href":"https:\/\/api.w.org\/{rel}","templated":true}]}}