{"id":431,"date":"2013-12-18T10:25:46","date_gmt":"2013-12-18T09:25:46","guid":{"rendered":"http:\/\/jbpastoretfils.mc\/?page_id=431"},"modified":"2020-02-20T17:11:09","modified_gmt":"2020-02-20T16:11:09","slug":"genie-civil","status":"publish","type":"page","link":"https:\/\/jbpastoretfils.mc\/?page_id=431","title":{"rendered":"G\u00e9nie Civil"},"content":{"rendered":"<h1 style=\"text-align: left;\"><span style=\"font-size: 12pt;\">G\u00e9nie Civil \u00e0 Monaco<\/span><\/h1>\n<p>Une ma\u00eetrise des techniques les plus avanc\u00e9es en mati\u00e8re de G\u00e9nie Civil, permet \u00e0 la S.A.M. des Entreprises J.B. PASTOR &amp; FILS de conduire des chantiers de tailles tr\u00e8s vari\u00e9es couvrant l\u2019ensemble des m\u00e9tiers de cette activit\u00e9 et dont l\u2019organisation est souvent rendue tr\u00e8s complexe compte tenu de leur r\u00e9alisation en site fortement urbanis\u00e9.<\/p>\n<p>Gr\u00e2ce \u00e0 son D\u00e9partement sp\u00e9cialement d\u00e9di\u00e9 au G\u00e9nie Civil, la S.A.M. des Entreprises\u00a0J.B. PASTOR &amp; FILS peut concevoir ou manager tous types de projets.<\/p>\n<p>A titre d\u2019exemple, la S.A.M. des Entreprises J.B. PASTOR &amp; FILS a r\u00e9alis\u00e9 les ouvrages suivants\u00a0\u00e0 Monaco :<\/p>\n<ul>\n<li>Le G\u00e9nie Civil des T\u00eates Amont et Aval du \u00ab\u00a0Tunnel Descendant Ouest\u00a0de Monaco\u00a0\u00bb, destin\u00e9es \u00e0 recevoir les locaux techniques, l\u2019usine de d\u00e9senfumage et les rampes d\u2019acc\u00e8s au tunnel.<\/li>\n<li>La <a href=\"http:\/\/jbpastoretfils.mc\">construction \u00e0 Monaco<\/a> de plusieurs parkings souterrains pour l\u2019Etat ou dans le cadre de promotions immobili\u00e8res.<\/li>\n<li>La reprise en sous-\u0153uvre de parkings souterrains existants, tel que celui du \u00ab\u00a0Sporting d\u2019Et\u00e9\u00a0\u00bb situ\u00e9 sur la \u00ab\u00a0Presqu\u2019\u00eele du Larvotto\u00a0\u00bb visant \u00e0 le rendre conforme aux nouvelles r\u00e8glementations parasismiques en vigueur tout en maintenant ledit parking partiellement en exploitation.<\/li>\n<li>Plusieurs tron\u00e7ons de la \u00ab\u00a0Dorsale\u00a0\u00bb, ouvrages r\u00e9alis\u00e9s sur les d\u00e9laiss\u00e9s SNCF en tranch\u00e9es couvertes et permettant de basculer l\u2019important trafic routier traversant la Principaut\u00e9 de Monaco en souterrain et d\u2019y r\u00e9acheminer les principaux r\u00e9seaux de transport des Compagnies Concessionnaires.<\/li>\n<li>De nombreux ouvrages d\u2019assainissement, de collecte et de traitement des eaux pluviales (\u00e9missaires, bassins d\u2019orage \u2026).<\/li>\n<li>Des travaux portuaires incluant notamment le renforcement de la Darse Nord.<\/li>\n<li>Divers travaux de VRD et r\u00e9am\u00e9nagement de surface (places, quais \u2026).<\/li>\n<li>Des interventions r\u00e9guli\u00e8res d\u2019urgence ou de r\u00e9paration d\u2019ouvrages existants n\u00e9cessitant souplesse et r\u00e9activit\u00e9.<\/li>\n<\/ul>\n","protected":false},"excerpt":{"rendered":"<p>G\u00e9nie Civil \u00e0 Monaco Une ma\u00eetrise des techniques les plus avanc\u00e9es en mati\u00e8re de G\u00e9nie Civil, permet \u00e0 la S.A.M. des Entreprises J.B. PASTOR &amp; FILS de conduire des chantiers&#8230;<\/p>\n","protected":false},"author":1,"featured_media":0,"parent":49,"menu_order":9,"comment_status":"open","ping_status":"closed","template":"template-metiers.php","meta":{"_acf_changed":false,"footnotes":""},"categories":[],"class_list":["post-431","page","type-page","status-publish","hentry"],"acf":[],"yoast_head":"<!-- This site is optimized with the Yoast SEO plugin v25.5 - https:\/\/yoast.com\/wordpress\/plugins\/seo\/ -->\n<title>Construction G\u00e9nie civil Monaco | JB Pastor &amp; Fils<\/title>\n<meta name=\"description\" content=\"Une ma\u00eetrise des techniques les plus avanc\u00e9es en mati\u00e8re de G\u00e9nie Civil, de la soci\u00e9t\u00e9 S.A.M. des Entreprises J.B. PASTOR &amp; FILS\" \/>\n<meta name=\"robots\" content=\"index, follow, max-snippet:-1, max-image-preview:large, max-video-preview:-1\" \/>\n<link rel=\"canonical\" href=\"https:\/\/jbpastoretfils.mc\/?page_id=431\" \/>\n<meta property=\"og:locale\" content=\"fr_FR\" \/>\n<meta property=\"og:type\" content=\"article\" \/>\n<meta property=\"og:title\" content=\"Construction G\u00e9nie civil Monaco | JB Pastor &amp; Fils\" \/>\n<meta property=\"og:description\" content=\"Une ma\u00eetrise des techniques les plus avanc\u00e9es en mati\u00e8re de G\u00e9nie Civil, de la soci\u00e9t\u00e9 S.A.M. des Entreprises J.B. PASTOR &amp; FILS\" \/>\n<meta property=\"og:url\" content=\"https:\/\/jbpastoretfils.mc\/?page_id=431\" \/>\n<meta property=\"og:site_name\" content=\"JB Pastor &amp; Fils - Monaco\" \/>\n<meta property=\"article:modified_time\" content=\"2020-02-20T16:11:09+00:00\" \/>\n<meta name=\"twitter:label1\" content=\"Dur\u00e9e de lecture estim\u00e9e\" \/>\n\t<meta name=\"twitter:data1\" content=\"2 minutes\" \/>\n<script type=\"application\/ld+json\" class=\"yoast-schema-graph\">{\"@context\":\"https:\/\/schema.org\",\"@graph\":[{\"@type\":\"WebPage\",\"@id\":\"https:\/\/jbpastoretfils.mc\/?page_id=431\",\"url\":\"https:\/\/jbpastoretfils.mc\/?page_id=431\",\"name\":\"Construction G\u00e9nie civil Monaco | JB Pastor & Fils\",\"isPartOf\":{\"@id\":\"https:\/\/jbpastoretfils.mc\/#website\"},\"datePublished\":\"2013-12-18T09:25:46+00:00\",\"dateModified\":\"2020-02-20T16:11:09+00:00\",\"description\":\"Une ma\u00eetrise des techniques les plus avanc\u00e9es en mati\u00e8re de G\u00e9nie Civil, de la soci\u00e9t\u00e9 S.A.M. des Entreprises J.B. PASTOR & FILS\",\"breadcrumb\":{\"@id\":\"https:\/\/jbpastoretfils.mc\/?page_id=431#breadcrumb\"},\"inLanguage\":\"fr-FR\",\"potentialAction\":[{\"@type\":\"ReadAction\",\"target\":[\"https:\/\/jbpastoretfils.mc\/?page_id=431\"]}]},{\"@type\":\"BreadcrumbList\",\"@id\":\"https:\/\/jbpastoretfils.mc\/?page_id=431#breadcrumb\",\"itemListElement\":[{\"@type\":\"ListItem\",\"position\":1,\"name\":\"Accueil\",\"item\":\"https:\/\/jbpastoretfils.mc\/\"},{\"@type\":\"ListItem\",\"position\":2,\"name\":\"M\u00e9tiers\",\"item\":\"https:\/\/jbpastoretfils.mc\/?page_id=8\"},{\"@type\":\"ListItem\",\"position\":3,\"name\":\"Entreprise g\u00e9n\u00e9rale\",\"item\":\"https:\/\/jbpastoretfils.mc\/?page_id=49\"},{\"@type\":\"ListItem\",\"position\":4,\"name\":\"G\u00e9nie Civil\"}]},{\"@type\":\"WebSite\",\"@id\":\"https:\/\/jbpastoretfils.mc\/#website\",\"url\":\"https:\/\/jbpastoretfils.mc\/\",\"name\":\"JB Pastor &amp; Fils - Monaco\",\"description\":\"Construction Monaco\",\"potentialAction\":[{\"@type\":\"SearchAction\",\"target\":{\"@type\":\"EntryPoint\",\"urlTemplate\":\"https:\/\/jbpastoretfils.mc\/?s={search_term_string}\"},\"query-input\":{\"@type\":\"PropertyValueSpecification\",\"valueRequired\":true,\"valueName\":\"search_term_string\"}}],\"inLanguage\":\"fr-FR\"}]}<\/script>\n<!-- \/ Yoast SEO plugin. -->","yoast_head_json":{"title":"Construction G\u00e9nie civil Monaco | JB Pastor & Fils","description":"Une ma\u00eetrise des techniques les plus avanc\u00e9es en mati\u00e8re de G\u00e9nie Civil, de la soci\u00e9t\u00e9 S.A.M. des Entreprises J.B. PASTOR & FILS","robots":{"index":"index","follow":"follow","max-snippet":"max-snippet:-1","max-image-preview":"max-image-preview:large","max-video-preview":"max-video-preview:-1"},"canonical":"https:\/\/jbpastoretfils.mc\/?page_id=431","og_locale":"fr_FR","og_type":"article","og_title":"Construction G\u00e9nie civil Monaco | JB Pastor & Fils","og_description":"Une ma\u00eetrise des techniques les plus avanc\u00e9es en mati\u00e8re de G\u00e9nie Civil, de la soci\u00e9t\u00e9 S.A.M. des Entreprises J.B. PASTOR & FILS","og_url":"https:\/\/jbpastoretfils.mc\/?page_id=431","og_site_name":"JB Pastor &amp; Fils - Monaco","article_modified_time":"2020-02-20T16:11:09+00:00","twitter_misc":{"Dur\u00e9e de lecture estim\u00e9e":"2 minutes"},"schema":{"@context":"https:\/\/schema.org","@graph":[{"@type":"WebPage","@id":"https:\/\/jbpastoretfils.mc\/?page_id=431","url":"https:\/\/jbpastoretfils.mc\/?page_id=431","name":"Construction G\u00e9nie civil Monaco | JB Pastor & Fils","isPartOf":{"@id":"https:\/\/jbpastoretfils.mc\/#website"},"datePublished":"2013-12-18T09:25:46+00:00","dateModified":"2020-02-20T16:11:09+00:00","description":"Une ma\u00eetrise des techniques les plus avanc\u00e9es en mati\u00e8re de G\u00e9nie Civil, de la soci\u00e9t\u00e9 S.A.M. des Entreprises J.B. PASTOR & FILS","breadcrumb":{"@id":"https:\/\/jbpastoretfils.mc\/?page_id=431#breadcrumb"},"inLanguage":"fr-FR","potentialAction":[{"@type":"ReadAction","target":["https:\/\/jbpastoretfils.mc\/?page_id=431"]}]},{"@type":"BreadcrumbList","@id":"https:\/\/jbpastoretfils.mc\/?page_id=431#breadcrumb","itemListElement":[{"@type":"ListItem","position":1,"name":"Accueil","item":"https:\/\/jbpastoretfils.mc\/"},{"@type":"ListItem","position":2,"name":"M\u00e9tiers","item":"https:\/\/jbpastoretfils.mc\/?page_id=8"},{"@type":"ListItem","position":3,"name":"Entreprise g\u00e9n\u00e9rale","item":"https:\/\/jbpastoretfils.mc\/?page_id=49"},{"@type":"ListItem","position":4,"name":"G\u00e9nie Civil"}]},{"@type":"WebSite","@id":"https:\/\/jbpastoretfils.mc\/#website","url":"https:\/\/jbpastoretfils.mc\/","name":"JB Pastor &amp; Fils - Monaco","description":"Construction Monaco","potentialAction":[{"@type":"SearchAction","target":{"@type":"EntryPoint","urlTemplate":"https:\/\/jbpastoretfils.mc\/?s={search_term_string}"},"query-input":{"@type":"PropertyValueSpecification","valueRequired":true,"valueName":"search_term_string"}}],"inLanguage":"fr-FR"}]}},"_links":{"self":[{"href":"https:\/\/jbpastoretfils.mc\/index.php?rest_route=\/wp\/v2\/pages\/431"}],"collection":[{"href":"https:\/\/jbpastoretfils.mc\/index.php?rest_route=\/wp\/v2\/pages"}],"about":[{"href":"https:\/\/jbpastoretfils.mc\/index.php?rest_route=\/wp\/v2\/types\/page"}],"author":[{"embeddable":true,"href":"https:\/\/jbpastoretfils.mc\/index.php?rest_route=\/wp\/v2\/users\/1"}],"replies":[{"embeddable":true,"href":"https:\/\/jbpastoretfils.mc\/index.php?rest_route=%2Fwp%2Fv2%2Fcomments&post=431"}],"version-history":[{"count":0,"href":"https:\/\/jbpastoretfils.mc\/index.php?rest_route=\/wp\/v2\/pages\/431\/revisions"}],"up":[{"embeddable":true,"href":"https:\/\/jbpastoretfils.mc\/index.php?rest_route=\/wp\/v2\/pages\/49"}],"wp:attachment":[{"href":"https:\/\/jbpastoretfils.mc\/index.php?rest_route=%2Fwp%2Fv2%2Fmedia&parent=431"}],"wp:term":[{"taxonomy":"category","embeddable":true,"href":"https:\/\/jbpastoretfils.mc\/index.php?rest_route=%2Fwp%2Fv2%2Fcategories&post=431"}],"curies":[{"name":"wp","href":"https:\/\/api.w.org\/{rel}","templated":true}]}}