{"id":429,"date":"2013-12-18T10:25:06","date_gmt":"2013-12-18T09:25:06","guid":{"rendered":"http:\/\/jbpastoretfils.mc\/?page_id=429"},"modified":"2023-04-17T09:48:27","modified_gmt":"2023-04-17T08:48:27","slug":"terrassement-soutenement-fondation-sp","status":"publish","type":"page","link":"https:\/\/jbpastoretfils.mc\/?page_id=429","title":{"rendered":"Terrassement \/ Sout\u00e8nement \/ Fondations sp\u00e9ciales"},"content":{"rendered":"<h1 style=\"text-align: left;\"><span style=\"font-size: 12pt;\">Terrassement \/ Sout\u00e8nement \/ Fondations sp\u00e9ciales \u00e0 Monaco<\/span><\/h1>\n<p>L\u2019expertise de la S.A.M. des Entreprises J.B. PASTOR &amp; FILS lui permet d\u2019intervenir sur des chantiers d\u00e9licats, pour une Client\u00e8le priv\u00e9e ou publique, aux fins de r\u00e9aliser en toute s\u00e9curit\u00e9 les travaux de Terrassement, de Sout\u00e8nement et\/ou de Fondations Sp\u00e9ciales et de traitements de terrains, que cela soit dans le cadre de l\u2019insertion d\u2019ouvrages d\u2019infrastructure, de la construction d\u2019immeubles neufs d\u2019habitations ou de bureaux, ou pour renforcer des structures existantes et donner une seconde vie auxdits ouvrages.<\/p>\n<p>La nature sp\u00e9cifiques des sols en Principaut\u00e9 de Monaco, coupl\u00e9e \u00e0 des contraintes d\u2019organisation en milieu urbain extr\u00eamement dense, sont des contraintes bien ma\u00eetris\u00e9es par la \u00a0S.A.M. des Entreprises J.B. PASTOR &amp; FILS qui dispose de solides connaissances, d\u2019une r\u00e9elle exp\u00e9rience lui permettant de proposer les solutions les plus adapt\u00e9es \u00e0 la r\u00e9alisation des projets propos\u00e9s. Au travers de la construction de tous types de parois moul\u00e9es ou berlinoises, de pieux ou de micropieux de fondations, d\u2019injections dans les sols, d\u2019ancrages passifs ou actifs, la S.A.M. des Entreprises J.B. PASTOR &amp; FILS met en \u0153uvre son pr\u00e9cieux savoir-faire.<\/p>\n","protected":false},"excerpt":{"rendered":"<p>Terrassement \/ Sout\u00e8nement \/ Fondations sp\u00e9ciales \u00e0 Monaco L\u2019expertise de la S.A.M. des Entreprises J.B. PASTOR &amp; FILS lui permet d\u2019intervenir sur des chantiers d\u00e9licats, pour une Client\u00e8le priv\u00e9e ou&#8230;<\/p>\n","protected":false},"author":1,"featured_media":0,"parent":49,"menu_order":53,"comment_status":"open","ping_status":"closed","template":"template-metiers.php","meta":{"_acf_changed":false,"footnotes":""},"categories":[],"class_list":["post-429","page","type-page","status-publish","hentry"],"acf":[],"yoast_head":"<!-- This site is optimized with the Yoast SEO plugin v25.5 - https:\/\/yoast.com\/wordpress\/plugins\/seo\/ -->\n<title>Terrassement \/ Sout\u00e8nement \/ Fondations sp\u00e9ciales - JB Pastor &amp; Fils - Monaco<\/title>\n<meta name=\"robots\" content=\"index, follow, max-snippet:-1, max-image-preview:large, max-video-preview:-1\" \/>\n<link rel=\"canonical\" href=\"https:\/\/jbpastoretfils.mc\/?page_id=429\" \/>\n<meta property=\"og:locale\" content=\"fr_FR\" \/>\n<meta property=\"og:type\" content=\"article\" \/>\n<meta property=\"og:title\" content=\"Terrassement \/ Sout\u00e8nement \/ Fondations sp\u00e9ciales - JB Pastor &amp; Fils - Monaco\" \/>\n<meta property=\"og:description\" content=\"Terrassement \/ Sout\u00e8nement \/ Fondations sp\u00e9ciales \u00e0 Monaco L\u2019expertise de la S.A.M. des Entreprises J.B. PASTOR &amp; FILS lui permet d\u2019intervenir sur des chantiers d\u00e9licats, pour une Client\u00e8le priv\u00e9e ou...\" \/>\n<meta property=\"og:url\" content=\"https:\/\/jbpastoretfils.mc\/?page_id=429\" \/>\n<meta property=\"og:site_name\" content=\"JB Pastor &amp; Fils - Monaco\" \/>\n<meta property=\"article:modified_time\" content=\"2023-04-17T08:48:27+00:00\" \/>\n<meta name=\"twitter:label1\" content=\"Dur\u00e9e de lecture estim\u00e9e\" \/>\n\t<meta name=\"twitter:data1\" content=\"1 minute\" \/>\n<script type=\"application\/ld+json\" class=\"yoast-schema-graph\">{\"@context\":\"https:\/\/schema.org\",\"@graph\":[{\"@type\":\"WebPage\",\"@id\":\"https:\/\/jbpastoretfils.mc\/?page_id=429\",\"url\":\"https:\/\/jbpastoretfils.mc\/?page_id=429\",\"name\":\"Terrassement \/ Sout\u00e8nement \/ Fondations sp\u00e9ciales - JB Pastor &amp; Fils - Monaco\",\"isPartOf\":{\"@id\":\"https:\/\/jbpastoretfils.mc\/#website\"},\"datePublished\":\"2013-12-18T09:25:06+00:00\",\"dateModified\":\"2023-04-17T08:48:27+00:00\",\"breadcrumb\":{\"@id\":\"https:\/\/jbpastoretfils.mc\/?page_id=429#breadcrumb\"},\"inLanguage\":\"fr-FR\",\"potentialAction\":[{\"@type\":\"ReadAction\",\"target\":[\"https:\/\/jbpastoretfils.mc\/?page_id=429\"]}]},{\"@type\":\"BreadcrumbList\",\"@id\":\"https:\/\/jbpastoretfils.mc\/?page_id=429#breadcrumb\",\"itemListElement\":[{\"@type\":\"ListItem\",\"position\":1,\"name\":\"Accueil\",\"item\":\"https:\/\/jbpastoretfils.mc\/\"},{\"@type\":\"ListItem\",\"position\":2,\"name\":\"M\u00e9tiers\",\"item\":\"https:\/\/jbpastoretfils.mc\/?page_id=8\"},{\"@type\":\"ListItem\",\"position\":3,\"name\":\"Entreprise g\u00e9n\u00e9rale\",\"item\":\"https:\/\/jbpastoretfils.mc\/?page_id=49\"},{\"@type\":\"ListItem\",\"position\":4,\"name\":\"Terrassement \/ Sout\u00e8nement \/ Fondations sp\u00e9ciales\"}]},{\"@type\":\"WebSite\",\"@id\":\"https:\/\/jbpastoretfils.mc\/#website\",\"url\":\"https:\/\/jbpastoretfils.mc\/\",\"name\":\"JB Pastor &amp; Fils - Monaco\",\"description\":\"Construction Monaco\",\"potentialAction\":[{\"@type\":\"SearchAction\",\"target\":{\"@type\":\"EntryPoint\",\"urlTemplate\":\"https:\/\/jbpastoretfils.mc\/?s={search_term_string}\"},\"query-input\":{\"@type\":\"PropertyValueSpecification\",\"valueRequired\":true,\"valueName\":\"search_term_string\"}}],\"inLanguage\":\"fr-FR\"}]}<\/script>\n<!-- \/ Yoast SEO plugin. -->","yoast_head_json":{"title":"Terrassement \/ Sout\u00e8nement \/ Fondations sp\u00e9ciales - JB Pastor &amp; Fils - Monaco","robots":{"index":"index","follow":"follow","max-snippet":"max-snippet:-1","max-image-preview":"max-image-preview:large","max-video-preview":"max-video-preview:-1"},"canonical":"https:\/\/jbpastoretfils.mc\/?page_id=429","og_locale":"fr_FR","og_type":"article","og_title":"Terrassement \/ Sout\u00e8nement \/ Fondations sp\u00e9ciales - JB Pastor &amp; Fils - Monaco","og_description":"Terrassement \/ Sout\u00e8nement \/ Fondations sp\u00e9ciales \u00e0 Monaco L\u2019expertise de la S.A.M. des Entreprises J.B. PASTOR &amp; FILS lui permet d\u2019intervenir sur des chantiers d\u00e9licats, pour une Client\u00e8le priv\u00e9e ou...","og_url":"https:\/\/jbpastoretfils.mc\/?page_id=429","og_site_name":"JB Pastor &amp; Fils - Monaco","article_modified_time":"2023-04-17T08:48:27+00:00","twitter_misc":{"Dur\u00e9e de lecture estim\u00e9e":"1 minute"},"schema":{"@context":"https:\/\/schema.org","@graph":[{"@type":"WebPage","@id":"https:\/\/jbpastoretfils.mc\/?page_id=429","url":"https:\/\/jbpastoretfils.mc\/?page_id=429","name":"Terrassement \/ Sout\u00e8nement \/ Fondations sp\u00e9ciales - JB Pastor &amp; Fils - Monaco","isPartOf":{"@id":"https:\/\/jbpastoretfils.mc\/#website"},"datePublished":"2013-12-18T09:25:06+00:00","dateModified":"2023-04-17T08:48:27+00:00","breadcrumb":{"@id":"https:\/\/jbpastoretfils.mc\/?page_id=429#breadcrumb"},"inLanguage":"fr-FR","potentialAction":[{"@type":"ReadAction","target":["https:\/\/jbpastoretfils.mc\/?page_id=429"]}]},{"@type":"BreadcrumbList","@id":"https:\/\/jbpastoretfils.mc\/?page_id=429#breadcrumb","itemListElement":[{"@type":"ListItem","position":1,"name":"Accueil","item":"https:\/\/jbpastoretfils.mc\/"},{"@type":"ListItem","position":2,"name":"M\u00e9tiers","item":"https:\/\/jbpastoretfils.mc\/?page_id=8"},{"@type":"ListItem","position":3,"name":"Entreprise g\u00e9n\u00e9rale","item":"https:\/\/jbpastoretfils.mc\/?page_id=49"},{"@type":"ListItem","position":4,"name":"Terrassement \/ Sout\u00e8nement \/ Fondations sp\u00e9ciales"}]},{"@type":"WebSite","@id":"https:\/\/jbpastoretfils.mc\/#website","url":"https:\/\/jbpastoretfils.mc\/","name":"JB Pastor &amp; Fils - Monaco","description":"Construction Monaco","potentialAction":[{"@type":"SearchAction","target":{"@type":"EntryPoint","urlTemplate":"https:\/\/jbpastoretfils.mc\/?s={search_term_string}"},"query-input":{"@type":"PropertyValueSpecification","valueRequired":true,"valueName":"search_term_string"}}],"inLanguage":"fr-FR"}]}},"_links":{"self":[{"href":"https:\/\/jbpastoretfils.mc\/index.php?rest_route=\/wp\/v2\/pages\/429"}],"collection":[{"href":"https:\/\/jbpastoretfils.mc\/index.php?rest_route=\/wp\/v2\/pages"}],"about":[{"href":"https:\/\/jbpastoretfils.mc\/index.php?rest_route=\/wp\/v2\/types\/page"}],"author":[{"embeddable":true,"href":"https:\/\/jbpastoretfils.mc\/index.php?rest_route=\/wp\/v2\/users\/1"}],"replies":[{"embeddable":true,"href":"https:\/\/jbpastoretfils.mc\/index.php?rest_route=%2Fwp%2Fv2%2Fcomments&post=429"}],"version-history":[{"count":2,"href":"https:\/\/jbpastoretfils.mc\/index.php?rest_route=\/wp\/v2\/pages\/429\/revisions"}],"predecessor-version":[{"id":44167,"href":"https:\/\/jbpastoretfils.mc\/index.php?rest_route=\/wp\/v2\/pages\/429\/revisions\/44167"}],"up":[{"embeddable":true,"href":"https:\/\/jbpastoretfils.mc\/index.php?rest_route=\/wp\/v2\/pages\/49"}],"wp:attachment":[{"href":"https:\/\/jbpastoretfils.mc\/index.php?rest_route=%2Fwp%2Fv2%2Fmedia&parent=429"}],"wp:term":[{"taxonomy":"category","embeddable":true,"href":"https:\/\/jbpastoretfils.mc\/index.php?rest_route=%2Fwp%2Fv2%2Fcategories&post=429"}],"curies":[{"name":"wp","href":"https:\/\/api.w.org\/{rel}","templated":true}]}}