{"id":427,"date":"2013-12-18T10:24:13","date_gmt":"2013-12-18T09:24:13","guid":{"rendered":"http:\/\/jbpastoretfils.mc\/?page_id=427"},"modified":"2023-04-17T09:50:54","modified_gmt":"2023-04-17T08:50:54","slug":"demolition","status":"publish","type":"page","link":"https:\/\/jbpastoretfils.mc\/?page_id=427","title":{"rendered":"D\u00e9molition"},"content":{"rendered":"<h1 style=\"text-align: left;\"><span style=\"font-size: 12pt;\">D\u00e9molition \u00e0 Monaco<\/span><\/h1>\n<p>Nos \u00e9quipes travaillent en synergie pour mener \u00e0 bien les projets\u00a0de D\u00e9molition ou de D\u00e9construction. Notre Entreprise a fait ses preuves en mati\u00e8re\u00a0de D\u00e9molition sur de nombreux chantiers en Principaut\u00e9, tels que \u00ab\u00a0l\u2019Ensemble J1 et J3\u00a0\u00bb, \u00ab\u00a0<a title=\"undefinedles Villas du Sporting d\u2019Et\u00e9\" href=\"http:\/\/jbpastoretfils.mc\/?chantier=villas-du-sporting\" target=\"_self\" rel=\"noopener\">les Villas du Sporting d\u2019Et\u00e9<\/a>\u00a0\u00bb, \u00ab\u00a0<a title=\"undefinedLa Villa Victoria\" href=\"http:\/\/jbpastoretfils.mc\/?chantier=8-boulevard-rainier-iii\" target=\"_self\" rel=\"noopener\">La Villa Victoria<\/a>\u00a0\u00bb, \u00ab\u00a0Le Cabaret\u00a0\u00bb\u2026 ceux-ci\u00a0en respectant au mieux le bien \u00eatre des Riverains.<i><\/i><\/p>\n","protected":false},"excerpt":{"rendered":"<p>D\u00e9molition \u00e0 Monaco Nos \u00e9quipes travaillent en synergie pour mener \u00e0 bien les projets\u00a0de D\u00e9molition ou de D\u00e9construction. Notre Entreprise a fait ses preuves en mati\u00e8re\u00a0de D\u00e9molition sur de nombreux&#8230;<\/p>\n","protected":false},"author":1,"featured_media":0,"parent":49,"menu_order":54,"comment_status":"open","ping_status":"closed","template":"template-metiers.php","meta":{"_acf_changed":false,"footnotes":""},"categories":[],"class_list":["post-427","page","type-page","status-publish","hentry"],"acf":[],"yoast_head":"<!-- This site is optimized with the Yoast SEO plugin v25.5 - https:\/\/yoast.com\/wordpress\/plugins\/seo\/ -->\n<title>D\u00e9molition - JB Pastor &amp; Fils - Monaco<\/title>\n<meta name=\"robots\" content=\"index, follow, max-snippet:-1, max-image-preview:large, max-video-preview:-1\" \/>\n<link rel=\"canonical\" href=\"https:\/\/jbpastoretfils.mc\/?page_id=427\" \/>\n<meta property=\"og:locale\" content=\"fr_FR\" \/>\n<meta property=\"og:type\" content=\"article\" \/>\n<meta property=\"og:title\" content=\"D\u00e9molition - JB Pastor &amp; Fils - Monaco\" \/>\n<meta property=\"og:description\" content=\"D\u00e9molition \u00e0 Monaco Nos \u00e9quipes travaillent en synergie pour mener \u00e0 bien les projets\u00a0de D\u00e9molition ou de D\u00e9construction. Notre Entreprise a fait ses preuves en mati\u00e8re\u00a0de D\u00e9molition sur de nombreux...\" \/>\n<meta property=\"og:url\" content=\"https:\/\/jbpastoretfils.mc\/?page_id=427\" \/>\n<meta property=\"og:site_name\" content=\"JB Pastor &amp; Fils - Monaco\" \/>\n<meta property=\"article:modified_time\" content=\"2023-04-17T08:50:54+00:00\" \/>\n<meta name=\"twitter:label1\" content=\"Dur\u00e9e de lecture estim\u00e9e\" \/>\n\t<meta name=\"twitter:data1\" content=\"1 minute\" \/>\n<script type=\"application\/ld+json\" class=\"yoast-schema-graph\">{\"@context\":\"https:\/\/schema.org\",\"@graph\":[{\"@type\":\"WebPage\",\"@id\":\"https:\/\/jbpastoretfils.mc\/?page_id=427\",\"url\":\"https:\/\/jbpastoretfils.mc\/?page_id=427\",\"name\":\"D\u00e9molition - JB Pastor &amp; Fils - Monaco\",\"isPartOf\":{\"@id\":\"https:\/\/jbpastoretfils.mc\/#website\"},\"datePublished\":\"2013-12-18T09:24:13+00:00\",\"dateModified\":\"2023-04-17T08:50:54+00:00\",\"breadcrumb\":{\"@id\":\"https:\/\/jbpastoretfils.mc\/?page_id=427#breadcrumb\"},\"inLanguage\":\"fr-FR\",\"potentialAction\":[{\"@type\":\"ReadAction\",\"target\":[\"https:\/\/jbpastoretfils.mc\/?page_id=427\"]}]},{\"@type\":\"BreadcrumbList\",\"@id\":\"https:\/\/jbpastoretfils.mc\/?page_id=427#breadcrumb\",\"itemListElement\":[{\"@type\":\"ListItem\",\"position\":1,\"name\":\"Accueil\",\"item\":\"https:\/\/jbpastoretfils.mc\/\"},{\"@type\":\"ListItem\",\"position\":2,\"name\":\"M\u00e9tiers\",\"item\":\"https:\/\/jbpastoretfils.mc\/?page_id=8\"},{\"@type\":\"ListItem\",\"position\":3,\"name\":\"Entreprise g\u00e9n\u00e9rale\",\"item\":\"https:\/\/jbpastoretfils.mc\/?page_id=49\"},{\"@type\":\"ListItem\",\"position\":4,\"name\":\"D\u00e9molition\"}]},{\"@type\":\"WebSite\",\"@id\":\"https:\/\/jbpastoretfils.mc\/#website\",\"url\":\"https:\/\/jbpastoretfils.mc\/\",\"name\":\"JB Pastor &amp; Fils - Monaco\",\"description\":\"Construction Monaco\",\"potentialAction\":[{\"@type\":\"SearchAction\",\"target\":{\"@type\":\"EntryPoint\",\"urlTemplate\":\"https:\/\/jbpastoretfils.mc\/?s={search_term_string}\"},\"query-input\":{\"@type\":\"PropertyValueSpecification\",\"valueRequired\":true,\"valueName\":\"search_term_string\"}}],\"inLanguage\":\"fr-FR\"}]}<\/script>\n<!-- \/ Yoast SEO plugin. -->","yoast_head_json":{"title":"D\u00e9molition - JB Pastor &amp; Fils - Monaco","robots":{"index":"index","follow":"follow","max-snippet":"max-snippet:-1","max-image-preview":"max-image-preview:large","max-video-preview":"max-video-preview:-1"},"canonical":"https:\/\/jbpastoretfils.mc\/?page_id=427","og_locale":"fr_FR","og_type":"article","og_title":"D\u00e9molition - JB Pastor &amp; Fils - Monaco","og_description":"D\u00e9molition \u00e0 Monaco Nos \u00e9quipes travaillent en synergie pour mener \u00e0 bien les projets\u00a0de D\u00e9molition ou de D\u00e9construction. Notre Entreprise a fait ses preuves en mati\u00e8re\u00a0de D\u00e9molition sur de nombreux...","og_url":"https:\/\/jbpastoretfils.mc\/?page_id=427","og_site_name":"JB Pastor &amp; Fils - Monaco","article_modified_time":"2023-04-17T08:50:54+00:00","twitter_misc":{"Dur\u00e9e de lecture estim\u00e9e":"1 minute"},"schema":{"@context":"https:\/\/schema.org","@graph":[{"@type":"WebPage","@id":"https:\/\/jbpastoretfils.mc\/?page_id=427","url":"https:\/\/jbpastoretfils.mc\/?page_id=427","name":"D\u00e9molition - JB Pastor &amp; Fils - Monaco","isPartOf":{"@id":"https:\/\/jbpastoretfils.mc\/#website"},"datePublished":"2013-12-18T09:24:13+00:00","dateModified":"2023-04-17T08:50:54+00:00","breadcrumb":{"@id":"https:\/\/jbpastoretfils.mc\/?page_id=427#breadcrumb"},"inLanguage":"fr-FR","potentialAction":[{"@type":"ReadAction","target":["https:\/\/jbpastoretfils.mc\/?page_id=427"]}]},{"@type":"BreadcrumbList","@id":"https:\/\/jbpastoretfils.mc\/?page_id=427#breadcrumb","itemListElement":[{"@type":"ListItem","position":1,"name":"Accueil","item":"https:\/\/jbpastoretfils.mc\/"},{"@type":"ListItem","position":2,"name":"M\u00e9tiers","item":"https:\/\/jbpastoretfils.mc\/?page_id=8"},{"@type":"ListItem","position":3,"name":"Entreprise g\u00e9n\u00e9rale","item":"https:\/\/jbpastoretfils.mc\/?page_id=49"},{"@type":"ListItem","position":4,"name":"D\u00e9molition"}]},{"@type":"WebSite","@id":"https:\/\/jbpastoretfils.mc\/#website","url":"https:\/\/jbpastoretfils.mc\/","name":"JB Pastor &amp; Fils - Monaco","description":"Construction Monaco","potentialAction":[{"@type":"SearchAction","target":{"@type":"EntryPoint","urlTemplate":"https:\/\/jbpastoretfils.mc\/?s={search_term_string}"},"query-input":{"@type":"PropertyValueSpecification","valueRequired":true,"valueName":"search_term_string"}}],"inLanguage":"fr-FR"}]}},"_links":{"self":[{"href":"https:\/\/jbpastoretfils.mc\/index.php?rest_route=\/wp\/v2\/pages\/427"}],"collection":[{"href":"https:\/\/jbpastoretfils.mc\/index.php?rest_route=\/wp\/v2\/pages"}],"about":[{"href":"https:\/\/jbpastoretfils.mc\/index.php?rest_route=\/wp\/v2\/types\/page"}],"author":[{"embeddable":true,"href":"https:\/\/jbpastoretfils.mc\/index.php?rest_route=\/wp\/v2\/users\/1"}],"replies":[{"embeddable":true,"href":"https:\/\/jbpastoretfils.mc\/index.php?rest_route=%2Fwp%2Fv2%2Fcomments&post=427"}],"version-history":[{"count":1,"href":"https:\/\/jbpastoretfils.mc\/index.php?rest_route=\/wp\/v2\/pages\/427\/revisions"}],"predecessor-version":[{"id":44168,"href":"https:\/\/jbpastoretfils.mc\/index.php?rest_route=\/wp\/v2\/pages\/427\/revisions\/44168"}],"up":[{"embeddable":true,"href":"https:\/\/jbpastoretfils.mc\/index.php?rest_route=\/wp\/v2\/pages\/49"}],"wp:attachment":[{"href":"https:\/\/jbpastoretfils.mc\/index.php?rest_route=%2Fwp%2Fv2%2Fmedia&parent=427"}],"wp:term":[{"taxonomy":"category","embeddable":true,"href":"https:\/\/jbpastoretfils.mc\/index.php?rest_route=%2Fwp%2Fv2%2Fcategories&post=427"}],"curies":[{"name":"wp","href":"https:\/\/api.w.org\/{rel}","templated":true}]}}