{"id":417,"date":"2013-12-17T16:41:39","date_gmt":"2013-12-17T15:41:39","guid":{"rendered":"http:\/\/jbpastoretfils.mc\/?page_id=417"},"modified":"2026-03-25T15:14:34","modified_gmt":"2026-03-25T14:14:34","slug":"valeurs-ajoutees","status":"publish","type":"page","link":"https:\/\/jbpastoretfils.mc\/?page_id=417","title":{"rendered":"Nos valeurs ajout\u00e9es"},"content":{"rendered":"<h3>Nos Valeurs Ajout\u00e9es<\/h3>\n<p>Entreprise de Travaux publics, industriels et particuliers, implant\u00e9e en Principaut\u00e9 de Monaco, la S.A.M. des Entreprises J.B PASTOR &amp; FILS et ses diff\u00e9rentes entit\u00e9s emploie au sein de ses diff\u00e9rentes structures pr\u00e8s de 1 000 salari\u00e9s en CDI dans la majorit\u00e9 des corps de m\u00e9tiers li\u00e9s au B\u00e2timent et collabore avec des <strong>Architectes de renom<\/strong> : Franck GEHRY,\u00a0 Jean NOUVEL,\u00a0 Rem KOOLHAAS, Christian de PORTZAMPARC, Ricardo BOFILL, Jean-Pierre LOTT, Rudy RICCIOTTI, Renzo PIANO, Denis VALODE, TADAO ANDO, FOSTER &amp; PARTNERS\u2026 afin de proposer des <strong>conceptions innovantes et des prestations d\u2019excellence<\/strong>, aux particuliers comme aux professionnels, de la conception du projet \u00e0 sa r\u00e9alisation.<\/p>\n<p><strong>Num\u00e9ro un des soci\u00e9t\u00e9s de B\u00e2timent en Principaut\u00e9<\/strong> et depuis des d\u00e9cennies, notre Entreprise est atypique car elle est la derni\u00e8re repr\u00e9sentante des grandes dynasties d&rsquo;entrepreneurs de sa R\u00e9gion et reste l\u2019alternative ind\u00e9pendante aux grands groupes internationaux.<\/p>\n<h3>11 Permis de Construire d\u00e9pos\u00e9s en 2025 !<\/h3>\n<p><b>La force premi\u00e8re de J.B. PASTOR &amp; FILS est sa capacit\u00e9 \u00e0 r\u00e9aliser<\/b> la quasi-totalit\u00e9 de <b>ses chantiers<\/b>, quelle que soit leur importance, <b>en production propre<\/b>, en minimisant le recours \u00e0 la sous-traitance\u00a0!<\/p>\n<p>Notre entreprise est \u00e0 l\u2019\u00e9coute des moindres souhaits de ses Clients et y donne vie gr\u00e2ce\u00a0\u00e0 son <b>D\u00e9partement sp\u00e9cialis\u00e9 dans la ma\u00eetrise et la r\u00e9alisation d&rsquo;\u00e9tudes de <a title=\"Promotion Immobili\u00e8re\" href=\"https:\/\/jbpastoretfils.mc\/?page_id=391\" target=\"_self\" rel=\"noopener\">Promotion Immobili\u00e8re<\/a> ou de <a title=\"Ma\u00eetrise d\u2019Ouvrage D\u00e9l\u00e9gu\u00e9e\" href=\"https:\/\/jbpastoretfils.mc\/?page_id=395\" target=\"_self\" rel=\"noopener\">Ma\u00eetrise d\u2019Ouvrage D\u00e9l\u00e9gu\u00e9e<\/a><\/b>, compos\u00e9 de trois Directeurs, six Ing\u00e9nieurs Etudes et de 11 Architectes ; \u00e0 un <a title=\"Bureau d\u2019Etudes int\u00e9gr\u00e9\" href=\"https:\/\/jbpastoretfils.mc\/?page_id=415\" target=\"_self\" rel=\"noopener\"><b>Bureau d\u2019\u00c9tudes Technique int\u00e9gr\u00e9<\/b><\/a> capable de g\u00e9rer les contraintes de m\u00e9thodes, fort de 16 Dessinateurs Projeteurs, un Directeur Technique, un Directeur M\u00e9thodes, trois Ing\u00e9nieurs M\u00e9thodes et deux Graphistes 3D\u00a0 ; mais aussi au savoir-faire artisanal et \u00e0 la connaissance des techniques les plus modernes en mati\u00e8re de <a title=\"Construction\" href=\"https:\/\/jbpastoretfils.mc\/?page_id=393\" target=\"_self\" rel=\"noopener\">Construction<\/a> de ses nombreuses enseignes\u00a0: J.B. PASTOR &amp; FILS, <a title=\"AS STAFF\" href=\"https:\/\/jbpastoretfils.mc\/?page_id=485\" target=\"_self\" rel=\"noopener\">AS STAFF<\/a>, <a title=\"ATELIER G.\" href=\"https:\/\/jbpastoretfils.mc\/?page_id=483\" target=\"_self\" rel=\"noopener\">ATELIER G<\/a>, <a title=\"EG DECO\" href=\"\/?page_id=487\" target=\"_self\" rel=\"noopener\">EG DECO<\/a>, <a title=\"J. TUBINO ET FILS\" href=\"https:\/\/jbpastoretfils.mc\/?page_id=483\" target=\"_self\" rel=\"noopener\">J. TUBINO ET FILS<\/a>, <a title=\"CO.GE.BAT.\" href=\"https:\/\/jbpastoretfils.mc\/?page_id=481\" target=\"_self\" rel=\"noopener\">CO.GE.BAT,\u00a0<\/a><a title=\"Trasomar\" href=\"https:\/\/jbpastoretfils.mc\/?page_id=12184\">TRASOMAR, MARE NOSTRUM <\/a><a title=\"Trasomar\" href=\"https:\/\/jbpastoretfils.mc\/?page_id=12184\">,<\/a> <a href=\"https:\/\/jbpastoretfils.mc\/?page_id=32022\">LES ATELIERS DU BOIS ,<\/a> <a href=\"https:\/\/jbpastoretfils.mc\/?page_id=41372\">MONACO PARQUET<\/a> et <a href=\"https:\/\/jbpastoretfils.mc\/?page_id=45913\">SB2M<\/a>.<\/p>\n<h3>Solutions cl\u00e9s en mains\u2026<\/h3>\n<p>Nous accompagnons nos Clients dans l\u2019acte de construire, depuis l\u2019origine du projet jusqu\u2019\u00e0 la livraison de l\u2019ouvrage. Une gestion totale du projet et de tous les intervenants, une r\u00e9elle s\u00e9r\u00e9nit\u00e9 au travers d&rsquo;un contrat dont le co\u00fbt et le d\u00e9lai sont fig\u00e9s et respect\u00e9s.<\/p>\n<p>L\u2019Expertise compl\u00e8te de J.B. PASTOR &amp; FILS comprend : la faisabilit\u00e9 du projet, le phasage du montage de dossier, son optimisation, la ma\u00eetrise des techniques li\u00e9es aux op\u00e9rations de remembrement, \u00e0 la gestion des locataires, aux \u00e9victions, la proposition et la constitution de dossiers de permis de construire en associant les Architectes partenaires Mon\u00e9gasques, puis les \u00e9tudes d\u2019ex\u00e9cution, la ma\u00eetrise de l\u2019organisation de chantier, la r\u00e9alisation des travaux jusqu\u2019\u00e0 la remise des clefs.<\/p>\n<h3>Modernit\u00e9 et savoir-faire artisanal\u2026<\/h3>\n<p>Nous sommes attach\u00e9s \u00e0 faire perdurer certains m\u00e9tiers nobles et anciens. Aussi bien la <a title=\"Menuiserie Bois\" href=\"https:\/\/jbpastoretfils.mc\/?page_id=458\">Menuiserie bois traditionnelle<\/a>, la<a title=\"Serrurerie \/ M\u00e9tallerie\" href=\"https:\/\/jbpastoretfils.mc\/?page_id=441\"> Serrurerie<\/a>, le <a title=\"Staff\" href=\"https:\/\/jbpastoretfils.mc\/?page_id=454\">Staff <\/a>ou encore la <a title=\"Peinture \/ Sols souples \/ Faux plafonds \/ Signal\u00e9tique\" href=\"https:\/\/jbpastoretfils.mc\/?page_id=446\">Peinture d\u00e9corative<\/a> dont le <a title=\"Peinture \u00e0 la feuille d\u2019or, patine, stucs\" href=\"https:\/\/jbpastoretfils.mc\/?page_id=452\">travail \u00e0 la Feuille d\u2019Or<\/a> sont des m\u00e9tiers et des prestations qui ont peu \u00e9volu\u00e9 et qui se perp\u00e9tuent par la transmission du savoir au sein de nos Entreprises.<\/p>\n<p>La S.A.M. des Entreprises J.B. PASTOR &amp; FILS est en mesure de mener des op\u00e9rations tr\u00e8s diverses gr\u00e2ce \u00e0 son large \u00e9ventail de comp\u00e9tences\u00a0qui lui permet de se d\u00e9marquer de ses concurrents : <a title=\"R\u00e9habilitation\" href=\"https:\/\/jbpastoretfils.mc\/?page_id=399\">R\u00e9habilitation<\/a>, <a title=\"Construction\" href=\"https:\/\/jbpastoretfils.mc\/?page_id=393\">Construction neuve<\/a>, <a title=\"Promotion immobili\u00e8re\" href=\"https:\/\/jbpastoretfils.mc\/?page_id=391\">Promotion priv\u00e9e<\/a>, <a title=\"Travaux publics\" href=\"https:\/\/jbpastoretfils.mc\/?page_id=397\">\u00c9quipements publics<\/a>\u2026<\/p>\n<p>Loin de nous contenter de nos acquis, nous n\u2019avons\u00a0 de cesse de nous remettre en question, de tendre vers de meilleures conditions d\u2019intervention en terme de <a title=\"S\u00e9curit\u00e9\" href=\"https:\/\/jbpastoretfils.mc\/?page_id=27\">S\u00e9curit\u00e9<\/a>, tant dans la recherche de solutions techniques que dans le <a title=\"D\u00e9veloppement durable\" href=\"https:\/\/jbpastoretfils.mc\/?page_id=25\">respect de l\u2019Environnement<\/a> ou la mise en valeur du savoir-faire artisanal de m\u00e9tiers nobles\u00a0; valorisant pour nos Compagnons.<\/p>\n<h3>Quelques r\u00e9f\u00e9rences\u2026<\/h3>\n<p>Les r\u00e9alisations de J.B. PASTOR &amp; FILS illustrent parfaitement l\u2019ensemble des valeurs d\u00e9taill\u00e9es ci-dessus : <strong><a title=\"Engagements\" href=\"https:\/\/jbpastoretfils.mc\/?page_id=12\">Qualit\u00e9, respect des d\u00e9lais, Pr\u00e9servation de l\u2019Environnement<\/a>.\u00a0<\/strong>Nous pouvons citer \u00e0 titre d\u2019exemples : \u00ab <a href=\"http:\/\/jbpastoretfils.mc\/?post_type=chantier&amp;p=207\">Victor Palace<\/a>\u00a0\u00bb, \u00ab\u00a0<a href=\"http:\/\/jbpastoretfils.mc\/?post_type=chantier&amp;p=221\">Quai Kennedy<\/a>\u00a0\u00bb, \u00ab\u00a0<a href=\"http:\/\/jbpastoretfils.mc\/?post_type=chantier&amp;p=243\">L\u2019Oiseau Bleu<\/a>\u00a0\u00bb, \u00ab\u00a0<a href=\"http:\/\/jbpastoretfils.mc\/?post_type=chantier&amp;p=245\">Le Simona<\/a>\u00a0\u00bb, \u00ab\u00a0<a href=\"http:\/\/jbpastoretfils.mc\/?post_type=chantier&amp;p=564\">Villa Victoria<\/a>\u00a0\u00bb, \u00ab <a href=\"https:\/\/jbpastoretfils.mc\/?chantier=les-cigognes-2\">Les Cigognes<\/a> \u00bb,<br \/>\n\u00ab <a href=\"https:\/\/jbpastoretfils.mc\/?chantier=le-stella\">Le Stella<\/a> \u00bb, <a href=\"https:\/\/jbpastoretfils.mc\/?chantier=palais-de-plage\">\u00ab Le Palais de la Plage \u00bb<\/a>, <a href=\"https:\/\/jbpastoretfils.mc\/?chantier=palazzino\">\u00ab Villa Palazzino \u00bb<\/a>, <a href=\"https:\/\/jbpastoretfils.mc\/?chantier=villa-portofino\">\u00abVilla Portofino \u00bb<\/a>&#8230;<\/p>\n","protected":false},"excerpt":{"rendered":"<p>Nos Valeurs Ajout\u00e9es Entreprise de Travaux publics, industriels et particuliers, implant\u00e9e en Principaut\u00e9 de Monaco, la S.A.M. des Entreprises J.B PASTOR &amp; FILS et ses diff\u00e9rentes entit\u00e9s emploie au sein&#8230;<\/p>\n","protected":false},"author":1,"featured_media":0,"parent":4,"menu_order":8,"comment_status":"open","ping_status":"closed","template":"template-entreprise.php","meta":{"_acf_changed":false,"footnotes":""},"categories":[],"class_list":["post-417","page","type-page","status-publish","hentry"],"acf":[],"yoast_head":"<!-- This site is optimized with the Yoast SEO plugin v25.5 - https:\/\/yoast.com\/wordpress\/plugins\/seo\/ -->\n<title>Construction et r\u00e9novation -<\/title>\n<meta name=\"robots\" content=\"index, follow, max-snippet:-1, max-image-preview:large, max-video-preview:-1\" \/>\n<link rel=\"canonical\" href=\"https:\/\/jbpastoretfils.mc\/?page_id=417\" \/>\n<meta property=\"og:locale\" content=\"fr_FR\" \/>\n<meta property=\"og:type\" content=\"article\" \/>\n<meta property=\"og:title\" content=\"Construction et r\u00e9novation -\" \/>\n<meta property=\"og:description\" content=\"Nos Valeurs Ajout\u00e9es Entreprise de Travaux publics, industriels et particuliers, implant\u00e9e en Principaut\u00e9 de Monaco, la S.A.M. des Entreprises J.B PASTOR &amp; FILS et ses diff\u00e9rentes entit\u00e9s emploie au sein...\" \/>\n<meta property=\"og:url\" content=\"https:\/\/jbpastoretfils.mc\/?page_id=417\" \/>\n<meta property=\"og:site_name\" content=\"JB Pastor &amp; Fils - Monaco\" \/>\n<meta property=\"article:modified_time\" content=\"2026-03-25T14:14:34+00:00\" \/>\n<meta name=\"twitter:label1\" content=\"Dur\u00e9e de lecture estim\u00e9e\" \/>\n\t<meta name=\"twitter:data1\" content=\"4 minutes\" \/>\n<script type=\"application\/ld+json\" class=\"yoast-schema-graph\">{\"@context\":\"https:\/\/schema.org\",\"@graph\":[{\"@type\":\"WebPage\",\"@id\":\"https:\/\/jbpastoretfils.mc\/?page_id=417\",\"url\":\"https:\/\/jbpastoretfils.mc\/?page_id=417\",\"name\":\"Construction et r\u00e9novation -\",\"isPartOf\":{\"@id\":\"https:\/\/jbpastoretfils.mc\/#website\"},\"datePublished\":\"2013-12-17T15:41:39+00:00\",\"dateModified\":\"2026-03-25T14:14:34+00:00\",\"breadcrumb\":{\"@id\":\"https:\/\/jbpastoretfils.mc\/?page_id=417#breadcrumb\"},\"inLanguage\":\"fr-FR\",\"potentialAction\":[{\"@type\":\"ReadAction\",\"target\":[\"https:\/\/jbpastoretfils.mc\/?page_id=417\"]}]},{\"@type\":\"BreadcrumbList\",\"@id\":\"https:\/\/jbpastoretfils.mc\/?page_id=417#breadcrumb\",\"itemListElement\":[{\"@type\":\"ListItem\",\"position\":1,\"name\":\"Accueil\",\"item\":\"https:\/\/jbpastoretfils.mc\/\"},{\"@type\":\"ListItem\",\"position\":2,\"name\":\"Nos Entreprises\",\"item\":\"https:\/\/jbpastoretfils.mc\/?page_id=4\"},{\"@type\":\"ListItem\",\"position\":3,\"name\":\"Nos valeurs ajout\u00e9es\"}]},{\"@type\":\"WebSite\",\"@id\":\"https:\/\/jbpastoretfils.mc\/#website\",\"url\":\"https:\/\/jbpastoretfils.mc\/\",\"name\":\"JB Pastor &amp; Fils - Monaco\",\"description\":\"Construction Monaco\",\"potentialAction\":[{\"@type\":\"SearchAction\",\"target\":{\"@type\":\"EntryPoint\",\"urlTemplate\":\"https:\/\/jbpastoretfils.mc\/?s={search_term_string}\"},\"query-input\":{\"@type\":\"PropertyValueSpecification\",\"valueRequired\":true,\"valueName\":\"search_term_string\"}}],\"inLanguage\":\"fr-FR\"}]}<\/script>\n<!-- \/ Yoast SEO plugin. -->","yoast_head_json":{"title":"Construction et r\u00e9novation -","robots":{"index":"index","follow":"follow","max-snippet":"max-snippet:-1","max-image-preview":"max-image-preview:large","max-video-preview":"max-video-preview:-1"},"canonical":"https:\/\/jbpastoretfils.mc\/?page_id=417","og_locale":"fr_FR","og_type":"article","og_title":"Construction et r\u00e9novation -","og_description":"Nos Valeurs Ajout\u00e9es Entreprise de Travaux publics, industriels et particuliers, implant\u00e9e en Principaut\u00e9 de Monaco, la S.A.M. des Entreprises J.B PASTOR &amp; FILS et ses diff\u00e9rentes entit\u00e9s emploie au sein...","og_url":"https:\/\/jbpastoretfils.mc\/?page_id=417","og_site_name":"JB Pastor &amp; Fils - Monaco","article_modified_time":"2026-03-25T14:14:34+00:00","twitter_misc":{"Dur\u00e9e de lecture estim\u00e9e":"4 minutes"},"schema":{"@context":"https:\/\/schema.org","@graph":[{"@type":"WebPage","@id":"https:\/\/jbpastoretfils.mc\/?page_id=417","url":"https:\/\/jbpastoretfils.mc\/?page_id=417","name":"Construction et r\u00e9novation -","isPartOf":{"@id":"https:\/\/jbpastoretfils.mc\/#website"},"datePublished":"2013-12-17T15:41:39+00:00","dateModified":"2026-03-25T14:14:34+00:00","breadcrumb":{"@id":"https:\/\/jbpastoretfils.mc\/?page_id=417#breadcrumb"},"inLanguage":"fr-FR","potentialAction":[{"@type":"ReadAction","target":["https:\/\/jbpastoretfils.mc\/?page_id=417"]}]},{"@type":"BreadcrumbList","@id":"https:\/\/jbpastoretfils.mc\/?page_id=417#breadcrumb","itemListElement":[{"@type":"ListItem","position":1,"name":"Accueil","item":"https:\/\/jbpastoretfils.mc\/"},{"@type":"ListItem","position":2,"name":"Nos Entreprises","item":"https:\/\/jbpastoretfils.mc\/?page_id=4"},{"@type":"ListItem","position":3,"name":"Nos valeurs ajout\u00e9es"}]},{"@type":"WebSite","@id":"https:\/\/jbpastoretfils.mc\/#website","url":"https:\/\/jbpastoretfils.mc\/","name":"JB Pastor &amp; Fils - Monaco","description":"Construction Monaco","potentialAction":[{"@type":"SearchAction","target":{"@type":"EntryPoint","urlTemplate":"https:\/\/jbpastoretfils.mc\/?s={search_term_string}"},"query-input":{"@type":"PropertyValueSpecification","valueRequired":true,"valueName":"search_term_string"}}],"inLanguage":"fr-FR"}]}},"_links":{"self":[{"href":"https:\/\/jbpastoretfils.mc\/index.php?rest_route=\/wp\/v2\/pages\/417"}],"collection":[{"href":"https:\/\/jbpastoretfils.mc\/index.php?rest_route=\/wp\/v2\/pages"}],"about":[{"href":"https:\/\/jbpastoretfils.mc\/index.php?rest_route=\/wp\/v2\/types\/page"}],"author":[{"embeddable":true,"href":"https:\/\/jbpastoretfils.mc\/index.php?rest_route=\/wp\/v2\/users\/1"}],"replies":[{"embeddable":true,"href":"https:\/\/jbpastoretfils.mc\/index.php?rest_route=%2Fwp%2Fv2%2Fcomments&post=417"}],"version-history":[{"count":15,"href":"https:\/\/jbpastoretfils.mc\/index.php?rest_route=\/wp\/v2\/pages\/417\/revisions"}],"predecessor-version":[{"id":50425,"href":"https:\/\/jbpastoretfils.mc\/index.php?rest_route=\/wp\/v2\/pages\/417\/revisions\/50425"}],"up":[{"embeddable":true,"href":"https:\/\/jbpastoretfils.mc\/index.php?rest_route=\/wp\/v2\/pages\/4"}],"wp:attachment":[{"href":"https:\/\/jbpastoretfils.mc\/index.php?rest_route=%2Fwp%2Fv2%2Fmedia&parent=417"}],"wp:term":[{"taxonomy":"category","embeddable":true,"href":"https:\/\/jbpastoretfils.mc\/index.php?rest_route=%2Fwp%2Fv2%2Fcategories&post=417"}],"curies":[{"name":"wp","href":"https:\/\/api.w.org\/{rel}","templated":true}]}}