{"id":415,"date":"2013-12-17T16:40:55","date_gmt":"2013-12-17T15:40:55","guid":{"rendered":"http:\/\/jbpastoretfils.mc\/?page_id=415"},"modified":"2026-04-09T16:42:45","modified_gmt":"2026-04-09T15:42:45","slug":"equipes","status":"publish","type":"page","link":"https:\/\/jbpastoretfils.mc\/?page_id=415","title":{"rendered":"L&rsquo;Equipe"},"content":{"rendered":"<h3>L&rsquo;\u00e9quipe de J.B. Pastor &amp; Fils<\/h3>\n<p>La palette des m\u00e9tiers de nos enseignes est large. Gr\u00e2ce au travail passionn\u00e9 et appliqu\u00e9 de l\u2019ensemble de nos Collaborateurs, le noble m\u00e9tier du B\u00e2timent est mis en valeur, chaque jour, au travers de nos r\u00e9alisations.<\/p>\n<p>Chaque ann\u00e9e, fin juillet et pour les F\u00eates de No\u00ebl, l\u2019ensemble des employ\u00e9s de la S.A.M. des Entreprises J.B. PASTOR &amp; FILS se retrouve rassembl\u00e9 lors de d\u00e9jeuners conviviaux, en toute simplicit\u00e9, dans les ateliers situ\u00e9s en bordure de la Principaut\u00e9 de Monaco. Ces \u00e9v\u00e8nements, quasi-familiaux, se perp\u00e9tuent de g\u00e9n\u00e9ration en g\u00e9n\u00e9ration et repr\u00e9sentent une tradition ch\u00e8re \u00e0 la Famille PASTOR mais aussi \u00e0 ses salari\u00e9s.<\/p>\n<p><b>Nous devons notre r\u00e9ussite \u00e0 l\u2019implication de tous\u2026<\/b><\/p>\n<p>&nbsp;<\/p>\n","protected":false},"excerpt":{"rendered":"<p>L&rsquo;\u00e9quipe de J.B. Pastor &amp; Fils La palette des m\u00e9tiers de nos enseignes est large. Gr\u00e2ce au travail passionn\u00e9 et appliqu\u00e9 de l\u2019ensemble de nos Collaborateurs, le noble m\u00e9tier du&#8230;<\/p>\n","protected":false},"author":1,"featured_media":1298,"parent":4,"menu_order":12,"comment_status":"closed","ping_status":"closed","template":"template-entreprise.php","meta":{"_acf_changed":false,"footnotes":""},"categories":[12],"class_list":["post-415","page","type-page","status-publish","has-post-thumbnail","hentry","category-enseigne-du-groupe"],"acf":[],"yoast_head":"<!-- This site is optimized with the Yoast SEO plugin v25.5 - https:\/\/yoast.com\/wordpress\/plugins\/seo\/ -->\n<title>L&#039;Equipe - JB Pastor &amp; Fils - Monaco<\/title>\n<meta name=\"robots\" content=\"index, follow, max-snippet:-1, max-image-preview:large, max-video-preview:-1\" \/>\n<link rel=\"canonical\" href=\"https:\/\/jbpastoretfils.mc\/?page_id=415\" \/>\n<meta property=\"og:locale\" content=\"fr_FR\" \/>\n<meta property=\"og:type\" content=\"article\" \/>\n<meta property=\"og:title\" content=\"L&#039;Equipe - JB Pastor &amp; Fils - Monaco\" \/>\n<meta property=\"og:description\" content=\"L&rsquo;\u00e9quipe de J.B. Pastor &amp; Fils La palette des m\u00e9tiers de nos enseignes est large. Gr\u00e2ce au travail passionn\u00e9 et appliqu\u00e9 de l\u2019ensemble de nos Collaborateurs, le noble m\u00e9tier du...\" \/>\n<meta property=\"og:url\" content=\"https:\/\/jbpastoretfils.mc\/?page_id=415\" \/>\n<meta property=\"og:site_name\" content=\"JB Pastor &amp; Fils - Monaco\" \/>\n<meta property=\"article:modified_time\" content=\"2026-04-09T15:42:45+00:00\" \/>\n<meta property=\"og:image\" content=\"https:\/\/jbpastoretfils.mc\/wp-content\/uploads\/2013\/12\/jbpastor.png\" \/>\n\t<meta property=\"og:image:width\" content=\"520\" \/>\n\t<meta property=\"og:image:height\" content=\"400\" \/>\n\t<meta property=\"og:image:type\" content=\"image\/png\" \/>\n<meta name=\"twitter:label1\" content=\"Dur\u00e9e de lecture estim\u00e9e\" \/>\n\t<meta name=\"twitter:data1\" content=\"1 minute\" \/>\n<script type=\"application\/ld+json\" class=\"yoast-schema-graph\">{\"@context\":\"https:\/\/schema.org\",\"@graph\":[{\"@type\":\"WebPage\",\"@id\":\"https:\/\/jbpastoretfils.mc\/?page_id=415\",\"url\":\"https:\/\/jbpastoretfils.mc\/?page_id=415\",\"name\":\"L'Equipe - JB Pastor &amp; Fils - Monaco\",\"isPartOf\":{\"@id\":\"https:\/\/jbpastoretfils.mc\/#website\"},\"primaryImageOfPage\":{\"@id\":\"https:\/\/jbpastoretfils.mc\/?page_id=415#primaryimage\"},\"image\":{\"@id\":\"https:\/\/jbpastoretfils.mc\/?page_id=415#primaryimage\"},\"thumbnailUrl\":\"https:\/\/jbpastoretfils.mc\/wp-content\/uploads\/2013\/12\/jbpastor.png\",\"datePublished\":\"2013-12-17T15:40:55+00:00\",\"dateModified\":\"2026-04-09T15:42:45+00:00\",\"breadcrumb\":{\"@id\":\"https:\/\/jbpastoretfils.mc\/?page_id=415#breadcrumb\"},\"inLanguage\":\"fr-FR\",\"potentialAction\":[{\"@type\":\"ReadAction\",\"target\":[\"https:\/\/jbpastoretfils.mc\/?page_id=415\"]}]},{\"@type\":\"ImageObject\",\"inLanguage\":\"fr-FR\",\"@id\":\"https:\/\/jbpastoretfils.mc\/?page_id=415#primaryimage\",\"url\":\"https:\/\/jbpastoretfils.mc\/wp-content\/uploads\/2013\/12\/jbpastor.png\",\"contentUrl\":\"https:\/\/jbpastoretfils.mc\/wp-content\/uploads\/2013\/12\/jbpastor.png\",\"width\":520,\"height\":400},{\"@type\":\"BreadcrumbList\",\"@id\":\"https:\/\/jbpastoretfils.mc\/?page_id=415#breadcrumb\",\"itemListElement\":[{\"@type\":\"ListItem\",\"position\":1,\"name\":\"Accueil\",\"item\":\"https:\/\/jbpastoretfils.mc\/\"},{\"@type\":\"ListItem\",\"position\":2,\"name\":\"Nos Entreprises\",\"item\":\"https:\/\/jbpastoretfils.mc\/?page_id=4\"},{\"@type\":\"ListItem\",\"position\":3,\"name\":\"L&rsquo;Equipe\"}]},{\"@type\":\"WebSite\",\"@id\":\"https:\/\/jbpastoretfils.mc\/#website\",\"url\":\"https:\/\/jbpastoretfils.mc\/\",\"name\":\"JB Pastor &amp; Fils - Monaco\",\"description\":\"Construction Monaco\",\"potentialAction\":[{\"@type\":\"SearchAction\",\"target\":{\"@type\":\"EntryPoint\",\"urlTemplate\":\"https:\/\/jbpastoretfils.mc\/?s={search_term_string}\"},\"query-input\":{\"@type\":\"PropertyValueSpecification\",\"valueRequired\":true,\"valueName\":\"search_term_string\"}}],\"inLanguage\":\"fr-FR\"}]}<\/script>\n<!-- \/ Yoast SEO plugin. -->","yoast_head_json":{"title":"L'Equipe - JB Pastor &amp; Fils - Monaco","robots":{"index":"index","follow":"follow","max-snippet":"max-snippet:-1","max-image-preview":"max-image-preview:large","max-video-preview":"max-video-preview:-1"},"canonical":"https:\/\/jbpastoretfils.mc\/?page_id=415","og_locale":"fr_FR","og_type":"article","og_title":"L'Equipe - JB Pastor &amp; Fils - Monaco","og_description":"L&rsquo;\u00e9quipe de J.B. Pastor &amp; Fils La palette des m\u00e9tiers de nos enseignes est large. Gr\u00e2ce au travail passionn\u00e9 et appliqu\u00e9 de l\u2019ensemble de nos Collaborateurs, le noble m\u00e9tier du...","og_url":"https:\/\/jbpastoretfils.mc\/?page_id=415","og_site_name":"JB Pastor &amp; Fils - Monaco","article_modified_time":"2026-04-09T15:42:45+00:00","og_image":[{"width":520,"height":400,"url":"https:\/\/jbpastoretfils.mc\/wp-content\/uploads\/2013\/12\/jbpastor.png","type":"image\/png"}],"twitter_misc":{"Dur\u00e9e de lecture estim\u00e9e":"1 minute"},"schema":{"@context":"https:\/\/schema.org","@graph":[{"@type":"WebPage","@id":"https:\/\/jbpastoretfils.mc\/?page_id=415","url":"https:\/\/jbpastoretfils.mc\/?page_id=415","name":"L'Equipe - JB Pastor &amp; Fils - Monaco","isPartOf":{"@id":"https:\/\/jbpastoretfils.mc\/#website"},"primaryImageOfPage":{"@id":"https:\/\/jbpastoretfils.mc\/?page_id=415#primaryimage"},"image":{"@id":"https:\/\/jbpastoretfils.mc\/?page_id=415#primaryimage"},"thumbnailUrl":"https:\/\/jbpastoretfils.mc\/wp-content\/uploads\/2013\/12\/jbpastor.png","datePublished":"2013-12-17T15:40:55+00:00","dateModified":"2026-04-09T15:42:45+00:00","breadcrumb":{"@id":"https:\/\/jbpastoretfils.mc\/?page_id=415#breadcrumb"},"inLanguage":"fr-FR","potentialAction":[{"@type":"ReadAction","target":["https:\/\/jbpastoretfils.mc\/?page_id=415"]}]},{"@type":"ImageObject","inLanguage":"fr-FR","@id":"https:\/\/jbpastoretfils.mc\/?page_id=415#primaryimage","url":"https:\/\/jbpastoretfils.mc\/wp-content\/uploads\/2013\/12\/jbpastor.png","contentUrl":"https:\/\/jbpastoretfils.mc\/wp-content\/uploads\/2013\/12\/jbpastor.png","width":520,"height":400},{"@type":"BreadcrumbList","@id":"https:\/\/jbpastoretfils.mc\/?page_id=415#breadcrumb","itemListElement":[{"@type":"ListItem","position":1,"name":"Accueil","item":"https:\/\/jbpastoretfils.mc\/"},{"@type":"ListItem","position":2,"name":"Nos Entreprises","item":"https:\/\/jbpastoretfils.mc\/?page_id=4"},{"@type":"ListItem","position":3,"name":"L&rsquo;Equipe"}]},{"@type":"WebSite","@id":"https:\/\/jbpastoretfils.mc\/#website","url":"https:\/\/jbpastoretfils.mc\/","name":"JB Pastor &amp; Fils - Monaco","description":"Construction Monaco","potentialAction":[{"@type":"SearchAction","target":{"@type":"EntryPoint","urlTemplate":"https:\/\/jbpastoretfils.mc\/?s={search_term_string}"},"query-input":{"@type":"PropertyValueSpecification","valueRequired":true,"valueName":"search_term_string"}}],"inLanguage":"fr-FR"}]}},"_links":{"self":[{"href":"https:\/\/jbpastoretfils.mc\/index.php?rest_route=\/wp\/v2\/pages\/415"}],"collection":[{"href":"https:\/\/jbpastoretfils.mc\/index.php?rest_route=\/wp\/v2\/pages"}],"about":[{"href":"https:\/\/jbpastoretfils.mc\/index.php?rest_route=\/wp\/v2\/types\/page"}],"author":[{"embeddable":true,"href":"https:\/\/jbpastoretfils.mc\/index.php?rest_route=\/wp\/v2\/users\/1"}],"replies":[{"embeddable":true,"href":"https:\/\/jbpastoretfils.mc\/index.php?rest_route=%2Fwp%2Fv2%2Fcomments&post=415"}],"version-history":[{"count":104,"href":"https:\/\/jbpastoretfils.mc\/index.php?rest_route=\/wp\/v2\/pages\/415\/revisions"}],"predecessor-version":[{"id":51039,"href":"https:\/\/jbpastoretfils.mc\/index.php?rest_route=\/wp\/v2\/pages\/415\/revisions\/51039"}],"up":[{"embeddable":true,"href":"https:\/\/jbpastoretfils.mc\/index.php?rest_route=\/wp\/v2\/pages\/4"}],"wp:featuredmedia":[{"embeddable":true,"href":"https:\/\/jbpastoretfils.mc\/index.php?rest_route=\/wp\/v2\/media\/1298"}],"wp:attachment":[{"href":"https:\/\/jbpastoretfils.mc\/index.php?rest_route=%2Fwp%2Fv2%2Fmedia&parent=415"}],"wp:term":[{"taxonomy":"category","embeddable":true,"href":"https:\/\/jbpastoretfils.mc\/index.php?rest_route=%2Fwp%2Fv2%2Fcategories&post=415"}],"curies":[{"name":"wp","href":"https:\/\/api.w.org\/{rel}","templated":true}]}}