{"id":41372,"date":"2022-02-11T10:09:37","date_gmt":"2022-02-11T09:09:37","guid":{"rendered":"https:\/\/jbpastoretfils.mc\/?page_id=41372"},"modified":"2026-03-25T14:24:54","modified_gmt":"2026-03-25T13:24:54","slug":"monaco-parquet","status":"publish","type":"page","link":"https:\/\/jbpastoretfils.mc\/?page_id=41372","title":{"rendered":"Monaco Parquet"},"content":{"rendered":"<p><strong>MONACO PARQUET<\/strong><\/p>\n<p>Date de cr\u00e9ation : 2021<br \/>\nChiffre d\u2019affaires : 3.7 M d\u2019\u20ac<br \/>\nEffectif : 20<\/p>\n<p>&nbsp;<\/p>\n<p>Nouvellement install\u00e9e en Principaut\u00e9, la S.A.M. MONACO PARQUET est fi\u00e8re d\u2019avoir rejoint la dynamique des Entreprises de la <a href=\"https:\/\/jbpastoretfils.mc\/\">S.A.M. J.B. PASTOR &amp; Fils<\/a>.<\/p>\n<p>&nbsp;<\/p>\n<p>La S.A.M. MONACO PARQUET se sp\u00e9cialise dans la pose, la r\u00e9novation, la restauration et l\u2019entretien de <a href=\"https:\/\/jbpastoretfils.mc\/?page_id=458\">parquets<\/a>, au travers d\u2019une \u00e9quipe de compagnons parqueteurs form\u00e9s \u00e0 tous types de rev\u00eatements bois et de pose dont\u00a0:<\/p>\n<ul>\n<li>Pose \u00e0 l\u2019Anglaise<\/li>\n<li>Pose \u00e0 la Fran\u00e7aise<\/li>\n<li>Point de Hongrie<\/li>\n<li>Coupe de Pierre<\/li>\n<li>B\u00e2ton Rompu<\/li>\n<li>Panneau de Versailles<\/li>\n<\/ul>\n<p>&nbsp;<\/p>\n<p>La S.A.M. MONACO PARQUET travaille dans le respect des normes et propose des parquets de qualit\u00e9, conformes aux normes FSC et PEFC, participant \u00e0 la pr\u00e9servation des for\u00eats.<\/p>\n<p>La connaissance des essences de bois et des diff\u00e9rents traitements et typologies de rev\u00eatements bois permet \u00e0 la S.A.M. MONACO PARQUET de proposer des alternatives int\u00e9ressantes et novatrices notamment dans les phases d\u2019\u00e9tude de projet.<\/p>\n<p>&nbsp;<\/p>\n<p>Quelques r\u00e9f\u00e9rences\u00a0:<\/p>\n<ul>\n<li><a href=\"https:\/\/jbpastoretfils.mc\/?chantier=complexe-balneaire-du-larvotto\">Complexe Baln\u00e9aire du Larvotto<\/a> (Deck ext\u00e9rieurs et parquets int\u00e9rieurs)<\/li>\n<li>Plage Saint Roman (Deck ext\u00e9rieur)<\/li>\n<li><a href=\"https:\/\/jbpastoretfils.mc\/?chantier=villa-esmeralda\">Villa Esmeralda<\/a> (parquets int\u00e9rieurs et plinthes moulur\u00e9es assorties, rev\u00eatement en ch\u00eane massif des escaliers et des plinthes moulur\u00e9es assorties)<\/li>\n<li>Villa Portofino (parquets int\u00e9rieurs et plinthes moulur\u00e9es assorties, rev\u00eatement escaliers)<\/li>\n<li><a href=\"https:\/\/jbpastoretfils.mc\/?chantier=palazzino\">Villa Palazzino<\/a> (parquets int\u00e9rieurs et plinthes moulur\u00e9es assorties, Terrasses, rev\u00eatement escaliers)<\/li>\n<li>Villa Farniente II (parquets int\u00e9rieurs et plinthes moulur\u00e9es assorties, Terrasses)<\/li>\n<\/ul>\n<p>&nbsp;<\/p>\n","protected":false},"excerpt":{"rendered":"<p>MONACO PARQUET Date de cr\u00e9ation : 2021 Chiffre d\u2019affaires : 3.7 M d\u2019\u20ac Effectif : 20 &nbsp; Nouvellement install\u00e9e en Principaut\u00e9, la S.A.M. MONACO PARQUET est fi\u00e8re d\u2019avoir rejoint la&#8230;<\/p>\n","protected":false},"author":2,"featured_media":41373,"parent":57,"menu_order":37,"comment_status":"closed","ping_status":"closed","template":"template-entreprise.php","meta":{"_acf_changed":false,"footnotes":""},"categories":[12],"class_list":["post-41372","page","type-page","status-publish","has-post-thumbnail","hentry","category-enseigne-du-groupe"],"acf":[],"yoast_head":"<!-- This site is optimized with the Yoast SEO plugin v25.5 - https:\/\/yoast.com\/wordpress\/plugins\/seo\/ -->\n<title>Monaco Parquet - JB Pastor &amp; Fils - Monaco<\/title>\n<meta name=\"robots\" content=\"index, follow, max-snippet:-1, max-image-preview:large, max-video-preview:-1\" \/>\n<link rel=\"canonical\" href=\"https:\/\/jbpastoretfils.mc\/?page_id=41372\" \/>\n<meta property=\"og:locale\" content=\"fr_FR\" \/>\n<meta property=\"og:type\" content=\"article\" \/>\n<meta property=\"og:title\" content=\"Monaco Parquet - JB Pastor &amp; Fils - Monaco\" \/>\n<meta property=\"og:description\" content=\"MONACO PARQUET Date de cr\u00e9ation : 2021 Chiffre d\u2019affaires : 3.7 M d\u2019\u20ac Effectif : 20 &nbsp; Nouvellement install\u00e9e en Principaut\u00e9, la S.A.M. MONACO PARQUET est fi\u00e8re d\u2019avoir rejoint la...\" \/>\n<meta property=\"og:url\" content=\"https:\/\/jbpastoretfils.mc\/?page_id=41372\" \/>\n<meta property=\"og:site_name\" content=\"JB Pastor &amp; Fils - Monaco\" \/>\n<meta property=\"article:modified_time\" content=\"2026-03-25T13:24:54+00:00\" \/>\n<meta property=\"og:image\" content=\"https:\/\/jbpastoretfils.mc\/wp-content\/uploads\/2022\/02\/MP_logo-vertical_Plan-de-travail-1.jpg\" \/>\n\t<meta property=\"og:image:width\" content=\"520\" \/>\n\t<meta property=\"og:image:height\" content=\"591\" \/>\n\t<meta property=\"og:image:type\" content=\"image\/jpeg\" \/>\n<meta name=\"twitter:label1\" content=\"Dur\u00e9e de lecture estim\u00e9e\" \/>\n\t<meta name=\"twitter:data1\" content=\"2 minutes\" \/>\n<script type=\"application\/ld+json\" class=\"yoast-schema-graph\">{\"@context\":\"https:\/\/schema.org\",\"@graph\":[{\"@type\":\"WebPage\",\"@id\":\"https:\/\/jbpastoretfils.mc\/?page_id=41372\",\"url\":\"https:\/\/jbpastoretfils.mc\/?page_id=41372\",\"name\":\"Monaco Parquet - JB Pastor &amp; Fils - Monaco\",\"isPartOf\":{\"@id\":\"https:\/\/jbpastoretfils.mc\/#website\"},\"primaryImageOfPage\":{\"@id\":\"https:\/\/jbpastoretfils.mc\/?page_id=41372#primaryimage\"},\"image\":{\"@id\":\"https:\/\/jbpastoretfils.mc\/?page_id=41372#primaryimage\"},\"thumbnailUrl\":\"https:\/\/jbpastoretfils.mc\/wp-content\/uploads\/2022\/02\/MP_logo-vertical_Plan-de-travail-1.jpg\",\"datePublished\":\"2022-02-11T09:09:37+00:00\",\"dateModified\":\"2026-03-25T13:24:54+00:00\",\"breadcrumb\":{\"@id\":\"https:\/\/jbpastoretfils.mc\/?page_id=41372#breadcrumb\"},\"inLanguage\":\"fr-FR\",\"potentialAction\":[{\"@type\":\"ReadAction\",\"target\":[\"https:\/\/jbpastoretfils.mc\/?page_id=41372\"]}]},{\"@type\":\"ImageObject\",\"inLanguage\":\"fr-FR\",\"@id\":\"https:\/\/jbpastoretfils.mc\/?page_id=41372#primaryimage\",\"url\":\"https:\/\/jbpastoretfils.mc\/wp-content\/uploads\/2022\/02\/MP_logo-vertical_Plan-de-travail-1.jpg\",\"contentUrl\":\"https:\/\/jbpastoretfils.mc\/wp-content\/uploads\/2022\/02\/MP_logo-vertical_Plan-de-travail-1.jpg\",\"width\":520,\"height\":591},{\"@type\":\"BreadcrumbList\",\"@id\":\"https:\/\/jbpastoretfils.mc\/?page_id=41372#breadcrumb\",\"itemListElement\":[{\"@type\":\"ListItem\",\"position\":1,\"name\":\"Accueil\",\"item\":\"https:\/\/jbpastoretfils.mc\/\"},{\"@type\":\"ListItem\",\"position\":2,\"name\":\"Nos Entreprises\",\"item\":\"https:\/\/jbpastoretfils.mc\/?page_id=4\"},{\"@type\":\"ListItem\",\"position\":3,\"name\":\"Nos Enseignes et Soci\u00e9t\u00e9s\",\"item\":\"https:\/\/jbpastoretfils.mc\/?page_id=57\"},{\"@type\":\"ListItem\",\"position\":4,\"name\":\"Monaco Parquet\"}]},{\"@type\":\"WebSite\",\"@id\":\"https:\/\/jbpastoretfils.mc\/#website\",\"url\":\"https:\/\/jbpastoretfils.mc\/\",\"name\":\"JB Pastor &amp; Fils - Monaco\",\"description\":\"Construction Monaco\",\"potentialAction\":[{\"@type\":\"SearchAction\",\"target\":{\"@type\":\"EntryPoint\",\"urlTemplate\":\"https:\/\/jbpastoretfils.mc\/?s={search_term_string}\"},\"query-input\":{\"@type\":\"PropertyValueSpecification\",\"valueRequired\":true,\"valueName\":\"search_term_string\"}}],\"inLanguage\":\"fr-FR\"}]}<\/script>\n<!-- \/ Yoast SEO plugin. -->","yoast_head_json":{"title":"Monaco Parquet - JB Pastor &amp; Fils - Monaco","robots":{"index":"index","follow":"follow","max-snippet":"max-snippet:-1","max-image-preview":"max-image-preview:large","max-video-preview":"max-video-preview:-1"},"canonical":"https:\/\/jbpastoretfils.mc\/?page_id=41372","og_locale":"fr_FR","og_type":"article","og_title":"Monaco Parquet - JB Pastor &amp; Fils - Monaco","og_description":"MONACO PARQUET Date de cr\u00e9ation : 2021 Chiffre d\u2019affaires : 3.7 M d\u2019\u20ac Effectif : 20 &nbsp; Nouvellement install\u00e9e en Principaut\u00e9, la S.A.M. MONACO PARQUET est fi\u00e8re d\u2019avoir rejoint la...","og_url":"https:\/\/jbpastoretfils.mc\/?page_id=41372","og_site_name":"JB Pastor &amp; Fils - Monaco","article_modified_time":"2026-03-25T13:24:54+00:00","og_image":[{"width":520,"height":591,"url":"https:\/\/jbpastoretfils.mc\/wp-content\/uploads\/2022\/02\/MP_logo-vertical_Plan-de-travail-1.jpg","type":"image\/jpeg"}],"twitter_misc":{"Dur\u00e9e de lecture estim\u00e9e":"2 minutes"},"schema":{"@context":"https:\/\/schema.org","@graph":[{"@type":"WebPage","@id":"https:\/\/jbpastoretfils.mc\/?page_id=41372","url":"https:\/\/jbpastoretfils.mc\/?page_id=41372","name":"Monaco Parquet - JB Pastor &amp; Fils - Monaco","isPartOf":{"@id":"https:\/\/jbpastoretfils.mc\/#website"},"primaryImageOfPage":{"@id":"https:\/\/jbpastoretfils.mc\/?page_id=41372#primaryimage"},"image":{"@id":"https:\/\/jbpastoretfils.mc\/?page_id=41372#primaryimage"},"thumbnailUrl":"https:\/\/jbpastoretfils.mc\/wp-content\/uploads\/2022\/02\/MP_logo-vertical_Plan-de-travail-1.jpg","datePublished":"2022-02-11T09:09:37+00:00","dateModified":"2026-03-25T13:24:54+00:00","breadcrumb":{"@id":"https:\/\/jbpastoretfils.mc\/?page_id=41372#breadcrumb"},"inLanguage":"fr-FR","potentialAction":[{"@type":"ReadAction","target":["https:\/\/jbpastoretfils.mc\/?page_id=41372"]}]},{"@type":"ImageObject","inLanguage":"fr-FR","@id":"https:\/\/jbpastoretfils.mc\/?page_id=41372#primaryimage","url":"https:\/\/jbpastoretfils.mc\/wp-content\/uploads\/2022\/02\/MP_logo-vertical_Plan-de-travail-1.jpg","contentUrl":"https:\/\/jbpastoretfils.mc\/wp-content\/uploads\/2022\/02\/MP_logo-vertical_Plan-de-travail-1.jpg","width":520,"height":591},{"@type":"BreadcrumbList","@id":"https:\/\/jbpastoretfils.mc\/?page_id=41372#breadcrumb","itemListElement":[{"@type":"ListItem","position":1,"name":"Accueil","item":"https:\/\/jbpastoretfils.mc\/"},{"@type":"ListItem","position":2,"name":"Nos Entreprises","item":"https:\/\/jbpastoretfils.mc\/?page_id=4"},{"@type":"ListItem","position":3,"name":"Nos Enseignes et Soci\u00e9t\u00e9s","item":"https:\/\/jbpastoretfils.mc\/?page_id=57"},{"@type":"ListItem","position":4,"name":"Monaco Parquet"}]},{"@type":"WebSite","@id":"https:\/\/jbpastoretfils.mc\/#website","url":"https:\/\/jbpastoretfils.mc\/","name":"JB Pastor &amp; Fils - Monaco","description":"Construction Monaco","potentialAction":[{"@type":"SearchAction","target":{"@type":"EntryPoint","urlTemplate":"https:\/\/jbpastoretfils.mc\/?s={search_term_string}"},"query-input":{"@type":"PropertyValueSpecification","valueRequired":true,"valueName":"search_term_string"}}],"inLanguage":"fr-FR"}]}},"_links":{"self":[{"href":"https:\/\/jbpastoretfils.mc\/index.php?rest_route=\/wp\/v2\/pages\/41372"}],"collection":[{"href":"https:\/\/jbpastoretfils.mc\/index.php?rest_route=\/wp\/v2\/pages"}],"about":[{"href":"https:\/\/jbpastoretfils.mc\/index.php?rest_route=\/wp\/v2\/types\/page"}],"author":[{"embeddable":true,"href":"https:\/\/jbpastoretfils.mc\/index.php?rest_route=\/wp\/v2\/users\/2"}],"replies":[{"embeddable":true,"href":"https:\/\/jbpastoretfils.mc\/index.php?rest_route=%2Fwp%2Fv2%2Fcomments&post=41372"}],"version-history":[{"count":12,"href":"https:\/\/jbpastoretfils.mc\/index.php?rest_route=\/wp\/v2\/pages\/41372\/revisions"}],"predecessor-version":[{"id":50421,"href":"https:\/\/jbpastoretfils.mc\/index.php?rest_route=\/wp\/v2\/pages\/41372\/revisions\/50421"}],"up":[{"embeddable":true,"href":"https:\/\/jbpastoretfils.mc\/index.php?rest_route=\/wp\/v2\/pages\/57"}],"wp:featuredmedia":[{"embeddable":true,"href":"https:\/\/jbpastoretfils.mc\/index.php?rest_route=\/wp\/v2\/media\/41373"}],"wp:attachment":[{"href":"https:\/\/jbpastoretfils.mc\/index.php?rest_route=%2Fwp%2Fv2%2Fmedia&parent=41372"}],"wp:term":[{"taxonomy":"category","embeddable":true,"href":"https:\/\/jbpastoretfils.mc\/index.php?rest_route=%2Fwp%2Fv2%2Fcategories&post=41372"}],"curies":[{"name":"wp","href":"https:\/\/api.w.org\/{rel}","templated":true}]}}