{"id":4053,"date":"2014-04-23T11:25:44","date_gmt":"2014-04-23T10:25:44","guid":{"rendered":"http:\/\/jbpastoretfils.mc\/?page_id=4053"},"modified":"2026-03-31T10:29:05","modified_gmt":"2026-03-31T09:29:05","slug":"mentions-legales-et-conditions-dutilisation","status":"publish","type":"page","link":"https:\/\/jbpastoretfils.mc\/?page_id=4053","title":{"rendered":"Mentions l\u00e9gales et conditions d&rsquo;utilisation"},"content":{"rendered":"<h3 style=\"text-align: left;\" align=\"center\"><span style=\"text-decoration: underline;\"><b style=\"font-size: 1.17em; line-height: 1.5em;\">PROPRI\u00c9T\u00c9 DU SITE<\/b><\/span><\/h3>\n<p>Le pr\u00e9sent site est la propri\u00e9t\u00e9 de la S.A.M. des Entreprises J.B. PASTOR &amp; FILS.<\/p>\n<p>Toute modification ou contenu suppl\u00e9mentaire qui seront int\u00e9gr\u00e9s sur ce site seront soumis aux pr\u00e9sentes conditions. Les pr\u00e9sentes mentions sont traduites \u00e0 titre indicatif, en cas de divergence seul le texte en fran\u00e7ais fait foi.<\/p>\n<h3><b><span style=\"text-decoration: underline;\">SI\u00c8GE DU PROPRIETAIRE DU SITE<\/span><\/b><\/h3>\n<p><b>S.A.M. des Entreprises J.B. PASTOR &amp; FILS<\/b><\/p>\n<p>RCI\u00a056S00353 \u2013 NIS 4399C00243<\/p>\n<p><b>Responsable de Publication\u00a0: <\/b>Monsieur Patrice PASTOR<b><br \/>\n<\/b>\u00ab Villa Clotilde \u00bb &#8211; 46, Boulevard du Jardin Exotique<br \/>\nMC 98000 Monaco<br \/>\nT\u00e9l. +377 93 25 04 00<br \/>\nFax +377 93 50 78 06<br \/>\nE-mail : <a href=\"mailto:Jb_pastor@libello.com\"> jb_pastor@jbpastor.com<\/a><\/p>\n<h3><b><span style=\"text-decoration: underline;\">CONCEPTEUR \u2013 DEVELOPPEUR<\/span><\/b><\/h3>\n<p>FEDERALL<br \/>\n41, Avenue Hector Otto<br \/>\n\u00ab Tour Od\u00e9on \u00bb<br \/>\n36, Avenue de l&rsquo;Annonciade<br \/>\nMC 98000 MONACO<\/p>\n<p>T\u00e9l. +377 99 99 99 97<\/p>\n<h3><b><span style=\"text-decoration: underline;\">HEBERGEMENT\u00a0 DU SITE<\/span><\/b><\/h3>\n<p>OVH<br \/>\n2, Rue Kellermann<br \/>\n59100 Roubaix &#8211; France<\/p>\n<p>T\u00e9l. : 0 820 698 765<\/p>\n<h3><b><span style=\"text-decoration: underline;\">UTILISATION \u2013 CONTENU DU SITE<\/span><\/b><\/h3>\n<p>Le pr\u00e9sent site a pour objet principal de pr\u00e9senter et de proposer les services offerts par la\u00a0S.A.M. des Entreprises J.B. PASTOR &amp; FILS\u00a0 tels que d\u00e9crits par les diff\u00e9rentes pages du site en acc\u00e8s libre.<\/p>\n<p>La S.A.M. des Entreprises J.B. PASTOR &amp; FILS a ouvert le pr\u00e9sent site pour l\u2019information personnelle de ses utilisateurs. Ce site est r\u00e9gi par le Droit Mon\u00e9gasque, les visiteurs ayant acc\u00e8s au site de l\u2019\u00e9tranger, doivent s\u2019assurer du respect des lois localement applicables. L\u2019utilisateur du pr\u00e9sent site internet reconna\u00eet avoir v\u00e9rifi\u00e9 que la configuration informatique utilis\u00e9e par ses soins ne contient aucun virus et qu\u2019elle est en parfait \u00e9tat de fonctionnement avant d\u2019utiliser le site de la S.A.M. des Entreprises J.B. PASTOR &amp; FILS.<\/p>\n<p>L\u2019utilisateur de ce site reconna\u00eet avoir pris connaissance des pr\u00e9sentes conditions d\u2019utilisation et mentions l\u00e9gales et s\u2019engage \u00e0 les respecter dans leur globalit\u00e9. La S.A.M. des Entreprises<br \/>\nJ.B. PASTOR &amp; FILS se r\u00e9serve le droit de les modifier, mettre \u00e0 jour, ou supprimer \u00e0 tout moment et sans pr\u00e9avis et invite les utilisateurs \u00e0 s&rsquo;y reporter r\u00e9guli\u00e8rement. Les pr\u00e9sentes conditions constituent la totalit\u00e9 des accords entre la S.A.M. des Entreprises J.B. PASTOR &amp; FILS et l&rsquo;utilisateur.<\/p>\n<p>L&rsquo;utilisateur s&rsquo;engage \u00e0 ne pas commettre sur ce site des actes illicites ou des actes portant atteinte aux droits de la Personne et plus g\u00e9n\u00e9ralement aux int\u00e9r\u00eats de tiers. Sont prohib\u00e9s par les pr\u00e9sentes conditions g\u00e9n\u00e9rales d\u2019utilisation, tous actes pouvant contribuer \u00e0 ternir le nom et ou l\u2019image de la S.A.M. des Entreprises J.B. PASTOR &amp; FILS ou pouvant endommager, surcharger, mettre hors d&rsquo;\u00e9tat, discr\u00e9diter ou mettre en \u00e9chec le site.<\/p>\n<h3><b><span style=\"text-decoration: underline;\">EXCLUSIONS DE GARANTIE DE RESPONSABILIT\u00c9<\/span><\/b><\/h3>\n<p>Bien que la S.A.M. des Entreprises J.B. PASTOR &amp; FILS s\u2019efforce de fournir des contenus fiables sur son site et apporte le plus grand soin \u00e0 la mise \u00e0 jour de celui-ci, les informations et pr\u00e9sentations contenues dans le site de la S.A.M. des Entreprises J.B. PASTOR &amp; FILS sont fournies \u00e0 titre uniquement indicatif et informatif\u00a0; celles-ci restent modifiables \u00e0 tout moment sans pr\u00e9avis. L\u2019utilisation desdits renseignements et contenus \u00e0 des fins professionnelles ou priv\u00e9es ne saurait en aucun cas engager la responsabilit\u00e9 partielle ou enti\u00e8re de la S.A.M. des Entreprises J.B. PASTOR\u00a0&amp; FILS. Par cons\u00e9quent, la S.A.M. des Entreprises J.B. PASTOR &amp; FILS d\u00e9cline toute responsabilit\u00e9 pour toute erreur, inexactitude ou omission portant sur des informations disponibles sur ce site ; pour tous dommages, directs et\/ou indirects, quelles qu&rsquo;en soient les causes, origines, natures ou cons\u00e9quences, provoqu\u00e9es \u00e0 raison de l&rsquo;acc\u00e8s de quiconque au site ou de l&rsquo;impossibilit\u00e9 d&rsquo;y acc\u00e9der, de m\u00eame que l&rsquo;utilisation du site et\/ou du cr\u00e9dit accord\u00e9 \u00e0 une quelconque information provenant directement ou indirectement du site ; pour tout usage qui pourra \u00eatre fait de ces diff\u00e9rentes informations.<\/p>\n<p>La S.A.M. des Entreprises J.B. PASTOR &amp; FILS se r\u00e9serve le droit, \u00e0 tout moment, de modifier, interrompre temporairement ou de mani\u00e8re d\u00e9finitive tout ou partie de ce site, et ce sans avoir \u00e0 informer pr\u00e9alablement l&rsquo;utilisateur. Aucune responsabilit\u00e9 de ce fait n&rsquo;est encourue par\u00a0la S.A.M. des Entreprises J.B. PASTOR &amp; FILS.<\/p>\n<h3><b><span style=\"text-decoration: underline;\">LIENS HYPERTEXTES<\/span><\/b><\/h3>\n<p>Le site peut fournir \u00e0 l&rsquo;utilisateur, ainsi que des tiers, des liens vers d&rsquo;autres sites ou d&rsquo;autres sources Internet. La S.A.M. des Entreprises J.B. PASTOR &amp; FILS ne contr\u00f4le pas ces sites et ne pourrait \u00eatre tenue responsable, ni supporter aucune responsabilit\u00e9 quant aux contenus, publicit\u00e9s, produits, services ou tout autre mat\u00e9riel disponible \u00e0 partir de ces sites tiers. La S.A.M. des Entreprises\u00a0J.B. PASTOR &amp; FILS ne pourrait \u00eatre tenue responsable de tous dommages ou pertes av\u00e9r\u00e9s ou all\u00e9gu\u00e9s cons\u00e9cutifs ou en relation avec l&rsquo;utilisation ou avec le fait d&rsquo;avoir fait confiance au contenu des sites tiers ou aux biens et services disponibles sur ces sites tiers. L&rsquo;utilisateur est responsable et supporte tous les risques aff\u00e9rents \u00e0 l&rsquo;utilisation qu&rsquo;il fait du contenu du site, notamment lorsqu&rsquo;il se fie \u00e0 l&rsquo;opportunit\u00e9, l&rsquo;utilit\u00e9 ou le caract\u00e8re complet de ce contenu.<\/p>\n<h3><b><span style=\"text-decoration: underline;\">DROITS D&rsquo;AUTEUR ET MARQUES<\/span><\/b><\/h3>\n<p>Tout lien ou reproduction illicite du contenu du pr\u00e9sent site est strictement interdit, par del\u00e0 aucun \u00e9l\u00e9ment ou donn\u00e9e figurant sur une page du site internet de la S.A.M. J.B. PASTOR &amp; FILS ne peut \u00eatre diffus\u00e9, partiellement ou totalement, ins\u00e9r\u00e9 ou transf\u00e9r\u00e9 sur un site internet tiers sans l\u2019autorisation expresse pr\u00e9alable et \u00e9crite de la S.A.M. J.B. PASTOR &amp; FILS.<\/p>\n<p>La reproduction, la copie ou l&rsquo;exploitation de tout ou partie du site de la S.A.M. des Entreprises\u00a0J.B. PASTOR &amp; FILS ou des \u00e9l\u00e9ments le composant et notamment la modification, la diffusion ou l&rsquo;utilisation dans un but commercial ou non des contenus de celui-ci, constitue une infraction p\u00e9nalement sanctionn\u00e9e par les Cours et Tribunaux Mon\u00e9gasques.<\/p>\n<p>Les textes, titres, photographies, dessins, images, vid\u00e9os, s\u00e9quences anim\u00e9es sonores ou non, sons, donn\u00e9es, commentaires et autres documentations\u2026\u00a0soit tous les contenus reproduits sur le site jbpastoretfils.mc, ainsi que la conception, la forme et les logiciels sont la propri\u00e9t\u00e9 de la S.A.M. des Entreprises J.B. PASTOR &amp; FILS, sauf mentions sp\u00e9ciales ou contraires, et sont prot\u00e9g\u00e9s par les textes en vigueur en Principaut\u00e9 de Monaco sur le droit d&rsquo;auteur, le droit de la propri\u00e9t\u00e9 intellectuelle et\/ou industrielle, notamment s\u2019agissant des dispositions relatives \u00e0 la propri\u00e9t\u00e9 litt\u00e9raire et artistique\u00a0et la protection des bases de donn\u00e9es ainsi que plus g\u00e9n\u00e9ralement sur les droits incorporels\u00a0; ce pour le monde entier. Aussi, tout transfert sur un autre site, toute reproduction, adaptation ou transformation partielle ou totale, traduction desdits contenus sont strictement interdits. Tout Copyright ou autre symbole de propri\u00e9t\u00e9 appos\u00e9 sur tous les contenus du site de la S.A.M. des Entreprises J.B. PASTOR &amp; FILS doit \u00eatre conserv\u00e9 sur toutes les reproductions.<\/p>\n<p>Les marques, logos ou slogans dont est titulaire la S.A.M. des Entreprises J.B. PASTOR &amp; FILS et ses filiales, apparaissant sur ce site, sont des marques prot\u00e9g\u00e9es par des dispositifs du droit de la propri\u00e9t\u00e9 intellectuelle. Toute reproduction de celles-ci, en tout ou partie, transformation, modification ou utilisation sans l&rsquo;autorisation pr\u00e9alable et \u00e9crite du titulaire susceptible d\u2019en constituer la contrefa\u00e7on est une infraction p\u00e9nalement sanctionn\u00e9e par les Cours et Tribunaux Mon\u00e9gasques exposant le contrevenant \u00e0 des poursuites judiciaires.<\/p>\n<h3><b><span style=\"text-decoration: underline;\">PROTECTION DES DONNEES PERSONNELLES<\/span><\/b><b>\u00a0<\/b><\/h3>\n<p>En application des articles 14 et 15, de la Loi Mon\u00e9gasque du 23 d\u00e9cembre 1993 n\u00b01165, vous disposez d\u2019un droit d\u2019acc\u00e8s et de mise \u00e0 jour de vos informations nominatives. Pour l\u2019exercer, merci de vous adresser par \u00e9crit \u00e0\u00a0:<b> <\/b>la<b> <\/b>S.A.M. des Entreprises J.B. PASTOR &amp; FILS &#8211;<b>\u00a0 <\/b>\u00ab\u00a0Le Prestige\u00a0\u00bb\u00a0&#8211; 25, Chemin des R\u00e9voires &#8211; B.P. 10 &#8211; MC 98001 Monaco Cedex &#8211; T\u00e9l. +377 93 25 04 00<br \/>\nFax +377 93 50 78 06 &#8211; E-mail\u00a0:<a href=\"mailto:jb_pastor@libello.com\">jb_pastor@jbpastor.com<\/a><\/p>\n<p><span style=\"text-decoration: underline;\">Le pr\u00e9sent site internet a fait l\u2019objet d\u2019une d\u00e9claration ordinaire aupr\u00e8s de la Commission\u00a0de Contr\u00f4le des Informations Nominatives jug\u00e9e recevable et enregistr\u00e9e sous le n\u00b02014.03765.<\/span><\/p>\n<h3><span style=\"text-decoration: underline;\">DROIT APPLICABLE<\/span><\/h3>\n<p>En cas de litige, les Tribunaux de Monaco auront seuls comp\u00e9tence nonobstant toute domiciliation contraire, le Droit Mon\u00e9gasque est applicable.<\/p>\n","protected":false},"excerpt":{"rendered":"<p>PROPRI\u00c9T\u00c9 DU SITE Le pr\u00e9sent site est la propri\u00e9t\u00e9 de la S.A.M. des Entreprises J.B. PASTOR &amp; FILS. Toute modification ou contenu suppl\u00e9mentaire qui seront int\u00e9gr\u00e9s sur ce site seront&#8230;<\/p>\n","protected":false},"author":1,"featured_media":0,"parent":0,"menu_order":117,"comment_status":"open","ping_status":"closed","template":"template-entreprise.php","meta":{"_acf_changed":false,"footnotes":""},"categories":[],"class_list":["post-4053","page","type-page","status-publish","hentry"],"acf":[],"yoast_head":"<!-- This site is optimized with the Yoast SEO plugin v25.5 - https:\/\/yoast.com\/wordpress\/plugins\/seo\/ -->\n<title>Mentions l\u00e9gales et conditions d&#039;utilisation - JB Pastor &amp; Fils - Monaco<\/title>\n<meta name=\"robots\" content=\"index, follow, max-snippet:-1, max-image-preview:large, max-video-preview:-1\" \/>\n<link rel=\"canonical\" href=\"https:\/\/jbpastoretfils.mc\/?page_id=4053\" \/>\n<meta property=\"og:locale\" content=\"fr_FR\" \/>\n<meta property=\"og:type\" content=\"article\" \/>\n<meta property=\"og:title\" content=\"Mentions l\u00e9gales et conditions d&#039;utilisation - JB Pastor &amp; Fils - Monaco\" \/>\n<meta property=\"og:description\" content=\"PROPRI\u00c9T\u00c9 DU SITE Le pr\u00e9sent site est la propri\u00e9t\u00e9 de la S.A.M. des Entreprises J.B. PASTOR &amp; FILS. Toute modification ou contenu suppl\u00e9mentaire qui seront int\u00e9gr\u00e9s sur ce site seront...\" \/>\n<meta property=\"og:url\" content=\"https:\/\/jbpastoretfils.mc\/?page_id=4053\" \/>\n<meta property=\"og:site_name\" content=\"JB Pastor &amp; Fils - Monaco\" \/>\n<meta property=\"article:modified_time\" content=\"2026-03-31T09:29:05+00:00\" \/>\n<meta name=\"twitter:label1\" content=\"Dur\u00e9e de lecture estim\u00e9e\" \/>\n\t<meta name=\"twitter:data1\" content=\"7 minutes\" \/>\n<script type=\"application\/ld+json\" class=\"yoast-schema-graph\">{\"@context\":\"https:\/\/schema.org\",\"@graph\":[{\"@type\":\"WebPage\",\"@id\":\"https:\/\/jbpastoretfils.mc\/?page_id=4053\",\"url\":\"https:\/\/jbpastoretfils.mc\/?page_id=4053\",\"name\":\"Mentions l\u00e9gales et conditions d'utilisation - JB Pastor &amp; Fils - Monaco\",\"isPartOf\":{\"@id\":\"https:\/\/jbpastoretfils.mc\/#website\"},\"datePublished\":\"2014-04-23T10:25:44+00:00\",\"dateModified\":\"2026-03-31T09:29:05+00:00\",\"breadcrumb\":{\"@id\":\"https:\/\/jbpastoretfils.mc\/?page_id=4053#breadcrumb\"},\"inLanguage\":\"fr-FR\",\"potentialAction\":[{\"@type\":\"ReadAction\",\"target\":[\"https:\/\/jbpastoretfils.mc\/?page_id=4053\"]}]},{\"@type\":\"BreadcrumbList\",\"@id\":\"https:\/\/jbpastoretfils.mc\/?page_id=4053#breadcrumb\",\"itemListElement\":[{\"@type\":\"ListItem\",\"position\":1,\"name\":\"Accueil\",\"item\":\"https:\/\/jbpastoretfils.mc\/\"},{\"@type\":\"ListItem\",\"position\":2,\"name\":\"Mentions l\u00e9gales et conditions d&rsquo;utilisation\"}]},{\"@type\":\"WebSite\",\"@id\":\"https:\/\/jbpastoretfils.mc\/#website\",\"url\":\"https:\/\/jbpastoretfils.mc\/\",\"name\":\"JB Pastor &amp; Fils - Monaco\",\"description\":\"Construction Monaco\",\"potentialAction\":[{\"@type\":\"SearchAction\",\"target\":{\"@type\":\"EntryPoint\",\"urlTemplate\":\"https:\/\/jbpastoretfils.mc\/?s={search_term_string}\"},\"query-input\":{\"@type\":\"PropertyValueSpecification\",\"valueRequired\":true,\"valueName\":\"search_term_string\"}}],\"inLanguage\":\"fr-FR\"}]}<\/script>\n<!-- \/ Yoast SEO plugin. -->","yoast_head_json":{"title":"Mentions l\u00e9gales et conditions d'utilisation - JB Pastor &amp; Fils - Monaco","robots":{"index":"index","follow":"follow","max-snippet":"max-snippet:-1","max-image-preview":"max-image-preview:large","max-video-preview":"max-video-preview:-1"},"canonical":"https:\/\/jbpastoretfils.mc\/?page_id=4053","og_locale":"fr_FR","og_type":"article","og_title":"Mentions l\u00e9gales et conditions d'utilisation - JB Pastor &amp; Fils - Monaco","og_description":"PROPRI\u00c9T\u00c9 DU SITE Le pr\u00e9sent site est la propri\u00e9t\u00e9 de la S.A.M. des Entreprises J.B. PASTOR &amp; FILS. Toute modification ou contenu suppl\u00e9mentaire qui seront int\u00e9gr\u00e9s sur ce site seront...","og_url":"https:\/\/jbpastoretfils.mc\/?page_id=4053","og_site_name":"JB Pastor &amp; Fils - Monaco","article_modified_time":"2026-03-31T09:29:05+00:00","twitter_misc":{"Dur\u00e9e de lecture estim\u00e9e":"7 minutes"},"schema":{"@context":"https:\/\/schema.org","@graph":[{"@type":"WebPage","@id":"https:\/\/jbpastoretfils.mc\/?page_id=4053","url":"https:\/\/jbpastoretfils.mc\/?page_id=4053","name":"Mentions l\u00e9gales et conditions d'utilisation - JB Pastor &amp; Fils - Monaco","isPartOf":{"@id":"https:\/\/jbpastoretfils.mc\/#website"},"datePublished":"2014-04-23T10:25:44+00:00","dateModified":"2026-03-31T09:29:05+00:00","breadcrumb":{"@id":"https:\/\/jbpastoretfils.mc\/?page_id=4053#breadcrumb"},"inLanguage":"fr-FR","potentialAction":[{"@type":"ReadAction","target":["https:\/\/jbpastoretfils.mc\/?page_id=4053"]}]},{"@type":"BreadcrumbList","@id":"https:\/\/jbpastoretfils.mc\/?page_id=4053#breadcrumb","itemListElement":[{"@type":"ListItem","position":1,"name":"Accueil","item":"https:\/\/jbpastoretfils.mc\/"},{"@type":"ListItem","position":2,"name":"Mentions l\u00e9gales et conditions d&rsquo;utilisation"}]},{"@type":"WebSite","@id":"https:\/\/jbpastoretfils.mc\/#website","url":"https:\/\/jbpastoretfils.mc\/","name":"JB Pastor &amp; Fils - Monaco","description":"Construction Monaco","potentialAction":[{"@type":"SearchAction","target":{"@type":"EntryPoint","urlTemplate":"https:\/\/jbpastoretfils.mc\/?s={search_term_string}"},"query-input":{"@type":"PropertyValueSpecification","valueRequired":true,"valueName":"search_term_string"}}],"inLanguage":"fr-FR"}]}},"_links":{"self":[{"href":"https:\/\/jbpastoretfils.mc\/index.php?rest_route=\/wp\/v2\/pages\/4053"}],"collection":[{"href":"https:\/\/jbpastoretfils.mc\/index.php?rest_route=\/wp\/v2\/pages"}],"about":[{"href":"https:\/\/jbpastoretfils.mc\/index.php?rest_route=\/wp\/v2\/types\/page"}],"author":[{"embeddable":true,"href":"https:\/\/jbpastoretfils.mc\/index.php?rest_route=\/wp\/v2\/users\/1"}],"replies":[{"embeddable":true,"href":"https:\/\/jbpastoretfils.mc\/index.php?rest_route=%2Fwp%2Fv2%2Fcomments&post=4053"}],"version-history":[{"count":3,"href":"https:\/\/jbpastoretfils.mc\/index.php?rest_route=\/wp\/v2\/pages\/4053\/revisions"}],"predecessor-version":[{"id":51031,"href":"https:\/\/jbpastoretfils.mc\/index.php?rest_route=\/wp\/v2\/pages\/4053\/revisions\/51031"}],"wp:attachment":[{"href":"https:\/\/jbpastoretfils.mc\/index.php?rest_route=%2Fwp%2Fv2%2Fmedia&parent=4053"}],"wp:term":[{"taxonomy":"category","embeddable":true,"href":"https:\/\/jbpastoretfils.mc\/index.php?rest_route=%2Fwp%2Fv2%2Fcategories&post=4053"}],"curies":[{"name":"wp","href":"https:\/\/api.w.org\/{rel}","templated":true}]}}