{"id":399,"date":"2013-12-17T09:40:44","date_gmt":"2013-12-17T08:40:44","guid":{"rendered":"http:\/\/jbpastoretfils.mc\/?page_id=399"},"modified":"2023-03-13T16:55:34","modified_gmt":"2023-03-13T15:55:34","slug":"rehabilitation","status":"publish","type":"page","link":"https:\/\/jbpastoretfils.mc\/?page_id=399","title":{"rendered":"R\u00e9habilitation"},"content":{"rendered":"<h1 style=\"text-align: left;\"><span style=\"font-size: 12pt;\">R\u00e9habilitation \u00e0 Monaco<\/span><\/h1>\n<p><b>Le Patrimoine Architectural de la Principaut\u00e9 comprend de nombreux \u00e9difices d\u2019exception<\/b>, empreints d\u2019Histoire\u00a0; <b>notre Entreprise s\u2019attache \u00e0 pr\u00e9server ce riche Patrimoine<\/b> <b>en r\u00e9habilitant des immeubles ou demeures<\/b> qui t\u00e9moignent de l\u2019extraordinaire pass\u00e9 de Monaco, <b>de style \u00ab\u00a0Belle Epoque\u00a0\u00bb ou \u00ab\u00a0N\u00e9o-classique\u00a0\u00bb notamment<\/b>, gr\u00e2ce \u00e0 sa <b>parfaite connaissance des <a title=\"M\u00e9tiers d\u2019Art\" href=\"https:\/\/jbpastoretfils.mc\/?page_id=51\" target=\"_self\" rel=\"noopener\">M\u00e9tiers d\u2019Art<\/a> du B\u00e2timent<\/b>, tout en am\u00e9liorant les performances \u00e9nerg\u00e9tiques et acoustiques des b\u00e2tis concern\u00e9s.<\/p>\n<p>Nos r\u00e9habilitations, parmi celles des Bureaux de la \u00ab\u00a0<a title=\"undefinedBarclays Wealth\" href=\"http:\/\/jbpastoretfils.mc\/?chantier=barclays-bank\" target=\"_self\" rel=\"noopener\">Barclays Wealth<\/a>\u00a0\u00bb, de la \u00ab\u00a0<a title=\"undefinedVilla Alexandre\" href=\"http:\/\/jbpastoretfils.mc\/?chantier=villa-alexandre\" target=\"_self\" rel=\"noopener\">Villa Alexandre<\/a>\u00a0\u00bb, \u00ab\u00a0<a title=\"undefinedVilla Lilly-Lou\" href=\"http:\/\/jbpastoretfils.mc\/?chantier=villa-lilly-lou\" target=\"_self\" rel=\"noopener\">Villa Lilly-Lou<\/a>\u00a0\u00bb, du \u00ab\u00a0<a title=\"undefined10 Rue des Remparts\" href=\"http:\/\/jbpastoretfils.mc\/?chantier=10-rue-des-remparts\" target=\"_self\" rel=\"noopener\">10 Rue des Remparts<\/a>\u00a0\u00bb, de la \u00ab\u00a0<a title=\"undefinedVilla Shangri-l\u00e0\" href=\"http:\/\/jbpastoretfils.mc\/?chantier=villa-shangri-la\" target=\"_self\" rel=\"noopener\">Villa Shangri-l\u00e0<\/a>\u00a0\u00bb, du \u00ab\u00a0<a title=\"undefined6 Rue Terrazzani\u00a0\" href=\"http:\/\/jbpastoretfils.mc\/?chantier=6-rue-terrazzani\" target=\"_self\" rel=\"noopener\">6 Rue Terrazzani\u00a0<\/a>\u00bb, du \u00ab\u00a0<a title=\"undefinedSaint-John\u2019s Court\" href=\"http:\/\/jbpastoretfils.mc\/?chantier=saint-johns-court\" target=\"_self\" rel=\"noopener\">Saint-John\u2019s Court<\/a>\u00a0\u00bb ou encore de la \u00ab\u00a0<a title=\"undefinedVilla Farniente\" href=\"http:\/\/jbpastoretfils.mc\/?chantier=villa-farniente\" target=\"_self\" rel=\"noopener\">Villa Farniente<\/a>\u00a0\u00bb d\u00e9montrent nos comp\u00e9tences en la mati\u00e8re. De plus, la transformation d\u2019un ancien H\u00f4tel en immeuble d\u2019Habitation pour la \u00ab\u00a0<a title=\"undefinedR\u00e9sidence Le Mirabeau\" href=\"http:\/\/jbpastoretfils.mc\/?chantier=le-mirabeau\" target=\"_self\" rel=\"noopener\">R\u00e9sidence Le Mirabeau<\/a>\u00a0\u00bb met \u00e9galement en lumi\u00e8re nos capacit\u00e9s en mati\u00e8re d\u2019am\u00e9nagements contemporains, dans l\u2019air du temps, pour satisfaire toutes les demandes de la Client\u00e8le ; exercice r\u00e9p\u00e9t\u00e9 dans le cadre de l&rsquo;op\u00e9ration \u00ab\u00a0<a title=\"undefinedLa Casina\" href=\"http:\/\/jbpastoretfils.mc\/?chantier=la-casina\" target=\"_self\" rel=\"noopener\">La Casina<\/a> \u00bb, \u00ab <a href=\"https:\/\/jbpastoretfils.mc\/?chantier=hotel-de-paris-3\">L&rsquo;H\u00f4tel de Paris<\/a> \u00bb, <a href=\"https:\/\/jbpastoretfils.mc\/?chantier=villa-farniente-ii\">\u00ab Villa Farniente II \u00bb<\/a>.<\/p>\n","protected":false},"excerpt":{"rendered":"<p>R\u00e9habilitation \u00e0 Monaco Le Patrimoine Architectural de la Principaut\u00e9 comprend de nombreux \u00e9difices d\u2019exception, empreints d\u2019Histoire\u00a0; notre Entreprise s\u2019attache \u00e0 pr\u00e9server ce riche Patrimoine en r\u00e9habilitant des immeubles ou demeures&#8230;<\/p>\n","protected":false},"author":1,"featured_media":0,"parent":53,"menu_order":26,"comment_status":"open","ping_status":"closed","template":"template-entreprise.php","meta":{"_acf_changed":false,"footnotes":""},"categories":[],"class_list":["post-399","page","type-page","status-publish","hentry"],"acf":[],"yoast_head":"<!-- This site is optimized with the Yoast SEO plugin v25.5 - https:\/\/yoast.com\/wordpress\/plugins\/seo\/ -->\n<title>R\u00e9habilitation - JB Pastor &amp; Fils - Monaco<\/title>\n<meta name=\"robots\" content=\"index, follow, max-snippet:-1, max-image-preview:large, max-video-preview:-1\" \/>\n<link rel=\"canonical\" href=\"https:\/\/jbpastoretfils.mc\/?page_id=399\" \/>\n<meta property=\"og:locale\" content=\"fr_FR\" \/>\n<meta property=\"og:type\" content=\"article\" \/>\n<meta property=\"og:title\" content=\"R\u00e9habilitation - JB Pastor &amp; Fils - Monaco\" \/>\n<meta property=\"og:description\" content=\"R\u00e9habilitation \u00e0 Monaco Le Patrimoine Architectural de la Principaut\u00e9 comprend de nombreux \u00e9difices d\u2019exception, empreints d\u2019Histoire\u00a0; notre Entreprise s\u2019attache \u00e0 pr\u00e9server ce riche Patrimoine en r\u00e9habilitant des immeubles ou demeures...\" \/>\n<meta property=\"og:url\" content=\"https:\/\/jbpastoretfils.mc\/?page_id=399\" \/>\n<meta property=\"og:site_name\" content=\"JB Pastor &amp; Fils - Monaco\" \/>\n<meta property=\"article:modified_time\" content=\"2023-03-13T15:55:34+00:00\" \/>\n<meta name=\"twitter:label1\" content=\"Dur\u00e9e de lecture estim\u00e9e\" \/>\n\t<meta name=\"twitter:data1\" content=\"1 minute\" \/>\n<script type=\"application\/ld+json\" class=\"yoast-schema-graph\">{\"@context\":\"https:\/\/schema.org\",\"@graph\":[{\"@type\":\"WebPage\",\"@id\":\"https:\/\/jbpastoretfils.mc\/?page_id=399\",\"url\":\"https:\/\/jbpastoretfils.mc\/?page_id=399\",\"name\":\"R\u00e9habilitation - JB Pastor &amp; Fils - Monaco\",\"isPartOf\":{\"@id\":\"https:\/\/jbpastoretfils.mc\/#website\"},\"datePublished\":\"2013-12-17T08:40:44+00:00\",\"dateModified\":\"2023-03-13T15:55:34+00:00\",\"breadcrumb\":{\"@id\":\"https:\/\/jbpastoretfils.mc\/?page_id=399#breadcrumb\"},\"inLanguage\":\"fr-FR\",\"potentialAction\":[{\"@type\":\"ReadAction\",\"target\":[\"https:\/\/jbpastoretfils.mc\/?page_id=399\"]}]},{\"@type\":\"BreadcrumbList\",\"@id\":\"https:\/\/jbpastoretfils.mc\/?page_id=399#breadcrumb\",\"itemListElement\":[{\"@type\":\"ListItem\",\"position\":1,\"name\":\"Accueil\",\"item\":\"https:\/\/jbpastoretfils.mc\/\"},{\"@type\":\"ListItem\",\"position\":2,\"name\":\"Nos Entreprises\",\"item\":\"https:\/\/jbpastoretfils.mc\/?page_id=4\"},{\"@type\":\"ListItem\",\"position\":3,\"name\":\"Activit\u00e9s\",\"item\":\"https:\/\/jbpastoretfils.mc\/?page_id=53\"},{\"@type\":\"ListItem\",\"position\":4,\"name\":\"R\u00e9habilitation\"}]},{\"@type\":\"WebSite\",\"@id\":\"https:\/\/jbpastoretfils.mc\/#website\",\"url\":\"https:\/\/jbpastoretfils.mc\/\",\"name\":\"JB Pastor &amp; Fils - Monaco\",\"description\":\"Construction Monaco\",\"potentialAction\":[{\"@type\":\"SearchAction\",\"target\":{\"@type\":\"EntryPoint\",\"urlTemplate\":\"https:\/\/jbpastoretfils.mc\/?s={search_term_string}\"},\"query-input\":{\"@type\":\"PropertyValueSpecification\",\"valueRequired\":true,\"valueName\":\"search_term_string\"}}],\"inLanguage\":\"fr-FR\"}]}<\/script>\n<!-- \/ Yoast SEO plugin. -->","yoast_head_json":{"title":"R\u00e9habilitation - JB Pastor &amp; Fils - Monaco","robots":{"index":"index","follow":"follow","max-snippet":"max-snippet:-1","max-image-preview":"max-image-preview:large","max-video-preview":"max-video-preview:-1"},"canonical":"https:\/\/jbpastoretfils.mc\/?page_id=399","og_locale":"fr_FR","og_type":"article","og_title":"R\u00e9habilitation - JB Pastor &amp; Fils - Monaco","og_description":"R\u00e9habilitation \u00e0 Monaco Le Patrimoine Architectural de la Principaut\u00e9 comprend de nombreux \u00e9difices d\u2019exception, empreints d\u2019Histoire\u00a0; notre Entreprise s\u2019attache \u00e0 pr\u00e9server ce riche Patrimoine en r\u00e9habilitant des immeubles ou demeures...","og_url":"https:\/\/jbpastoretfils.mc\/?page_id=399","og_site_name":"JB Pastor &amp; Fils - Monaco","article_modified_time":"2023-03-13T15:55:34+00:00","twitter_misc":{"Dur\u00e9e de lecture estim\u00e9e":"1 minute"},"schema":{"@context":"https:\/\/schema.org","@graph":[{"@type":"WebPage","@id":"https:\/\/jbpastoretfils.mc\/?page_id=399","url":"https:\/\/jbpastoretfils.mc\/?page_id=399","name":"R\u00e9habilitation - JB Pastor &amp; Fils - Monaco","isPartOf":{"@id":"https:\/\/jbpastoretfils.mc\/#website"},"datePublished":"2013-12-17T08:40:44+00:00","dateModified":"2023-03-13T15:55:34+00:00","breadcrumb":{"@id":"https:\/\/jbpastoretfils.mc\/?page_id=399#breadcrumb"},"inLanguage":"fr-FR","potentialAction":[{"@type":"ReadAction","target":["https:\/\/jbpastoretfils.mc\/?page_id=399"]}]},{"@type":"BreadcrumbList","@id":"https:\/\/jbpastoretfils.mc\/?page_id=399#breadcrumb","itemListElement":[{"@type":"ListItem","position":1,"name":"Accueil","item":"https:\/\/jbpastoretfils.mc\/"},{"@type":"ListItem","position":2,"name":"Nos Entreprises","item":"https:\/\/jbpastoretfils.mc\/?page_id=4"},{"@type":"ListItem","position":3,"name":"Activit\u00e9s","item":"https:\/\/jbpastoretfils.mc\/?page_id=53"},{"@type":"ListItem","position":4,"name":"R\u00e9habilitation"}]},{"@type":"WebSite","@id":"https:\/\/jbpastoretfils.mc\/#website","url":"https:\/\/jbpastoretfils.mc\/","name":"JB Pastor &amp; Fils - Monaco","description":"Construction Monaco","potentialAction":[{"@type":"SearchAction","target":{"@type":"EntryPoint","urlTemplate":"https:\/\/jbpastoretfils.mc\/?s={search_term_string}"},"query-input":{"@type":"PropertyValueSpecification","valueRequired":true,"valueName":"search_term_string"}}],"inLanguage":"fr-FR"}]}},"_links":{"self":[{"href":"https:\/\/jbpastoretfils.mc\/index.php?rest_route=\/wp\/v2\/pages\/399"}],"collection":[{"href":"https:\/\/jbpastoretfils.mc\/index.php?rest_route=\/wp\/v2\/pages"}],"about":[{"href":"https:\/\/jbpastoretfils.mc\/index.php?rest_route=\/wp\/v2\/types\/page"}],"author":[{"embeddable":true,"href":"https:\/\/jbpastoretfils.mc\/index.php?rest_route=\/wp\/v2\/users\/1"}],"replies":[{"embeddable":true,"href":"https:\/\/jbpastoretfils.mc\/index.php?rest_route=%2Fwp%2Fv2%2Fcomments&post=399"}],"version-history":[{"count":3,"href":"https:\/\/jbpastoretfils.mc\/index.php?rest_route=\/wp\/v2\/pages\/399\/revisions"}],"predecessor-version":[{"id":43990,"href":"https:\/\/jbpastoretfils.mc\/index.php?rest_route=\/wp\/v2\/pages\/399\/revisions\/43990"}],"up":[{"embeddable":true,"href":"https:\/\/jbpastoretfils.mc\/index.php?rest_route=\/wp\/v2\/pages\/53"}],"wp:attachment":[{"href":"https:\/\/jbpastoretfils.mc\/index.php?rest_route=%2Fwp%2Fv2%2Fmedia&parent=399"}],"wp:term":[{"taxonomy":"category","embeddable":true,"href":"https:\/\/jbpastoretfils.mc\/index.php?rest_route=%2Fwp%2Fv2%2Fcategories&post=399"}],"curies":[{"name":"wp","href":"https:\/\/api.w.org\/{rel}","templated":true}]}}