{"id":395,"date":"2013-12-17T09:37:57","date_gmt":"2013-12-17T08:37:57","guid":{"rendered":"http:\/\/jbpastoretfils.mc\/?page_id=395"},"modified":"2026-03-25T15:20:37","modified_gmt":"2026-03-25T14:20:37","slug":"maitrise-douvrage-deleguee","status":"publish","type":"page","link":"https:\/\/jbpastoretfils.mc\/?page_id=395","title":{"rendered":"Ma\u00eetrise d&rsquo;ouvrage d\u00e9l\u00e9gu\u00e9e"},"content":{"rendered":"<h1 style=\"text-align: left;\"><span style=\"font-size: 12pt;\">Ma\u00eetrise d&rsquo;Ouvrage D\u00e9l\u00e9gu\u00e9e \u00e0 Monaco<\/span><\/h1>\n<p><b>Notre Entreprise peut r\u00e9aliser en amont de tout chantier l\u2019\u00e9tude de march\u00e9, l\u2019analyse de faisabilit\u00e9 avec son \u00e9quipe d\u00e9di\u00e9e<\/b>\u00a0ou tout autre professionnel choisi de concert avec le Client, aux c\u00f4t\u00e9s d\u2019Architectes Mon\u00e9gasques.<\/p>\n<p>La S.A.M. des Entreprises J.B. PASTOR &amp; FILS assure la<b>\u00a0Ma\u00eetrise d\u2019Ouvrage D\u00e9l\u00e9gu\u00e9e de votre projet dans sa globalit\u00e9<\/b>\u00a0: objectifs, calendrier, budget, gestion d\u2019\u00e9ventuels prestataires tiers\u00a0; nous prenons en charge toute la logistique du projet.<\/p>\n<p>J.B. PASTOR et FILS est dot\u00e9e d&rsquo;un\u00a0<b>D\u00e9partement exclusivement d\u00e9di\u00e9 \u00e0 la Ma\u00eetrise d&rsquo;Ouvrage D\u00e9l\u00e9gu\u00e9e,<\/b>\u00a0dont l&rsquo;activit\u00e9 principale consiste \u00e0\u00a0<b>accompagner ses clients dans l&rsquo;acte de construire, depuis l&rsquo;origine du projet jusqu&rsquo;\u00e0 la remise des cl\u00e9s.<\/b><\/p>\n<p>Le D\u00e9partement est compos\u00e9 d\u2019<b>Architectes et <\/b><strong>d\u2019Ing\u00e9nieurs<\/strong> sous la Direction de\u00a0<b>St\u00e9phane CASTANO, Beno\u00eet BEGNIS et J\u00e9r\u00f4me LANTERI.<\/b><\/p>\n<p><b>L&rsquo;accompagnement du Client se d\u00e9roule en cinq phases, \u00e0 savoir :<\/b><\/p>\n<ul>\n<li><strong>La premi\u00e8re phase<\/strong> correspond \u00e0 l&rsquo;\u00e9tude de faisabilit\u00e9 et programmation en fonction des contraintes urbanistiques et \u00e9l\u00e9ments de programmation souhait\u00e9s par le Client.<\/li>\n<li><strong>La deuxi\u00e8me phase<\/strong> permet de constituer l&rsquo;\u00e9quipe de Ma\u00eetrise d&rsquo;\u0152uvre, de constituer\u00a0et de d\u00e9poser une Demande d\u2019autorisation de Permis de Construire aupr\u00e8s des Services Administratifs comp\u00e9tents\u00a0: montage du dossier administratif.<\/li>\n<li><strong>La troisi\u00e8me phase<\/strong> d\u00e9marre g\u00e9n\u00e9ralement en parall\u00e8le de la phase d&rsquo;instruction du Dossier de demande d\u2019autorisation de Construire et consiste au d\u00e9veloppement du Dossier de Consultation des Entreprises permettant d&rsquo;\u00e9tablir le co\u00fbt pour la r\u00e9alisation de l&rsquo;ouvrage\u00a0; de d\u00e9terminer le d\u00e9lai pr\u00e9cis imparti pour sa r\u00e9alisation et de pr\u00e9parer par anticipation le d\u00e9marrage des travaux.<\/li>\n<li><strong>La quatri\u00e8me phase<\/strong> est relative \u00e0 la construction de l&rsquo;ouvrage, int\u00e9gralement g\u00e9r\u00e9e et ma\u00eetris\u00e9e en interne avec l&rsquo;ensemble des diff\u00e9rents D\u00e9partements de l&rsquo;Entreprise, quelques sous-traitants scrupuleusement s\u00e9lectionn\u00e9s, entreprises prioritairement Mon\u00e9gasques et partenaires de J.B. PASTOR &amp; FILS.<\/li>\n<li><strong>La cinqui\u00e8me phase<\/strong> correspond \u00e0 la r\u00e9ception, la livraison de l\u2019ouvrage et la mise en place d\u2019un service de maintenance.<\/li>\n<\/ul>\n<p>Nous<b>\u00a0<\/b>avons r\u00e9alis\u00e9 en Ma\u00eetrise d\u2019Ouvrage D\u00e9l\u00e9gu\u00e9e\u00a0<b>de nombreuses op\u00e9rations\u00a0en Principaut\u00e9, publiques ou priv\u00e9es<\/b>, telles que : \u00ab <a title=\"undefinedLe Testimonio\" href=\"http:\/\/jbpastoretfils.mc\/?chantier=le-testimonio\" target=\"_self\" rel=\"noopener\">Le Testimonio<\/a>\u00a0\u00bb, \u00ab\u00a0<a title=\"undefinedLes Bougainvilliers\" href=\"http:\/\/jbpastoretfils.mc\/?chantier=les-bougainvilliers\" target=\"_self\" rel=\"noopener\">Les Bougainvilliers<\/a>\u00a0\u00bb, \u00ab\u00a0<a title=\"undefinedVilla l\u2019Echauguette\" href=\"http:\/\/jbpastoretfils.mc\/?chantier=villa-lechauguette\" target=\"_self\" rel=\"noopener\">Villa l\u2019Echauguette<\/a>\u00a0\u00bb, \u00ab\u00a0<a title=\"undefinedR\u00e9sidence Le Mirabeau\" href=\"http:\/\/jbpastoretfils.mc\/?chantier=le-mirabeau\" target=\"_self\" rel=\"noopener\">R\u00e9sidence Le Mirabeau<\/a>\u00a0\u00bb, \u00ab\u00a0<a title=\"undefinedVilla Laura\" href=\"http:\/\/jbpastoretfils.mc\/?chantier=villa-laura\" target=\"_self\" rel=\"noopener\">Villa Laura<\/a>\u00a0\u00bb, \u00ab<a title=\"undefined\u00a0Villa les Hirondelles\u00a0\" href=\"http:\/\/jbpastoretfils.mc\/?chantier=villa-les-hirondelles\" target=\"_self\" rel=\"noopener\">\u00a0Villa les Hirondelles\u00a0<\/a>\u00bb, \u00ab<a title=\"undefined\u00a0Villa Shangri-L\u00e0\" href=\"http:\/\/jbpastoretfils.mc\/?chantier=villa-shangri-la\" target=\"_self\" rel=\"noopener\">\u00a0Villa Shangri-L\u00e0<\/a>\u00a0\u00bb, \u00ab\u00a0<a title=\"undefined6 Rue Terrazzani\" href=\"http:\/\/jbpastoretfils.mc\/?chantier=6-rue-terrazzani\" target=\"_self\" rel=\"noopener\">6 Rue Terrazzani<\/a>\u00a0\u00bb, \u00ab\u00a0<a title=\"undefinedSaint-John\u2019s\u00a0Court\" href=\"http:\/\/jbpastoretfils.mc\/?chantier=saint-johns-court\" target=\"_self\" rel=\"noopener\">Saint-John\u2019s\u00a0Court<\/a>\u00a0\u00bb, \u00ab\u00a0<a title=\"undefinedVilla Devant\" href=\"http:\/\/jbpastoretfils.mc\/?chantier=villa-devant\" target=\"_self\" rel=\"noopener\">Villa Devant<\/a>\u00a0\u00bb, \u00ab\u00a0<a title=\"undefinedVilla Farniente\" href=\"http:\/\/jbpastoretfils.mc\/?chantier=villa-farniente\" target=\"_self\" rel=\"noopener\">Villa Farniente<\/a>\u00a0\u00bb, \u00ab\u00a0<a title=\"undefinedVilla Victoria\" href=\"http:\/\/jbpastoretfils.mc\/?chantier=8-boulevard-rainier-iii\" target=\"_self\" rel=\"noopener\">Villa Victoria<\/a>\u00a0\u00bb, \u00ab <a href=\"https:\/\/jbpastoretfils.mc\/?chantier=villa-rignon\">Villa Rignon <\/a>\u00bb , \u00ab <a href=\"https:\/\/jbpastoretfils.mc\/?chantier=synagogue\">Synagogue<\/a> \u00bb, \u00ab <a href=\"https:\/\/jbpastoretfils.mc\/?chantier=le-stella-villa-d\">Villa D<\/a> \u00bb, \u00ab <a href=\"https:\/\/jbpastoretfils.mc\/?chantier=les-cigognes-2\">Les Cigognes <\/a>\u00bb, la remarquable <a href=\"https:\/\/jbpastoretfils.mc\/?chantier=villa-troglodyte\">\u00ab Villa Troglodyte \u00bb<\/a>, \u00ab<a href=\"https:\/\/jbpastoretfils.mc\/?chantier=soleil-du-midi\"> Soleil du Midi<\/a> \u00bb&#8230;<\/p>\n<p><span style=\"line-height: 1.5em;\">\u00a0<\/span><\/p>\n","protected":false},"excerpt":{"rendered":"<p>Ma\u00eetrise d&rsquo;Ouvrage D\u00e9l\u00e9gu\u00e9e \u00e0 Monaco Notre Entreprise peut r\u00e9aliser en amont de tout chantier l\u2019\u00e9tude de march\u00e9, l\u2019analyse de faisabilit\u00e9 avec son \u00e9quipe d\u00e9di\u00e9e\u00a0ou tout autre professionnel choisi de concert&#8230;<\/p>\n","protected":false},"author":1,"featured_media":0,"parent":53,"menu_order":19,"comment_status":"open","ping_status":"closed","template":"template-entreprise.php","meta":{"_acf_changed":false,"footnotes":""},"categories":[],"class_list":["post-395","page","type-page","status-publish","hentry"],"acf":[],"yoast_head":"<!-- This site is optimized with the Yoast SEO plugin v25.5 - https:\/\/yoast.com\/wordpress\/plugins\/seo\/ -->\n<title>Ma\u00eetrise d&#039;ouvrage d\u00e9l\u00e9gu\u00e9e - JB Pastor &amp; Fils - Monaco<\/title>\n<meta name=\"robots\" content=\"index, follow, max-snippet:-1, max-image-preview:large, max-video-preview:-1\" \/>\n<link rel=\"canonical\" href=\"https:\/\/jbpastoretfils.mc\/?page_id=395\" \/>\n<meta property=\"og:locale\" content=\"fr_FR\" \/>\n<meta property=\"og:type\" content=\"article\" \/>\n<meta property=\"og:title\" content=\"Ma\u00eetrise d&#039;ouvrage d\u00e9l\u00e9gu\u00e9e - JB Pastor &amp; Fils - Monaco\" \/>\n<meta property=\"og:description\" content=\"Ma\u00eetrise d&rsquo;Ouvrage D\u00e9l\u00e9gu\u00e9e \u00e0 Monaco Notre Entreprise peut r\u00e9aliser en amont de tout chantier l\u2019\u00e9tude de march\u00e9, l\u2019analyse de faisabilit\u00e9 avec son \u00e9quipe d\u00e9di\u00e9e\u00a0ou tout autre professionnel choisi de concert...\" \/>\n<meta property=\"og:url\" content=\"https:\/\/jbpastoretfils.mc\/?page_id=395\" \/>\n<meta property=\"og:site_name\" content=\"JB Pastor &amp; Fils - Monaco\" \/>\n<meta property=\"article:modified_time\" content=\"2026-03-25T14:20:37+00:00\" \/>\n<meta name=\"twitter:label1\" content=\"Dur\u00e9e de lecture estim\u00e9e\" \/>\n\t<meta name=\"twitter:data1\" content=\"2 minutes\" \/>\n<script type=\"application\/ld+json\" class=\"yoast-schema-graph\">{\"@context\":\"https:\/\/schema.org\",\"@graph\":[{\"@type\":\"WebPage\",\"@id\":\"https:\/\/jbpastoretfils.mc\/?page_id=395\",\"url\":\"https:\/\/jbpastoretfils.mc\/?page_id=395\",\"name\":\"Ma\u00eetrise d'ouvrage d\u00e9l\u00e9gu\u00e9e - JB Pastor &amp; Fils - Monaco\",\"isPartOf\":{\"@id\":\"https:\/\/jbpastoretfils.mc\/#website\"},\"datePublished\":\"2013-12-17T08:37:57+00:00\",\"dateModified\":\"2026-03-25T14:20:37+00:00\",\"breadcrumb\":{\"@id\":\"https:\/\/jbpastoretfils.mc\/?page_id=395#breadcrumb\"},\"inLanguage\":\"fr-FR\",\"potentialAction\":[{\"@type\":\"ReadAction\",\"target\":[\"https:\/\/jbpastoretfils.mc\/?page_id=395\"]}]},{\"@type\":\"BreadcrumbList\",\"@id\":\"https:\/\/jbpastoretfils.mc\/?page_id=395#breadcrumb\",\"itemListElement\":[{\"@type\":\"ListItem\",\"position\":1,\"name\":\"Accueil\",\"item\":\"https:\/\/jbpastoretfils.mc\/\"},{\"@type\":\"ListItem\",\"position\":2,\"name\":\"Nos Entreprises\",\"item\":\"https:\/\/jbpastoretfils.mc\/?page_id=4\"},{\"@type\":\"ListItem\",\"position\":3,\"name\":\"Activit\u00e9s\",\"item\":\"https:\/\/jbpastoretfils.mc\/?page_id=53\"},{\"@type\":\"ListItem\",\"position\":4,\"name\":\"Ma\u00eetrise d&rsquo;ouvrage d\u00e9l\u00e9gu\u00e9e\"}]},{\"@type\":\"WebSite\",\"@id\":\"https:\/\/jbpastoretfils.mc\/#website\",\"url\":\"https:\/\/jbpastoretfils.mc\/\",\"name\":\"JB Pastor &amp; Fils - Monaco\",\"description\":\"Construction Monaco\",\"potentialAction\":[{\"@type\":\"SearchAction\",\"target\":{\"@type\":\"EntryPoint\",\"urlTemplate\":\"https:\/\/jbpastoretfils.mc\/?s={search_term_string}\"},\"query-input\":{\"@type\":\"PropertyValueSpecification\",\"valueRequired\":true,\"valueName\":\"search_term_string\"}}],\"inLanguage\":\"fr-FR\"}]}<\/script>\n<!-- \/ Yoast SEO plugin. -->","yoast_head_json":{"title":"Ma\u00eetrise d'ouvrage d\u00e9l\u00e9gu\u00e9e - JB Pastor &amp; Fils - Monaco","robots":{"index":"index","follow":"follow","max-snippet":"max-snippet:-1","max-image-preview":"max-image-preview:large","max-video-preview":"max-video-preview:-1"},"canonical":"https:\/\/jbpastoretfils.mc\/?page_id=395","og_locale":"fr_FR","og_type":"article","og_title":"Ma\u00eetrise d'ouvrage d\u00e9l\u00e9gu\u00e9e - JB Pastor &amp; Fils - Monaco","og_description":"Ma\u00eetrise d&rsquo;Ouvrage D\u00e9l\u00e9gu\u00e9e \u00e0 Monaco Notre Entreprise peut r\u00e9aliser en amont de tout chantier l\u2019\u00e9tude de march\u00e9, l\u2019analyse de faisabilit\u00e9 avec son \u00e9quipe d\u00e9di\u00e9e\u00a0ou tout autre professionnel choisi de concert...","og_url":"https:\/\/jbpastoretfils.mc\/?page_id=395","og_site_name":"JB Pastor &amp; Fils - Monaco","article_modified_time":"2026-03-25T14:20:37+00:00","twitter_misc":{"Dur\u00e9e de lecture estim\u00e9e":"2 minutes"},"schema":{"@context":"https:\/\/schema.org","@graph":[{"@type":"WebPage","@id":"https:\/\/jbpastoretfils.mc\/?page_id=395","url":"https:\/\/jbpastoretfils.mc\/?page_id=395","name":"Ma\u00eetrise d'ouvrage d\u00e9l\u00e9gu\u00e9e - JB Pastor &amp; Fils - Monaco","isPartOf":{"@id":"https:\/\/jbpastoretfils.mc\/#website"},"datePublished":"2013-12-17T08:37:57+00:00","dateModified":"2026-03-25T14:20:37+00:00","breadcrumb":{"@id":"https:\/\/jbpastoretfils.mc\/?page_id=395#breadcrumb"},"inLanguage":"fr-FR","potentialAction":[{"@type":"ReadAction","target":["https:\/\/jbpastoretfils.mc\/?page_id=395"]}]},{"@type":"BreadcrumbList","@id":"https:\/\/jbpastoretfils.mc\/?page_id=395#breadcrumb","itemListElement":[{"@type":"ListItem","position":1,"name":"Accueil","item":"https:\/\/jbpastoretfils.mc\/"},{"@type":"ListItem","position":2,"name":"Nos Entreprises","item":"https:\/\/jbpastoretfils.mc\/?page_id=4"},{"@type":"ListItem","position":3,"name":"Activit\u00e9s","item":"https:\/\/jbpastoretfils.mc\/?page_id=53"},{"@type":"ListItem","position":4,"name":"Ma\u00eetrise d&rsquo;ouvrage d\u00e9l\u00e9gu\u00e9e"}]},{"@type":"WebSite","@id":"https:\/\/jbpastoretfils.mc\/#website","url":"https:\/\/jbpastoretfils.mc\/","name":"JB Pastor &amp; Fils - Monaco","description":"Construction Monaco","potentialAction":[{"@type":"SearchAction","target":{"@type":"EntryPoint","urlTemplate":"https:\/\/jbpastoretfils.mc\/?s={search_term_string}"},"query-input":{"@type":"PropertyValueSpecification","valueRequired":true,"valueName":"search_term_string"}}],"inLanguage":"fr-FR"}]}},"_links":{"self":[{"href":"https:\/\/jbpastoretfils.mc\/index.php?rest_route=\/wp\/v2\/pages\/395"}],"collection":[{"href":"https:\/\/jbpastoretfils.mc\/index.php?rest_route=\/wp\/v2\/pages"}],"about":[{"href":"https:\/\/jbpastoretfils.mc\/index.php?rest_route=\/wp\/v2\/types\/page"}],"author":[{"embeddable":true,"href":"https:\/\/jbpastoretfils.mc\/index.php?rest_route=\/wp\/v2\/users\/1"}],"replies":[{"embeddable":true,"href":"https:\/\/jbpastoretfils.mc\/index.php?rest_route=%2Fwp%2Fv2%2Fcomments&post=395"}],"version-history":[{"count":9,"href":"https:\/\/jbpastoretfils.mc\/index.php?rest_route=\/wp\/v2\/pages\/395\/revisions"}],"predecessor-version":[{"id":50427,"href":"https:\/\/jbpastoretfils.mc\/index.php?rest_route=\/wp\/v2\/pages\/395\/revisions\/50427"}],"up":[{"embeddable":true,"href":"https:\/\/jbpastoretfils.mc\/index.php?rest_route=\/wp\/v2\/pages\/53"}],"wp:attachment":[{"href":"https:\/\/jbpastoretfils.mc\/index.php?rest_route=%2Fwp%2Fv2%2Fmedia&parent=395"}],"wp:term":[{"taxonomy":"category","embeddable":true,"href":"https:\/\/jbpastoretfils.mc\/index.php?rest_route=%2Fwp%2Fv2%2Fcategories&post=395"}],"curies":[{"name":"wp","href":"https:\/\/api.w.org\/{rel}","templated":true}]}}