{"id":391,"date":"2013-12-17T09:36:33","date_gmt":"2013-12-17T08:36:33","guid":{"rendered":"http:\/\/jbpastoretfils.mc\/?page_id=391"},"modified":"2023-03-13T16:42:56","modified_gmt":"2023-03-13T15:42:56","slug":"promotion-immobiliere","status":"publish","type":"page","link":"https:\/\/jbpastoretfils.mc\/?page_id=391","title":{"rendered":"Promotion immobili\u00e8re"},"content":{"rendered":"<h1 style=\"text-align: left;\"><span style=\"font-size: 12pt;\">Promotion Immobili\u00e8re \u00e0 Monaco<\/span><\/h1>\n<p>Notre connaissance du march\u00e9 immobilier, des aspects r\u00e9glementaires primordiaux dans notre m\u00e9tier de Promoteur ainsi que des moyens de financement font de la S.A.M. des Entreprises J.B. PASTOR &amp; FILS\u00a0<b>un acteur majeur de la Promotion Immobili\u00e8re en Principaut\u00e9.<\/b><\/p>\n<p><b>Nous sommes \u00e0 m\u00eame d\u2019\u00e9tudier tout projet de d\u00e9veloppement\u00a0<\/b>dans les diff\u00e9rents secteurs de la Principaut\u00e9, de nous engager dans des d\u00e9lais rapides sur des acquisitions de foncier et sans conditions, ma\u00eetrisant nos risques et les al\u00e9as.<\/p>\n<p>Les exemples de nos promotions immobili\u00e8res ne manquent pas \u00e0 Monaco : \u00ab\u00a0<a title=\"undefinedVilla Mimosa\" href=\"http:\/\/jbpastoretfils.mc\/?chantier=villa-mimosa\" target=\"_self\" rel=\"noopener noreferrer\">Villa Mimosa<\/a>\u00a0\u00bb, \u00ab\u00a0<a title=\"undefined2, Rue des Princes\" href=\"http:\/\/jbpastoretfils.mc\/?chantier=2-rue-des-princes\" target=\"_self\" rel=\"noopener noreferrer\">2, Rue des Princes<\/a>\u00a0\u00bb, \u00a0\u00ab\u00a0<a title=\"undefinedParador\" href=\"http:\/\/jbpastoretfils.mc\/?chantier=parador-1-2\" target=\"_self\" rel=\"noopener noreferrer\">Parador<\/a>\u00a0\u00bb, \u00ab\u00a0<a title=\"undefinedLe Prestige\" href=\"http:\/\/jbpastoretfils.mc\/?chantier=le-prestige\" target=\"_self\" rel=\"noopener noreferrer\">Le Prestige<\/a>\u00a0\u00bb, \u00ab\u00a0<a title=\"undefinedLe Splendido\" href=\"http:\/\/jbpastoretfils.mc\/?chantier=le-splendido\" target=\"_self\" rel=\"noopener noreferrer\">Le Splendido<\/a>\u00a0\u00bb, \u00ab\u00a0<a title=\"undefinedLe Victor Palace\" href=\"http:\/\/jbpastoretfils.mc\/?chantier=victor-palace\" target=\"_self\" rel=\"noopener noreferrer\">Le Victor Palace<\/a>\u00a0\u00bb, \u00ab\u00a0<a title=\"undefinedLes Hibiscus\" href=\"http:\/\/jbpastoretfils.mc\/?chantier=5-7-rue-malbousquet\" target=\"_self\" rel=\"noopener noreferrer\">Les Hibiscus<\/a>\u00a0\u00bb, \u00ab\u00a0<a title=\"undefinedLes Iris\u00a0\" href=\"http:\/\/jbpastoretfils.mc\/?chantier=25-rue-de-la-turbie\" target=\"_self\" rel=\"noopener noreferrer\">Les Iris\u00a0<\/a>\u00bb, \u00ab\u00a0<a title=\"undefinedLe Quai Kennedy\" href=\"http:\/\/jbpastoretfils.mc\/?chantier=quai-kennedy\" target=\"_self\" rel=\"noopener noreferrer\">Le Quai Kennedy<\/a>\u00a0\u00bb, \u00ab\u00a0<a title=\"undefinedLe Monator\" href=\"http:\/\/jbpastoretfils.mc\/?chantier=le-monator\" target=\"_self\" rel=\"noopener noreferrer\">Le Monator<\/a>\u00a0\u00bb, \u00ab\u00a0<a title=\"undefinedLe Simona\" href=\"http:\/\/jbpastoretfils.mc\/?chantier=le-simona\" target=\"_self\" rel=\"noopener noreferrer\">Le Simona<\/a>\u00a0\u00bb, \u00a0\u00ab\u00a0<a title=\"undefinedVilla Roccabella\u00a0\" href=\"http:\/\/jbpastoretfils.mc\/?chantier=villa-roccabella\" target=\"_self\" rel=\"noopener noreferrer\">Villa Roccabella\u00a0<\/a>\u00bb, \u00ab<a href=\"https:\/\/jbpastoretfils.mc\/?chantier=le-stella\">Le Stella<\/a> \u00bb,\u00a0 <a href=\"https:\/\/jbpastoretfils.mc\/?chantier=palais-de-plage\">\u00ab Palais de la Plage \u00bb<\/a>, <a href=\"https:\/\/jbpastoretfils.mc\/?chantier=palazzino\">\u00ab Villa Palazzino \u00bb<\/a>, <a href=\"https:\/\/jbpastoretfils.mc\/?chantier=villa-esmeralda\">\u00ab Villa Esmeralda \u00bb<\/a>, <a href=\"https:\/\/jbpastoretfils.mc\/?chantier=villa-portofino\">\u00abVilla Portofino \u00bb<\/a>.<\/p>\n<p><strong>N<\/strong><b>os projets en cours de d\u00e9veloppement sont nombreux et ambitieux, <a title=\"Chantiers\" href=\"https:\/\/jbpastoretfils.mc\/?page_id=10\">nos projets en cours de finalisation<\/a> sont tout aussi importants et t\u00e9moignent de notre fort dynamisme, de notre volont\u00e9 de continuer \u00e0 investir dans notre Pays et de participer \u00e0 son d\u00e9veloppement.<\/b><\/p>\n","protected":false},"excerpt":{"rendered":"<p>Promotion Immobili\u00e8re \u00e0 Monaco Notre connaissance du march\u00e9 immobilier, des aspects r\u00e9glementaires primordiaux dans notre m\u00e9tier de Promoteur ainsi que des moyens de financement font de la S.A.M. des Entreprises&#8230;<\/p>\n","protected":false},"author":1,"featured_media":0,"parent":53,"menu_order":16,"comment_status":"open","ping_status":"closed","template":"template-entreprise.php","meta":{"_acf_changed":false,"footnotes":""},"categories":[],"class_list":["post-391","page","type-page","status-publish","hentry"],"acf":[],"yoast_head":"<!-- This site is optimized with the Yoast SEO plugin v25.5 - https:\/\/yoast.com\/wordpress\/plugins\/seo\/ -->\n<title>Promoteur immobilier \u00e0 Monaco - J.B. Pastor &amp; Fils<\/title>\n<meta name=\"description\" content=\"La S.A.M. des Entreprises J.B. PASTOR &amp; FILS\u00a0un acteur majeur de la Promotion Immobili\u00e8re en Principaut\u00e9 - Promoteur immobilier \u00e0 Monaco\" \/>\n<meta name=\"robots\" content=\"index, follow, max-snippet:-1, max-image-preview:large, max-video-preview:-1\" \/>\n<link rel=\"canonical\" href=\"https:\/\/jbpastoretfils.mc\/?page_id=391\" \/>\n<meta property=\"og:locale\" content=\"fr_FR\" \/>\n<meta property=\"og:type\" content=\"article\" \/>\n<meta property=\"og:title\" content=\"Promoteur immobilier \u00e0 Monaco - J.B. Pastor &amp; Fils\" \/>\n<meta property=\"og:description\" content=\"La S.A.M. des Entreprises J.B. PASTOR &amp; FILS\u00a0un acteur majeur de la Promotion Immobili\u00e8re en Principaut\u00e9 - Promoteur immobilier \u00e0 Monaco\" \/>\n<meta property=\"og:url\" content=\"https:\/\/jbpastoretfils.mc\/?page_id=391\" \/>\n<meta property=\"og:site_name\" content=\"JB Pastor &amp; Fils - Monaco\" \/>\n<meta property=\"article:modified_time\" content=\"2023-03-13T15:42:56+00:00\" \/>\n<meta name=\"twitter:label1\" content=\"Dur\u00e9e de lecture estim\u00e9e\" \/>\n\t<meta name=\"twitter:data1\" content=\"1 minute\" \/>\n<script type=\"application\/ld+json\" class=\"yoast-schema-graph\">{\"@context\":\"https:\/\/schema.org\",\"@graph\":[{\"@type\":\"WebPage\",\"@id\":\"https:\/\/jbpastoretfils.mc\/?page_id=391\",\"url\":\"https:\/\/jbpastoretfils.mc\/?page_id=391\",\"name\":\"Promoteur immobilier \u00e0 Monaco - J.B. Pastor & Fils\",\"isPartOf\":{\"@id\":\"https:\/\/jbpastoretfils.mc\/#website\"},\"datePublished\":\"2013-12-17T08:36:33+00:00\",\"dateModified\":\"2023-03-13T15:42:56+00:00\",\"description\":\"La S.A.M. des Entreprises J.B. PASTOR & FILS\u00a0un acteur majeur de la Promotion Immobili\u00e8re en Principaut\u00e9 - Promoteur immobilier \u00e0 Monaco\",\"breadcrumb\":{\"@id\":\"https:\/\/jbpastoretfils.mc\/?page_id=391#breadcrumb\"},\"inLanguage\":\"fr-FR\",\"potentialAction\":[{\"@type\":\"ReadAction\",\"target\":[\"https:\/\/jbpastoretfils.mc\/?page_id=391\"]}]},{\"@type\":\"BreadcrumbList\",\"@id\":\"https:\/\/jbpastoretfils.mc\/?page_id=391#breadcrumb\",\"itemListElement\":[{\"@type\":\"ListItem\",\"position\":1,\"name\":\"Accueil\",\"item\":\"https:\/\/jbpastoretfils.mc\/\"},{\"@type\":\"ListItem\",\"position\":2,\"name\":\"Nos Entreprises\",\"item\":\"https:\/\/jbpastoretfils.mc\/?page_id=4\"},{\"@type\":\"ListItem\",\"position\":3,\"name\":\"Activit\u00e9s\",\"item\":\"https:\/\/jbpastoretfils.mc\/?page_id=53\"},{\"@type\":\"ListItem\",\"position\":4,\"name\":\"Promotion immobili\u00e8re\"}]},{\"@type\":\"WebSite\",\"@id\":\"https:\/\/jbpastoretfils.mc\/#website\",\"url\":\"https:\/\/jbpastoretfils.mc\/\",\"name\":\"JB Pastor &amp; Fils - Monaco\",\"description\":\"Construction Monaco\",\"potentialAction\":[{\"@type\":\"SearchAction\",\"target\":{\"@type\":\"EntryPoint\",\"urlTemplate\":\"https:\/\/jbpastoretfils.mc\/?s={search_term_string}\"},\"query-input\":{\"@type\":\"PropertyValueSpecification\",\"valueRequired\":true,\"valueName\":\"search_term_string\"}}],\"inLanguage\":\"fr-FR\"}]}<\/script>\n<!-- \/ Yoast SEO plugin. -->","yoast_head_json":{"title":"Promoteur immobilier \u00e0 Monaco - J.B. Pastor & Fils","description":"La S.A.M. des Entreprises J.B. PASTOR & FILS\u00a0un acteur majeur de la Promotion Immobili\u00e8re en Principaut\u00e9 - Promoteur immobilier \u00e0 Monaco","robots":{"index":"index","follow":"follow","max-snippet":"max-snippet:-1","max-image-preview":"max-image-preview:large","max-video-preview":"max-video-preview:-1"},"canonical":"https:\/\/jbpastoretfils.mc\/?page_id=391","og_locale":"fr_FR","og_type":"article","og_title":"Promoteur immobilier \u00e0 Monaco - J.B. Pastor & Fils","og_description":"La S.A.M. des Entreprises J.B. PASTOR & FILS\u00a0un acteur majeur de la Promotion Immobili\u00e8re en Principaut\u00e9 - Promoteur immobilier \u00e0 Monaco","og_url":"https:\/\/jbpastoretfils.mc\/?page_id=391","og_site_name":"JB Pastor &amp; Fils - Monaco","article_modified_time":"2023-03-13T15:42:56+00:00","twitter_misc":{"Dur\u00e9e de lecture estim\u00e9e":"1 minute"},"schema":{"@context":"https:\/\/schema.org","@graph":[{"@type":"WebPage","@id":"https:\/\/jbpastoretfils.mc\/?page_id=391","url":"https:\/\/jbpastoretfils.mc\/?page_id=391","name":"Promoteur immobilier \u00e0 Monaco - J.B. Pastor & Fils","isPartOf":{"@id":"https:\/\/jbpastoretfils.mc\/#website"},"datePublished":"2013-12-17T08:36:33+00:00","dateModified":"2023-03-13T15:42:56+00:00","description":"La S.A.M. des Entreprises J.B. PASTOR & FILS\u00a0un acteur majeur de la Promotion Immobili\u00e8re en Principaut\u00e9 - Promoteur immobilier \u00e0 Monaco","breadcrumb":{"@id":"https:\/\/jbpastoretfils.mc\/?page_id=391#breadcrumb"},"inLanguage":"fr-FR","potentialAction":[{"@type":"ReadAction","target":["https:\/\/jbpastoretfils.mc\/?page_id=391"]}]},{"@type":"BreadcrumbList","@id":"https:\/\/jbpastoretfils.mc\/?page_id=391#breadcrumb","itemListElement":[{"@type":"ListItem","position":1,"name":"Accueil","item":"https:\/\/jbpastoretfils.mc\/"},{"@type":"ListItem","position":2,"name":"Nos Entreprises","item":"https:\/\/jbpastoretfils.mc\/?page_id=4"},{"@type":"ListItem","position":3,"name":"Activit\u00e9s","item":"https:\/\/jbpastoretfils.mc\/?page_id=53"},{"@type":"ListItem","position":4,"name":"Promotion immobili\u00e8re"}]},{"@type":"WebSite","@id":"https:\/\/jbpastoretfils.mc\/#website","url":"https:\/\/jbpastoretfils.mc\/","name":"JB Pastor &amp; Fils - Monaco","description":"Construction Monaco","potentialAction":[{"@type":"SearchAction","target":{"@type":"EntryPoint","urlTemplate":"https:\/\/jbpastoretfils.mc\/?s={search_term_string}"},"query-input":{"@type":"PropertyValueSpecification","valueRequired":true,"valueName":"search_term_string"}}],"inLanguage":"fr-FR"}]}},"_links":{"self":[{"href":"https:\/\/jbpastoretfils.mc\/index.php?rest_route=\/wp\/v2\/pages\/391"}],"collection":[{"href":"https:\/\/jbpastoretfils.mc\/index.php?rest_route=\/wp\/v2\/pages"}],"about":[{"href":"https:\/\/jbpastoretfils.mc\/index.php?rest_route=\/wp\/v2\/types\/page"}],"author":[{"embeddable":true,"href":"https:\/\/jbpastoretfils.mc\/index.php?rest_route=\/wp\/v2\/users\/1"}],"replies":[{"embeddable":true,"href":"https:\/\/jbpastoretfils.mc\/index.php?rest_route=%2Fwp%2Fv2%2Fcomments&post=391"}],"version-history":[{"count":6,"href":"https:\/\/jbpastoretfils.mc\/index.php?rest_route=\/wp\/v2\/pages\/391\/revisions"}],"predecessor-version":[{"id":43982,"href":"https:\/\/jbpastoretfils.mc\/index.php?rest_route=\/wp\/v2\/pages\/391\/revisions\/43982"}],"up":[{"embeddable":true,"href":"https:\/\/jbpastoretfils.mc\/index.php?rest_route=\/wp\/v2\/pages\/53"}],"wp:attachment":[{"href":"https:\/\/jbpastoretfils.mc\/index.php?rest_route=%2Fwp%2Fv2%2Fmedia&parent=391"}],"wp:term":[{"taxonomy":"category","embeddable":true,"href":"https:\/\/jbpastoretfils.mc\/index.php?rest_route=%2Fwp%2Fv2%2Fcategories&post=391"}],"curies":[{"name":"wp","href":"https:\/\/api.w.org\/{rel}","templated":true}]}}