{"id":38671,"date":"2021-03-01T09:45:38","date_gmt":"2021-03-01T08:45:38","guid":{"rendered":"https:\/\/jbpastoretfils.mc\/?page_id=38671"},"modified":"2021-03-02T09:24:11","modified_gmt":"2021-03-02T08:24:11","slug":"esperanza-carmel","status":"publish","type":"page","link":"https:\/\/jbpastoretfils.mc\/?page_id=38671","title":{"rendered":"Esperanza Carmel"},"content":{"rendered":"<p><strong><a href=\"http:\/\/www.esperanzacarmel.com\">ESPERANZA CARMEL<\/a><\/strong><\/p>\n<p>Notre Groupe ouvre aujourd\u2019hui un nouveau chapitre de ses activit\u00e9s aux \u00c9tats-Unis, apr\u00e8s avoir fond\u00e9 <a href=\"http:\/\/www.esperanzacarmel.com\">ESPERANZA CARMEL<\/a> LLC en 2015, avec le souhait de r\u00e9aliser des op\u00e9rations de Promotion Immobili\u00e8re en Californie.<\/p>\n<p><a href=\"http:\/\/www.esperanzacarmel.com\">ESPERANZA CARMEL<\/a> LLC poss\u00e8de d\u00e9j\u00e0 un portefeuille, en perp\u00e9tuelle \u00e9volution, de propri\u00e9t\u00e9s destin\u00e9es \u00e0 l&rsquo;Investissement et \u00e0 la Promotion Immobili\u00e8re \u00e0 Carmel-by-the-Sea y compris des actifs r\u00e9sidentiels, \u00e0 usage mixte, de commerces et h\u00f4teliers.<\/p>\n<p>Trois projets sont actuellement en cours \u00e0 Carmel : une maison neuve, deux complexes de boutiques et r\u00e9sidentiel en plein centre-ville.<\/p>\n<p>Notre soci\u00e9t\u00e9 dirig\u00e9e par Messieurs Patrice Pastor et Christopher Mitchell collabore avec un grand nombre de consultants locaux de confiance. Un bureau est d\u00e9sormais ouvert sur site avec des moyens techniques.<\/p>\n<p>L\u2019objectif principal de notre entreprise est d\u2019\u00eatre proche du terrain, en \u00e9tant impliqu\u00e9s dans chaque aspect des projets avec une vision sur le long terme, \u00e0 l\u2019\u00e9coute des attentes des acteurs locaux et respectueux de l\u2019Histoire et de l\u2019Environnement uniques de Carmel.<\/p>\n<p><a href=\"https:\/\/jbpastoretfils.mc\/wp-content\/uploads\/2021\/03\/Esperance-Carmel-Logo.jpg\"><img loading=\"lazy\" decoding=\"async\" class=\"alignnone wp-image-38672\" src=\"https:\/\/jbpastoretfils.mc\/wp-content\/uploads\/2021\/03\/Esperance-Carmel-Logo-300x159.jpg\" alt=\"\" width=\"134\" height=\"76\" srcset=\"https:\/\/jbpastoretfils.mc\/wp-content\/uploads\/2021\/03\/Esperance-Carmel-Logo-517x295.jpg 517w, https:\/\/jbpastoretfils.mc\/wp-content\/uploads\/2021\/03\/Esperance-Carmel-Logo-200x113.jpg 200w\" sizes=\"(max-width: 134px) 100vw, 134px\" \/><\/a><\/p>\n","protected":false},"excerpt":{"rendered":"<p>ESPERANZA CARMEL Notre Groupe ouvre aujourd\u2019hui un nouveau chapitre de ses activit\u00e9s aux \u00c9tats-Unis, apr\u00e8s avoir fond\u00e9 ESPERANZA CARMEL LLC en 2015, avec le souhait de r\u00e9aliser des op\u00e9rations de&#8230;<\/p>\n","protected":false},"author":2,"featured_media":38694,"parent":14,"menu_order":103,"comment_status":"closed","ping_status":"closed","template":"template-groupepastor.php","meta":{"_acf_changed":false,"footnotes":""},"categories":[],"class_list":["post-38671","page","type-page","status-publish","has-post-thumbnail","hentry"],"acf":[],"yoast_head":"<!-- This site is optimized with the Yoast SEO plugin v25.5 - https:\/\/yoast.com\/wordpress\/plugins\/seo\/ -->\n<title>Esperanza Carmel - JB Pastor &amp; Fils - Monaco<\/title>\n<meta name=\"robots\" content=\"index, follow, max-snippet:-1, max-image-preview:large, max-video-preview:-1\" \/>\n<link rel=\"canonical\" href=\"https:\/\/jbpastoretfils.mc\/?page_id=38671\" \/>\n<meta property=\"og:locale\" content=\"fr_FR\" \/>\n<meta property=\"og:type\" content=\"article\" \/>\n<meta property=\"og:title\" content=\"Esperanza Carmel - JB Pastor &amp; Fils - Monaco\" \/>\n<meta property=\"og:description\" content=\"ESPERANZA CARMEL Notre Groupe ouvre aujourd\u2019hui un nouveau chapitre de ses activit\u00e9s aux \u00c9tats-Unis, apr\u00e8s avoir fond\u00e9 ESPERANZA CARMEL LLC en 2015, avec le souhait de r\u00e9aliser des op\u00e9rations de...\" \/>\n<meta property=\"og:url\" content=\"https:\/\/jbpastoretfils.mc\/?page_id=38671\" \/>\n<meta property=\"og:site_name\" content=\"JB Pastor &amp; Fils - Monaco\" \/>\n<meta property=\"article:modified_time\" content=\"2021-03-02T08:24:11+00:00\" \/>\n<meta property=\"og:image\" content=\"https:\/\/jbpastoretfils.mc\/wp-content\/uploads\/2021\/03\/vignette-ok-1.jpg\" \/>\n\t<meta property=\"og:image:width\" content=\"200\" \/>\n\t<meta property=\"og:image:height\" content=\"113\" \/>\n\t<meta property=\"og:image:type\" content=\"image\/jpeg\" \/>\n<meta name=\"twitter:label1\" content=\"Dur\u00e9e de lecture estim\u00e9e\" \/>\n\t<meta name=\"twitter:data1\" content=\"1 minute\" \/>\n<script type=\"application\/ld+json\" class=\"yoast-schema-graph\">{\"@context\":\"https:\/\/schema.org\",\"@graph\":[{\"@type\":\"WebPage\",\"@id\":\"https:\/\/jbpastoretfils.mc\/?page_id=38671\",\"url\":\"https:\/\/jbpastoretfils.mc\/?page_id=38671\",\"name\":\"Esperanza Carmel - JB Pastor &amp; Fils - Monaco\",\"isPartOf\":{\"@id\":\"https:\/\/jbpastoretfils.mc\/#website\"},\"primaryImageOfPage\":{\"@id\":\"https:\/\/jbpastoretfils.mc\/?page_id=38671#primaryimage\"},\"image\":{\"@id\":\"https:\/\/jbpastoretfils.mc\/?page_id=38671#primaryimage\"},\"thumbnailUrl\":\"https:\/\/jbpastoretfils.mc\/wp-content\/uploads\/2021\/03\/vignette-ok-1.jpg\",\"datePublished\":\"2021-03-01T08:45:38+00:00\",\"dateModified\":\"2021-03-02T08:24:11+00:00\",\"breadcrumb\":{\"@id\":\"https:\/\/jbpastoretfils.mc\/?page_id=38671#breadcrumb\"},\"inLanguage\":\"fr-FR\",\"potentialAction\":[{\"@type\":\"ReadAction\",\"target\":[\"https:\/\/jbpastoretfils.mc\/?page_id=38671\"]}]},{\"@type\":\"ImageObject\",\"inLanguage\":\"fr-FR\",\"@id\":\"https:\/\/jbpastoretfils.mc\/?page_id=38671#primaryimage\",\"url\":\"https:\/\/jbpastoretfils.mc\/wp-content\/uploads\/2021\/03\/vignette-ok-1.jpg\",\"contentUrl\":\"https:\/\/jbpastoretfils.mc\/wp-content\/uploads\/2021\/03\/vignette-ok-1.jpg\",\"width\":200,\"height\":113},{\"@type\":\"BreadcrumbList\",\"@id\":\"https:\/\/jbpastoretfils.mc\/?page_id=38671#breadcrumb\",\"itemListElement\":[{\"@type\":\"ListItem\",\"position\":1,\"name\":\"Accueil\",\"item\":\"https:\/\/jbpastoretfils.mc\/\"},{\"@type\":\"ListItem\",\"position\":2,\"name\":\"Groupe Pastor\",\"item\":\"https:\/\/jbpastoretfils.mc\/?page_id=14\"},{\"@type\":\"ListItem\",\"position\":3,\"name\":\"Esperanza Carmel\"}]},{\"@type\":\"WebSite\",\"@id\":\"https:\/\/jbpastoretfils.mc\/#website\",\"url\":\"https:\/\/jbpastoretfils.mc\/\",\"name\":\"JB Pastor &amp; Fils - Monaco\",\"description\":\"Construction Monaco\",\"potentialAction\":[{\"@type\":\"SearchAction\",\"target\":{\"@type\":\"EntryPoint\",\"urlTemplate\":\"https:\/\/jbpastoretfils.mc\/?s={search_term_string}\"},\"query-input\":{\"@type\":\"PropertyValueSpecification\",\"valueRequired\":true,\"valueName\":\"search_term_string\"}}],\"inLanguage\":\"fr-FR\"}]}<\/script>\n<!-- \/ Yoast SEO plugin. -->","yoast_head_json":{"title":"Esperanza Carmel - JB Pastor &amp; Fils - Monaco","robots":{"index":"index","follow":"follow","max-snippet":"max-snippet:-1","max-image-preview":"max-image-preview:large","max-video-preview":"max-video-preview:-1"},"canonical":"https:\/\/jbpastoretfils.mc\/?page_id=38671","og_locale":"fr_FR","og_type":"article","og_title":"Esperanza Carmel - JB Pastor &amp; Fils - Monaco","og_description":"ESPERANZA CARMEL Notre Groupe ouvre aujourd\u2019hui un nouveau chapitre de ses activit\u00e9s aux \u00c9tats-Unis, apr\u00e8s avoir fond\u00e9 ESPERANZA CARMEL LLC en 2015, avec le souhait de r\u00e9aliser des op\u00e9rations de...","og_url":"https:\/\/jbpastoretfils.mc\/?page_id=38671","og_site_name":"JB Pastor &amp; Fils - Monaco","article_modified_time":"2021-03-02T08:24:11+00:00","og_image":[{"width":200,"height":113,"url":"https:\/\/jbpastoretfils.mc\/wp-content\/uploads\/2021\/03\/vignette-ok-1.jpg","type":"image\/jpeg"}],"twitter_misc":{"Dur\u00e9e de lecture estim\u00e9e":"1 minute"},"schema":{"@context":"https:\/\/schema.org","@graph":[{"@type":"WebPage","@id":"https:\/\/jbpastoretfils.mc\/?page_id=38671","url":"https:\/\/jbpastoretfils.mc\/?page_id=38671","name":"Esperanza Carmel - JB Pastor &amp; Fils - Monaco","isPartOf":{"@id":"https:\/\/jbpastoretfils.mc\/#website"},"primaryImageOfPage":{"@id":"https:\/\/jbpastoretfils.mc\/?page_id=38671#primaryimage"},"image":{"@id":"https:\/\/jbpastoretfils.mc\/?page_id=38671#primaryimage"},"thumbnailUrl":"https:\/\/jbpastoretfils.mc\/wp-content\/uploads\/2021\/03\/vignette-ok-1.jpg","datePublished":"2021-03-01T08:45:38+00:00","dateModified":"2021-03-02T08:24:11+00:00","breadcrumb":{"@id":"https:\/\/jbpastoretfils.mc\/?page_id=38671#breadcrumb"},"inLanguage":"fr-FR","potentialAction":[{"@type":"ReadAction","target":["https:\/\/jbpastoretfils.mc\/?page_id=38671"]}]},{"@type":"ImageObject","inLanguage":"fr-FR","@id":"https:\/\/jbpastoretfils.mc\/?page_id=38671#primaryimage","url":"https:\/\/jbpastoretfils.mc\/wp-content\/uploads\/2021\/03\/vignette-ok-1.jpg","contentUrl":"https:\/\/jbpastoretfils.mc\/wp-content\/uploads\/2021\/03\/vignette-ok-1.jpg","width":200,"height":113},{"@type":"BreadcrumbList","@id":"https:\/\/jbpastoretfils.mc\/?page_id=38671#breadcrumb","itemListElement":[{"@type":"ListItem","position":1,"name":"Accueil","item":"https:\/\/jbpastoretfils.mc\/"},{"@type":"ListItem","position":2,"name":"Groupe Pastor","item":"https:\/\/jbpastoretfils.mc\/?page_id=14"},{"@type":"ListItem","position":3,"name":"Esperanza Carmel"}]},{"@type":"WebSite","@id":"https:\/\/jbpastoretfils.mc\/#website","url":"https:\/\/jbpastoretfils.mc\/","name":"JB Pastor &amp; Fils - Monaco","description":"Construction Monaco","potentialAction":[{"@type":"SearchAction","target":{"@type":"EntryPoint","urlTemplate":"https:\/\/jbpastoretfils.mc\/?s={search_term_string}"},"query-input":{"@type":"PropertyValueSpecification","valueRequired":true,"valueName":"search_term_string"}}],"inLanguage":"fr-FR"}]}},"_links":{"self":[{"href":"https:\/\/jbpastoretfils.mc\/index.php?rest_route=\/wp\/v2\/pages\/38671"}],"collection":[{"href":"https:\/\/jbpastoretfils.mc\/index.php?rest_route=\/wp\/v2\/pages"}],"about":[{"href":"https:\/\/jbpastoretfils.mc\/index.php?rest_route=\/wp\/v2\/types\/page"}],"author":[{"embeddable":true,"href":"https:\/\/jbpastoretfils.mc\/index.php?rest_route=\/wp\/v2\/users\/2"}],"replies":[{"embeddable":true,"href":"https:\/\/jbpastoretfils.mc\/index.php?rest_route=%2Fwp%2Fv2%2Fcomments&post=38671"}],"version-history":[{"count":5,"href":"https:\/\/jbpastoretfils.mc\/index.php?rest_route=\/wp\/v2\/pages\/38671\/revisions"}],"predecessor-version":[{"id":38718,"href":"https:\/\/jbpastoretfils.mc\/index.php?rest_route=\/wp\/v2\/pages\/38671\/revisions\/38718"}],"up":[{"embeddable":true,"href":"https:\/\/jbpastoretfils.mc\/index.php?rest_route=\/wp\/v2\/pages\/14"}],"wp:featuredmedia":[{"embeddable":true,"href":"https:\/\/jbpastoretfils.mc\/index.php?rest_route=\/wp\/v2\/media\/38694"}],"wp:attachment":[{"href":"https:\/\/jbpastoretfils.mc\/index.php?rest_route=%2Fwp%2Fv2%2Fmedia&parent=38671"}],"wp:term":[{"taxonomy":"category","embeddable":true,"href":"https:\/\/jbpastoretfils.mc\/index.php?rest_route=%2Fwp%2Fv2%2Fcategories&post=38671"}],"curies":[{"name":"wp","href":"https:\/\/api.w.org\/{rel}","templated":true}]}}