{"id":35,"date":"2013-09-04T13:47:40","date_gmt":"2013-09-04T12:47:40","guid":{"rendered":"http:\/\/jbpastoretfils.mc\/?page_id=35"},"modified":"2025-07-10T08:31:01","modified_gmt":"2025-07-10T07:31:01","slug":"pastor-immobilier","status":"publish","type":"page","link":"https:\/\/jbpastoretfils.mc\/?page_id=35","title":{"rendered":"Pastor Immobilier"},"content":{"rendered":"<h3>Avantages et privil\u00e8ges d&rsquo;une agence aux offres exclusives\u2026<\/h3>\n<p>L&rsquo;Agence Immobili\u00e8re Mon\u00e9gasque du GROUPE PASTOR, PASTOR IMMOBILIER, fait partie des agences incontournables de la Place de Monaco. Ici, les Futurs R\u00e9sidents viennent le plus souvent sur recommandation &#8211; le nom \u00ab\u00a0PASTOR\u00a0\u00bb agissant \u00e0 la mani\u00e8re d&rsquo;un Label qui garantit un accompagnement personnalis\u00e9 et une rigueur exemplaire.<\/p>\n<p>Si la gestion des immeubles PASTOR incombe \u00e0 la S.A.M. GROUPE PASTOR, toutes les nouvelles offres de Location sont quant \u00e0 elles g\u00e9r\u00e9es par notre Agence Immobili\u00e8re situ\u00e9e au 27 Avenue Princesse Grace \u00e0 Monaco.<\/p>\n<p>Comme toute autre agence immobili\u00e8re de la Principaut\u00e9, nous cherchons de nouveaux produits \u00e0 la Vente et \u00e0 la Location, mais avec l&rsquo;avantage d&rsquo;appartenir \u00e0 un Groupe au nom tr\u00e8s porteur\u00a0et avec la priorit\u00e9 et l&rsquo;exclusivit\u00e9 de tous ses biens immobiliers propos\u00e9s \u00e0 la Location.<b>\u00a0<\/b><\/p>\n<h3>Des services qui font la diff\u00e9rence\u2026<\/h3>\n<p>Tous nos appartements sont remis enti\u00e8rement \u00e0 neuf, \u00e0 chaque nouvelle location. PASTOR IMMOBILIER met un point d&rsquo;honneur \u00e0 conserver, tant au niveau des loyers, que des augmentations, des conditions raisonnables et personnalis\u00e9es. Notre Agence b\u00e9n\u00e9ficie d&rsquo;une tr\u00e8s bonne notori\u00e9t\u00e9 associ\u00e9e \u00e0 une image de s\u00e9rieux et de comp\u00e9tences r\u00e9elles.<\/p>\n<p>&nbsp;<\/p>\n<p><a href=\"http:\/\/jbpastoretfils.mc\/wp-content\/uploads\/2013\/09\/pastorimmo_fb.jpg\"><img loading=\"lazy\" decoding=\"async\" class=\"alignnone size-full wp-image-1550\" src=\"http:\/\/jbpastoretfils.mc\/wp-content\/uploads\/2013\/09\/pastorimmo_fb.jpg\" alt=\"pastorimmo_fb\" width=\"126\" height=\"68\" \/><\/a><\/p>\n","protected":false},"excerpt":{"rendered":"<p>Avantages et privil\u00e8ges d&rsquo;une agence aux offres exclusives\u2026 L&rsquo;Agence Immobili\u00e8re Mon\u00e9gasque du GROUPE PASTOR, PASTOR IMMOBILIER, fait partie des agences incontournables de la Place de Monaco. Ici, les Futurs R\u00e9sidents&#8230;<\/p>\n","protected":false},"author":1,"featured_media":1486,"parent":14,"menu_order":95,"comment_status":"open","ping_status":"closed","template":"template-groupepastor.php","meta":{"_acf_changed":false,"footnotes":""},"categories":[],"class_list":["post-35","page","type-page","status-publish","has-post-thumbnail","hentry"],"acf":[],"yoast_head":"<!-- This site is optimized with the Yoast SEO plugin v25.5 - https:\/\/yoast.com\/wordpress\/plugins\/seo\/ -->\n<title>Pastor Immobilier - JB Pastor &amp; Fils - Monaco<\/title>\n<meta name=\"robots\" content=\"index, follow, max-snippet:-1, max-image-preview:large, max-video-preview:-1\" \/>\n<link rel=\"canonical\" href=\"https:\/\/jbpastoretfils.mc\/?page_id=35\" \/>\n<meta property=\"og:locale\" content=\"fr_FR\" \/>\n<meta property=\"og:type\" content=\"article\" \/>\n<meta property=\"og:title\" content=\"Pastor Immobilier - JB Pastor &amp; Fils - Monaco\" \/>\n<meta property=\"og:description\" content=\"Avantages et privil\u00e8ges d&rsquo;une agence aux offres exclusives\u2026 L&rsquo;Agence Immobili\u00e8re Mon\u00e9gasque du GROUPE PASTOR, PASTOR IMMOBILIER, fait partie des agences incontournables de la Place de Monaco. Ici, les Futurs R\u00e9sidents...\" \/>\n<meta property=\"og:url\" content=\"https:\/\/jbpastoretfils.mc\/?page_id=35\" \/>\n<meta property=\"og:site_name\" content=\"JB Pastor &amp; Fils - Monaco\" \/>\n<meta property=\"article:modified_time\" content=\"2025-07-10T07:31:01+00:00\" \/>\n<meta property=\"og:image\" content=\"https:\/\/jbpastoretfils.mc\/wp-content\/uploads\/2013\/09\/logo_PI.jpg\" \/>\n\t<meta property=\"og:image:width\" content=\"200\" \/>\n\t<meta property=\"og:image:height\" content=\"113\" \/>\n\t<meta property=\"og:image:type\" content=\"image\/jpeg\" \/>\n<meta name=\"twitter:label1\" content=\"Dur\u00e9e de lecture estim\u00e9e\" \/>\n\t<meta name=\"twitter:data1\" content=\"2 minutes\" \/>\n<script type=\"application\/ld+json\" class=\"yoast-schema-graph\">{\"@context\":\"https:\/\/schema.org\",\"@graph\":[{\"@type\":\"WebPage\",\"@id\":\"https:\/\/jbpastoretfils.mc\/?page_id=35\",\"url\":\"https:\/\/jbpastoretfils.mc\/?page_id=35\",\"name\":\"Pastor Immobilier - JB Pastor &amp; Fils - Monaco\",\"isPartOf\":{\"@id\":\"https:\/\/jbpastoretfils.mc\/#website\"},\"primaryImageOfPage\":{\"@id\":\"https:\/\/jbpastoretfils.mc\/?page_id=35#primaryimage\"},\"image\":{\"@id\":\"https:\/\/jbpastoretfils.mc\/?page_id=35#primaryimage\"},\"thumbnailUrl\":\"https:\/\/jbpastoretfils.mc\/wp-content\/uploads\/2013\/09\/logo_PI.jpg\",\"datePublished\":\"2013-09-04T12:47:40+00:00\",\"dateModified\":\"2025-07-10T07:31:01+00:00\",\"breadcrumb\":{\"@id\":\"https:\/\/jbpastoretfils.mc\/?page_id=35#breadcrumb\"},\"inLanguage\":\"fr-FR\",\"potentialAction\":[{\"@type\":\"ReadAction\",\"target\":[\"https:\/\/jbpastoretfils.mc\/?page_id=35\"]}]},{\"@type\":\"ImageObject\",\"inLanguage\":\"fr-FR\",\"@id\":\"https:\/\/jbpastoretfils.mc\/?page_id=35#primaryimage\",\"url\":\"https:\/\/jbpastoretfils.mc\/wp-content\/uploads\/2013\/09\/logo_PI.jpg\",\"contentUrl\":\"https:\/\/jbpastoretfils.mc\/wp-content\/uploads\/2013\/09\/logo_PI.jpg\",\"width\":200,\"height\":113},{\"@type\":\"BreadcrumbList\",\"@id\":\"https:\/\/jbpastoretfils.mc\/?page_id=35#breadcrumb\",\"itemListElement\":[{\"@type\":\"ListItem\",\"position\":1,\"name\":\"Accueil\",\"item\":\"https:\/\/jbpastoretfils.mc\/\"},{\"@type\":\"ListItem\",\"position\":2,\"name\":\"Groupe Pastor\",\"item\":\"https:\/\/jbpastoretfils.mc\/?page_id=14\"},{\"@type\":\"ListItem\",\"position\":3,\"name\":\"Pastor Immobilier\"}]},{\"@type\":\"WebSite\",\"@id\":\"https:\/\/jbpastoretfils.mc\/#website\",\"url\":\"https:\/\/jbpastoretfils.mc\/\",\"name\":\"JB Pastor &amp; Fils - Monaco\",\"description\":\"Construction Monaco\",\"potentialAction\":[{\"@type\":\"SearchAction\",\"target\":{\"@type\":\"EntryPoint\",\"urlTemplate\":\"https:\/\/jbpastoretfils.mc\/?s={search_term_string}\"},\"query-input\":{\"@type\":\"PropertyValueSpecification\",\"valueRequired\":true,\"valueName\":\"search_term_string\"}}],\"inLanguage\":\"fr-FR\"}]}<\/script>\n<!-- \/ Yoast SEO plugin. -->","yoast_head_json":{"title":"Pastor Immobilier - JB Pastor &amp; Fils - Monaco","robots":{"index":"index","follow":"follow","max-snippet":"max-snippet:-1","max-image-preview":"max-image-preview:large","max-video-preview":"max-video-preview:-1"},"canonical":"https:\/\/jbpastoretfils.mc\/?page_id=35","og_locale":"fr_FR","og_type":"article","og_title":"Pastor Immobilier - JB Pastor &amp; Fils - Monaco","og_description":"Avantages et privil\u00e8ges d&rsquo;une agence aux offres exclusives\u2026 L&rsquo;Agence Immobili\u00e8re Mon\u00e9gasque du GROUPE PASTOR, PASTOR IMMOBILIER, fait partie des agences incontournables de la Place de Monaco. Ici, les Futurs R\u00e9sidents...","og_url":"https:\/\/jbpastoretfils.mc\/?page_id=35","og_site_name":"JB Pastor &amp; Fils - Monaco","article_modified_time":"2025-07-10T07:31:01+00:00","og_image":[{"width":200,"height":113,"url":"https:\/\/jbpastoretfils.mc\/wp-content\/uploads\/2013\/09\/logo_PI.jpg","type":"image\/jpeg"}],"twitter_misc":{"Dur\u00e9e de lecture estim\u00e9e":"2 minutes"},"schema":{"@context":"https:\/\/schema.org","@graph":[{"@type":"WebPage","@id":"https:\/\/jbpastoretfils.mc\/?page_id=35","url":"https:\/\/jbpastoretfils.mc\/?page_id=35","name":"Pastor Immobilier - JB Pastor &amp; Fils - Monaco","isPartOf":{"@id":"https:\/\/jbpastoretfils.mc\/#website"},"primaryImageOfPage":{"@id":"https:\/\/jbpastoretfils.mc\/?page_id=35#primaryimage"},"image":{"@id":"https:\/\/jbpastoretfils.mc\/?page_id=35#primaryimage"},"thumbnailUrl":"https:\/\/jbpastoretfils.mc\/wp-content\/uploads\/2013\/09\/logo_PI.jpg","datePublished":"2013-09-04T12:47:40+00:00","dateModified":"2025-07-10T07:31:01+00:00","breadcrumb":{"@id":"https:\/\/jbpastoretfils.mc\/?page_id=35#breadcrumb"},"inLanguage":"fr-FR","potentialAction":[{"@type":"ReadAction","target":["https:\/\/jbpastoretfils.mc\/?page_id=35"]}]},{"@type":"ImageObject","inLanguage":"fr-FR","@id":"https:\/\/jbpastoretfils.mc\/?page_id=35#primaryimage","url":"https:\/\/jbpastoretfils.mc\/wp-content\/uploads\/2013\/09\/logo_PI.jpg","contentUrl":"https:\/\/jbpastoretfils.mc\/wp-content\/uploads\/2013\/09\/logo_PI.jpg","width":200,"height":113},{"@type":"BreadcrumbList","@id":"https:\/\/jbpastoretfils.mc\/?page_id=35#breadcrumb","itemListElement":[{"@type":"ListItem","position":1,"name":"Accueil","item":"https:\/\/jbpastoretfils.mc\/"},{"@type":"ListItem","position":2,"name":"Groupe Pastor","item":"https:\/\/jbpastoretfils.mc\/?page_id=14"},{"@type":"ListItem","position":3,"name":"Pastor Immobilier"}]},{"@type":"WebSite","@id":"https:\/\/jbpastoretfils.mc\/#website","url":"https:\/\/jbpastoretfils.mc\/","name":"JB Pastor &amp; Fils - Monaco","description":"Construction Monaco","potentialAction":[{"@type":"SearchAction","target":{"@type":"EntryPoint","urlTemplate":"https:\/\/jbpastoretfils.mc\/?s={search_term_string}"},"query-input":{"@type":"PropertyValueSpecification","valueRequired":true,"valueName":"search_term_string"}}],"inLanguage":"fr-FR"}]}},"_links":{"self":[{"href":"https:\/\/jbpastoretfils.mc\/index.php?rest_route=\/wp\/v2\/pages\/35"}],"collection":[{"href":"https:\/\/jbpastoretfils.mc\/index.php?rest_route=\/wp\/v2\/pages"}],"about":[{"href":"https:\/\/jbpastoretfils.mc\/index.php?rest_route=\/wp\/v2\/types\/page"}],"author":[{"embeddable":true,"href":"https:\/\/jbpastoretfils.mc\/index.php?rest_route=\/wp\/v2\/users\/1"}],"replies":[{"embeddable":true,"href":"https:\/\/jbpastoretfils.mc\/index.php?rest_route=%2Fwp%2Fv2%2Fcomments&post=35"}],"version-history":[{"count":1,"href":"https:\/\/jbpastoretfils.mc\/index.php?rest_route=\/wp\/v2\/pages\/35\/revisions"}],"predecessor-version":[{"id":48309,"href":"https:\/\/jbpastoretfils.mc\/index.php?rest_route=\/wp\/v2\/pages\/35\/revisions\/48309"}],"up":[{"embeddable":true,"href":"https:\/\/jbpastoretfils.mc\/index.php?rest_route=\/wp\/v2\/pages\/14"}],"wp:featuredmedia":[{"embeddable":true,"href":"https:\/\/jbpastoretfils.mc\/index.php?rest_route=\/wp\/v2\/media\/1486"}],"wp:attachment":[{"href":"https:\/\/jbpastoretfils.mc\/index.php?rest_route=%2Fwp%2Fv2%2Fmedia&parent=35"}],"wp:term":[{"taxonomy":"category","embeddable":true,"href":"https:\/\/jbpastoretfils.mc\/index.php?rest_route=%2Fwp%2Fv2%2Fcategories&post=35"}],"curies":[{"name":"wp","href":"https:\/\/api.w.org\/{rel}","templated":true}]}}