{"id":3401,"date":"2013-09-04T13:47:09","date_gmt":"2013-09-04T12:47:09","guid":{"rendered":"http:\/\/jbpastoretfils.mc\/?page_id=3401"},"modified":"2024-10-01T14:35:59","modified_gmt":"2024-10-01T13:35:59","slug":"histoire","status":"publish","type":"page","link":"https:\/\/jbpastoretfils.mc\/?page_id=3401&lang=en","title":{"rendered":"History of the Group"},"content":{"rendered":"<p><strong>EARLY BEGINNINGS<\/strong><\/p>\n<p style=\"text-align: left;\">The GROUPE PASTOR \u00a0began life in 1920 with the creation of the eponymous company, J.B. PASTOR &amp; FILS by Jean-Baptiste PASTOR, which would later become in 1943 the Soci\u00e9t\u00e9 Anonyme Mon\u00e9gasque des Entreprises J.B. PASTOR &amp; FILS. The family-run company continued its development under the management of his son, Gildo PASTOR, assisted by his brother, Jean PASTOR who together over saw the creation of the \u201cLe Larvotto\u201d district within Monaco, which would become one of their greatest contributions to the business.<\/p>\n<h3><\/h3>\n<h3><b>Building the Group<\/b><\/h3>\n<p>Victor J.B. PASTOR, Gildo\u2019s son, created the family-run legal structure \u201cGROUPE PASTOR\u201d to ensure the future of his family and continue the work of his grandfather, Jean-Baptiste and his father, Gildo, supported by his cousins, Edmond and Jean-Antoine, Jean PASTOR\u2019s sons.<\/p>\n<p>Today, the GROUPE PASTOR, operating in Monaco since its inception.<\/p>\n<p>Comprised of fifteen property businesses and other various companies, the group employs about 1000 people, and owns a multitude of luxury apartments and commercial premises in the Principality of Monaco. Built by each generation, it continues to uphold and exemplify \u201cexcellence\u201d as its core value.<\/p>\n<h3><b>The range of GROUPE PASTOR\u2019s activities and skills is wide and diverse<\/b><\/h3>\n<ul>\n<li><b>Development &amp; construction &#8211; \u00a0Turnkey Solutions : <\/b>S.A.M. des Entreprises J.B. PASTOR &amp; FILS is the flagship company of GROUPE PASTOR, known for its professionalism, it designs and oversees exceptional works in Monaco and is renowned for the impeccable style of it buildings and timely completion of its projects thanks to its highly skilled workforce who show mastery in all the building trades.<\/li>\n<li><b><b>Real Estate Lettings, Management &amp; Sales : <\/b><\/b>The properties offered for rent, in both Monaco, consist of luxury properties only. The PASTOR IMMOBILIER agency complete the range of services by proposing the sale of luxury properties and investment advice to its clients. It is the perfect marriage that captures the need for tradition and innovation as well as expectation and satisfaction, allowing today GROUPE PASTOR\u2019s real estate agencie the chance to provide its customers with a new and bespoke experience.<\/li>\n<\/ul>\n<p>Patrice PASTOR, the son of Victor J.B. PASTOR, continue the family tradition, both in the Principality and abroad; contributing to the family\u2019s business and the illustrious \u00a0work already accomplished by the previous three generations of PASTOR family \u201cbuilders\u201d.<\/p>\n<p>&nbsp;<\/p>\n","protected":false},"excerpt":{"rendered":"<p>EARLY BEGINNINGS The GROUPE PASTOR \u00a0began life in 1920 with the creation of the eponymous company, J.B. PASTOR &amp; FILS by Jean-Baptiste PASTOR, which would later become in 1943 the&#8230;<\/p>\n","protected":false},"author":1,"featured_media":3060,"parent":3399,"menu_order":94,"comment_status":"open","ping_status":"closed","template":"template-groupepastor.php","meta":{"_acf_changed":false,"footnotes":""},"categories":[],"class_list":["post-3401","page","type-page","status-publish","has-post-thumbnail","hentry"],"acf":[],"yoast_head":"<!-- This site is optimized with the Yoast SEO plugin v25.5 - https:\/\/yoast.com\/wordpress\/plugins\/seo\/ -->\n<title>History of the Group - JB Pastor &amp; Fils - Monaco<\/title>\n<meta name=\"robots\" content=\"index, follow, max-snippet:-1, max-image-preview:large, max-video-preview:-1\" \/>\n<link rel=\"canonical\" href=\"https:\/\/jbpastoretfils.mc\/?page_id=3401&lang=en\" \/>\n<meta property=\"og:locale\" content=\"fr_FR\" \/>\n<meta property=\"og:type\" content=\"article\" \/>\n<meta property=\"og:title\" content=\"History of the Group - JB Pastor &amp; Fils - Monaco\" \/>\n<meta property=\"og:description\" content=\"EARLY BEGINNINGS The GROUPE PASTOR \u00a0began life in 1920 with the creation of the eponymous company, J.B. PASTOR &amp; FILS by Jean-Baptiste PASTOR, which would later become in 1943 the...\" \/>\n<meta property=\"og:url\" content=\"https:\/\/jbpastoretfils.mc\/?page_id=3401&amp;lang=en\" \/>\n<meta property=\"og:site_name\" content=\"JB Pastor &amp; Fils - Monaco\" \/>\n<meta property=\"article:modified_time\" content=\"2024-10-01T13:35:59+00:00\" \/>\n<meta property=\"og:image\" content=\"https:\/\/jbpastoretfils.mc\/wp-content\/uploads\/2013\/09\/logo_JBHisto.jpg\" \/>\n\t<meta property=\"og:image:width\" content=\"200\" \/>\n\t<meta property=\"og:image:height\" content=\"113\" \/>\n\t<meta property=\"og:image:type\" content=\"image\/jpeg\" \/>\n<meta name=\"twitter:label1\" content=\"Dur\u00e9e de lecture estim\u00e9e\" \/>\n\t<meta name=\"twitter:data1\" content=\"3 minutes\" \/>\n<script type=\"application\/ld+json\" class=\"yoast-schema-graph\">{\"@context\":\"https:\/\/schema.org\",\"@graph\":[{\"@type\":\"WebPage\",\"@id\":\"https:\/\/jbpastoretfils.mc\/?page_id=3401&lang=en\",\"url\":\"https:\/\/jbpastoretfils.mc\/?page_id=3401&lang=en\",\"name\":\"History of the Group - JB Pastor &amp; Fils - Monaco\",\"isPartOf\":{\"@id\":\"https:\/\/jbpastoretfils.mc\/#website\"},\"primaryImageOfPage\":{\"@id\":\"https:\/\/jbpastoretfils.mc\/?page_id=3401&lang=en#primaryimage\"},\"image\":{\"@id\":\"https:\/\/jbpastoretfils.mc\/?page_id=3401&lang=en#primaryimage\"},\"thumbnailUrl\":\"https:\/\/jbpastoretfils.mc\/wp-content\/uploads\/2013\/09\/logo_JBHisto.jpg\",\"datePublished\":\"2013-09-04T12:47:09+00:00\",\"dateModified\":\"2024-10-01T13:35:59+00:00\",\"breadcrumb\":{\"@id\":\"https:\/\/jbpastoretfils.mc\/?page_id=3401&lang=en#breadcrumb\"},\"inLanguage\":\"fr-FR\",\"potentialAction\":[{\"@type\":\"ReadAction\",\"target\":[\"https:\/\/jbpastoretfils.mc\/?page_id=3401&lang=en\"]}]},{\"@type\":\"ImageObject\",\"inLanguage\":\"fr-FR\",\"@id\":\"https:\/\/jbpastoretfils.mc\/?page_id=3401&lang=en#primaryimage\",\"url\":\"https:\/\/jbpastoretfils.mc\/wp-content\/uploads\/2013\/09\/logo_JBHisto.jpg\",\"contentUrl\":\"https:\/\/jbpastoretfils.mc\/wp-content\/uploads\/2013\/09\/logo_JBHisto.jpg\",\"width\":200,\"height\":113},{\"@type\":\"BreadcrumbList\",\"@id\":\"https:\/\/jbpastoretfils.mc\/?page_id=3401&lang=en#breadcrumb\",\"itemListElement\":[{\"@type\":\"ListItem\",\"position\":1,\"name\":\"Accueil\",\"item\":\"https:\/\/jbpastoretfils.mc\/\"},{\"@type\":\"ListItem\",\"position\":2,\"name\":\"The Pastor Group\",\"item\":\"https:\/\/jbpastoretfils.mc\/?page_id=3399&lang=en\"},{\"@type\":\"ListItem\",\"position\":3,\"name\":\"History of the Group\"}]},{\"@type\":\"WebSite\",\"@id\":\"https:\/\/jbpastoretfils.mc\/#website\",\"url\":\"https:\/\/jbpastoretfils.mc\/\",\"name\":\"JB Pastor &amp; Fils - Monaco\",\"description\":\"Construction Monaco\",\"potentialAction\":[{\"@type\":\"SearchAction\",\"target\":{\"@type\":\"EntryPoint\",\"urlTemplate\":\"https:\/\/jbpastoretfils.mc\/?s={search_term_string}\"},\"query-input\":{\"@type\":\"PropertyValueSpecification\",\"valueRequired\":true,\"valueName\":\"search_term_string\"}}],\"inLanguage\":\"fr-FR\"}]}<\/script>\n<!-- \/ Yoast SEO plugin. -->","yoast_head_json":{"title":"History of the Group - JB Pastor &amp; Fils - Monaco","robots":{"index":"index","follow":"follow","max-snippet":"max-snippet:-1","max-image-preview":"max-image-preview:large","max-video-preview":"max-video-preview:-1"},"canonical":"https:\/\/jbpastoretfils.mc\/?page_id=3401&lang=en","og_locale":"fr_FR","og_type":"article","og_title":"History of the Group - JB Pastor &amp; Fils - Monaco","og_description":"EARLY BEGINNINGS The GROUPE PASTOR \u00a0began life in 1920 with the creation of the eponymous company, J.B. PASTOR &amp; FILS by Jean-Baptiste PASTOR, which would later become in 1943 the...","og_url":"https:\/\/jbpastoretfils.mc\/?page_id=3401&lang=en","og_site_name":"JB Pastor &amp; Fils - Monaco","article_modified_time":"2024-10-01T13:35:59+00:00","og_image":[{"width":200,"height":113,"url":"https:\/\/jbpastoretfils.mc\/wp-content\/uploads\/2013\/09\/logo_JBHisto.jpg","type":"image\/jpeg"}],"twitter_misc":{"Dur\u00e9e de lecture estim\u00e9e":"3 minutes"},"schema":{"@context":"https:\/\/schema.org","@graph":[{"@type":"WebPage","@id":"https:\/\/jbpastoretfils.mc\/?page_id=3401&lang=en","url":"https:\/\/jbpastoretfils.mc\/?page_id=3401&lang=en","name":"History of the Group - JB Pastor &amp; Fils - Monaco","isPartOf":{"@id":"https:\/\/jbpastoretfils.mc\/#website"},"primaryImageOfPage":{"@id":"https:\/\/jbpastoretfils.mc\/?page_id=3401&lang=en#primaryimage"},"image":{"@id":"https:\/\/jbpastoretfils.mc\/?page_id=3401&lang=en#primaryimage"},"thumbnailUrl":"https:\/\/jbpastoretfils.mc\/wp-content\/uploads\/2013\/09\/logo_JBHisto.jpg","datePublished":"2013-09-04T12:47:09+00:00","dateModified":"2024-10-01T13:35:59+00:00","breadcrumb":{"@id":"https:\/\/jbpastoretfils.mc\/?page_id=3401&lang=en#breadcrumb"},"inLanguage":"fr-FR","potentialAction":[{"@type":"ReadAction","target":["https:\/\/jbpastoretfils.mc\/?page_id=3401&lang=en"]}]},{"@type":"ImageObject","inLanguage":"fr-FR","@id":"https:\/\/jbpastoretfils.mc\/?page_id=3401&lang=en#primaryimage","url":"https:\/\/jbpastoretfils.mc\/wp-content\/uploads\/2013\/09\/logo_JBHisto.jpg","contentUrl":"https:\/\/jbpastoretfils.mc\/wp-content\/uploads\/2013\/09\/logo_JBHisto.jpg","width":200,"height":113},{"@type":"BreadcrumbList","@id":"https:\/\/jbpastoretfils.mc\/?page_id=3401&lang=en#breadcrumb","itemListElement":[{"@type":"ListItem","position":1,"name":"Accueil","item":"https:\/\/jbpastoretfils.mc\/"},{"@type":"ListItem","position":2,"name":"The Pastor Group","item":"https:\/\/jbpastoretfils.mc\/?page_id=3399&lang=en"},{"@type":"ListItem","position":3,"name":"History of the Group"}]},{"@type":"WebSite","@id":"https:\/\/jbpastoretfils.mc\/#website","url":"https:\/\/jbpastoretfils.mc\/","name":"JB Pastor &amp; Fils - Monaco","description":"Construction Monaco","potentialAction":[{"@type":"SearchAction","target":{"@type":"EntryPoint","urlTemplate":"https:\/\/jbpastoretfils.mc\/?s={search_term_string}"},"query-input":{"@type":"PropertyValueSpecification","valueRequired":true,"valueName":"search_term_string"}}],"inLanguage":"fr-FR"}]}},"_links":{"self":[{"href":"https:\/\/jbpastoretfils.mc\/index.php?rest_route=\/wp\/v2\/pages\/3401"}],"collection":[{"href":"https:\/\/jbpastoretfils.mc\/index.php?rest_route=\/wp\/v2\/pages"}],"about":[{"href":"https:\/\/jbpastoretfils.mc\/index.php?rest_route=\/wp\/v2\/types\/page"}],"author":[{"embeddable":true,"href":"https:\/\/jbpastoretfils.mc\/index.php?rest_route=\/wp\/v2\/users\/1"}],"replies":[{"embeddable":true,"href":"https:\/\/jbpastoretfils.mc\/index.php?rest_route=%2Fwp%2Fv2%2Fcomments&post=3401"}],"version-history":[{"count":3,"href":"https:\/\/jbpastoretfils.mc\/index.php?rest_route=\/wp\/v2\/pages\/3401\/revisions"}],"predecessor-version":[{"id":46320,"href":"https:\/\/jbpastoretfils.mc\/index.php?rest_route=\/wp\/v2\/pages\/3401\/revisions\/46320"}],"up":[{"embeddable":true,"href":"https:\/\/jbpastoretfils.mc\/index.php?rest_route=\/wp\/v2\/pages\/3399"}],"wp:featuredmedia":[{"embeddable":true,"href":"https:\/\/jbpastoretfils.mc\/index.php?rest_route=\/wp\/v2\/media\/3060"}],"wp:attachment":[{"href":"https:\/\/jbpastoretfils.mc\/index.php?rest_route=%2Fwp%2Fv2%2Fmedia&parent=3401"}],"wp:term":[{"taxonomy":"category","embeddable":true,"href":"https:\/\/jbpastoretfils.mc\/index.php?rest_route=%2Fwp%2Fv2%2Fcategories&post=3401"}],"curies":[{"name":"wp","href":"https:\/\/api.w.org\/{rel}","templated":true}]}}