{"id":3308,"date":"2013-12-18T10:25:46","date_gmt":"2013-12-18T09:25:46","guid":{"rendered":"http:\/\/jbpastoretfils.mc\/?page_id=3308"},"modified":"2017-05-22T14:56:28","modified_gmt":"2017-05-22T13:56:28","slug":"genie-civil","status":"publish","type":"page","link":"https:\/\/jbpastoretfils.mc\/?page_id=3308&lang=en","title":{"rendered":"Civil Engineering"},"content":{"rendered":"<h1 style=\"text-align: left;\"><span style=\"font-size: 12pt;\">Civil Engineering in Monaco<\/span><\/h1>\n<p>Mastery of the most advanced techniques in the civil engineering fields allows S.A.M. des Entreprises J.B. PASTOR &amp; FILS to oversee worksites of all sizes, covering all the trades necessary to complete the project. The nature of the worksites requires expert knowledge and organisation due to the often built up areas in which the sites are located.<\/p>\n<p>Thanks to its civil engineering department, S.A.M. des Entreprises J.B. PASTOR &amp; FILS can design or manage any type of project.<\/p>\n<p>S.A.M. des Entreprises J.B. PASTOR &amp; FILS has carried out the following works in Monaco:<\/p>\n<ul>\n<li>Civil engineering works for the Upstream and Downstream Faces of the \u201cMonaco Western Downward Tunnel\u201d destined to receive plant rooms, the smoke extraction centre and the tunnel access ramps.<\/li>\n<li>Construction of several underground car parks for the State or within the framework of real estate development.<\/li>\n<li>Underpinning of existing underground car parks, such as the \u201cSporting d\u2019Et\u00e9\u201d located on the \u201cLarvotto peninsula\u201d, aimed at bringing this into compliance with current paraseismic regulations while keeping the said car park in partial operation.<\/li>\n<li>Several sections of the \u201cDorsale\u201d, works completed on the abandoned covered sections of the SNCF lines and allowing major road traffic crossing the Principality of Monaco to be sent underground, and the main transport operating company networks to be rerouted.<\/li>\n<li>Numerous works for drainage, collecting and treating rainwater (outlet channels, storm drains, etc.).<\/li>\n<li>Harbour works, including in particular the strengthening of the northern dock.<\/li>\n<li>Various roads and services and surface improvement works (squares, quays, etc.).<\/li>\n<li>Regular emergency interventions or repairs to existing works requiring flexibility and reactivity.<\/li>\n<\/ul>\n","protected":false},"excerpt":{"rendered":"<p>Civil Engineering in Monaco Mastery of the most advanced techniques in the civil engineering fields allows S.A.M. des Entreprises J.B. PASTOR &amp; FILS to oversee worksites of all sizes, covering&#8230;<\/p>\n","protected":false},"author":1,"featured_media":0,"parent":3299,"menu_order":49,"comment_status":"open","ping_status":"closed","template":"template-metiers.php","meta":{"_acf_changed":false,"footnotes":""},"categories":[],"class_list":["post-3308","page","type-page","status-publish","hentry"],"acf":[],"yoast_head":"<!-- This site is optimized with the Yoast SEO plugin v25.5 - https:\/\/yoast.com\/wordpress\/plugins\/seo\/ -->\n<title>Civil Engineering Monaco - J.B. PASTOR &amp; FILS<\/title>\n<meta name=\"description\" content=\"Une ma\u00eetrise des techniques les plus avanc\u00e9es en mati\u00e8re de G\u00e9nie Civil, de la soci\u00e9t\u00e9 S.A.M. des Entreprises J.B. PASTOR &amp; FILS\" \/>\n<meta name=\"robots\" content=\"index, follow, max-snippet:-1, max-image-preview:large, max-video-preview:-1\" \/>\n<link rel=\"canonical\" href=\"https:\/\/jbpastoretfils.mc\/?page_id=3308&lang=en\" \/>\n<meta property=\"og:locale\" content=\"fr_FR\" \/>\n<meta property=\"og:type\" content=\"article\" \/>\n<meta property=\"og:title\" content=\"Civil Engineering Monaco - J.B. PASTOR &amp; FILS\" \/>\n<meta property=\"og:description\" content=\"Une ma\u00eetrise des techniques les plus avanc\u00e9es en mati\u00e8re de G\u00e9nie Civil, de la soci\u00e9t\u00e9 S.A.M. des Entreprises J.B. PASTOR &amp; FILS\" \/>\n<meta property=\"og:url\" content=\"https:\/\/jbpastoretfils.mc\/?page_id=3308&amp;lang=en\" \/>\n<meta property=\"og:site_name\" content=\"JB Pastor &amp; Fils - Monaco\" \/>\n<meta property=\"article:modified_time\" content=\"2017-05-22T13:56:28+00:00\" \/>\n<meta name=\"twitter:label1\" content=\"Dur\u00e9e de lecture estim\u00e9e\" \/>\n\t<meta name=\"twitter:data1\" content=\"1 minute\" \/>\n<script type=\"application\/ld+json\" class=\"yoast-schema-graph\">{\"@context\":\"https:\/\/schema.org\",\"@graph\":[{\"@type\":\"WebPage\",\"@id\":\"https:\/\/jbpastoretfils.mc\/?page_id=3308&lang=en\",\"url\":\"https:\/\/jbpastoretfils.mc\/?page_id=3308&lang=en\",\"name\":\"Civil Engineering Monaco - J.B. PASTOR & FILS\",\"isPartOf\":{\"@id\":\"https:\/\/jbpastoretfils.mc\/#website\"},\"datePublished\":\"2013-12-18T09:25:46+00:00\",\"dateModified\":\"2017-05-22T13:56:28+00:00\",\"description\":\"Une ma\u00eetrise des techniques les plus avanc\u00e9es en mati\u00e8re de G\u00e9nie Civil, de la soci\u00e9t\u00e9 S.A.M. des Entreprises J.B. PASTOR & FILS\",\"breadcrumb\":{\"@id\":\"https:\/\/jbpastoretfils.mc\/?page_id=3308&lang=en#breadcrumb\"},\"inLanguage\":\"fr-FR\",\"potentialAction\":[{\"@type\":\"ReadAction\",\"target\":[\"https:\/\/jbpastoretfils.mc\/?page_id=3308&lang=en\"]}]},{\"@type\":\"BreadcrumbList\",\"@id\":\"https:\/\/jbpastoretfils.mc\/?page_id=3308&lang=en#breadcrumb\",\"itemListElement\":[{\"@type\":\"ListItem\",\"position\":1,\"name\":\"Accueil\",\"item\":\"https:\/\/jbpastoretfils.mc\/\"},{\"@type\":\"ListItem\",\"position\":2,\"name\":\"Trades\",\"item\":\"https:\/\/jbpastoretfils.mc\/?page_id=3298&lang=en\"},{\"@type\":\"ListItem\",\"position\":3,\"name\":\"General Contractors\",\"item\":\"https:\/\/jbpastoretfils.mc\/?page_id=3299&lang=en\"},{\"@type\":\"ListItem\",\"position\":4,\"name\":\"Civil Engineering\"}]},{\"@type\":\"WebSite\",\"@id\":\"https:\/\/jbpastoretfils.mc\/#website\",\"url\":\"https:\/\/jbpastoretfils.mc\/\",\"name\":\"JB Pastor &amp; Fils - Monaco\",\"description\":\"Construction Monaco\",\"potentialAction\":[{\"@type\":\"SearchAction\",\"target\":{\"@type\":\"EntryPoint\",\"urlTemplate\":\"https:\/\/jbpastoretfils.mc\/?s={search_term_string}\"},\"query-input\":{\"@type\":\"PropertyValueSpecification\",\"valueRequired\":true,\"valueName\":\"search_term_string\"}}],\"inLanguage\":\"fr-FR\"}]}<\/script>\n<!-- \/ Yoast SEO plugin. -->","yoast_head_json":{"title":"Civil Engineering Monaco - J.B. PASTOR & FILS","description":"Une ma\u00eetrise des techniques les plus avanc\u00e9es en mati\u00e8re de G\u00e9nie Civil, de la soci\u00e9t\u00e9 S.A.M. des Entreprises J.B. PASTOR & FILS","robots":{"index":"index","follow":"follow","max-snippet":"max-snippet:-1","max-image-preview":"max-image-preview:large","max-video-preview":"max-video-preview:-1"},"canonical":"https:\/\/jbpastoretfils.mc\/?page_id=3308&lang=en","og_locale":"fr_FR","og_type":"article","og_title":"Civil Engineering Monaco - J.B. PASTOR & FILS","og_description":"Une ma\u00eetrise des techniques les plus avanc\u00e9es en mati\u00e8re de G\u00e9nie Civil, de la soci\u00e9t\u00e9 S.A.M. des Entreprises J.B. PASTOR & FILS","og_url":"https:\/\/jbpastoretfils.mc\/?page_id=3308&lang=en","og_site_name":"JB Pastor &amp; Fils - Monaco","article_modified_time":"2017-05-22T13:56:28+00:00","twitter_misc":{"Dur\u00e9e de lecture estim\u00e9e":"1 minute"},"schema":{"@context":"https:\/\/schema.org","@graph":[{"@type":"WebPage","@id":"https:\/\/jbpastoretfils.mc\/?page_id=3308&lang=en","url":"https:\/\/jbpastoretfils.mc\/?page_id=3308&lang=en","name":"Civil Engineering Monaco - J.B. PASTOR & FILS","isPartOf":{"@id":"https:\/\/jbpastoretfils.mc\/#website"},"datePublished":"2013-12-18T09:25:46+00:00","dateModified":"2017-05-22T13:56:28+00:00","description":"Une ma\u00eetrise des techniques les plus avanc\u00e9es en mati\u00e8re de G\u00e9nie Civil, de la soci\u00e9t\u00e9 S.A.M. des Entreprises J.B. PASTOR & FILS","breadcrumb":{"@id":"https:\/\/jbpastoretfils.mc\/?page_id=3308&lang=en#breadcrumb"},"inLanguage":"fr-FR","potentialAction":[{"@type":"ReadAction","target":["https:\/\/jbpastoretfils.mc\/?page_id=3308&lang=en"]}]},{"@type":"BreadcrumbList","@id":"https:\/\/jbpastoretfils.mc\/?page_id=3308&lang=en#breadcrumb","itemListElement":[{"@type":"ListItem","position":1,"name":"Accueil","item":"https:\/\/jbpastoretfils.mc\/"},{"@type":"ListItem","position":2,"name":"Trades","item":"https:\/\/jbpastoretfils.mc\/?page_id=3298&lang=en"},{"@type":"ListItem","position":3,"name":"General Contractors","item":"https:\/\/jbpastoretfils.mc\/?page_id=3299&lang=en"},{"@type":"ListItem","position":4,"name":"Civil Engineering"}]},{"@type":"WebSite","@id":"https:\/\/jbpastoretfils.mc\/#website","url":"https:\/\/jbpastoretfils.mc\/","name":"JB Pastor &amp; Fils - Monaco","description":"Construction Monaco","potentialAction":[{"@type":"SearchAction","target":{"@type":"EntryPoint","urlTemplate":"https:\/\/jbpastoretfils.mc\/?s={search_term_string}"},"query-input":{"@type":"PropertyValueSpecification","valueRequired":true,"valueName":"search_term_string"}}],"inLanguage":"fr-FR"}]}},"_links":{"self":[{"href":"https:\/\/jbpastoretfils.mc\/index.php?rest_route=\/wp\/v2\/pages\/3308"}],"collection":[{"href":"https:\/\/jbpastoretfils.mc\/index.php?rest_route=\/wp\/v2\/pages"}],"about":[{"href":"https:\/\/jbpastoretfils.mc\/index.php?rest_route=\/wp\/v2\/types\/page"}],"author":[{"embeddable":true,"href":"https:\/\/jbpastoretfils.mc\/index.php?rest_route=\/wp\/v2\/users\/1"}],"replies":[{"embeddable":true,"href":"https:\/\/jbpastoretfils.mc\/index.php?rest_route=%2Fwp%2Fv2%2Fcomments&post=3308"}],"version-history":[{"count":0,"href":"https:\/\/jbpastoretfils.mc\/index.php?rest_route=\/wp\/v2\/pages\/3308\/revisions"}],"up":[{"embeddable":true,"href":"https:\/\/jbpastoretfils.mc\/index.php?rest_route=\/wp\/v2\/pages\/3299"}],"wp:attachment":[{"href":"https:\/\/jbpastoretfils.mc\/index.php?rest_route=%2Fwp%2Fv2%2Fmedia&parent=3308"}],"wp:term":[{"taxonomy":"category","embeddable":true,"href":"https:\/\/jbpastoretfils.mc\/index.php?rest_route=%2Fwp%2Fv2%2Fcategories&post=3308"}],"curies":[{"name":"wp","href":"https:\/\/api.w.org\/{rel}","templated":true}]}}