{"id":33,"date":"2013-09-04T13:47:27","date_gmt":"2013-09-04T12:47:27","guid":{"rendered":"http:\/\/jbpastoretfils.mc\/?page_id=33"},"modified":"2023-01-06T13:39:56","modified_gmt":"2023-01-06T12:39:56","slug":"groupe-pastor","status":"publish","type":"page","link":"https:\/\/jbpastoretfils.mc\/?page_id=33","title":{"rendered":"Groupe Pastor (Gestion)"},"content":{"rendered":"<h3><b style=\"font-size: 14px; line-height: 1.5em;\">Location &amp; Gestion\u00a0: services de qualit\u00e9 et prestations individualis\u00e9es\u2026<\/b><\/h3>\n<p>Aujourd&rsquo;hui, la notion de services est plus que jamais au c\u0153ur des pr\u00e9occupations\u00a0du GROUPE PASTOR. Du \u00ab\u00a0Quai Kennedy\u00a0\u00bb ou \u00ab\u00a0Le Simona\u00a0\u00bb, en passant par l&rsquo;ensemble des biens \u00e0 la location, pas moins d&rsquo;une cinquantaine d&#8217;employ\u00e9s \u0153uvrent jour apr\u00e8s jour \u00e0 la satisfaction de la Client\u00e8le. Nos immeubles sont dot\u00e9s de concierges, nettoyeurs, agents techniques, ma\u00eetre nageurs, jardiniers&#8230;<\/p>\n<p>Les appartements du GROUPE PASTOR assurent aux Locataires une stabilit\u00e9 avec des baux d&rsquo;une dur\u00e9e minimale de 3 ans ; une assistance est assum\u00e9e par les services techniques internes pour personnaliser les appartements. Nous prenons en consid\u00e9ration et \u00e9tudions toute demande particuli\u00e8re de R\u00e9novation ou de D\u00e9coration de la part de nos clients. Les travaux sont, \u00a0si possible, effectu\u00e9s par nos Entreprises, ce qui nous donne une garantie in fine de l&rsquo;ouvrage et de la transformation souhait\u00e9e\u00a0; dans le respect des r\u00e8gles de fonctionnement de nos Immeubles et dans les d\u00e9lais impartis.<\/p>\n<h3><b>La qualit\u00e9 de vie appliqu\u00e9e au locatif\u2026<\/b><b>\u00a0<\/b><\/h3>\n<p>En choisissant le GROUPE PASTOR, les Locataires et Futurs R\u00e9sidents sont assur\u00e9s d&rsquo;un suivi personnalis\u00e9 tout au long de leur recherche d&rsquo;appartement. Nous sommes tr\u00e8s vigilants sur l&rsquo;\u00e9tat de sortie des appartements. De la Location \u00e0 l\u2019Assistance technique, le GROUPE PASTOR vous offre une Qualit\u00e9 de Service unique.<\/p>\n<h3><b>Services communs \u00e0 la majorit\u00e9 des immeubles du Groupe\u2026<\/b><\/h3>\n<p>Au rang des services tr\u00e8s utiles au quotidien figurent la livraison de journaux \u00e0 la demande, les petits-d\u00e9jeuners viennoiseries ainsi que l&rsquo;acc\u00e8s r\u00e9serv\u00e9 \u00e0 une navette gratuite circulant dans Monaco intra-muros sans oublier le room service pour certains immeubles.<\/p>\n<h3><b>S\u00e9curit\u00e9\u2026<\/b><\/h3>\n<p>Le Groupe s&rsquo;est dot\u00e9 des meilleurs moyens technologiques en mati\u00e8re de surveillance \u00e9lectronique, afin de garantir sur l&rsquo;ensemble de ses immeubles, la s\u00e9curit\u00e9 des R\u00e9sidents.\u00a0De plus, des contr\u00f4les tr\u00e8s stricts sont effectu\u00e9s dans le cadre des livraisons dans les immeubles, afin de mesurer les flux entrants par le biais de nos Concierges.<\/p>\n<p>Seul le GROUPE PASTOR est capable de vous proposer des appartements de grand standing, portant sur des surfaces de 270m\u00b2 \u00e0 600 m\u00b2 en bord de Mer, offrant une vue imprenable sur Monaco !<\/p>\n<p>&nbsp;<\/p>\n<p><a href=\"http:\/\/jbpastoretfils.mc\/wp-content\/uploads\/2013\/09\/groupepastor_fb1.jpg\"><img loading=\"lazy\" decoding=\"async\" class=\"alignnone size-full wp-image-1534\" src=\"http:\/\/jbpastoretfils.mc\/wp-content\/uploads\/2013\/09\/groupepastor_fb1.jpg\" alt=\"groupepastor_fb\" width=\"126\" height=\"68\" \/><\/a><\/p>\n","protected":false},"excerpt":{"rendered":"<p>Location &amp; Gestion\u00a0: services de qualit\u00e9 et prestations individualis\u00e9es\u2026 Aujourd&rsquo;hui, la notion de services est plus que jamais au c\u0153ur des pr\u00e9occupations\u00a0du GROUPE PASTOR. Du \u00ab\u00a0Quai Kennedy\u00a0\u00bb ou \u00ab\u00a0Le Simona\u00a0\u00bb,&#8230;<\/p>\n","protected":false},"author":1,"featured_media":1488,"parent":14,"menu_order":99,"comment_status":"open","ping_status":"closed","template":"template-groupepastor.php","meta":{"_acf_changed":false,"footnotes":""},"categories":[],"class_list":["post-33","page","type-page","status-publish","has-post-thumbnail","hentry"],"acf":[],"yoast_head":"<!-- This site is optimized with the Yoast SEO plugin v25.5 - https:\/\/yoast.com\/wordpress\/plugins\/seo\/ -->\n<title>Groupe Pastor (Gestion) - JB Pastor &amp; Fils - Monaco<\/title>\n<meta name=\"robots\" content=\"index, follow, max-snippet:-1, max-image-preview:large, max-video-preview:-1\" \/>\n<link rel=\"canonical\" href=\"https:\/\/jbpastoretfils.mc\/?page_id=33\" \/>\n<meta property=\"og:locale\" content=\"fr_FR\" \/>\n<meta property=\"og:type\" content=\"article\" \/>\n<meta property=\"og:title\" content=\"Groupe Pastor (Gestion) - JB Pastor &amp; Fils - Monaco\" \/>\n<meta property=\"og:description\" content=\"Location &amp; Gestion\u00a0: services de qualit\u00e9 et prestations individualis\u00e9es\u2026 Aujourd&rsquo;hui, la notion de services est plus que jamais au c\u0153ur des pr\u00e9occupations\u00a0du GROUPE PASTOR. Du \u00ab\u00a0Quai Kennedy\u00a0\u00bb ou \u00ab\u00a0Le Simona\u00a0\u00bb,...\" \/>\n<meta property=\"og:url\" content=\"https:\/\/jbpastoretfils.mc\/?page_id=33\" \/>\n<meta property=\"og:site_name\" content=\"JB Pastor &amp; Fils - Monaco\" \/>\n<meta property=\"article:modified_time\" content=\"2023-01-06T12:39:56+00:00\" \/>\n<meta property=\"og:image\" content=\"https:\/\/jbpastoretfils.mc\/wp-content\/uploads\/2013\/09\/logo_GP.jpg\" \/>\n\t<meta property=\"og:image:width\" content=\"200\" \/>\n\t<meta property=\"og:image:height\" content=\"113\" \/>\n\t<meta property=\"og:image:type\" content=\"image\/jpeg\" \/>\n<meta name=\"twitter:label1\" content=\"Dur\u00e9e de lecture estim\u00e9e\" \/>\n\t<meta name=\"twitter:data1\" content=\"2 minutes\" \/>\n<script type=\"application\/ld+json\" class=\"yoast-schema-graph\">{\"@context\":\"https:\/\/schema.org\",\"@graph\":[{\"@type\":\"WebPage\",\"@id\":\"https:\/\/jbpastoretfils.mc\/?page_id=33\",\"url\":\"https:\/\/jbpastoretfils.mc\/?page_id=33\",\"name\":\"Groupe Pastor (Gestion) - JB Pastor &amp; Fils - Monaco\",\"isPartOf\":{\"@id\":\"https:\/\/jbpastoretfils.mc\/#website\"},\"primaryImageOfPage\":{\"@id\":\"https:\/\/jbpastoretfils.mc\/?page_id=33#primaryimage\"},\"image\":{\"@id\":\"https:\/\/jbpastoretfils.mc\/?page_id=33#primaryimage\"},\"thumbnailUrl\":\"https:\/\/jbpastoretfils.mc\/wp-content\/uploads\/2013\/09\/logo_GP.jpg\",\"datePublished\":\"2013-09-04T12:47:27+00:00\",\"dateModified\":\"2023-01-06T12:39:56+00:00\",\"breadcrumb\":{\"@id\":\"https:\/\/jbpastoretfils.mc\/?page_id=33#breadcrumb\"},\"inLanguage\":\"fr-FR\",\"potentialAction\":[{\"@type\":\"ReadAction\",\"target\":[\"https:\/\/jbpastoretfils.mc\/?page_id=33\"]}]},{\"@type\":\"ImageObject\",\"inLanguage\":\"fr-FR\",\"@id\":\"https:\/\/jbpastoretfils.mc\/?page_id=33#primaryimage\",\"url\":\"https:\/\/jbpastoretfils.mc\/wp-content\/uploads\/2013\/09\/logo_GP.jpg\",\"contentUrl\":\"https:\/\/jbpastoretfils.mc\/wp-content\/uploads\/2013\/09\/logo_GP.jpg\",\"width\":200,\"height\":113},{\"@type\":\"BreadcrumbList\",\"@id\":\"https:\/\/jbpastoretfils.mc\/?page_id=33#breadcrumb\",\"itemListElement\":[{\"@type\":\"ListItem\",\"position\":1,\"name\":\"Accueil\",\"item\":\"https:\/\/jbpastoretfils.mc\/\"},{\"@type\":\"ListItem\",\"position\":2,\"name\":\"Groupe Pastor\",\"item\":\"https:\/\/jbpastoretfils.mc\/?page_id=14\"},{\"@type\":\"ListItem\",\"position\":3,\"name\":\"Groupe Pastor (Gestion)\"}]},{\"@type\":\"WebSite\",\"@id\":\"https:\/\/jbpastoretfils.mc\/#website\",\"url\":\"https:\/\/jbpastoretfils.mc\/\",\"name\":\"JB Pastor &amp; Fils - Monaco\",\"description\":\"Construction Monaco\",\"potentialAction\":[{\"@type\":\"SearchAction\",\"target\":{\"@type\":\"EntryPoint\",\"urlTemplate\":\"https:\/\/jbpastoretfils.mc\/?s={search_term_string}\"},\"query-input\":{\"@type\":\"PropertyValueSpecification\",\"valueRequired\":true,\"valueName\":\"search_term_string\"}}],\"inLanguage\":\"fr-FR\"}]}<\/script>\n<!-- \/ Yoast SEO plugin. -->","yoast_head_json":{"title":"Groupe Pastor (Gestion) - JB Pastor &amp; Fils - Monaco","robots":{"index":"index","follow":"follow","max-snippet":"max-snippet:-1","max-image-preview":"max-image-preview:large","max-video-preview":"max-video-preview:-1"},"canonical":"https:\/\/jbpastoretfils.mc\/?page_id=33","og_locale":"fr_FR","og_type":"article","og_title":"Groupe Pastor (Gestion) - JB Pastor &amp; Fils - Monaco","og_description":"Location &amp; Gestion\u00a0: services de qualit\u00e9 et prestations individualis\u00e9es\u2026 Aujourd&rsquo;hui, la notion de services est plus que jamais au c\u0153ur des pr\u00e9occupations\u00a0du GROUPE PASTOR. Du \u00ab\u00a0Quai Kennedy\u00a0\u00bb ou \u00ab\u00a0Le Simona\u00a0\u00bb,...","og_url":"https:\/\/jbpastoretfils.mc\/?page_id=33","og_site_name":"JB Pastor &amp; Fils - Monaco","article_modified_time":"2023-01-06T12:39:56+00:00","og_image":[{"width":200,"height":113,"url":"https:\/\/jbpastoretfils.mc\/wp-content\/uploads\/2013\/09\/logo_GP.jpg","type":"image\/jpeg"}],"twitter_misc":{"Dur\u00e9e de lecture estim\u00e9e":"2 minutes"},"schema":{"@context":"https:\/\/schema.org","@graph":[{"@type":"WebPage","@id":"https:\/\/jbpastoretfils.mc\/?page_id=33","url":"https:\/\/jbpastoretfils.mc\/?page_id=33","name":"Groupe Pastor (Gestion) - JB Pastor &amp; Fils - Monaco","isPartOf":{"@id":"https:\/\/jbpastoretfils.mc\/#website"},"primaryImageOfPage":{"@id":"https:\/\/jbpastoretfils.mc\/?page_id=33#primaryimage"},"image":{"@id":"https:\/\/jbpastoretfils.mc\/?page_id=33#primaryimage"},"thumbnailUrl":"https:\/\/jbpastoretfils.mc\/wp-content\/uploads\/2013\/09\/logo_GP.jpg","datePublished":"2013-09-04T12:47:27+00:00","dateModified":"2023-01-06T12:39:56+00:00","breadcrumb":{"@id":"https:\/\/jbpastoretfils.mc\/?page_id=33#breadcrumb"},"inLanguage":"fr-FR","potentialAction":[{"@type":"ReadAction","target":["https:\/\/jbpastoretfils.mc\/?page_id=33"]}]},{"@type":"ImageObject","inLanguage":"fr-FR","@id":"https:\/\/jbpastoretfils.mc\/?page_id=33#primaryimage","url":"https:\/\/jbpastoretfils.mc\/wp-content\/uploads\/2013\/09\/logo_GP.jpg","contentUrl":"https:\/\/jbpastoretfils.mc\/wp-content\/uploads\/2013\/09\/logo_GP.jpg","width":200,"height":113},{"@type":"BreadcrumbList","@id":"https:\/\/jbpastoretfils.mc\/?page_id=33#breadcrumb","itemListElement":[{"@type":"ListItem","position":1,"name":"Accueil","item":"https:\/\/jbpastoretfils.mc\/"},{"@type":"ListItem","position":2,"name":"Groupe Pastor","item":"https:\/\/jbpastoretfils.mc\/?page_id=14"},{"@type":"ListItem","position":3,"name":"Groupe Pastor (Gestion)"}]},{"@type":"WebSite","@id":"https:\/\/jbpastoretfils.mc\/#website","url":"https:\/\/jbpastoretfils.mc\/","name":"JB Pastor &amp; Fils - Monaco","description":"Construction Monaco","potentialAction":[{"@type":"SearchAction","target":{"@type":"EntryPoint","urlTemplate":"https:\/\/jbpastoretfils.mc\/?s={search_term_string}"},"query-input":{"@type":"PropertyValueSpecification","valueRequired":true,"valueName":"search_term_string"}}],"inLanguage":"fr-FR"}]}},"_links":{"self":[{"href":"https:\/\/jbpastoretfils.mc\/index.php?rest_route=\/wp\/v2\/pages\/33"}],"collection":[{"href":"https:\/\/jbpastoretfils.mc\/index.php?rest_route=\/wp\/v2\/pages"}],"about":[{"href":"https:\/\/jbpastoretfils.mc\/index.php?rest_route=\/wp\/v2\/types\/page"}],"author":[{"embeddable":true,"href":"https:\/\/jbpastoretfils.mc\/index.php?rest_route=\/wp\/v2\/users\/1"}],"replies":[{"embeddable":true,"href":"https:\/\/jbpastoretfils.mc\/index.php?rest_route=%2Fwp%2Fv2%2Fcomments&post=33"}],"version-history":[{"count":1,"href":"https:\/\/jbpastoretfils.mc\/index.php?rest_route=\/wp\/v2\/pages\/33\/revisions"}],"predecessor-version":[{"id":43523,"href":"https:\/\/jbpastoretfils.mc\/index.php?rest_route=\/wp\/v2\/pages\/33\/revisions\/43523"}],"up":[{"embeddable":true,"href":"https:\/\/jbpastoretfils.mc\/index.php?rest_route=\/wp\/v2\/pages\/14"}],"wp:featuredmedia":[{"embeddable":true,"href":"https:\/\/jbpastoretfils.mc\/index.php?rest_route=\/wp\/v2\/media\/1488"}],"wp:attachment":[{"href":"https:\/\/jbpastoretfils.mc\/index.php?rest_route=%2Fwp%2Fv2%2Fmedia&parent=33"}],"wp:term":[{"taxonomy":"category","embeddable":true,"href":"https:\/\/jbpastoretfils.mc\/index.php?rest_route=%2Fwp%2Fv2%2Fcategories&post=33"}],"curies":[{"name":"wp","href":"https:\/\/api.w.org\/{rel}","templated":true}]}}