{"id":31,"date":"2013-09-04T13:47:09","date_gmt":"2013-09-04T12:47:09","guid":{"rendered":"http:\/\/jbpastoretfils.mc\/?page_id=31"},"modified":"2024-10-01T14:33:16","modified_gmt":"2024-10-01T13:33:16","slug":"histoire","status":"publish","type":"page","link":"https:\/\/jbpastoretfils.mc\/?page_id=31","title":{"rendered":"L&rsquo;Histoire d&rsquo;un Groupe"},"content":{"rendered":"<h3>L&rsquo;Histoire d&rsquo;un Groupe<\/h3>\n<p>Le point de d\u00e9part de la naissance du GROUPE PASTOR est la cr\u00e9ation de l\u2019Entreprise en nom personnel J.B. PASTOR &amp; FILS en 1920 par Jean-Baptiste PASTOR, devenue Soci\u00e9t\u00e9 Anonyme Mon\u00e9gasque des Entreprises J.B. PASTOR &amp; FILS le 30 juin 1943 \u00e0 son initiative. L\u2019Entreprise familiale a poursuivi son d\u00e9veloppement sous la direction de son Fils, Gildo PASTOR, assist\u00e9 de son Fr\u00e8re Jean PASTOR et le d\u00e9veloppement majeur de cette g\u00e9n\u00e9ration sera la construction d\u2019un nouveau quartier, \u00ab\u00a0Le Larvotto\u00a0\u00bb.<\/p>\n<h3><\/h3>\n<h3><b>La construction d\u2019un Groupe\u2026<\/b><\/h3>\n<p>Victor J.B. PASTOR, Fils de Gildo, a cr\u00e9\u00e9 la structure juridique familiale \u00ab\u00a0GROUPE PASTOR\u00a0\u00bb\u00a0pour assurer l\u2019avenir des siens et poursuivre l\u2019\u0153uvre de son Grand P\u00e8re, Jean-Baptiste et de son P\u00e8re, Gildo, \u00e9paul\u00e9 par ses cousins, Edmond et Jean-Antoine, Fils de Jean PASTOR.<\/p>\n<p>Le GROUPE PASTOR est pr\u00e9sent en Principaut\u00e9 depuis l&rsquo;origine. Une quinzaine d\u2019entreprises et de soci\u00e9t\u00e9s patrimoniales emploie environ 1000 personnes, propri\u00e9taires de nombreux immeubles, appartements de grand standing et de locaux commerciaux en Principaut\u00e9 de Monaco, construits par ses soins, avec comme ma\u00eetre mot \u00ab l\u2019excellence \u00bb.<\/p>\n<h3><b>L\u2019\u00e9ventail des activit\u00e9s et comp\u00e9tences du GROUPE PASTOR<br \/>\nest large et tr\u00e8s diversifi\u00e9\u2026<\/b><\/h3>\n<ul>\n<li><b>Promotion et Construction <\/b>:<b> <\/b>des solutions cl\u00e9s en mains\u2026<br \/>\nLa S.A.M. des Entreprises J.B. PASTOR &amp; FILS, entreprise phare du GROUPE PASTOR,\u00a0au professionnalisme reconnu r\u00e9alise des ouvrages d\u2019exception \u00e0 Monaco, r\u00e9put\u00e9e pour les finitions irr\u00e9prochables de ses r\u00e9sidences, le respect des d\u00e9lais gr\u00e2ce \u00e0 sa ma\u00eetrise de l\u2019ensemble des m\u00e9tiers du B\u00e2timent.<\/li>\n<li><b>Immobilier\u00a0<\/b>: location, gestion, vente\u2026<br \/>\nLes biens propos\u00e9s \u00e0 la location, \u00e0 Monaco sont uniquement des biens de prestige. PASTOR IMMOBILIER \u00e0 Monaco \u00e9toffe la palette de prestations offertes en proposant \u00e0 la vente des biens de standing mais aussi le service de Conseil en Investissement \u00e0 ses Clients. C\u2019est une parfaite relation entre tradition et innovation, exigence et satisfaction, qui permet aujourd\u2019hui \u00e0 l&rsquo;Agence du GROUPE PASTOR d\u2019offrir un autre regard sur l\u2019Immobilier \u00e0 sa Client\u00e8le\u2026<\/li>\n<\/ul>\n<p>Patrice PASTOR, Fils de Victor J.B. PASTOR, poursuit le d\u00e9veloppement familial en Principaut\u00e9, mais aussi au-del\u00e0 des fronti\u00e8res de Monaco, dans la continuit\u00e9 de l\u2019\u0153uvre accomplie par les trois g\u00e9n\u00e9rations pr\u00e9c\u00e9dentes de \u00ab B\u00e2tisseurs \u00bb de la Famille PASTOR.<\/p>\n","protected":false},"excerpt":{"rendered":"<p>L&rsquo;Histoire d&rsquo;un Groupe Le point de d\u00e9part de la naissance du GROUPE PASTOR est la cr\u00e9ation de l\u2019Entreprise en nom personnel J.B. PASTOR &amp; FILS en 1920 par Jean-Baptiste PASTOR,&#8230;<\/p>\n","protected":false},"author":1,"featured_media":1491,"parent":14,"menu_order":92,"comment_status":"open","ping_status":"closed","template":"template-groupepastor.php","meta":{"_acf_changed":false,"footnotes":""},"categories":[],"class_list":["post-31","page","type-page","status-publish","has-post-thumbnail","hentry"],"acf":[],"yoast_head":"<!-- This site is optimized with the Yoast SEO plugin v25.5 - https:\/\/yoast.com\/wordpress\/plugins\/seo\/ -->\n<title>L&#039;Histoire d&#039;un Groupe - JB Pastor &amp; Fils - Monaco<\/title>\n<meta name=\"robots\" content=\"index, follow, max-snippet:-1, max-image-preview:large, max-video-preview:-1\" \/>\n<link rel=\"canonical\" href=\"https:\/\/jbpastoretfils.mc\/?page_id=31\" \/>\n<meta property=\"og:locale\" content=\"fr_FR\" \/>\n<meta property=\"og:type\" content=\"article\" \/>\n<meta property=\"og:title\" content=\"L&#039;Histoire d&#039;un Groupe - JB Pastor &amp; Fils - Monaco\" \/>\n<meta property=\"og:description\" content=\"L&rsquo;Histoire d&rsquo;un Groupe Le point de d\u00e9part de la naissance du GROUPE PASTOR est la cr\u00e9ation de l\u2019Entreprise en nom personnel J.B. PASTOR &amp; FILS en 1920 par Jean-Baptiste PASTOR,...\" \/>\n<meta property=\"og:url\" content=\"https:\/\/jbpastoretfils.mc\/?page_id=31\" \/>\n<meta property=\"og:site_name\" content=\"JB Pastor &amp; Fils - Monaco\" \/>\n<meta property=\"article:modified_time\" content=\"2024-10-01T13:33:16+00:00\" \/>\n<meta property=\"og:image\" content=\"https:\/\/jbpastoretfils.mc\/wp-content\/uploads\/2013\/09\/logo_JBHisto.jpg\" \/>\n\t<meta property=\"og:image:width\" content=\"200\" \/>\n\t<meta property=\"og:image:height\" content=\"113\" \/>\n\t<meta property=\"og:image:type\" content=\"image\/jpeg\" \/>\n<meta name=\"twitter:label1\" content=\"Dur\u00e9e de lecture estim\u00e9e\" \/>\n\t<meta name=\"twitter:data1\" content=\"2 minutes\" \/>\n<script type=\"application\/ld+json\" class=\"yoast-schema-graph\">{\"@context\":\"https:\/\/schema.org\",\"@graph\":[{\"@type\":\"WebPage\",\"@id\":\"https:\/\/jbpastoretfils.mc\/?page_id=31\",\"url\":\"https:\/\/jbpastoretfils.mc\/?page_id=31\",\"name\":\"L'Histoire d'un Groupe - JB Pastor &amp; Fils - Monaco\",\"isPartOf\":{\"@id\":\"https:\/\/jbpastoretfils.mc\/#website\"},\"primaryImageOfPage\":{\"@id\":\"https:\/\/jbpastoretfils.mc\/?page_id=31#primaryimage\"},\"image\":{\"@id\":\"https:\/\/jbpastoretfils.mc\/?page_id=31#primaryimage\"},\"thumbnailUrl\":\"https:\/\/jbpastoretfils.mc\/wp-content\/uploads\/2013\/09\/logo_JBHisto.jpg\",\"datePublished\":\"2013-09-04T12:47:09+00:00\",\"dateModified\":\"2024-10-01T13:33:16+00:00\",\"breadcrumb\":{\"@id\":\"https:\/\/jbpastoretfils.mc\/?page_id=31#breadcrumb\"},\"inLanguage\":\"fr-FR\",\"potentialAction\":[{\"@type\":\"ReadAction\",\"target\":[\"https:\/\/jbpastoretfils.mc\/?page_id=31\"]}]},{\"@type\":\"ImageObject\",\"inLanguage\":\"fr-FR\",\"@id\":\"https:\/\/jbpastoretfils.mc\/?page_id=31#primaryimage\",\"url\":\"https:\/\/jbpastoretfils.mc\/wp-content\/uploads\/2013\/09\/logo_JBHisto.jpg\",\"contentUrl\":\"https:\/\/jbpastoretfils.mc\/wp-content\/uploads\/2013\/09\/logo_JBHisto.jpg\",\"width\":200,\"height\":113},{\"@type\":\"BreadcrumbList\",\"@id\":\"https:\/\/jbpastoretfils.mc\/?page_id=31#breadcrumb\",\"itemListElement\":[{\"@type\":\"ListItem\",\"position\":1,\"name\":\"Accueil\",\"item\":\"https:\/\/jbpastoretfils.mc\/\"},{\"@type\":\"ListItem\",\"position\":2,\"name\":\"Groupe Pastor\",\"item\":\"https:\/\/jbpastoretfils.mc\/?page_id=14\"},{\"@type\":\"ListItem\",\"position\":3,\"name\":\"L&rsquo;Histoire d&rsquo;un Groupe\"}]},{\"@type\":\"WebSite\",\"@id\":\"https:\/\/jbpastoretfils.mc\/#website\",\"url\":\"https:\/\/jbpastoretfils.mc\/\",\"name\":\"JB Pastor &amp; Fils - Monaco\",\"description\":\"Construction Monaco\",\"potentialAction\":[{\"@type\":\"SearchAction\",\"target\":{\"@type\":\"EntryPoint\",\"urlTemplate\":\"https:\/\/jbpastoretfils.mc\/?s={search_term_string}\"},\"query-input\":{\"@type\":\"PropertyValueSpecification\",\"valueRequired\":true,\"valueName\":\"search_term_string\"}}],\"inLanguage\":\"fr-FR\"}]}<\/script>\n<!-- \/ Yoast SEO plugin. -->","yoast_head_json":{"title":"L'Histoire d'un Groupe - JB Pastor &amp; Fils - Monaco","robots":{"index":"index","follow":"follow","max-snippet":"max-snippet:-1","max-image-preview":"max-image-preview:large","max-video-preview":"max-video-preview:-1"},"canonical":"https:\/\/jbpastoretfils.mc\/?page_id=31","og_locale":"fr_FR","og_type":"article","og_title":"L'Histoire d'un Groupe - JB Pastor &amp; Fils - Monaco","og_description":"L&rsquo;Histoire d&rsquo;un Groupe Le point de d\u00e9part de la naissance du GROUPE PASTOR est la cr\u00e9ation de l\u2019Entreprise en nom personnel J.B. PASTOR &amp; FILS en 1920 par Jean-Baptiste PASTOR,...","og_url":"https:\/\/jbpastoretfils.mc\/?page_id=31","og_site_name":"JB Pastor &amp; Fils - Monaco","article_modified_time":"2024-10-01T13:33:16+00:00","og_image":[{"width":200,"height":113,"url":"https:\/\/jbpastoretfils.mc\/wp-content\/uploads\/2013\/09\/logo_JBHisto.jpg","type":"image\/jpeg"}],"twitter_misc":{"Dur\u00e9e de lecture estim\u00e9e":"2 minutes"},"schema":{"@context":"https:\/\/schema.org","@graph":[{"@type":"WebPage","@id":"https:\/\/jbpastoretfils.mc\/?page_id=31","url":"https:\/\/jbpastoretfils.mc\/?page_id=31","name":"L'Histoire d'un Groupe - JB Pastor &amp; Fils - Monaco","isPartOf":{"@id":"https:\/\/jbpastoretfils.mc\/#website"},"primaryImageOfPage":{"@id":"https:\/\/jbpastoretfils.mc\/?page_id=31#primaryimage"},"image":{"@id":"https:\/\/jbpastoretfils.mc\/?page_id=31#primaryimage"},"thumbnailUrl":"https:\/\/jbpastoretfils.mc\/wp-content\/uploads\/2013\/09\/logo_JBHisto.jpg","datePublished":"2013-09-04T12:47:09+00:00","dateModified":"2024-10-01T13:33:16+00:00","breadcrumb":{"@id":"https:\/\/jbpastoretfils.mc\/?page_id=31#breadcrumb"},"inLanguage":"fr-FR","potentialAction":[{"@type":"ReadAction","target":["https:\/\/jbpastoretfils.mc\/?page_id=31"]}]},{"@type":"ImageObject","inLanguage":"fr-FR","@id":"https:\/\/jbpastoretfils.mc\/?page_id=31#primaryimage","url":"https:\/\/jbpastoretfils.mc\/wp-content\/uploads\/2013\/09\/logo_JBHisto.jpg","contentUrl":"https:\/\/jbpastoretfils.mc\/wp-content\/uploads\/2013\/09\/logo_JBHisto.jpg","width":200,"height":113},{"@type":"BreadcrumbList","@id":"https:\/\/jbpastoretfils.mc\/?page_id=31#breadcrumb","itemListElement":[{"@type":"ListItem","position":1,"name":"Accueil","item":"https:\/\/jbpastoretfils.mc\/"},{"@type":"ListItem","position":2,"name":"Groupe Pastor","item":"https:\/\/jbpastoretfils.mc\/?page_id=14"},{"@type":"ListItem","position":3,"name":"L&rsquo;Histoire d&rsquo;un Groupe"}]},{"@type":"WebSite","@id":"https:\/\/jbpastoretfils.mc\/#website","url":"https:\/\/jbpastoretfils.mc\/","name":"JB Pastor &amp; Fils - Monaco","description":"Construction Monaco","potentialAction":[{"@type":"SearchAction","target":{"@type":"EntryPoint","urlTemplate":"https:\/\/jbpastoretfils.mc\/?s={search_term_string}"},"query-input":{"@type":"PropertyValueSpecification","valueRequired":true,"valueName":"search_term_string"}}],"inLanguage":"fr-FR"}]}},"_links":{"self":[{"href":"https:\/\/jbpastoretfils.mc\/index.php?rest_route=\/wp\/v2\/pages\/31"}],"collection":[{"href":"https:\/\/jbpastoretfils.mc\/index.php?rest_route=\/wp\/v2\/pages"}],"about":[{"href":"https:\/\/jbpastoretfils.mc\/index.php?rest_route=\/wp\/v2\/types\/page"}],"author":[{"embeddable":true,"href":"https:\/\/jbpastoretfils.mc\/index.php?rest_route=\/wp\/v2\/users\/1"}],"replies":[{"embeddable":true,"href":"https:\/\/jbpastoretfils.mc\/index.php?rest_route=%2Fwp%2Fv2%2Fcomments&post=31"}],"version-history":[{"count":4,"href":"https:\/\/jbpastoretfils.mc\/index.php?rest_route=\/wp\/v2\/pages\/31\/revisions"}],"predecessor-version":[{"id":46318,"href":"https:\/\/jbpastoretfils.mc\/index.php?rest_route=\/wp\/v2\/pages\/31\/revisions\/46318"}],"up":[{"embeddable":true,"href":"https:\/\/jbpastoretfils.mc\/index.php?rest_route=\/wp\/v2\/pages\/14"}],"wp:featuredmedia":[{"embeddable":true,"href":"https:\/\/jbpastoretfils.mc\/index.php?rest_route=\/wp\/v2\/media\/1491"}],"wp:attachment":[{"href":"https:\/\/jbpastoretfils.mc\/index.php?rest_route=%2Fwp%2Fv2%2Fmedia&parent=31"}],"wp:term":[{"taxonomy":"category","embeddable":true,"href":"https:\/\/jbpastoretfils.mc\/index.php?rest_route=%2Fwp%2Fv2%2Fcategories&post=31"}],"curies":[{"name":"wp","href":"https:\/\/api.w.org\/{rel}","templated":true}]}}