{"id":29,"date":"2013-09-04T13:46:58","date_gmt":"2013-09-04T12:46:58","guid":{"rendered":"http:\/\/jbpastoretfils.mc\/?page_id=29"},"modified":"2017-10-30T15:32:07","modified_gmt":"2017-10-30T14:32:07","slug":"principaute-de-monaco","status":"publish","type":"page","link":"https:\/\/jbpastoretfils.mc\/?page_id=29","title":{"rendered":"Principaut\u00e9 de Monaco"},"content":{"rendered":"<h3><b>Rep\u00e8res historiques\u2026<\/b><\/h3>\n<p>La Principaut\u00e9 de Monaco est gouvern\u00e9e par la Dynastie des Grimaldi depuis 1297.<\/p>\n<p>Sa Souverainet\u00e9 a \u00e9t\u00e9 officiellement reconnue dans un trait\u00e9 Franco-Mon\u00e9gasque sign\u00e9 en 1961. C\u2019est avec la cr\u00e9ation de \u00ab\u00a0Monte-Carlo\u00a0\u00bb, sur le \u00ab\u00a0Plateau des Sp\u00e9lugues\u00a0\u00bb, en 1860, que Monaco conna\u00eet un formidable essor et d\u00e9veloppe peu \u00e0 peu sa r\u00e9putation et sa vocation internationale.<\/p>\n<h3><b>Le Prince B\u00e2tisseur\u2026<\/b><\/h3>\n<p>Le r\u00e8gne du Prince Rainier III, qui acc\u00e8de au tr\u00f4ne en 1949, va acc\u00e9l\u00e9rer de fa\u00e7on spectaculaire l\u2019\u00e9volution \u00e9conomique et immobili\u00e8re de la Principaut\u00e9. Le \u00ab\u00a0Prince B\u00e2tisseur\u00a0\u00bb, tout en maintenant l\u2019important activit\u00e9 maritime de Monaco, m\u00e8ne une politique de grands travaux et de lourds investissements \u00e0 la fois respectueuse de la tradition locale et adapt\u00e9e \u00e0 l&rsquo;\u00e9volution du XX<sup>e<\/sup> si\u00e8cle permettant ainsi \u00e0 Monaco de prendre toute sa dimension, sur la base d&rsquo;un v\u00e9ritable Etat souverain.<\/p>\n<p>En 2005, l&rsquo;av\u00e8nement de S.A.S. le Prince Albert II, particuli\u00e8rement sensible \u00e0 la Cause Humanitaire et \u00e0 l&rsquo;Environnement, marque le d\u00e9part d&rsquo;une nouvelle \u00e8re.<\/p>\n<h3><b>La dynamique de l&rsquo;Economie\u2026<\/b><\/h3>\n<p>Fond\u00e9e sur le Tourisme de Luxe et l&rsquo;\u00e9lan industriel du d\u00e9but du XX<sup>e<\/sup> si\u00e8cle, l&rsquo;Economie Mon\u00e9gasque se d\u00e9veloppe et se diversifie fortement sous l&rsquo;impulsion du Prince Rainier III.<\/p>\n<p>Tandis que le Tourisme de Luxe reste le moteur essentiel de l&rsquo;Economie locale, le Secteur\u00a0des Affaires ne cesse de progresser et l&rsquo;Industrie reste domin\u00e9e par le B\u00e2timent et les Travaux Publics et l\u2019Immobilier.<\/p>\n","protected":false},"excerpt":{"rendered":"<p>Rep\u00e8res historiques\u2026 La Principaut\u00e9 de Monaco est gouvern\u00e9e par la Dynastie des Grimaldi depuis 1297. Sa Souverainet\u00e9 a \u00e9t\u00e9 officiellement reconnue dans un trait\u00e9 Franco-Mon\u00e9gasque sign\u00e9 en 1961. C\u2019est avec&#8230;<\/p>\n","protected":false},"author":1,"featured_media":1510,"parent":14,"menu_order":88,"comment_status":"open","ping_status":"closed","template":"template-groupepastor.php","meta":{"_acf_changed":false,"footnotes":""},"categories":[],"class_list":["post-29","page","type-page","status-publish","has-post-thumbnail","hentry"],"acf":[],"yoast_head":"<!-- This site is optimized with the Yoast SEO plugin v25.5 - https:\/\/yoast.com\/wordpress\/plugins\/seo\/ -->\n<title>Principaut\u00e9 de Monaco - JB Pastor &amp; Fils - Monaco<\/title>\n<meta name=\"robots\" content=\"index, follow, max-snippet:-1, max-image-preview:large, max-video-preview:-1\" \/>\n<link rel=\"canonical\" href=\"https:\/\/jbpastoretfils.mc\/?page_id=29\" \/>\n<meta property=\"og:locale\" content=\"fr_FR\" \/>\n<meta property=\"og:type\" content=\"article\" \/>\n<meta property=\"og:title\" content=\"Principaut\u00e9 de Monaco - JB Pastor &amp; Fils - Monaco\" \/>\n<meta property=\"og:description\" content=\"Rep\u00e8res historiques\u2026 La Principaut\u00e9 de Monaco est gouvern\u00e9e par la Dynastie des Grimaldi depuis 1297. Sa Souverainet\u00e9 a \u00e9t\u00e9 officiellement reconnue dans un trait\u00e9 Franco-Mon\u00e9gasque sign\u00e9 en 1961. C\u2019est avec...\" \/>\n<meta property=\"og:url\" content=\"https:\/\/jbpastoretfils.mc\/?page_id=29\" \/>\n<meta property=\"og:site_name\" content=\"JB Pastor &amp; Fils - Monaco\" \/>\n<meta property=\"article:modified_time\" content=\"2017-10-30T14:32:07+00:00\" \/>\n<meta property=\"og:image\" content=\"https:\/\/jbpastoretfils.mc\/wp-content\/uploads\/2013\/09\/pricipaute_home.jpg\" \/>\n\t<meta property=\"og:image:width\" content=\"200\" \/>\n\t<meta property=\"og:image:height\" content=\"113\" \/>\n\t<meta property=\"og:image:type\" content=\"image\/jpeg\" \/>\n<meta name=\"twitter:label1\" content=\"Dur\u00e9e de lecture estim\u00e9e\" \/>\n\t<meta name=\"twitter:data1\" content=\"1 minute\" \/>\n<script type=\"application\/ld+json\" class=\"yoast-schema-graph\">{\"@context\":\"https:\/\/schema.org\",\"@graph\":[{\"@type\":\"WebPage\",\"@id\":\"https:\/\/jbpastoretfils.mc\/?page_id=29\",\"url\":\"https:\/\/jbpastoretfils.mc\/?page_id=29\",\"name\":\"Principaut\u00e9 de Monaco - JB Pastor &amp; Fils - Monaco\",\"isPartOf\":{\"@id\":\"https:\/\/jbpastoretfils.mc\/#website\"},\"primaryImageOfPage\":{\"@id\":\"https:\/\/jbpastoretfils.mc\/?page_id=29#primaryimage\"},\"image\":{\"@id\":\"https:\/\/jbpastoretfils.mc\/?page_id=29#primaryimage\"},\"thumbnailUrl\":\"https:\/\/jbpastoretfils.mc\/wp-content\/uploads\/2013\/09\/pricipaute_home.jpg\",\"datePublished\":\"2013-09-04T12:46:58+00:00\",\"dateModified\":\"2017-10-30T14:32:07+00:00\",\"breadcrumb\":{\"@id\":\"https:\/\/jbpastoretfils.mc\/?page_id=29#breadcrumb\"},\"inLanguage\":\"fr-FR\",\"potentialAction\":[{\"@type\":\"ReadAction\",\"target\":[\"https:\/\/jbpastoretfils.mc\/?page_id=29\"]}]},{\"@type\":\"ImageObject\",\"inLanguage\":\"fr-FR\",\"@id\":\"https:\/\/jbpastoretfils.mc\/?page_id=29#primaryimage\",\"url\":\"https:\/\/jbpastoretfils.mc\/wp-content\/uploads\/2013\/09\/pricipaute_home.jpg\",\"contentUrl\":\"https:\/\/jbpastoretfils.mc\/wp-content\/uploads\/2013\/09\/pricipaute_home.jpg\",\"width\":200,\"height\":113},{\"@type\":\"BreadcrumbList\",\"@id\":\"https:\/\/jbpastoretfils.mc\/?page_id=29#breadcrumb\",\"itemListElement\":[{\"@type\":\"ListItem\",\"position\":1,\"name\":\"Accueil\",\"item\":\"https:\/\/jbpastoretfils.mc\/\"},{\"@type\":\"ListItem\",\"position\":2,\"name\":\"Groupe Pastor\",\"item\":\"https:\/\/jbpastoretfils.mc\/?page_id=14\"},{\"@type\":\"ListItem\",\"position\":3,\"name\":\"Principaut\u00e9 de Monaco\"}]},{\"@type\":\"WebSite\",\"@id\":\"https:\/\/jbpastoretfils.mc\/#website\",\"url\":\"https:\/\/jbpastoretfils.mc\/\",\"name\":\"JB Pastor &amp; Fils - Monaco\",\"description\":\"Construction Monaco\",\"potentialAction\":[{\"@type\":\"SearchAction\",\"target\":{\"@type\":\"EntryPoint\",\"urlTemplate\":\"https:\/\/jbpastoretfils.mc\/?s={search_term_string}\"},\"query-input\":{\"@type\":\"PropertyValueSpecification\",\"valueRequired\":true,\"valueName\":\"search_term_string\"}}],\"inLanguage\":\"fr-FR\"}]}<\/script>\n<!-- \/ Yoast SEO plugin. -->","yoast_head_json":{"title":"Principaut\u00e9 de Monaco - JB Pastor &amp; Fils - Monaco","robots":{"index":"index","follow":"follow","max-snippet":"max-snippet:-1","max-image-preview":"max-image-preview:large","max-video-preview":"max-video-preview:-1"},"canonical":"https:\/\/jbpastoretfils.mc\/?page_id=29","og_locale":"fr_FR","og_type":"article","og_title":"Principaut\u00e9 de Monaco - JB Pastor &amp; Fils - Monaco","og_description":"Rep\u00e8res historiques\u2026 La Principaut\u00e9 de Monaco est gouvern\u00e9e par la Dynastie des Grimaldi depuis 1297. Sa Souverainet\u00e9 a \u00e9t\u00e9 officiellement reconnue dans un trait\u00e9 Franco-Mon\u00e9gasque sign\u00e9 en 1961. C\u2019est avec...","og_url":"https:\/\/jbpastoretfils.mc\/?page_id=29","og_site_name":"JB Pastor &amp; Fils - Monaco","article_modified_time":"2017-10-30T14:32:07+00:00","og_image":[{"width":200,"height":113,"url":"https:\/\/jbpastoretfils.mc\/wp-content\/uploads\/2013\/09\/pricipaute_home.jpg","type":"image\/jpeg"}],"twitter_misc":{"Dur\u00e9e de lecture estim\u00e9e":"1 minute"},"schema":{"@context":"https:\/\/schema.org","@graph":[{"@type":"WebPage","@id":"https:\/\/jbpastoretfils.mc\/?page_id=29","url":"https:\/\/jbpastoretfils.mc\/?page_id=29","name":"Principaut\u00e9 de Monaco - JB Pastor &amp; Fils - Monaco","isPartOf":{"@id":"https:\/\/jbpastoretfils.mc\/#website"},"primaryImageOfPage":{"@id":"https:\/\/jbpastoretfils.mc\/?page_id=29#primaryimage"},"image":{"@id":"https:\/\/jbpastoretfils.mc\/?page_id=29#primaryimage"},"thumbnailUrl":"https:\/\/jbpastoretfils.mc\/wp-content\/uploads\/2013\/09\/pricipaute_home.jpg","datePublished":"2013-09-04T12:46:58+00:00","dateModified":"2017-10-30T14:32:07+00:00","breadcrumb":{"@id":"https:\/\/jbpastoretfils.mc\/?page_id=29#breadcrumb"},"inLanguage":"fr-FR","potentialAction":[{"@type":"ReadAction","target":["https:\/\/jbpastoretfils.mc\/?page_id=29"]}]},{"@type":"ImageObject","inLanguage":"fr-FR","@id":"https:\/\/jbpastoretfils.mc\/?page_id=29#primaryimage","url":"https:\/\/jbpastoretfils.mc\/wp-content\/uploads\/2013\/09\/pricipaute_home.jpg","contentUrl":"https:\/\/jbpastoretfils.mc\/wp-content\/uploads\/2013\/09\/pricipaute_home.jpg","width":200,"height":113},{"@type":"BreadcrumbList","@id":"https:\/\/jbpastoretfils.mc\/?page_id=29#breadcrumb","itemListElement":[{"@type":"ListItem","position":1,"name":"Accueil","item":"https:\/\/jbpastoretfils.mc\/"},{"@type":"ListItem","position":2,"name":"Groupe Pastor","item":"https:\/\/jbpastoretfils.mc\/?page_id=14"},{"@type":"ListItem","position":3,"name":"Principaut\u00e9 de Monaco"}]},{"@type":"WebSite","@id":"https:\/\/jbpastoretfils.mc\/#website","url":"https:\/\/jbpastoretfils.mc\/","name":"JB Pastor &amp; Fils - Monaco","description":"Construction Monaco","potentialAction":[{"@type":"SearchAction","target":{"@type":"EntryPoint","urlTemplate":"https:\/\/jbpastoretfils.mc\/?s={search_term_string}"},"query-input":{"@type":"PropertyValueSpecification","valueRequired":true,"valueName":"search_term_string"}}],"inLanguage":"fr-FR"}]}},"_links":{"self":[{"href":"https:\/\/jbpastoretfils.mc\/index.php?rest_route=\/wp\/v2\/pages\/29"}],"collection":[{"href":"https:\/\/jbpastoretfils.mc\/index.php?rest_route=\/wp\/v2\/pages"}],"about":[{"href":"https:\/\/jbpastoretfils.mc\/index.php?rest_route=\/wp\/v2\/types\/page"}],"author":[{"embeddable":true,"href":"https:\/\/jbpastoretfils.mc\/index.php?rest_route=\/wp\/v2\/users\/1"}],"replies":[{"embeddable":true,"href":"https:\/\/jbpastoretfils.mc\/index.php?rest_route=%2Fwp%2Fv2%2Fcomments&post=29"}],"version-history":[{"count":0,"href":"https:\/\/jbpastoretfils.mc\/index.php?rest_route=\/wp\/v2\/pages\/29\/revisions"}],"up":[{"embeddable":true,"href":"https:\/\/jbpastoretfils.mc\/index.php?rest_route=\/wp\/v2\/pages\/14"}],"wp:featuredmedia":[{"embeddable":true,"href":"https:\/\/jbpastoretfils.mc\/index.php?rest_route=\/wp\/v2\/media\/1510"}],"wp:attachment":[{"href":"https:\/\/jbpastoretfils.mc\/index.php?rest_route=%2Fwp%2Fv2%2Fmedia&parent=29"}],"wp:term":[{"taxonomy":"category","embeddable":true,"href":"https:\/\/jbpastoretfils.mc\/index.php?rest_route=%2Fwp%2Fv2%2Fcategories&post=29"}],"curies":[{"name":"wp","href":"https:\/\/api.w.org\/{rel}","templated":true}]}}