{"id":25,"date":"2013-09-04T13:44:50","date_gmt":"2013-09-04T12:44:50","guid":{"rendered":"http:\/\/jbpastoretfils.mc\/?page_id=25"},"modified":"2022-02-11T10:37:30","modified_gmt":"2022-02-11T09:37:30","slug":"developpement-durable","status":"publish","type":"page","link":"https:\/\/jbpastoretfils.mc\/?page_id=25","title":{"rendered":"D\u00e9veloppement durable"},"content":{"rendered":"<h3>D\u00e9veloppement durable<\/h3>\n<p>Notre Entreprise est signataire du \u00ab Pacte National pour la Transition \u00c9nerg\u00e9tique \u00bb et s&rsquo;est engag\u00e9e dans une strat\u00e9gie de r\u00e9duction de ses \u00e9missions de gaz \u00e0 effet de serre, en 2021, aux c\u00f4t\u00e9s de la Mission pour la Transition \u00c9nerg\u00e9tique et le Gouvernement Princier.<\/p>\n<p>En accord avec les engagements forts pris par S.A.S. Le Prince Albert II et la Principaut\u00e9 de Monaco, J.B. PASTOR &amp; FILS fait du respect de l\u2019Environnement une priorit\u00e9 absolue. Cela se traduit par la mise en \u0153uvre de nombreuses mesures sur nos op\u00e9rations de Travaux publics, priv\u00e9s et particuliers : choix des \u00e9quipements les moins bruyants possibles, formation de notre encadrement aux \u00ab chantiers verts \u00bb, adaptation de notre gestion de chantier, valorisation des d\u00e9chets, recours \u00e0 des techniques sp\u00e9cifiques\u2026 Optimisation des nuisances sonores et r\u00e9ductions des consommations \u00e9lectriques sont des \u00e9l\u00e9ments d\u00e9cisifs mis en \u0153uvre sur nos chantiers : chauffer avec des panneaux solaires, placer des compteurs pour v\u00e9rifier nos consommations\u2026 De mani\u00e8re g\u00e9n\u00e9rale, nos constructions sont en ad\u00e9quation avec les nouveaut\u00e9s techniques en mati\u00e8re de respect et de pr\u00e9servation de l\u2019Environnement.<\/p>\n<p>De plus, la S.A.M. des Entreprises J.B. PASTOR &amp; FILS s\u2019est engag\u00e9e aux c\u00f4t\u00e9s de la \u00ab\u00a0Fondation Prince Albert II de Monaco\u00a0\u00bb en adh\u00e9rant \u00e0 l\u2019initiative \u00ab\u00a0<a href=\"http:\/\/www.fpa2.com\/fondation.asp?page=SYNTHESEFORET\" target=\"_blank\" rel=\"noopener\">Monaco s\u2019engage contre la d\u00e9forestation<\/a>\u00a0\u00bb. Aussi, en respect de \u00ab\u00a0<a title=\"Charte sur l'utilisation et le gestion vertueuse du bois\" href=\"http:\/\/jbpastoretfils.mc\/wp-content\/uploads\/2013\/09\/Chartesurlebois.pdf\" target=\"_blank\" rel=\"noopener\">La Charte sur l&rsquo;utilisation et la gestion vertueuse du Bois<\/a> \u00bb, lors de l\u2019utilisation de bois, nous sommes vigilants sur la provenance de ce mat\u00e9riau, son recyclage et ne choisissons que des bois certifi\u00e9s FSC ou PEFC\u00a0; labels garantissant que nos bois sont issus de for\u00eats g\u00e9r\u00e9es durablement pour lutter contre la d\u00e9forestation. <b>Pour plus de renseignements rendez-vous sur le site de la \u00ab\u00a0Fondation Prince Albert II de Monaco\u00a0\u00bb\u00a0: <\/b><a href=\"http:\/\/www.fpa2.com\"><b>www.fpa2.com<\/b><\/a><\/p>\n","protected":false},"excerpt":{"rendered":"<p>D\u00e9veloppement durable Notre Entreprise est signataire du \u00ab Pacte National pour la Transition \u00c9nerg\u00e9tique \u00bb et s&rsquo;est engag\u00e9e dans une strat\u00e9gie de r\u00e9duction de ses \u00e9missions de gaz \u00e0 effet&#8230;<\/p>\n","protected":false},"author":1,"featured_media":0,"parent":12,"menu_order":84,"comment_status":"open","ping_status":"closed","template":"template-metiers.php","meta":{"_acf_changed":false,"footnotes":""},"categories":[],"class_list":["post-25","page","type-page","status-publish","hentry"],"acf":[],"yoast_head":"<!-- This site is optimized with the Yoast SEO plugin v25.5 - https:\/\/yoast.com\/wordpress\/plugins\/seo\/ -->\n<title>D\u00e9veloppement durable - JB Pastor &amp; Fils - Monaco<\/title>\n<meta name=\"robots\" content=\"index, follow, max-snippet:-1, max-image-preview:large, max-video-preview:-1\" \/>\n<link rel=\"canonical\" href=\"https:\/\/jbpastoretfils.mc\/?page_id=25\" \/>\n<meta property=\"og:locale\" content=\"fr_FR\" \/>\n<meta property=\"og:type\" content=\"article\" \/>\n<meta property=\"og:title\" content=\"D\u00e9veloppement durable - JB Pastor &amp; Fils - Monaco\" \/>\n<meta property=\"og:description\" content=\"D\u00e9veloppement durable Notre Entreprise est signataire du \u00ab Pacte National pour la Transition \u00c9nerg\u00e9tique \u00bb et s&rsquo;est engag\u00e9e dans une strat\u00e9gie de r\u00e9duction de ses \u00e9missions de gaz \u00e0 effet...\" \/>\n<meta property=\"og:url\" content=\"https:\/\/jbpastoretfils.mc\/?page_id=25\" \/>\n<meta property=\"og:site_name\" content=\"JB Pastor &amp; Fils - Monaco\" \/>\n<meta property=\"article:modified_time\" content=\"2022-02-11T09:37:30+00:00\" \/>\n<meta name=\"twitter:label1\" content=\"Dur\u00e9e de lecture estim\u00e9e\" \/>\n\t<meta name=\"twitter:data1\" content=\"2 minutes\" \/>\n<script type=\"application\/ld+json\" class=\"yoast-schema-graph\">{\"@context\":\"https:\/\/schema.org\",\"@graph\":[{\"@type\":\"WebPage\",\"@id\":\"https:\/\/jbpastoretfils.mc\/?page_id=25\",\"url\":\"https:\/\/jbpastoretfils.mc\/?page_id=25\",\"name\":\"D\u00e9veloppement durable - JB Pastor &amp; Fils - Monaco\",\"isPartOf\":{\"@id\":\"https:\/\/jbpastoretfils.mc\/#website\"},\"datePublished\":\"2013-09-04T12:44:50+00:00\",\"dateModified\":\"2022-02-11T09:37:30+00:00\",\"breadcrumb\":{\"@id\":\"https:\/\/jbpastoretfils.mc\/?page_id=25#breadcrumb\"},\"inLanguage\":\"fr-FR\",\"potentialAction\":[{\"@type\":\"ReadAction\",\"target\":[\"https:\/\/jbpastoretfils.mc\/?page_id=25\"]}]},{\"@type\":\"BreadcrumbList\",\"@id\":\"https:\/\/jbpastoretfils.mc\/?page_id=25#breadcrumb\",\"itemListElement\":[{\"@type\":\"ListItem\",\"position\":1,\"name\":\"Accueil\",\"item\":\"https:\/\/jbpastoretfils.mc\/\"},{\"@type\":\"ListItem\",\"position\":2,\"name\":\"Engagements\",\"item\":\"https:\/\/jbpastoretfils.mc\/?page_id=12\"},{\"@type\":\"ListItem\",\"position\":3,\"name\":\"D\u00e9veloppement durable\"}]},{\"@type\":\"WebSite\",\"@id\":\"https:\/\/jbpastoretfils.mc\/#website\",\"url\":\"https:\/\/jbpastoretfils.mc\/\",\"name\":\"JB Pastor &amp; Fils - Monaco\",\"description\":\"Construction Monaco\",\"potentialAction\":[{\"@type\":\"SearchAction\",\"target\":{\"@type\":\"EntryPoint\",\"urlTemplate\":\"https:\/\/jbpastoretfils.mc\/?s={search_term_string}\"},\"query-input\":{\"@type\":\"PropertyValueSpecification\",\"valueRequired\":true,\"valueName\":\"search_term_string\"}}],\"inLanguage\":\"fr-FR\"}]}<\/script>\n<!-- \/ Yoast SEO plugin. -->","yoast_head_json":{"title":"D\u00e9veloppement durable - JB Pastor &amp; Fils - Monaco","robots":{"index":"index","follow":"follow","max-snippet":"max-snippet:-1","max-image-preview":"max-image-preview:large","max-video-preview":"max-video-preview:-1"},"canonical":"https:\/\/jbpastoretfils.mc\/?page_id=25","og_locale":"fr_FR","og_type":"article","og_title":"D\u00e9veloppement durable - JB Pastor &amp; Fils - Monaco","og_description":"D\u00e9veloppement durable Notre Entreprise est signataire du \u00ab Pacte National pour la Transition \u00c9nerg\u00e9tique \u00bb et s&rsquo;est engag\u00e9e dans une strat\u00e9gie de r\u00e9duction de ses \u00e9missions de gaz \u00e0 effet...","og_url":"https:\/\/jbpastoretfils.mc\/?page_id=25","og_site_name":"JB Pastor &amp; Fils - Monaco","article_modified_time":"2022-02-11T09:37:30+00:00","twitter_misc":{"Dur\u00e9e de lecture estim\u00e9e":"2 minutes"},"schema":{"@context":"https:\/\/schema.org","@graph":[{"@type":"WebPage","@id":"https:\/\/jbpastoretfils.mc\/?page_id=25","url":"https:\/\/jbpastoretfils.mc\/?page_id=25","name":"D\u00e9veloppement durable - JB Pastor &amp; Fils - Monaco","isPartOf":{"@id":"https:\/\/jbpastoretfils.mc\/#website"},"datePublished":"2013-09-04T12:44:50+00:00","dateModified":"2022-02-11T09:37:30+00:00","breadcrumb":{"@id":"https:\/\/jbpastoretfils.mc\/?page_id=25#breadcrumb"},"inLanguage":"fr-FR","potentialAction":[{"@type":"ReadAction","target":["https:\/\/jbpastoretfils.mc\/?page_id=25"]}]},{"@type":"BreadcrumbList","@id":"https:\/\/jbpastoretfils.mc\/?page_id=25#breadcrumb","itemListElement":[{"@type":"ListItem","position":1,"name":"Accueil","item":"https:\/\/jbpastoretfils.mc\/"},{"@type":"ListItem","position":2,"name":"Engagements","item":"https:\/\/jbpastoretfils.mc\/?page_id=12"},{"@type":"ListItem","position":3,"name":"D\u00e9veloppement durable"}]},{"@type":"WebSite","@id":"https:\/\/jbpastoretfils.mc\/#website","url":"https:\/\/jbpastoretfils.mc\/","name":"JB Pastor &amp; Fils - Monaco","description":"Construction Monaco","potentialAction":[{"@type":"SearchAction","target":{"@type":"EntryPoint","urlTemplate":"https:\/\/jbpastoretfils.mc\/?s={search_term_string}"},"query-input":{"@type":"PropertyValueSpecification","valueRequired":true,"valueName":"search_term_string"}}],"inLanguage":"fr-FR"}]}},"_links":{"self":[{"href":"https:\/\/jbpastoretfils.mc\/index.php?rest_route=\/wp\/v2\/pages\/25"}],"collection":[{"href":"https:\/\/jbpastoretfils.mc\/index.php?rest_route=\/wp\/v2\/pages"}],"about":[{"href":"https:\/\/jbpastoretfils.mc\/index.php?rest_route=\/wp\/v2\/types\/page"}],"author":[{"embeddable":true,"href":"https:\/\/jbpastoretfils.mc\/index.php?rest_route=\/wp\/v2\/users\/1"}],"replies":[{"embeddable":true,"href":"https:\/\/jbpastoretfils.mc\/index.php?rest_route=%2Fwp%2Fv2%2Fcomments&post=25"}],"version-history":[{"count":4,"href":"https:\/\/jbpastoretfils.mc\/index.php?rest_route=\/wp\/v2\/pages\/25\/revisions"}],"predecessor-version":[{"id":41409,"href":"https:\/\/jbpastoretfils.mc\/index.php?rest_route=\/wp\/v2\/pages\/25\/revisions\/41409"}],"up":[{"embeddable":true,"href":"https:\/\/jbpastoretfils.mc\/index.php?rest_route=\/wp\/v2\/pages\/12"}],"wp:attachment":[{"href":"https:\/\/jbpastoretfils.mc\/index.php?rest_route=%2Fwp%2Fv2%2Fmedia&parent=25"}],"wp:term":[{"taxonomy":"category","embeddable":true,"href":"https:\/\/jbpastoretfils.mc\/index.php?rest_route=%2Fwp%2Fv2%2Fcategories&post=25"}],"curies":[{"name":"wp","href":"https:\/\/api.w.org\/{rel}","templated":true}]}}