{"id":1991,"date":"2014-03-20T15:19:00","date_gmt":"2014-03-20T14:19:00","guid":{"rendered":"http:\/\/jbpastoretfils.mc\/?page_id=1991"},"modified":"2026-03-25T15:21:27","modified_gmt":"2026-03-25T14:21:27","slug":"project-management","status":"publish","type":"page","link":"https:\/\/jbpastoretfils.mc\/?page_id=1991&lang=en","title":{"rendered":"Project management"},"content":{"rendered":"<h1 style=\"text-align: left;\"><span style=\"font-size: 12pt;\">Project management in Monaco<\/span><\/h1>\n<p><b>Upstream of any works, our company can carry out market research and feasibility analysis with its dedicated team<\/b>\u00a0or any other professional chosen in conjunction with the client, alongside Monegasque architects.<\/p>\n<p>S.A.M. des Entreprises J.B. PASTOR &amp; FILS provide the\u00a0<b>delegated project management for you its entirety:<\/b>\u00a0objectives, schedule, budget, management of any third-party service providers; we take on all the logistics and management from inception to completion.<\/p>\n<p>J.B. PASTOR and FILS boasts a\u00a0<b>department dedicated exclusively to project management, for which\u00a0<\/b>the main activity consists of\u00a0<b>supporting its clients in the construction process, from the start of the project to handover of the keys.<\/b><\/p>\n<p>The department comprises\u00a0<strong>architects and engineers<\/strong><b>,\u00a0<\/b>under the direction of\u00a0<a title=\"The team\" href=\"http:\/\/jbpastoretfils.mc\/?page_id=3263&amp;lang=en\"><b>St\u00e9phane CASTANO<\/b><\/a>, Beno\u00eet BEGNIS and J\u00e9r\u00f4me LANTERI.<\/p>\n<p><b>Client support proceeds in five phases, as follows :<\/b><\/p>\n<ul>\n<li>Phase one in studying the feasibility and timetable in accordance with town planning policy and the programming elements required by the Client.<\/li>\n<li>Phase two allows the project management team to be formed, the planning application to be drawn up and filed with the appropriate administrative department: administrative file compiled.<\/li>\n<li>Phase three generally starts in parallel with the planning application phase and consists of developing the companies consultation file allowing the costs to be established for completion of the works; determining the precise schedule budget\u00a0 for its construction and preparing for the commencement of the works.<\/li>\n<li>Phase four relates to the construction of the structure, managed and controlled entirely in-house within the company\u2019s various departments, a few meticulously-selected sub-contractors, companies which are Monegasque\u00a0 and partners of J.B. PASTOR &amp; FILS take priority.<\/li>\n<li>Phase five corresponds to the acceptance and delivery of the structure and the implementation of a maintenance program.<\/li>\n<\/ul>\n<p>We have provided delegated project management\u00a0<b>for several operations in the Principality, both public and private<\/b>, such as \u201c<a title=\"Le Testimonio\" href=\"http:\/\/jbpastoretfils.mc\/?chantier=le-testimonio&amp;lang=en\">Le Testimonio<\/a>\u201d, \u201c<a title=\"Les Bougainvilliers\" href=\"http:\/\/jbpastoretfils.mc\/?chantier=les-bougainvilliers&amp;lang=en\">Les Bougainvilliers<\/a>\u201d, \u201c<a title=\"Villa l\u2019Echauguette\" href=\"http:\/\/jbpastoretfils.mc\/?chantier=villa-lechauguette&amp;lang=en\">Villa l\u2019Echauguette<\/a>\u201d, \u201c<a title=\"R\u00e9sidence Le Mirabeau\" href=\"http:\/\/jbpastoretfils.mc\/?chantier=le-mirabeau&amp;lang=en\">R\u00e9sidence Le Mirabeau<\/a>\u201d, \u201c<a title=\"Villa Laura\" href=\"http:\/\/jbpastoretfils.mc\/?chantier=villa-laura&amp;lang=en\">Villa Laura<\/a>\u201d, \u201c<a title=\"Villa Les Hirondelles\" href=\"http:\/\/jbpastoretfils.mc\/?chantier=villa-les-hirondelles&amp;lang=en\">Villa les Hirondelles<\/a>\u201d, \u201c<a title=\"Villa Shangri-L\u00e0\" href=\"http:\/\/jbpastoretfils.mc\/?chantier=villa-shangri-la&amp;lang=en\">Villa Shangri-L\u00e0<\/a>\u201d, \u201c<a title=\"6 Rue Terrazzani\" href=\"http:\/\/jbpastoretfils.mc\/?chantier=6-rue-terrazzani&amp;lang=en\">6 Rue Terrazzani<\/a>\u201c, \u201c<a title=\"Saint-John\u2019s Court\" href=\"http:\/\/jbpastoretfils.mc\/?chantier=saint-johns-court&amp;lang=en\">Saint-John\u2019s\u00a0Court<\/a>\u201d, \u201c<a title=\"Villa Devant\" href=\"http:\/\/jbpastoretfils.mc\/?chantier=villa-devant&amp;lang=en\">Villa Devant<\/a>\u201d, \u201c<a title=\"Villa Farniente\" href=\"http:\/\/jbpastoretfils.mc\/?chantier=villa-farniente&amp;lang=en\">Villa Farniente<\/a>\u201d, \u201c<a title=\"Villa Victoria\" href=\"http:\/\/jbpastoretfils.mc\/?chantier=8-boulevard-rainier-iii&amp;lang=en\">Villa Victoria<\/a>\u201d,\u00a0 \u201c<a href=\"https:\/\/jbpastoretfils.mc\/?chantier=villa-rignon&amp;lang=en\">Villa Rignon<\/a>\u201d,\u00a0 \u201c<a href=\"https:\/\/jbpastoretfils.mc\/?chantier=synagogue-2&amp;lang=en\">Synagogue<\/a>\u201d,\u00a0 \u201c<a href=\"https:\/\/jbpastoretfils.mc\/?chantier=stella-villa-d&amp;lang=en\">Villa D<\/a>\u201d, \u201c<a href=\"https:\/\/jbpastoretfils.mc\/?chantier=les-cigognes&amp;lang=en\">Les Cigognes<\/a>\u201d, <a href=\"https:\/\/jbpastoretfils.mc\/?chantier=villa-troglodyte-2&amp;lang=en\">\u201cVilla Troglodyte\u201d,<\/a> <a href=\"https:\/\/jbpastoretfils.mc\/?chantier=soleil-du-midi-2&amp;lang=en\">\u201cSoleil du Midi\u201d<\/a>&#8230;<\/p>\n","protected":false},"excerpt":{"rendered":"<p>Project management in Monaco Upstream of any works, our company can carry out market research and feasibility analysis with its dedicated team\u00a0or any other professional chosen in conjunction with the&#8230;<\/p>\n","protected":false},"author":1,"featured_media":0,"parent":1988,"menu_order":19,"comment_status":"open","ping_status":"closed","template":"template-entreprise.php","meta":{"_acf_changed":false,"footnotes":""},"categories":[],"class_list":["post-1991","page","type-page","status-publish","hentry"],"acf":[],"yoast_head":"<!-- This site is optimized with the Yoast SEO plugin v25.5 - https:\/\/yoast.com\/wordpress\/plugins\/seo\/ -->\n<title>Project management - JB Pastor &amp; Fils - Monaco<\/title>\n<meta name=\"robots\" content=\"index, follow, max-snippet:-1, max-image-preview:large, max-video-preview:-1\" \/>\n<link rel=\"canonical\" href=\"https:\/\/jbpastoretfils.mc\/?page_id=1991&lang=en\" \/>\n<meta property=\"og:locale\" content=\"fr_FR\" \/>\n<meta property=\"og:type\" content=\"article\" \/>\n<meta property=\"og:title\" content=\"Project management - JB Pastor &amp; Fils - Monaco\" \/>\n<meta property=\"og:description\" content=\"Project management in Monaco Upstream of any works, our company can carry out market research and feasibility analysis with its dedicated team\u00a0or any other professional chosen in conjunction with the...\" \/>\n<meta property=\"og:url\" content=\"https:\/\/jbpastoretfils.mc\/?page_id=1991&amp;lang=en\" \/>\n<meta property=\"og:site_name\" content=\"JB Pastor &amp; Fils - Monaco\" \/>\n<meta property=\"article:modified_time\" content=\"2026-03-25T14:21:27+00:00\" \/>\n<meta name=\"twitter:label1\" content=\"Dur\u00e9e de lecture estim\u00e9e\" \/>\n\t<meta name=\"twitter:data1\" content=\"2 minutes\" \/>\n<script type=\"application\/ld+json\" class=\"yoast-schema-graph\">{\"@context\":\"https:\/\/schema.org\",\"@graph\":[{\"@type\":\"WebPage\",\"@id\":\"https:\/\/jbpastoretfils.mc\/?page_id=1991&lang=en\",\"url\":\"https:\/\/jbpastoretfils.mc\/?page_id=1991&lang=en\",\"name\":\"Project management - JB Pastor &amp; Fils - Monaco\",\"isPartOf\":{\"@id\":\"https:\/\/jbpastoretfils.mc\/#website\"},\"datePublished\":\"2014-03-20T14:19:00+00:00\",\"dateModified\":\"2026-03-25T14:21:27+00:00\",\"breadcrumb\":{\"@id\":\"https:\/\/jbpastoretfils.mc\/?page_id=1991&lang=en#breadcrumb\"},\"inLanguage\":\"fr-FR\",\"potentialAction\":[{\"@type\":\"ReadAction\",\"target\":[\"https:\/\/jbpastoretfils.mc\/?page_id=1991&lang=en\"]}]},{\"@type\":\"BreadcrumbList\",\"@id\":\"https:\/\/jbpastoretfils.mc\/?page_id=1991&lang=en#breadcrumb\",\"itemListElement\":[{\"@type\":\"ListItem\",\"position\":1,\"name\":\"Accueil\",\"item\":\"https:\/\/jbpastoretfils.mc\/\"},{\"@type\":\"ListItem\",\"position\":2,\"name\":\"Our Companies\",\"item\":\"https:\/\/jbpastoretfils.mc\/?page_id=3512&lang=en\"},{\"@type\":\"ListItem\",\"position\":3,\"name\":\"Activities\",\"item\":\"https:\/\/jbpastoretfils.mc\/?page_id=1988&lang=en\"},{\"@type\":\"ListItem\",\"position\":4,\"name\":\"Project management\"}]},{\"@type\":\"WebSite\",\"@id\":\"https:\/\/jbpastoretfils.mc\/#website\",\"url\":\"https:\/\/jbpastoretfils.mc\/\",\"name\":\"JB Pastor &amp; Fils - Monaco\",\"description\":\"Construction Monaco\",\"potentialAction\":[{\"@type\":\"SearchAction\",\"target\":{\"@type\":\"EntryPoint\",\"urlTemplate\":\"https:\/\/jbpastoretfils.mc\/?s={search_term_string}\"},\"query-input\":{\"@type\":\"PropertyValueSpecification\",\"valueRequired\":true,\"valueName\":\"search_term_string\"}}],\"inLanguage\":\"fr-FR\"}]}<\/script>\n<!-- \/ Yoast SEO plugin. -->","yoast_head_json":{"title":"Project management - JB Pastor &amp; Fils - Monaco","robots":{"index":"index","follow":"follow","max-snippet":"max-snippet:-1","max-image-preview":"max-image-preview:large","max-video-preview":"max-video-preview:-1"},"canonical":"https:\/\/jbpastoretfils.mc\/?page_id=1991&lang=en","og_locale":"fr_FR","og_type":"article","og_title":"Project management - JB Pastor &amp; Fils - Monaco","og_description":"Project management in Monaco Upstream of any works, our company can carry out market research and feasibility analysis with its dedicated team\u00a0or any other professional chosen in conjunction with the...","og_url":"https:\/\/jbpastoretfils.mc\/?page_id=1991&lang=en","og_site_name":"JB Pastor &amp; Fils - Monaco","article_modified_time":"2026-03-25T14:21:27+00:00","twitter_misc":{"Dur\u00e9e de lecture estim\u00e9e":"2 minutes"},"schema":{"@context":"https:\/\/schema.org","@graph":[{"@type":"WebPage","@id":"https:\/\/jbpastoretfils.mc\/?page_id=1991&lang=en","url":"https:\/\/jbpastoretfils.mc\/?page_id=1991&lang=en","name":"Project management - JB Pastor &amp; Fils - Monaco","isPartOf":{"@id":"https:\/\/jbpastoretfils.mc\/#website"},"datePublished":"2014-03-20T14:19:00+00:00","dateModified":"2026-03-25T14:21:27+00:00","breadcrumb":{"@id":"https:\/\/jbpastoretfils.mc\/?page_id=1991&lang=en#breadcrumb"},"inLanguage":"fr-FR","potentialAction":[{"@type":"ReadAction","target":["https:\/\/jbpastoretfils.mc\/?page_id=1991&lang=en"]}]},{"@type":"BreadcrumbList","@id":"https:\/\/jbpastoretfils.mc\/?page_id=1991&lang=en#breadcrumb","itemListElement":[{"@type":"ListItem","position":1,"name":"Accueil","item":"https:\/\/jbpastoretfils.mc\/"},{"@type":"ListItem","position":2,"name":"Our Companies","item":"https:\/\/jbpastoretfils.mc\/?page_id=3512&lang=en"},{"@type":"ListItem","position":3,"name":"Activities","item":"https:\/\/jbpastoretfils.mc\/?page_id=1988&lang=en"},{"@type":"ListItem","position":4,"name":"Project management"}]},{"@type":"WebSite","@id":"https:\/\/jbpastoretfils.mc\/#website","url":"https:\/\/jbpastoretfils.mc\/","name":"JB Pastor &amp; Fils - Monaco","description":"Construction Monaco","potentialAction":[{"@type":"SearchAction","target":{"@type":"EntryPoint","urlTemplate":"https:\/\/jbpastoretfils.mc\/?s={search_term_string}"},"query-input":{"@type":"PropertyValueSpecification","valueRequired":true,"valueName":"search_term_string"}}],"inLanguage":"fr-FR"}]}},"_links":{"self":[{"href":"https:\/\/jbpastoretfils.mc\/index.php?rest_route=\/wp\/v2\/pages\/1991"}],"collection":[{"href":"https:\/\/jbpastoretfils.mc\/index.php?rest_route=\/wp\/v2\/pages"}],"about":[{"href":"https:\/\/jbpastoretfils.mc\/index.php?rest_route=\/wp\/v2\/types\/page"}],"author":[{"embeddable":true,"href":"https:\/\/jbpastoretfils.mc\/index.php?rest_route=\/wp\/v2\/users\/1"}],"replies":[{"embeddable":true,"href":"https:\/\/jbpastoretfils.mc\/index.php?rest_route=%2Fwp%2Fv2%2Fcomments&post=1991"}],"version-history":[{"count":6,"href":"https:\/\/jbpastoretfils.mc\/index.php?rest_route=\/wp\/v2\/pages\/1991\/revisions"}],"predecessor-version":[{"id":50428,"href":"https:\/\/jbpastoretfils.mc\/index.php?rest_route=\/wp\/v2\/pages\/1991\/revisions\/50428"}],"up":[{"embeddable":true,"href":"https:\/\/jbpastoretfils.mc\/index.php?rest_route=\/wp\/v2\/pages\/1988"}],"wp:attachment":[{"href":"https:\/\/jbpastoretfils.mc\/index.php?rest_route=%2Fwp%2Fv2%2Fmedia&parent=1991"}],"wp:term":[{"taxonomy":"category","embeddable":true,"href":"https:\/\/jbpastoretfils.mc\/index.php?rest_route=%2Fwp%2Fv2%2Fcategories&post=1991"}],"curies":[{"name":"wp","href":"https:\/\/api.w.org\/{rel}","templated":true}]}}