{"id":1990,"date":"2014-03-20T15:18:14","date_gmt":"2014-03-20T14:18:14","guid":{"rendered":"http:\/\/jbpastoretfils.mc\/?page_id=1990"},"modified":"2023-03-13T16:46:05","modified_gmt":"2023-03-13T15:46:05","slug":"real-estate-development","status":"publish","type":"page","link":"https:\/\/jbpastoretfils.mc\/?page_id=1990&lang=en","title":{"rendered":"Real Estate Development"},"content":{"rendered":"<h1 style=\"text-align: left;\"><span style=\"font-size: 12pt;\">Real Estate Development in Monaco<\/span><\/h1>\n<p>Our knowledge of the property market, the essential statutory aspects of our role as a developer and the most suitable financial means, make S.A.M. des Entreprises J.B. PASTOR &amp; FILS\u00a0<b>a major player in real estate development in the Principality.<\/b><\/p>\n<p><b>We are able to study any development projects\u00a0<\/b>in the various regions of the Principality, to commit ourselves quickly to real estate purchases and without conditions, controlling our risks and the challenges of any real estate development operation.<\/p>\n<p>The examples of our real estate development in Monaco which should not be overlooked are:\u00a0 \u201c<a title=\"Villa Mimosa\" href=\"http:\/\/jbpastoretfils.mc\/?chantier=villa-mimosa&amp;lang=en\">Villa Mimosa<\/a>\u201d, \u201c<a title=\"2 rue des Princes\" href=\"http:\/\/jbpastoretfils.mc\/?chantier=2-rue-des-princes&amp;lang=en\">2, Rue des Princes<\/a>\u201d,\u00a0 \u201c<a title=\"Parador 1\" href=\"http:\/\/jbpastoretfils.mc\/?chantier=parador-1-2&amp;lang=en\">Parador<\/a>\u201d, \u201c<a title=\"Le Prestige\" href=\"http:\/\/jbpastoretfils.mc\/?chantier=le-prestige&amp;lang=en\">Le Prestige<\/a>\u201d, \u201c<a title=\"Le Splendido\" href=\"http:\/\/jbpastoretfils.mc\/?chantier=le-splendido&amp;lang=en\">Le Splendido<\/a>\u201d,\u00a0\u201c<a title=\"Victor Palace\" href=\"http:\/\/jbpastoretfils.mc\/?chantier=victor-palace&amp;lang=en\">Le Victor Palace<\/a>\u201d, \u201c<a title=\"Les Hibiscus\" href=\"http:\/\/jbpastoretfils.mc\/?chantier=5-7-rue-malbousquet&amp;lang=en\">Les Hibiscus<\/a>\u201d, \u201c<a title=\"Les Iris\" href=\"http:\/\/jbpastoretfils.mc\/?chantier=25-rue-de-la-turbie&amp;lang=en\">Les Iris<\/a>\u201d, \u201c<a title=\"Quai Kennedy\" href=\"http:\/\/jbpastoretfils.mc\/?chantier=quai-kennedy&amp;lang=en\">Le Quai Kennedy<\/a>\u201d, \u201c<a title=\"Le Monator\" href=\"http:\/\/jbpastoretfils.mc\/?chantier=le-monator&amp;lang=en\">Le Monator<\/a>\u201d, \u201c<a title=\"R\u00e9sidence Le Simona\" href=\"http:\/\/jbpastoretfils.mc\/?chantier=le-simona&amp;lang=en\">Le Simona<\/a>\u201d, \u201c<a title=\"Villa Roccabella\" href=\"http:\/\/jbpastoretfils.mc\/?chantier=villa-roccabella&amp;lang=en\">Villa Roccabella<\/a>\u201d &amp; \u201c<a href=\"https:\/\/jbpastoretfils.mc\/?chantier=le-stella-2&amp;lang=en\">Le Stella<\/a>\u201d, \u201c<a href=\"https:\/\/jbpastoretfils.mc\/?chantier=palais-de-plage&amp;lang=en\">Le Palais de la Plage<\/a>\u201d, <a href=\"https:\/\/jbpastoretfils.mc\/?chantier=palazzino&amp;lang=en\">\u201cVilla Palazzino\u201d<\/a>, <a href=\"https:\/\/jbpastoretfils.mc\/?chantier=villa-esmeralda&amp;lang=en\">\u201cVilla Esmeralda\u201d<\/a>, <a href=\"https:\/\/jbpastoretfils.mc\/?chantier=villa-portofino&amp;lang=en\">\u201cVilla Portofino\u201d<\/a>.<\/p>\n<p><b>Our projects currently in development are numerous and ambitious. <\/b><strong>Our projects nearing completion are equally important and showcase our dynamism in the industry and eagerness to continue to invest in our country and promote continued development in the region.<\/strong><\/p>\n<p><b>\u00a0<\/b><\/p>\n","protected":false},"excerpt":{"rendered":"<p>Real Estate Development in Monaco Our knowledge of the property market, the essential statutory aspects of our role as a developer and the most suitable financial means, make S.A.M. des&#8230;<\/p>\n","protected":false},"author":1,"featured_media":0,"parent":1988,"menu_order":17,"comment_status":"open","ping_status":"closed","template":"template-entreprise.php","meta":{"_acf_changed":false,"footnotes":""},"categories":[],"class_list":["post-1990","page","type-page","status-publish","hentry"],"acf":[],"yoast_head":"<!-- This site is optimized with the Yoast SEO plugin v25.5 - https:\/\/yoast.com\/wordpress\/plugins\/seo\/ -->\n<title>Real Estate Development Monaco - JB Pastor &amp; Fils<\/title>\n<meta name=\"description\" content=\"La S.A.M. des Entreprises J.B. PASTOR &amp; FILS\u00a0un acteur majeur de la Promotion Immobili\u00e8re en Principaut\u00e9 - Promoteur immobilier \u00e0 Monaco\" \/>\n<meta name=\"robots\" content=\"index, follow, max-snippet:-1, max-image-preview:large, max-video-preview:-1\" \/>\n<link rel=\"canonical\" href=\"https:\/\/jbpastoretfils.mc\/?page_id=1990&lang=en\" \/>\n<meta property=\"og:locale\" content=\"fr_FR\" \/>\n<meta property=\"og:type\" content=\"article\" \/>\n<meta property=\"og:title\" content=\"Real Estate Development Monaco - JB Pastor &amp; Fils\" \/>\n<meta property=\"og:description\" content=\"La S.A.M. des Entreprises J.B. PASTOR &amp; FILS\u00a0un acteur majeur de la Promotion Immobili\u00e8re en Principaut\u00e9 - Promoteur immobilier \u00e0 Monaco\" \/>\n<meta property=\"og:url\" content=\"https:\/\/jbpastoretfils.mc\/?page_id=1990&amp;lang=en\" \/>\n<meta property=\"og:site_name\" content=\"JB Pastor &amp; Fils - Monaco\" \/>\n<meta property=\"article:modified_time\" content=\"2023-03-13T15:46:05+00:00\" \/>\n<meta name=\"twitter:label1\" content=\"Dur\u00e9e de lecture estim\u00e9e\" \/>\n\t<meta name=\"twitter:data1\" content=\"1 minute\" \/>\n<script type=\"application\/ld+json\" class=\"yoast-schema-graph\">{\"@context\":\"https:\/\/schema.org\",\"@graph\":[{\"@type\":\"WebPage\",\"@id\":\"https:\/\/jbpastoretfils.mc\/?page_id=1990&lang=en\",\"url\":\"https:\/\/jbpastoretfils.mc\/?page_id=1990&lang=en\",\"name\":\"Real Estate Development Monaco - JB Pastor & Fils\",\"isPartOf\":{\"@id\":\"https:\/\/jbpastoretfils.mc\/#website\"},\"datePublished\":\"2014-03-20T14:18:14+00:00\",\"dateModified\":\"2023-03-13T15:46:05+00:00\",\"description\":\"La S.A.M. des Entreprises J.B. PASTOR & FILS\u00a0un acteur majeur de la Promotion Immobili\u00e8re en Principaut\u00e9 - Promoteur immobilier \u00e0 Monaco\",\"breadcrumb\":{\"@id\":\"https:\/\/jbpastoretfils.mc\/?page_id=1990&lang=en#breadcrumb\"},\"inLanguage\":\"fr-FR\",\"potentialAction\":[{\"@type\":\"ReadAction\",\"target\":[\"https:\/\/jbpastoretfils.mc\/?page_id=1990&lang=en\"]}]},{\"@type\":\"BreadcrumbList\",\"@id\":\"https:\/\/jbpastoretfils.mc\/?page_id=1990&lang=en#breadcrumb\",\"itemListElement\":[{\"@type\":\"ListItem\",\"position\":1,\"name\":\"Accueil\",\"item\":\"https:\/\/jbpastoretfils.mc\/\"},{\"@type\":\"ListItem\",\"position\":2,\"name\":\"Our Companies\",\"item\":\"https:\/\/jbpastoretfils.mc\/?page_id=3512&lang=en\"},{\"@type\":\"ListItem\",\"position\":3,\"name\":\"Activities\",\"item\":\"https:\/\/jbpastoretfils.mc\/?page_id=1988&lang=en\"},{\"@type\":\"ListItem\",\"position\":4,\"name\":\"Real Estate Development\"}]},{\"@type\":\"WebSite\",\"@id\":\"https:\/\/jbpastoretfils.mc\/#website\",\"url\":\"https:\/\/jbpastoretfils.mc\/\",\"name\":\"JB Pastor &amp; Fils - Monaco\",\"description\":\"Construction Monaco\",\"potentialAction\":[{\"@type\":\"SearchAction\",\"target\":{\"@type\":\"EntryPoint\",\"urlTemplate\":\"https:\/\/jbpastoretfils.mc\/?s={search_term_string}\"},\"query-input\":{\"@type\":\"PropertyValueSpecification\",\"valueRequired\":true,\"valueName\":\"search_term_string\"}}],\"inLanguage\":\"fr-FR\"}]}<\/script>\n<!-- \/ Yoast SEO plugin. -->","yoast_head_json":{"title":"Real Estate Development Monaco - JB Pastor & Fils","description":"La S.A.M. des Entreprises J.B. PASTOR & FILS\u00a0un acteur majeur de la Promotion Immobili\u00e8re en Principaut\u00e9 - Promoteur immobilier \u00e0 Monaco","robots":{"index":"index","follow":"follow","max-snippet":"max-snippet:-1","max-image-preview":"max-image-preview:large","max-video-preview":"max-video-preview:-1"},"canonical":"https:\/\/jbpastoretfils.mc\/?page_id=1990&lang=en","og_locale":"fr_FR","og_type":"article","og_title":"Real Estate Development Monaco - JB Pastor & Fils","og_description":"La S.A.M. des Entreprises J.B. PASTOR & FILS\u00a0un acteur majeur de la Promotion Immobili\u00e8re en Principaut\u00e9 - Promoteur immobilier \u00e0 Monaco","og_url":"https:\/\/jbpastoretfils.mc\/?page_id=1990&lang=en","og_site_name":"JB Pastor &amp; Fils - Monaco","article_modified_time":"2023-03-13T15:46:05+00:00","twitter_misc":{"Dur\u00e9e de lecture estim\u00e9e":"1 minute"},"schema":{"@context":"https:\/\/schema.org","@graph":[{"@type":"WebPage","@id":"https:\/\/jbpastoretfils.mc\/?page_id=1990&lang=en","url":"https:\/\/jbpastoretfils.mc\/?page_id=1990&lang=en","name":"Real Estate Development Monaco - JB Pastor & Fils","isPartOf":{"@id":"https:\/\/jbpastoretfils.mc\/#website"},"datePublished":"2014-03-20T14:18:14+00:00","dateModified":"2023-03-13T15:46:05+00:00","description":"La S.A.M. des Entreprises J.B. PASTOR & FILS\u00a0un acteur majeur de la Promotion Immobili\u00e8re en Principaut\u00e9 - Promoteur immobilier \u00e0 Monaco","breadcrumb":{"@id":"https:\/\/jbpastoretfils.mc\/?page_id=1990&lang=en#breadcrumb"},"inLanguage":"fr-FR","potentialAction":[{"@type":"ReadAction","target":["https:\/\/jbpastoretfils.mc\/?page_id=1990&lang=en"]}]},{"@type":"BreadcrumbList","@id":"https:\/\/jbpastoretfils.mc\/?page_id=1990&lang=en#breadcrumb","itemListElement":[{"@type":"ListItem","position":1,"name":"Accueil","item":"https:\/\/jbpastoretfils.mc\/"},{"@type":"ListItem","position":2,"name":"Our Companies","item":"https:\/\/jbpastoretfils.mc\/?page_id=3512&lang=en"},{"@type":"ListItem","position":3,"name":"Activities","item":"https:\/\/jbpastoretfils.mc\/?page_id=1988&lang=en"},{"@type":"ListItem","position":4,"name":"Real Estate Development"}]},{"@type":"WebSite","@id":"https:\/\/jbpastoretfils.mc\/#website","url":"https:\/\/jbpastoretfils.mc\/","name":"JB Pastor &amp; Fils - Monaco","description":"Construction Monaco","potentialAction":[{"@type":"SearchAction","target":{"@type":"EntryPoint","urlTemplate":"https:\/\/jbpastoretfils.mc\/?s={search_term_string}"},"query-input":{"@type":"PropertyValueSpecification","valueRequired":true,"valueName":"search_term_string"}}],"inLanguage":"fr-FR"}]}},"_links":{"self":[{"href":"https:\/\/jbpastoretfils.mc\/index.php?rest_route=\/wp\/v2\/pages\/1990"}],"collection":[{"href":"https:\/\/jbpastoretfils.mc\/index.php?rest_route=\/wp\/v2\/pages"}],"about":[{"href":"https:\/\/jbpastoretfils.mc\/index.php?rest_route=\/wp\/v2\/types\/page"}],"author":[{"embeddable":true,"href":"https:\/\/jbpastoretfils.mc\/index.php?rest_route=\/wp\/v2\/users\/1"}],"replies":[{"embeddable":true,"href":"https:\/\/jbpastoretfils.mc\/index.php?rest_route=%2Fwp%2Fv2%2Fcomments&post=1990"}],"version-history":[{"count":4,"href":"https:\/\/jbpastoretfils.mc\/index.php?rest_route=\/wp\/v2\/pages\/1990\/revisions"}],"predecessor-version":[{"id":43984,"href":"https:\/\/jbpastoretfils.mc\/index.php?rest_route=\/wp\/v2\/pages\/1990\/revisions\/43984"}],"up":[{"embeddable":true,"href":"https:\/\/jbpastoretfils.mc\/index.php?rest_route=\/wp\/v2\/pages\/1988"}],"wp:attachment":[{"href":"https:\/\/jbpastoretfils.mc\/index.php?rest_route=%2Fwp%2Fv2%2Fmedia&parent=1990"}],"wp:term":[{"taxonomy":"category","embeddable":true,"href":"https:\/\/jbpastoretfils.mc\/index.php?rest_route=%2Fwp%2Fv2%2Fcategories&post=1990"}],"curies":[{"name":"wp","href":"https:\/\/api.w.org\/{rel}","templated":true}]}}