{"id":12184,"date":"2016-10-13T11:36:58","date_gmt":"2016-10-13T10:36:58","guid":{"rendered":"http:\/\/jbpastoretfils.mc\/?page_id=12184"},"modified":"2026-03-25T14:23:20","modified_gmt":"2026-03-25T13:23:20","slug":"trasomar","status":"publish","type":"page","link":"https:\/\/jbpastoretfils.mc\/?page_id=12184","title":{"rendered":"Trasomar &#8211; Mare Nostrum"},"content":{"rendered":"<p><b>TRASOMAR &#8211; MARE NOSTRUM<\/b><\/p>\n<p>Chiffre d\u2019Affaires : 18.2 M d\u2019\u20ac<br \/>\nEffectif : 56<\/p>\n<p>&nbsp;<\/p>\n<p><b>TRASOMAR<\/b><\/p>\n<p><strong>D\u00e9couvrez notre site internet enti\u00e8rement d\u00e9di\u00e9 \u00e0 l&rsquo;expertise de TRASOMAR en mati\u00e8re d&rsquo;ouvrages maritimes en G\u00e9otextile et toutes nos r\u00e9f\u00e9rences sur<a href=\"http:\/\/www.trasomar.mc\"> www.trasomar.mc !<\/a><\/strong><\/p>\n<p><b><a title=\"Travaux maritimes et sous-marins\" href=\"https:\/\/jbpastoretfils.mc\/?page_id=12155\">Travaux maritimes et sous-marins<\/a><\/b><\/p>\n<p>TRASOMAR est une soci\u00e9t\u00e9 Mon\u00e9gasque cr\u00e9\u00e9e en 1994, sp\u00e9cialis\u00e9e dans les Travaux maritimes et sous-marins, intervenant en Principaut\u00e9 de Monaco, en France ainsi qu\u2019\u00e0 l\u2019International. Elle a rejoint en 2016 la S.A.M. des Entreprises J.B. PASTOR et FILS.<\/p>\n<p><u>L\u2019entreprise TRASOMAR dispose de nombreux moyens\u00a0:<\/u><\/p>\n<ul>\n<li>TRASO-1 : Ponton de 36m x 16m x 3m, class\u00e9 en 4e cat\u00e9gorie (travaillant en mer ouverte)<\/li>\n<li>PONTON EDMOND : 60m x 22m x 4m + 4 treuils hydrauliques<\/li>\n<li>PONTON ATTILA : 36m x 16m x 3m + 4 treuils hydrauliques. Annexe ATTILA<\/li>\n<li>THE BULL\u00a0: Shoallbuster de 23.50 m \u2013 grue de capacit\u00e9 23 T \u00e0 2.50 m<\/li>\n<li>LE PALETUVIER : Remorqueur de 21 m<\/li>\n<li>4 Annexes VICTOR-1, VICTOR-3, VICTOR-4 et VICTOR-5 : Bateaux aluminium de 7m et 7m50 servant aux man\u0153uvres et aux Travaux sous-marins<\/li>\n<li>VICTOR 2 : Bateau de 11m92 \u00e9quip\u00e9 d\u2019une grue<\/li>\n<li>AURIANE\u00a0: Bateau de 7.10 m<\/li>\n<li>SERVITUDE D\u2019ASSISTANCE KRAKEN : 12m<\/li>\n<li>EMBARCATION PLATE EURUS : 8,70m<\/li>\n<li>Mat\u00e9riel de plonge<\/li>\n<li>Mat\u00e9riel hydraulique et pneumatique<\/li>\n<li>Pompes de dragage<\/li>\n<li>Groupe Hydraulique<\/li>\n<li>Groupes \u00e9lectrog\u00e8nes<\/li>\n<li>Mat\u00e9riel de vid\u00e9o sous-marine..<\/li>\n<\/ul>\n<p><a href=\"https:\/\/jbpastoretfils.mc\/wp-content\/uploads\/2021\/03\/Logo-Mare-Nostrum-2019-blanc-scaled.jpg\"><img loading=\"lazy\" decoding=\"async\" class=\"alignnone wp-image-38667\" src=\"https:\/\/jbpastoretfils.mc\/wp-content\/uploads\/2021\/03\/Logo-Mare-Nostrum-2019-blanc-300x300.jpg\" alt=\"\" width=\"159\" height=\"159\" srcset=\"https:\/\/jbpastoretfils.mc\/wp-content\/uploads\/2021\/03\/Logo-Mare-Nostrum-2019-blanc-300x300.jpg 300w, https:\/\/jbpastoretfils.mc\/wp-content\/uploads\/2021\/03\/Logo-Mare-Nostrum-2019-blanc-1024x1024.jpg 1024w, https:\/\/jbpastoretfils.mc\/wp-content\/uploads\/2021\/03\/Logo-Mare-Nostrum-2019-blanc-150x150.jpg 150w, https:\/\/jbpastoretfils.mc\/wp-content\/uploads\/2021\/03\/Logo-Mare-Nostrum-2019-blanc-768x768.jpg 768w, https:\/\/jbpastoretfils.mc\/wp-content\/uploads\/2021\/03\/Logo-Mare-Nostrum-2019-blanc-1536x1536.jpg 1536w, https:\/\/jbpastoretfils.mc\/wp-content\/uploads\/2021\/03\/Logo-Mare-Nostrum-2019-blanc-2048x2048.jpg 2048w, https:\/\/jbpastoretfils.mc\/wp-content\/uploads\/2021\/03\/Logo-Mare-Nostrum-2019-blanc-960x960.jpg 960w\" sizes=\"(max-width: 159px) 100vw, 159px\" \/><\/a><\/p>\n<p><strong>MARE NOSTRUM<\/strong><\/p>\n<p><strong>Experts en travaux sous-marins et portuaires en r\u00e9gion PACA<\/strong><\/p>\n<p><strong>Les trois agences MARE NOSTRUM, bas\u00e9es \u00e0 Nice \/ Saint Tropez \/ Bandol<\/strong>, filiales de la <strong>S.A.M. TRASOMAR<\/strong>, sont des acteurs incontournables des <strong>travaux immerg\u00e9s, portuaires et hyperbares<\/strong> en r\u00e9gion Provence-Alpes-C\u00f4te d\u2019Azur.<\/p>\n<ul>\n<li><strong>MARE NOSTRUM NICE<\/strong> a rejoint <strong>S.A.M. TRASOMAR en 2019<\/strong>.<\/li>\n<li><strong>MARE NOSTRUM SAINT-TROPEZ<\/strong> (Anciennement FAUCON) a int\u00e9gr\u00e9 MARE NOSTRUM <strong>\u00a0en 2021<\/strong>.<\/li>\n<li><strong>MARE NOSTRUM BANDOL<\/strong> (anciennement ATSM) a int\u00e9gr\u00e9 MARE NOSTRUM <strong>en 2024<\/strong>.<\/li>\n<\/ul>\n<p>Fortes de leur savoir-faire et de leurs implantations strat\u00e9giques \u00e0 <strong>Nice, Saint-Tropez et Bandol<\/strong>, nos \u00e9quipes offrent une <strong>couverture optimale du littoral<\/strong> et une <strong>r\u00e9activit\u00e9 maximale<\/strong> pour r\u00e9pondre aux besoins des ports, collectivit\u00e9s et acteurs priv\u00e9s\u00a0: <strong>Une expertise compl\u00e8te et des comp\u00e9tences diversifi\u00e9es.<\/strong><\/p>\n<p>Nos trois entit\u00e9s assurent une large gamme de prestations, de l\u2019<strong>installation et la maintenance des infrastructures portuaires<\/strong> aux <strong>travaux hyperbares sp\u00e9cialis\u00e9s<\/strong>, en passant par l\u2019<strong>inspection et le diagnostic sous-marin<\/strong>.<\/p>\n<p><strong>Nos domaines d\u2019intervention :<\/strong><\/p>\n<ul>\n<li><strong>Travaux sous-marins et hyperbares<\/strong> (coffrage, b\u00e9tonnage, d\u00e9coupe oxy-arc, soudure d\u2019anodes, ferraillage, reprise en sous-\u0153uvre).<\/li>\n<li><strong>Balisage des littoraux et des plages<\/strong> (de Cap d\u2019Ail \u00e0 Bandol, en passant par Saint-Tropez, Ramatuelle, Gassin, Cogolin).<\/li>\n<li><strong>Mouillages et amarrages<\/strong> (ZMEL, installation et maintenance de corps-morts, pose de pontons, remplacement de cha\u00eenes m\u00e8res, ancrages \u00e9cologiques).<\/li>\n<li><strong>Renflouement, remorquage et d\u00e9s\u00e9chouage de navires.<\/strong><\/li>\n<li><strong>Contr\u00f4le et inspection sous-marine<\/strong> (scaphandriers certifi\u00e9s Lloyd\u2019s Register, mesures cathodiques, bathym\u00e9trie, inspections photo\/vid\u00e9o).<\/li>\n<li><strong>Environnement et d\u00e9pollution sous-marine.<\/strong><\/li>\n<li><strong>Pose et r\u00e9paration de canalisations.<\/strong><\/li>\n<li><strong>Travaux d\u2019ouvrages d\u2019art<\/strong> (contr\u00f4les, r\u00e9habilitations, soudures, d\u00e9coupage\u2026).<\/li>\n<\/ul>\n<p><strong>Des moyens techniques performants et innovants<\/strong><\/p>\n<p>Gr\u00e2ce \u00e0 une flotte de <strong>navires sp\u00e9cialis\u00e9s<\/strong> et \u00e0 un <strong>\u00e9quipement de pointe<\/strong>, nous sommes en mesure d\u2019intervenir efficacement, en toute s\u00e9curit\u00e9 et dans le respect des r\u00e9glementations en vigueur. Voici les moyens techniques utilis\u00e9s par nos trois entit\u00e9s :<\/p>\n<p><strong>MARE NOSTRUM \u2013 NICE<\/strong><\/p>\n<ul>\n<li><strong>Le MARE NOSTRUM 2<\/strong> : Navire de charge de 11,30m x 4m, 2 moteurs de 200 cv, capacit\u00e9 de charge de 10t, grue de capacit\u00e9 1t \u00e0 6m. Ce navire est d\u00e9di\u00e9 aux travaux sous-marins et au balisage.<\/li>\n<li><strong>Le SCAPH<\/strong> : Navire de s\u00e9curit\u00e9 de 7m x 2,5m, 115 cv. Il sert de support de surface pour les plong\u00e9es.<\/li>\n<li><strong>Le PAPY<\/strong> : Navire de s\u00e9curit\u00e9 de 7m x 2,5m, 115 cv.<\/li>\n<li><strong>Le TEVA<\/strong> : Navire de s\u00e9curit\u00e9 de 7m x 2,5m, 115 cv.<\/li>\n<li><strong>\u00c9quipement de plong\u00e9e<\/strong> : Deux ensembles complets de plong\u00e9e en narguil\u00e9, compresseur haute pression (12 m\u00b3\/h), compresseur basse pression, groupe \u00e9lectrog\u00e8ne 5 KVA, motopompes thermiques, parachutes de levage, etc.<\/li>\n<\/ul>\n<p><strong>MARE NOSTRUM SAINT-TROPEZ<\/strong><\/p>\n<ul>\n<li><strong>MARGUEYVAN II<\/strong> : Remorqueur amarr\u00e9 \u00e0 l\u2019ann\u00e9e au Port de Saint-Tropez.<\/li>\n<li><strong>LA BULLE<\/strong> : Ponton de 8,5m x 3,5m, \u00e9quip\u00e9 de 2 pieux d\u2019ancrage hydraulique de 7m de hauteur. Ce navire est con\u00e7u pour les travaux de d\u00e9m\u00ealage, relevage, pompage, d\u00e9coupage, carottage et autres travaux portuaires.<\/li>\n<li><strong>LA GW\u00cbL<\/strong> : Navire de 7m x 2,5m, qui permet de beacher en toute s\u00e9curit\u00e9 et assiste le <strong>MARGUEYVAN II<\/strong>.<\/li>\n<li><strong>Mat\u00e9riel de plong\u00e9e<\/strong> : Compresseur Bauer PE250-MVE 15 m\u00b3\/h, 3 casques Kirby Morgan, 2 narguil\u00e9s, \u00e9quipements de plong\u00e9e sp\u00e9cifiques \u00e0 chaque intervention.<\/li>\n<\/ul>\n<p><strong>MARE NOSTRUM BANDOL <\/strong><\/p>\n<p><strong>Mat\u00e9riel professionnel<\/strong> adapt\u00e9 \u00e0 la nature des travaux sous-marins, portuaires et BTP.<\/p>\n<ul>\n<li><strong>KRAKEN\u00a0:<\/strong> Navire de s\u00e9curit\u00e9 de 7m x 2,5m, 115 cv. Il sert de support de surface pour les plong\u00e9es.<\/li>\n<\/ul>\n<ul>\n<li><strong>Scaphandriers certifi\u00e9s<\/strong> : Expertise r\u00e9alis\u00e9e par des scaphandriers \u00ab Lloyd\u2019s Register \u00bb, avec \u00e9quipements de plong\u00e9e sp\u00e9cifiques.<\/li>\n<li><strong>ROV<\/strong> : Assistance par robots sous-marins t\u00e9l\u00e9-op\u00e9r\u00e9s pour les inspections, diagnostics et interventions complexes.<\/li>\n<li><strong>V\u00e9hicules sp\u00e9cialis\u00e9s<\/strong> : Pour le renflouage, remorquage et d\u00e9s\u00e9chouage d\u2019\u00e9paves, ainsi que pour la pose et fabrication de corps-morts.<\/li>\n<li><strong>Divers \u00e9quipements<\/strong> : Cam\u00e9ra embarqu\u00e9e, mat\u00e9riel de contr\u00f4le d\u2019ouvrage d\u2019art, appareils pour la mesure d&rsquo;\u00e9paisseur et la prise de mesures cathodiques.<\/li>\n<\/ul>\n<p><strong>Une expertise reconnue et certifi\u00e9e<\/strong><\/p>\n<p>Conform\u00e9ment \u00e0 l\u2019<strong>Arr\u00eat\u00e9 Fran\u00e7ais de 2017<\/strong>, nos soci\u00e9t\u00e9s sont certifi\u00e9es pour la r\u00e9alisation de travaux hyperbares en <strong>Mention A<\/strong>. <strong>MARE NOSTRUM BANDOL<\/strong> se distingue \u00e9galement par son expertise en inspections sous-marines, avec des scaphandriers <strong>certifi\u00e9s Lloyd\u2019s Register<\/strong> et l&rsquo;utilisation de <strong>ROV (robots sous-marins t\u00e9l\u00e9-op\u00e9r\u00e9s)<\/strong> pour des diagnostics approfondis.<\/p>\n<p><strong>Une pr\u00e9sence locale de longue date pour une r\u00e9activit\u00e9 optimale<\/strong><\/p>\n<p><strong>MARE NOSTRUM \u2013 NICE<\/strong> : Plus de 30 ans d\u2019exp\u00e9rience sur le Port de Nice, interventions sur tout le littoral azur\u00e9en.<br \/>\n<strong>MARE NOSTRUM SAINT-TROPEZ<\/strong> : Anciennement FAUCON &#8211; Fond\u00e9e en 1965, partenaire historique du Port de Saint-Tropez, avec des infrastructures sur le port de Saint-Tropez et \u00e0 Grimaud.<br \/>\n<strong>MARE NOSTRUM BANDOL<\/strong> : Anciennement ATSM cr\u00e9\u00e9e en 2008 et int\u00e9gr\u00e9e au groupe en 2024, cette filiale renforce notre pr\u00e9sence en r\u00e9gion PACA et nous permet d\u2019intervenir sur <strong>le Var et les Bouches-du-Rh\u00f4ne<\/strong>, avec une capacit\u00e9 d\u2019intervention nationale.<\/p>\n<p><strong>Nous sommes \u00e0 votre \u00e9coute !<\/strong><\/p>\n<p>Besoin d\u2019une intervention ou d\u2019un accompagnement technique ? Contactez-nous pour une \u00e9tude personnalis\u00e9e de votre projet.<\/p>\n<p>&nbsp;<\/p>\n","protected":false},"excerpt":{"rendered":"<p>TRASOMAR &#8211; MARE NOSTRUM Chiffre d\u2019Affaires : 18.2 M d\u2019\u20ac Effectif : 56 &nbsp; TRASOMAR D\u00e9couvrez notre site internet enti\u00e8rement d\u00e9di\u00e9 \u00e0 l&rsquo;expertise de TRASOMAR en mati\u00e8re d&rsquo;ouvrages maritimes en&#8230;<\/p>\n","protected":false},"author":2,"featured_media":12282,"parent":57,"menu_order":36,"comment_status":"open","ping_status":"closed","template":"template-entreprise.php","meta":{"_acf_changed":false,"footnotes":""},"categories":[12],"class_list":["post-12184","page","type-page","status-publish","has-post-thumbnail","hentry","category-enseigne-du-groupe"],"acf":[],"yoast_head":"<!-- This site is optimized with the Yoast SEO plugin v25.5 - https:\/\/yoast.com\/wordpress\/plugins\/seo\/ -->\n<title>Trasomar - Mare Nostrum - JB Pastor &amp; Fils - Monaco<\/title>\n<meta name=\"robots\" content=\"index, follow, max-snippet:-1, max-image-preview:large, max-video-preview:-1\" \/>\n<link rel=\"canonical\" href=\"https:\/\/jbpastoretfils.mc\/?page_id=12184\" \/>\n<meta property=\"og:locale\" content=\"fr_FR\" \/>\n<meta property=\"og:type\" content=\"article\" \/>\n<meta property=\"og:title\" content=\"Trasomar - Mare Nostrum - JB Pastor &amp; Fils - Monaco\" \/>\n<meta property=\"og:description\" content=\"TRASOMAR &#8211; MARE NOSTRUM Chiffre d\u2019Affaires : 18.2 M d\u2019\u20ac Effectif : 56 &nbsp; TRASOMAR D\u00e9couvrez notre site internet enti\u00e8rement d\u00e9di\u00e9 \u00e0 l&rsquo;expertise de TRASOMAR en mati\u00e8re d&rsquo;ouvrages maritimes en...\" \/>\n<meta property=\"og:url\" content=\"https:\/\/jbpastoretfils.mc\/?page_id=12184\" \/>\n<meta property=\"og:site_name\" content=\"JB Pastor &amp; Fils - Monaco\" \/>\n<meta property=\"article:modified_time\" content=\"2026-03-25T13:23:20+00:00\" \/>\n<meta property=\"og:image\" content=\"https:\/\/jbpastoretfils.mc\/wp-content\/uploads\/2016\/10\/Trasomar-2016.jpg\" \/>\n\t<meta property=\"og:image:width\" content=\"2362\" \/>\n\t<meta property=\"og:image:height\" content=\"1181\" \/>\n\t<meta property=\"og:image:type\" content=\"image\/jpeg\" \/>\n<meta name=\"twitter:label1\" content=\"Dur\u00e9e de lecture estim\u00e9e\" \/>\n\t<meta name=\"twitter:data1\" content=\"6 minutes\" \/>\n<script type=\"application\/ld+json\" class=\"yoast-schema-graph\">{\"@context\":\"https:\/\/schema.org\",\"@graph\":[{\"@type\":\"WebPage\",\"@id\":\"https:\/\/jbpastoretfils.mc\/?page_id=12184\",\"url\":\"https:\/\/jbpastoretfils.mc\/?page_id=12184\",\"name\":\"Trasomar - Mare Nostrum - JB Pastor &amp; Fils - Monaco\",\"isPartOf\":{\"@id\":\"https:\/\/jbpastoretfils.mc\/#website\"},\"primaryImageOfPage\":{\"@id\":\"https:\/\/jbpastoretfils.mc\/?page_id=12184#primaryimage\"},\"image\":{\"@id\":\"https:\/\/jbpastoretfils.mc\/?page_id=12184#primaryimage\"},\"thumbnailUrl\":\"https:\/\/jbpastoretfils.mc\/wp-content\/uploads\/2016\/10\/Trasomar-2016.jpg\",\"datePublished\":\"2016-10-13T10:36:58+00:00\",\"dateModified\":\"2026-03-25T13:23:20+00:00\",\"breadcrumb\":{\"@id\":\"https:\/\/jbpastoretfils.mc\/?page_id=12184#breadcrumb\"},\"inLanguage\":\"fr-FR\",\"potentialAction\":[{\"@type\":\"ReadAction\",\"target\":[\"https:\/\/jbpastoretfils.mc\/?page_id=12184\"]}]},{\"@type\":\"ImageObject\",\"inLanguage\":\"fr-FR\",\"@id\":\"https:\/\/jbpastoretfils.mc\/?page_id=12184#primaryimage\",\"url\":\"https:\/\/jbpastoretfils.mc\/wp-content\/uploads\/2016\/10\/Trasomar-2016.jpg\",\"contentUrl\":\"https:\/\/jbpastoretfils.mc\/wp-content\/uploads\/2016\/10\/Trasomar-2016.jpg\",\"width\":2362,\"height\":1181},{\"@type\":\"BreadcrumbList\",\"@id\":\"https:\/\/jbpastoretfils.mc\/?page_id=12184#breadcrumb\",\"itemListElement\":[{\"@type\":\"ListItem\",\"position\":1,\"name\":\"Accueil\",\"item\":\"https:\/\/jbpastoretfils.mc\/\"},{\"@type\":\"ListItem\",\"position\":2,\"name\":\"Nos Entreprises\",\"item\":\"https:\/\/jbpastoretfils.mc\/?page_id=4\"},{\"@type\":\"ListItem\",\"position\":3,\"name\":\"Nos Enseignes et Soci\u00e9t\u00e9s\",\"item\":\"https:\/\/jbpastoretfils.mc\/?page_id=57\"},{\"@type\":\"ListItem\",\"position\":4,\"name\":\"Trasomar &#8211; Mare Nostrum\"}]},{\"@type\":\"WebSite\",\"@id\":\"https:\/\/jbpastoretfils.mc\/#website\",\"url\":\"https:\/\/jbpastoretfils.mc\/\",\"name\":\"JB Pastor &amp; Fils - Monaco\",\"description\":\"Construction Monaco\",\"potentialAction\":[{\"@type\":\"SearchAction\",\"target\":{\"@type\":\"EntryPoint\",\"urlTemplate\":\"https:\/\/jbpastoretfils.mc\/?s={search_term_string}\"},\"query-input\":{\"@type\":\"PropertyValueSpecification\",\"valueRequired\":true,\"valueName\":\"search_term_string\"}}],\"inLanguage\":\"fr-FR\"}]}<\/script>\n<!-- \/ Yoast SEO plugin. -->","yoast_head_json":{"title":"Trasomar - Mare Nostrum - JB Pastor &amp; Fils - Monaco","robots":{"index":"index","follow":"follow","max-snippet":"max-snippet:-1","max-image-preview":"max-image-preview:large","max-video-preview":"max-video-preview:-1"},"canonical":"https:\/\/jbpastoretfils.mc\/?page_id=12184","og_locale":"fr_FR","og_type":"article","og_title":"Trasomar - Mare Nostrum - JB Pastor &amp; Fils - Monaco","og_description":"TRASOMAR &#8211; MARE NOSTRUM Chiffre d\u2019Affaires : 18.2 M d\u2019\u20ac Effectif : 56 &nbsp; TRASOMAR D\u00e9couvrez notre site internet enti\u00e8rement d\u00e9di\u00e9 \u00e0 l&rsquo;expertise de TRASOMAR en mati\u00e8re d&rsquo;ouvrages maritimes en...","og_url":"https:\/\/jbpastoretfils.mc\/?page_id=12184","og_site_name":"JB Pastor &amp; Fils - Monaco","article_modified_time":"2026-03-25T13:23:20+00:00","og_image":[{"width":2362,"height":1181,"url":"https:\/\/jbpastoretfils.mc\/wp-content\/uploads\/2016\/10\/Trasomar-2016.jpg","type":"image\/jpeg"}],"twitter_misc":{"Dur\u00e9e de lecture estim\u00e9e":"6 minutes"},"schema":{"@context":"https:\/\/schema.org","@graph":[{"@type":"WebPage","@id":"https:\/\/jbpastoretfils.mc\/?page_id=12184","url":"https:\/\/jbpastoretfils.mc\/?page_id=12184","name":"Trasomar - Mare Nostrum - JB Pastor &amp; Fils - Monaco","isPartOf":{"@id":"https:\/\/jbpastoretfils.mc\/#website"},"primaryImageOfPage":{"@id":"https:\/\/jbpastoretfils.mc\/?page_id=12184#primaryimage"},"image":{"@id":"https:\/\/jbpastoretfils.mc\/?page_id=12184#primaryimage"},"thumbnailUrl":"https:\/\/jbpastoretfils.mc\/wp-content\/uploads\/2016\/10\/Trasomar-2016.jpg","datePublished":"2016-10-13T10:36:58+00:00","dateModified":"2026-03-25T13:23:20+00:00","breadcrumb":{"@id":"https:\/\/jbpastoretfils.mc\/?page_id=12184#breadcrumb"},"inLanguage":"fr-FR","potentialAction":[{"@type":"ReadAction","target":["https:\/\/jbpastoretfils.mc\/?page_id=12184"]}]},{"@type":"ImageObject","inLanguage":"fr-FR","@id":"https:\/\/jbpastoretfils.mc\/?page_id=12184#primaryimage","url":"https:\/\/jbpastoretfils.mc\/wp-content\/uploads\/2016\/10\/Trasomar-2016.jpg","contentUrl":"https:\/\/jbpastoretfils.mc\/wp-content\/uploads\/2016\/10\/Trasomar-2016.jpg","width":2362,"height":1181},{"@type":"BreadcrumbList","@id":"https:\/\/jbpastoretfils.mc\/?page_id=12184#breadcrumb","itemListElement":[{"@type":"ListItem","position":1,"name":"Accueil","item":"https:\/\/jbpastoretfils.mc\/"},{"@type":"ListItem","position":2,"name":"Nos Entreprises","item":"https:\/\/jbpastoretfils.mc\/?page_id=4"},{"@type":"ListItem","position":3,"name":"Nos Enseignes et Soci\u00e9t\u00e9s","item":"https:\/\/jbpastoretfils.mc\/?page_id=57"},{"@type":"ListItem","position":4,"name":"Trasomar &#8211; Mare Nostrum"}]},{"@type":"WebSite","@id":"https:\/\/jbpastoretfils.mc\/#website","url":"https:\/\/jbpastoretfils.mc\/","name":"JB Pastor &amp; Fils - Monaco","description":"Construction Monaco","potentialAction":[{"@type":"SearchAction","target":{"@type":"EntryPoint","urlTemplate":"https:\/\/jbpastoretfils.mc\/?s={search_term_string}"},"query-input":{"@type":"PropertyValueSpecification","valueRequired":true,"valueName":"search_term_string"}}],"inLanguage":"fr-FR"}]}},"_links":{"self":[{"href":"https:\/\/jbpastoretfils.mc\/index.php?rest_route=\/wp\/v2\/pages\/12184"}],"collection":[{"href":"https:\/\/jbpastoretfils.mc\/index.php?rest_route=\/wp\/v2\/pages"}],"about":[{"href":"https:\/\/jbpastoretfils.mc\/index.php?rest_route=\/wp\/v2\/types\/page"}],"author":[{"embeddable":true,"href":"https:\/\/jbpastoretfils.mc\/index.php?rest_route=\/wp\/v2\/users\/2"}],"replies":[{"embeddable":true,"href":"https:\/\/jbpastoretfils.mc\/index.php?rest_route=%2Fwp%2Fv2%2Fcomments&post=12184"}],"version-history":[{"count":52,"href":"https:\/\/jbpastoretfils.mc\/index.php?rest_route=\/wp\/v2\/pages\/12184\/revisions"}],"predecessor-version":[{"id":50417,"href":"https:\/\/jbpastoretfils.mc\/index.php?rest_route=\/wp\/v2\/pages\/12184\/revisions\/50417"}],"up":[{"embeddable":true,"href":"https:\/\/jbpastoretfils.mc\/index.php?rest_route=\/wp\/v2\/pages\/57"}],"wp:featuredmedia":[{"embeddable":true,"href":"https:\/\/jbpastoretfils.mc\/index.php?rest_route=\/wp\/v2\/media\/12282"}],"wp:attachment":[{"href":"https:\/\/jbpastoretfils.mc\/index.php?rest_route=%2Fwp%2Fv2%2Fmedia&parent=12184"}],"wp:term":[{"taxonomy":"category","embeddable":true,"href":"https:\/\/jbpastoretfils.mc\/index.php?rest_route=%2Fwp%2Fv2%2Fcategories&post=12184"}],"curies":[{"name":"wp","href":"https:\/\/api.w.org\/{rel}","templated":true}]}}